{"id":49172,"date":"2024-05-15T14:08:30","date_gmt":"2024-05-15T14:08:30","guid":{"rendered":"https:\/\/www.debem.com\/?page_id=49172"},"modified":"2024-05-15T14:08:30","modified_gmt":"2024-05-15T14:08:30","slug":"fda-equaflux","status":"publish","type":"page","link":"https:\/\/www.debem.com\/fr\/produits\/amortisseurs-de-pulsations\/fda-equaflux\/","title":{"rendered":"FDA Equaflux"},"content":{"rendered":"<section class=\"vc_row wpb_row vc_row-fluid  vc_custom_1646061389347 wow fadeIn vc_row-has-fill pofo-row-responsive-69f2b8bdc5786\"><div class=\"wpb_column vc_column_container vc_col-sm-12  col-xs-mobile-fullwidth\"><div class=\"vc_column-inner \"><div class=\"wpb_wrapper\">[vc_raw_html el_class=\u00a0\u00bbsgBreadcrumb\u00a0\u00bb]JTVCYWlvc2VvX2JyZWFkY3J1bWJzJTVE[\/vc_raw_html]<\/div><\/div><\/div><\/section><section class=\"vc_row wpb_row vc_row-fluid  vc_custom_1646586044934 wow none vc_row-has-fill vc_row-o-equal-height vc_row-o-content-middle vc_row-flex pofo-row-responsive-69f2b8bdc5887\"><div class=\"wpb_column vc_column_container vc_col-sm-6  col-xs-mobile-fullwidth text-left md-text-left sm-text-left xs-text-left pofo-column-responsive-69f2b8bdc5950\"><div class=\"vc_column-inner vc_custom_1646062313450\"><div class=\"wpb_wrapper\"><span class=\"text-extra-dark-gray margin-20px-bottom font-weight-600 display-block alt-font text-uppercase heading-style2  vc_custom_1647880620901  heading-1\"  style=\"font-size: 15px; line-height: 22px; font-weight: 400; color: #007a85;\" data-fontsize=\"15px\" data-lineheight=\"22px\">Amortisseurs de pulsations<\/span><h1 class=\"text-extra-dark-gray margin-20px-bottom font-weight-600 display-inline-block alt-font  pofo_font_1715781766546 heading-style2  heading-2\"  style=\"font-size: 36px; line-height: 40px; font-weight: 600;\" data-fontsize=\"36px\" data-lineheight=\"40px\">FDA Equaflux<\/h1><div class=\"text-medium line-height-28  vc_custom_1715781776178 last-paragraph-no-margin pofo-text-block-responsive-69f2b8bdc5a88\" style=\"width: 100%;\"><p>Les amortisseurs de pulsations S\u00c9RIE FDA EQUAFLUX sont indispensables avec l\u2019utilisation de pompes pneumatiques \u00e0 double membrane, sur les installations qui demandent un passage du fluide le plus lin\u00e9aire possible et non puls\u00e9.<br \/>\nLeur capacit\u00e9 d\u2019autor\u00e9gulation en fonction conditions de l\u2019installation les rend particuli\u00e8rement adapt\u00e9s pour minimiser aussi bien les pulsations que les vibrations et les coups de b\u00e9lier qui pourraient endommager les tubes.<\/p>\n<\/div><div class=\"vc_row wpb_row vc_inner vc_row-fluid  vc_custom_1715781823938\"><div class=\"wpb_column vc_column_container vc_col-sm-5 vc_col-xs-6\"><div class=\"vc_column-inner \"><div class=\"wpb_wrapper\"><a class=\"youtube-video-1 btn-medium btn btn-rounded btn-transparent-dark-gray  popup-youtube pofo-button-1\" href=\"https:\/\/www.youtube.com\/watch?v=jCuNRcWgH7w\" style=\"background-color:#007a85;  color:#ffffff;  border-color:#007a85; \">REGARDER LA VID\u00c9O<\/a><\/div><\/div><\/div><div class=\"wpb_column vc_column_container vc_col-sm-5 vc_col-md-4 vc_col-xs-6\"><div class=\"vc_column-inner \"><div class=\"wpb_wrapper\"><\/div><\/div><\/div><div class=\"wpb_column vc_column_container vc_col-sm-1 vc_hidden-sm vc_hidden-xs col-xs-mobile-fullwidth\"><div class=\"vc_column-inner \"><div class=\"wpb_wrapper\"><\/div><\/div><\/div><\/div><\/div><\/div><\/div><div class=\"wpb_column vc_column_container vc_col-sm-6  col-xs-mobile-fullwidth pofo-column-responsive-69f2b8bdc5cf4\"><div class=\"vc_column-inner vc_custom_1646062320440\"><div class=\"wpb_wrapper\">[vc_single_image image=\u00a0\u00bb48580&Prime; img_size=\u00a0\u00bbfull\u00a0\u00bb]<\/div><\/div><\/div><\/section>[vc_section full_width=\u00a0\u00bbstretch_row\u00a0\u00bb css=\u00a0\u00bb.vc_custom_1646304754685{padding-top: 0px !important;padding-bottom: 0px !important;background-color: #ffffff !important;}\u00a0\u00bb]<section class=\"vc_row wpb_row vc_row-fluid  vc_custom_1646585584599 pofo-row-responsive-69f2b8bdc5d87\"><div class=\"wpb_column vc_column_container vc_col-sm-3  col-xs-mobile-fullwidth\"><div class=\"vc_column-inner \"><div class=\"wpb_wrapper\"><\/div><\/div><\/div><div class=\"wpb_column vc_column_container vc_col-sm-6  col-xs-mobile-fullwidth text-center md-text-center sm-text-center xs-text-center pofo-column-responsive-69f2b8bdc5e37\"><div class=\"vc_column-inner \"><div class=\"wpb_wrapper\"><span class=\"text-extra-dark-gray margin-20px-bottom font-weight-600 display-block alt-font heading-style2  vc_custom_1647880663670  heading-3\"  style=\"font-size: 15px; line-height: 22px; font-weight: 400; color: #007a85;\" data-fontsize=\"15px\" data-lineheight=\"22px\">MOD\u00c8LES<\/span><h2 class=\"text-medium-gray text-small margin-5px-bottom alt-font  pofo_font_1647880669829 heading-style4  vc_custom_1647880669830 pofo-button-responsive-69f2b8bdc5edc  heading-4\"  style=\"font-size: 28px; line-height: 32px; font-weight: 600; color: #000000;\" data-fontsize=\"28px\" data-lineheight=\"32px\">Mod\u00e8les Equaflux<\/h2><\/div><\/div><\/div><div class=\"wpb_column vc_column_container vc_col-sm-3  col-xs-mobile-fullwidth\"><div class=\"vc_column-inner \"><div class=\"wpb_wrapper\"><\/div><\/div><\/div><\/section><section class=\"vc_row wpb_row vc_row-fluid  vc_custom_1646757097059 vc_column-gap-15 vc_row-o-equal-height vc_row-flex pofo-row-responsive-69f2b8bdc5f59\"><div class=\"wpb_column vc_column_container vc_col-has-fill vc_col-sm-3 vc_col-xs-6 pofo-column-responsive-69f2b8bdc6011\"><div class=\"vc_column-inner vc_custom_1646397335050\"><div class=\"wpb_wrapper\"><div class=\"featurebox35 pofo-featurebox featurebox35-1\" ><div class=\"margin-ten-bottom overflow-hidden image-hover-style-1 sm-margin-20px-bottom\"><a class=\"feature-image-link\" href=\"https:\/\/www.debem.com\/fr\/produits\/amortisseurs-de-pulsations\/fda-equaflux\/fda-equaflux-51\/\"><img loading=\"lazy\" decoding=\"async\" src=\"https:\/\/www.debem.com\/wp-content\/uploads\/2024\/05\/FQ-51-1-1.jpg\" width=\"850\" height=\"800\"  alt=\"FQ-51\" srcset=\"https:\/\/www.debem.com\/wp-content\/uploads\/2024\/05\/FQ-51-1-1.jpg 850w, https:\/\/www.debem.com\/wp-content\/uploads\/2024\/05\/FQ-51-1-1-300x282.jpg 300w, https:\/\/www.debem.com\/wp-content\/uploads\/2024\/05\/FQ-51-1-1-768x723.jpg 768w, https:\/\/www.debem.com\/wp-content\/uploads\/2024\/05\/FQ-51-1-1-819x771.jpg 819w, https:\/\/www.debem.com\/wp-content\/uploads\/2024\/05\/FQ-51-1-1-120x113.jpg 120w, https:\/\/www.debem.com\/wp-content\/uploads\/2024\/05\/FQ-51-1-1-81x76.jpg 81w\" sizes=\"auto, (max-width: 850px) 100vw, 850px\" class=\"icon-image\"\/><\/a><\/div><span class=\"alt-font margin-5px-bottom display-block text-extra-dark-gray font-weight-600 text-small pofo_font_1715781942182\" style=\"font-size: 15px; line-height: 20px; font-weight: 600; color: #000000;\" data-fontsize=\"15px\" data-lineheight=\"20px\"><a class=\"feature-title-link text-extra-dark-gray\" href=\"https:\/\/www.debem.com\/fr\/produits\/amortisseurs-de-pulsations\/fda-equaflux\/fda-equaflux-51\/\">FDA EQUAFLUX 51<\/a><\/span><div><p>3\/4\u2033 CLAMP (DN 19) \u2013 BS \u2013 British Standard 4825<br \/>\n1\u2033 CLAMP (DN 25) \u2013 BS \u2013 British Standard 4825<\/p>\n<\/div><div class=\"separator-line-horrizontal-medium-light2 bg-extra-light-gray margin-20px-bottom xs-margin-15px-bottom width-100\" style=\"background:#007a85; \"><\/div><a class=\"pofo-info-link alt-font text-extra-dark-gray font-weight-600 text-extra-small\" target=\"_self\" href=\"https:\/\/www.debem.com\/fr\/produits\/amortisseurs-de-pulsations\/fda-equaflux\/fda-equaflux-51\/\">D\u00c9COUVREZ<i class=\"fas fa-long-arrow-alt-right margin-5px-left text-deep-pink text-medium position-relative top-2\" aria-hidden=\"true\"><\/i><\/a><\/div><\/div><\/div><\/div><div class=\"wpb_column vc_column_container vc_col-has-fill vc_col-sm-3 vc_col-xs-6 pofo-column-responsive-69f2b8bdc63ab\"><div class=\"vc_column-inner vc_custom_1646397368451\"><div class=\"wpb_wrapper\"><div class=\"featurebox35 pofo-featurebox featurebox35-2\" ><div class=\"margin-ten-bottom overflow-hidden image-hover-style-1 sm-margin-20px-bottom\"><a class=\"feature-image-link\" href=\"https:\/\/www.debem.com\/fr\/produits\/amortisseurs-de-pulsations\/fda-equaflux\/fda-equaflux-100\/\"><img loading=\"lazy\" decoding=\"async\" src=\"https:\/\/www.debem.com\/wp-content\/uploads\/2024\/05\/FQ-100_CLAMP-112-1-1.jpg\" width=\"850\" height=\"800\"  alt=\"FQ-100\" srcset=\"https:\/\/www.debem.com\/wp-content\/uploads\/2024\/05\/FQ-100_CLAMP-112-1-1.jpg 850w, https:\/\/www.debem.com\/wp-content\/uploads\/2024\/05\/FQ-100_CLAMP-112-1-1-300x282.jpg 300w, https:\/\/www.debem.com\/wp-content\/uploads\/2024\/05\/FQ-100_CLAMP-112-1-1-768x723.jpg 768w, https:\/\/www.debem.com\/wp-content\/uploads\/2024\/05\/FQ-100_CLAMP-112-1-1-819x771.jpg 819w, https:\/\/www.debem.com\/wp-content\/uploads\/2024\/05\/FQ-100_CLAMP-112-1-1-120x113.jpg 120w, https:\/\/www.debem.com\/wp-content\/uploads\/2024\/05\/FQ-100_CLAMP-112-1-1-81x76.jpg 81w\" sizes=\"auto, (max-width: 850px) 100vw, 850px\" class=\"icon-image\"\/><\/a><\/div><span class=\"alt-font margin-5px-bottom display-block text-extra-dark-gray font-weight-600 text-small pofo_font_1715782005410\" style=\"font-size: 15px; line-height: 20px; font-weight: 600; color: #000000;\" data-fontsize=\"15px\" data-lineheight=\"20px\"><a class=\"feature-title-link text-extra-dark-gray\" href=\"https:\/\/www.debem.com\/fr\/produits\/amortisseurs-de-pulsations\/fda-equaflux\/fda-equaflux-100\/\">FDA EQUAFLUX 100<\/a><\/span><div><p>3\/4&Prime; CLAMP (DN 19) &#8211; BS &#8211; British Standard 4825<br \/>\n1&Prime; CLAMP (DN 25) &#8211; BS &#8211; British Standard 4825<br \/>\n1&Prime;1\/2 CLAMP (DN 38) &#8211; BS &#8211; British Standard 4825<\/p>\n<\/div><div class=\"separator-line-horrizontal-medium-light2 bg-extra-light-gray margin-20px-bottom xs-margin-15px-bottom width-100\" style=\"background:#007a85; \"><\/div><a class=\"pofo-info-link alt-font text-extra-dark-gray font-weight-600 text-extra-small\" target=\"_self\" href=\"https:\/\/www.debem.com\/fr\/produits\/amortisseurs-de-pulsations\/fda-equaflux\/fda-equaflux-100\/\">D\u00c9COUVREZ<i class=\"fas fa-long-arrow-alt-right margin-5px-left text-deep-pink text-medium position-relative top-2\" aria-hidden=\"true\"><\/i><\/a><\/div><\/div><\/div><\/div><div class=\"wpb_column vc_column_container vc_col-has-fill vc_col-sm-3 vc_col-xs-6 pofo-column-responsive-69f2b8bdc668f\"><div class=\"vc_column-inner vc_custom_1646397403401\"><div class=\"wpb_wrapper\"><div class=\"featurebox35 pofo-featurebox featurebox35-3\" ><div class=\"margin-ten-bottom overflow-hidden image-hover-style-1 sm-margin-20px-bottom\"><a class=\"feature-image-link\" href=\"https:\/\/www.debem.com\/fr\/produits\/amortisseurs-de-pulsations\/fda-equaflux\/fda-equaflux-200\/\"><img loading=\"lazy\" decoding=\"async\" src=\"https:\/\/www.debem.com\/wp-content\/uploads\/2024\/05\/FQ-200_CLAMP-200-1-1.jpg\" width=\"850\" height=\"800\"  alt=\"FQ-200\" srcset=\"https:\/\/www.debem.com\/wp-content\/uploads\/2024\/05\/FQ-200_CLAMP-200-1-1.jpg 850w, https:\/\/www.debem.com\/wp-content\/uploads\/2024\/05\/FQ-200_CLAMP-200-1-1-300x282.jpg 300w, https:\/\/www.debem.com\/wp-content\/uploads\/2024\/05\/FQ-200_CLAMP-200-1-1-768x723.jpg 768w, https:\/\/www.debem.com\/wp-content\/uploads\/2024\/05\/FQ-200_CLAMP-200-1-1-819x771.jpg 819w, https:\/\/www.debem.com\/wp-content\/uploads\/2024\/05\/FQ-200_CLAMP-200-1-1-120x113.jpg 120w, https:\/\/www.debem.com\/wp-content\/uploads\/2024\/05\/FQ-200_CLAMP-200-1-1-81x76.jpg 81w\" sizes=\"auto, (max-width: 850px) 100vw, 850px\" class=\"icon-image\"\/><\/a><\/div><span class=\"alt-font margin-5px-bottom display-block text-extra-dark-gray font-weight-600 text-small pofo_font_1715782053258\" style=\"font-size: 15px; line-height: 20px; font-weight: 600; color: #000000;\" data-fontsize=\"15px\" data-lineheight=\"20px\"><a class=\"feature-title-link text-extra-dark-gray\" href=\"https:\/\/www.debem.com\/fr\/produits\/amortisseurs-de-pulsations\/fda-equaflux\/fda-equaflux-200\/\">FDA EQUAFLUX 200<\/a><\/span><div><p>1&Prime;1\/2 CLAMP (DN 38) &#8211; BS &#8211; British Standard 4825<br \/>\n1&Prime;1\/4 CLAMP (ISO 2852)<br \/>\n2&Prime; CLAMP (DN 50) &#8211; BS &#8211; British Standard 4825<\/p>\n<\/div><div class=\"separator-line-horrizontal-medium-light2 bg-extra-light-gray margin-20px-bottom xs-margin-15px-bottom width-100\" style=\"background:#007a85; \"><\/div><a class=\"pofo-info-link alt-font text-extra-dark-gray font-weight-600 text-extra-small\" target=\"_self\" href=\"https:\/\/www.debem.com\/fr\/produits\/amortisseurs-de-pulsations\/fda-equaflux\/fda-equaflux-200\/\">D\u00c9COUVREZ<i class=\"fas fa-long-arrow-alt-right margin-5px-left text-deep-pink text-medium position-relative top-2\" aria-hidden=\"true\"><\/i><\/a><\/div><\/div><\/div><\/div><div class=\"wpb_column vc_column_container vc_col-has-fill vc_col-sm-3 vc_col-xs-6 pofo-column-responsive-69f2b8bdc6986\"><div class=\"vc_column-inner vc_custom_1646397432508\"><div class=\"wpb_wrapper\"><div class=\"featurebox35 pofo-featurebox featurebox35-4\" ><div class=\"margin-ten-bottom overflow-hidden image-hover-style-1 sm-margin-20px-bottom\"><a class=\"feature-image-link\" href=\"https:\/\/www.debem.com\/fr\/produits\/amortisseurs-de-pulsations\/fda-equaflux\/fda-equaflux-302\/\"><img loading=\"lazy\" decoding=\"async\" src=\"https:\/\/www.debem.com\/wp-content\/uploads\/2024\/05\/FQ-320-1-1.jpg\" width=\"850\" height=\"800\"  alt=\"FQ-320\" srcset=\"https:\/\/www.debem.com\/wp-content\/uploads\/2024\/05\/FQ-320-1-1.jpg 850w, https:\/\/www.debem.com\/wp-content\/uploads\/2024\/05\/FQ-320-1-1-300x282.jpg 300w, https:\/\/www.debem.com\/wp-content\/uploads\/2024\/05\/FQ-320-1-1-768x723.jpg 768w, https:\/\/www.debem.com\/wp-content\/uploads\/2024\/05\/FQ-320-1-1-819x771.jpg 819w, https:\/\/www.debem.com\/wp-content\/uploads\/2024\/05\/FQ-320-1-1-120x113.jpg 120w, https:\/\/www.debem.com\/wp-content\/uploads\/2024\/05\/FQ-320-1-1-81x76.jpg 81w\" sizes=\"auto, (max-width: 850px) 100vw, 850px\" class=\"icon-image\"\/><\/a><\/div><span class=\"alt-font margin-5px-bottom display-block text-extra-dark-gray font-weight-600 text-small pofo_font_1715782101828\" style=\"font-size: 15px; line-height: 20px; font-weight: 600; color: #000000;\" data-fontsize=\"15px\" data-lineheight=\"20px\"><a class=\"feature-title-link text-extra-dark-gray\" href=\"https:\/\/www.debem.com\/fr\/produits\/amortisseurs-de-pulsations\/fda-equaflux\/fda-equaflux-302\/\">FDA EQUAFLUX 302<\/a><\/span><div><p>2&Prime;1\/2 CLAMP (DN 63) &#8211; BS &#8211; British Standard 4825<\/p>\n<\/div><div class=\"separator-line-horrizontal-medium-light2 bg-extra-light-gray margin-20px-bottom xs-margin-15px-bottom width-100\" style=\"background:#007a85; \"><\/div><a class=\"pofo-info-link alt-font text-extra-dark-gray font-weight-600 text-extra-small\" target=\"_self\" href=\"https:\/\/www.debem.com\/fr\/produits\/amortisseurs-de-pulsations\/fda-equaflux\/fda-equaflux-302\/\">D\u00c9COUVREZ<i class=\"fas fa-long-arrow-alt-right margin-5px-left text-deep-pink text-medium position-relative top-2\" aria-hidden=\"true\"><\/i><\/a><\/div><\/div><\/div><\/div><\/section>[\/vc_section][vc_section full_width=\u00a0\u00bbstretch_row\u00a0\u00bb css=\u00a0\u00bb.vc_custom_1646566673677{padding-top: 0px !important;padding-bottom: 0px !important;background-color: #f7f7f7 !important;}\u00a0\u00bb]<section id=\"contactprodotti\" class=\"vc_row wpb_row vc_row-fluid  vc_custom_1646566791665 wow fadeIn vc_row-has-fill pofo-row-responsive-69f2b8bdc6c69\"><div class=\"wpb_column vc_column_container vc_col-sm-12  col-xs-mobile-fullwidth\"><div class=\"vc_column-inner \"><div class=\"wpb_wrapper\"><div class=\"vc_row wpb_row vc_inner vc_row-fluid\"><div class=\"wpb_column vc_column_container vc_col-sm-12 vc_col-lg-3 vc_col-md-3 vc_hidden-sm col-xs-mobile-fullwidth\"><div class=\"vc_column-inner \"><div class=\"wpb_wrapper\"><\/div><\/div><\/div><div class=\"wpb_column vc_column_container vc_col-sm-12 vc_col-lg-6 vc_col-md-6 col-xs-mobile-fullwidth text-center md-text-center sm-text-left xs-text-left\"><div class=\"vc_column-inner vc_custom_1646059839106\"><div class=\"wpb_wrapper\"><span class=\"text-extra-dark-gray margin-20px-bottom font-weight-600 display-block alt-font heading-style2  vc_custom_1647880678429  heading-5\"  style=\"font-size: 15px; line-height: 22px; font-weight: 400; color: #007a85;\" data-fontsize=\"15px\" data-lineheight=\"22px\">CONTACTS<\/span><h2 class=\"text-medium-gray text-small margin-5px-bottom alt-font  pofo_font_1647880685239 heading-style4 pofo-button-responsive-69f2b8bdc6eb7  heading-6\"  style=\"font-size: 28px; line-height: 32px; font-weight: 600; color: #000000;\" data-fontsize=\"28px\" data-lineheight=\"32px\">Demander des informations<\/h2><\/div><\/div><\/div><div class=\"wpb_column vc_column_container vc_col-sm-12 vc_col-lg-3 vc_col-md-3 vc_hidden-sm col-xs-mobile-fullwidth\"><div class=\"vc_column-inner \"><div class=\"wpb_wrapper\"><\/div><\/div><\/div><div class=\"wpb_column vc_column_container vc_col-sm-12  col-xs-mobile-fullwidth\"><div class=\"vc_column-inner \"><div class=\"wpb_wrapper\">\n<div class=\"wpcf7 no-js\" id=\"wpcf7-f39435-o1\" lang=\"fr-FR\" dir=\"ltr\" data-wpcf7-id=\"39435\">\n<div class=\"screen-reader-response\"><p role=\"status\" aria-live=\"polite\" aria-atomic=\"true\"><\/p> <ul><\/ul><\/div>\n<form action=\"\/fr\/wp-json\/wp\/v2\/pages\/49172#wpcf7-f39435-o1\" method=\"post\" class=\"wpcf7-form init\" aria-label=\"Formulaire de contact\" novalidate=\"novalidate\" data-status=\"init\">\n<fieldset class=\"hidden-fields-container\"><input type=\"hidden\" name=\"_wpcf7\" value=\"39435\" \/><input type=\"hidden\" name=\"_wpcf7_version\" value=\"6.1.5\" \/><input type=\"hidden\" name=\"_wpcf7_locale\" value=\"fr_FR\" \/><input type=\"hidden\" name=\"_wpcf7_unit_tag\" value=\"wpcf7-f39435-o1\" \/><input type=\"hidden\" name=\"_wpcf7_container_post\" value=\"0\" \/><input type=\"hidden\" name=\"_wpcf7_posted_data_hash\" value=\"\" \/><input type=\"hidden\" name=\"_wpcf7_recaptcha_response\" value=\"\" \/>\n<\/fieldset>\n<div class=\"row\">\n\t<div class=\"col-md-4\">\n\t\t<span class=\"wpcf7-form-control-wrap\" data-name=\"nome\"><input size=\"40\" maxlength=\"400\" class=\"wpcf7-form-control wpcf7-text wpcf7-validates-as-required big-input\" aria-required=\"true\" aria-invalid=\"false\" placeholder=\"Pr\u00e9nom *\" value=\"\" type=\"text\" name=\"nome\" \/><\/span>\n\t<\/div>\n\t<div class=\"col-md-4\">\n\t\t<span class=\"wpcf7-form-control-wrap\" data-name=\"cognome\"><input size=\"40\" maxlength=\"400\" class=\"wpcf7-form-control wpcf7-text wpcf7-validates-as-required big-input\" aria-required=\"true\" aria-invalid=\"false\" placeholder=\"Nom *\" value=\"\" type=\"text\" name=\"cognome\" \/><\/span>\n\t<\/div>\n\t<div class=\"col-md-4\">\n\t\t<span class=\"wpcf7-form-control-wrap\" data-name=\"azienda\"><input size=\"40\" maxlength=\"400\" class=\"wpcf7-form-control wpcf7-text wpcf7-validates-as-required big-input\" aria-required=\"true\" aria-invalid=\"false\" placeholder=\"Entreprise *\" value=\"\" type=\"text\" name=\"azienda\" \/><\/span>\n\t<\/div>\n\t<div class=\"col-md-4\">\n\t\t<span class=\"wpcf7-form-control-wrap\" data-name=\"provincia\"><input size=\"40\" maxlength=\"400\" class=\"wpcf7-form-control wpcf7-text wpcf7-validates-as-required big-input\" aria-required=\"true\" aria-invalid=\"false\" placeholder=\"Pays *\" value=\"\" type=\"text\" name=\"provincia\" \/><\/span>\n\t<\/div>\n\t<div class=\"col-md-4\">\n\t\t<span class=\"wpcf7-form-control-wrap\" data-name=\"telefono\"><input size=\"40\" maxlength=\"400\" class=\"wpcf7-form-control wpcf7-text big-input\" aria-invalid=\"false\" placeholder=\"T\u00e9l\u00e9phone\" value=\"\" type=\"text\" name=\"telefono\" \/><\/span>\n\t<\/div>\n\t<div class=\"col-md-4\">\n\t\t<span class=\"wpcf7-form-control-wrap\" data-name=\"email\"><input size=\"40\" maxlength=\"400\" class=\"wpcf7-form-control wpcf7-email wpcf7-validates-as-required wpcf7-text wpcf7-validates-as-email big-input\" aria-required=\"true\" aria-invalid=\"false\" placeholder=\"E-mail *\" value=\"\" type=\"email\" name=\"email\" \/><\/span>\n\t<\/div>\n\t<div class=\"col-md-12\">\n\t\t<span class=\"wpcf7-form-control-wrap\" data-name=\"messaggio\"><textarea cols=\"40\" rows=\"3\" maxlength=\"2000\" class=\"wpcf7-form-control wpcf7-textarea xs-margin-20px-bottom big-textarea\" aria-invalid=\"false\" placeholder=\"Votre question\" name=\"messaggio\"><\/textarea><\/span>\n\t<\/div>\n\t<div class=\"col-md-12\">\n\t\t<span class=\"wpcf7-form-control-wrap\" data-name=\"opt-in\"><span class=\"wpcf7-form-control wpcf7-acceptance optional\"><span class=\"wpcf7-list-item\"><label><input type=\"checkbox\" name=\"opt-in\" value=\"1\" aria-invalid=\"false\" \/><span class=\"wpcf7-list-item-label\">Je souhaite m\u2019inscrire \u00e0 la newsletter<\/span><\/label><\/span><\/span><\/span><br\/>\n\t\t<span class=\"wpcf7-form-control-wrap\" data-name=\"contact-privacy\"><span class=\"wpcf7-form-control wpcf7-acceptance\"><span class=\"wpcf7-list-item\"><label><input type=\"checkbox\" name=\"contact-privacy\" value=\"1\" aria-invalid=\"false\" \/><span class=\"wpcf7-list-item-label\">J'accepte votre <a href=\"https:\/\/www.iubenda.com\/privacy-policy\/60472155\/legal\" target=\"_blank\">Politique de Confidentialit\u00e9<\/a><\/span><\/label><\/span><\/span><\/span><br\/>\n\t\t<span class=\"wpcf7-form-control-wrap\" data-name=\"contact-cookie\"><span class=\"wpcf7-form-control wpcf7-acceptance\"><span class=\"wpcf7-list-item\"><label><input type=\"checkbox\" name=\"contact-cookie\" value=\"1\" aria-invalid=\"false\" \/><span class=\"wpcf7-list-item-label\">J'accepte votre <a href=\"https:\/\/www.iubenda.com\/privacy-policy\/60472155\/cookie-policy\" target=\"_blank\">Politique des Cookie<\/a><\/span><\/label><\/span><\/span><\/span>\n\t<\/div>\n\t<div class=\"col-md-12\" style=\"margin-top:20px;\">\n\t\t<input class=\"wpcf7-form-control wpcf7-submit has-spinner btn pofo-button-70 button-style1 btn-dark-gray btn-small\" type=\"submit\" value=\"Envoyer\" \/>\n\t<\/div>\n<\/div>\n<input class=\"wpcf7-form-control wpcf7-hidden\" value=\"\" type=\"hidden\" name=\"utm_source\" \/>\n<input class=\"wpcf7-form-control wpcf7-hidden\" value=\"\" type=\"hidden\" name=\"utm_medium\" \/>\n<input class=\"wpcf7-form-control wpcf7-hidden\" value=\"\" type=\"hidden\" name=\"utm_campaign\" \/><div class=\"wpcf7-response-output\" aria-hidden=\"true\"><\/div>\n<\/form>\n<\/div>\n<\/div><\/div><\/div><\/div><\/div><\/div><\/div><\/section>[\/vc_section]<section data-vc-full-width=\"true\" data-vc-full-width-init=\"false\" class=\"vc_row wpb_row vc_row-fluid  vc_custom_1646060879352 cover-background wow fadeIn vc_row-has-fill pofo-stretch-content pofo-stretch-row-container pofo-row-responsive-69f2b8bdc7bfa\"><div class=\"wpb_column vc_column_container vc_col-sm-12 vc_col-md-12 col-xs-mobile-fullwidth text-center\"><div class=\"vc_column-inner \"><div class=\"wpb_wrapper\"><span class=\"text-extra-large margin-25px-bottom vertical-align-middle sm-width-100 display-inline-block alt-font heading-style3  vc_custom_1647880725744 pofo-button-responsive-69f2b8bdc7d0c  heading-7\"  style=\"color: #ffffff;\">Souhaitez-vous recevoir des informations? Contactez-nous!<\/span><a  href=\"\/fr\/contacts\/\" target=\"_self\" class=\"btn pofo-button-2 button-style2  btn-white  btn-medium   vc_custom_1647880747401 pofo-button-responsive-69f2b8bdc7d49\"  style=\"color:#ffffff;  border-color:#f8c21c; \">CONTACTEZ-NOUS<\/a><\/div><\/div><\/div><\/section><div class=\"vc_row-full-width vc_clearfix\"><\/div>\n","protected":false},"excerpt":{"rendered":"<p>[vc_section full_width=\u00a0\u00bbstretch_row\u00a0\u00bb css=\u00a0\u00bb.vc_custom_1646304754685{padding-top: 0px !important;padding-bottom: 0px !important;background-color: #ffffff !important;}\u00a0\u00bb][\/vc_section][vc_section full_width=\u00a0\u00bbstretch_row\u00a0\u00bb css=\u00a0\u00bb.vc_custom_1646566673677{padding-top: 0px !important;padding-bottom: 0px !important;background-color: #f7f7f7 !important;}\u00a0\u00bb][\/vc_section]<\/p>\n","protected":false},"author":1,"featured_media":0,"parent":38646,"menu_order":0,"comment_status":"closed","ping_status":"closed","template":"","meta":{"footnotes":""},"class_list":["post-49172","page","type-page","status-publish","hentry"],"aioseo_notices":[],"_links":{"self":[{"href":"https:\/\/www.debem.com\/fr\/wp-json\/wp\/v2\/pages\/49172","targetHints":{"allow":["GET"]}}],"collection":[{"href":"https:\/\/www.debem.com\/fr\/wp-json\/wp\/v2\/pages"}],"about":[{"href":"https:\/\/www.debem.com\/fr\/wp-json\/wp\/v2\/types\/page"}],"author":[{"embeddable":true,"href":"https:\/\/www.debem.com\/fr\/wp-json\/wp\/v2\/users\/1"}],"replies":[{"embeddable":true,"href":"https:\/\/www.debem.com\/fr\/wp-json\/wp\/v2\/comments?post=49172"}],"version-history":[{"count":4,"href":"https:\/\/www.debem.com\/fr\/wp-json\/wp\/v2\/pages\/49172\/revisions"}],"predecessor-version":[{"id":49198,"href":"https:\/\/www.debem.com\/fr\/wp-json\/wp\/v2\/pages\/49172\/revisions\/49198"}],"up":[{"embeddable":true,"href":"https:\/\/www.debem.com\/fr\/wp-json\/wp\/v2\/pages\/38646"}],"wp:attachment":[{"href":"https:\/\/www.debem.com\/fr\/wp-json\/wp\/v2\/media?parent=49172"}],"curies":[{"name":"wp","href":"https:\/\/api.w.org\/{rel}","templated":true}]}}