{"id":42312,"date":"2022-03-29T11:46:56","date_gmt":"2022-03-29T11:46:56","guid":{"rendered":"https:\/\/www.debem.com\/?page_id=42312"},"modified":"2024-02-21T09:56:11","modified_gmt":"2024-02-21T09:56:11","slug":"debem-yamaha-motogp","status":"publish","type":"page","link":"https:\/\/www.debem.com\/fr\/debem-yamaha-motogp\/","title":{"rendered":"Debem &#038; Yamaha Motogp"},"content":{"rendered":"<section class=\"vc_row wpb_row vc_row-fluid  vc_custom_1646061389347 wow fadeIn vc_row-has-fill pofo-row-responsive-69f2b8bbc2807\"><div class=\"wpb_column vc_column_container vc_col-sm-12  col-xs-mobile-fullwidth\"><div class=\"vc_column-inner \"><div class=\"wpb_wrapper\">[vc_raw_html el_class=\u00a0\u00bbsgBreadcrumb\u00a0\u00bb]JTVCYWlvc2VvX2JyZWFkY3J1bWJzJTVE[\/vc_raw_html]<\/div><\/div><\/div><\/section><section class=\"vc_row wpb_row vc_row-fluid  vc_custom_1646326654529 wow none vc_row-has-fill vc_row-o-equal-height vc_row-o-content-middle vc_row-flex pofo-row-responsive-69f2b8bbc2918\"><div class=\"wpb_column vc_column_container vc_col-sm-3  col-xs-mobile-fullwidth pofo-column-responsive-69f2b8bbc2997\"><div class=\"vc_column-inner vc_custom_1646307268097\"><div class=\"wpb_wrapper\"><\/div><\/div><\/div><div class=\"wpb_column vc_column_container vc_col-sm-6  col-xs-mobile-fullwidth text-center md-text-center sm-text-left xs-text-left pofo-column-responsive-69f2b8bbc29e9\"><div class=\"vc_column-inner vc_custom_1646321329323\"><div class=\"wpb_wrapper\">[vc_single_image image=\u00a0\u00bb52717&Prime; img_size=\u00a0\u00bbfull\u00a0\u00bb alignment=\u00a0\u00bbcenter\u00a0\u00bb css=\u00a0\u00bb.vc_custom_1769783831598{margin-bottom: 30px !important;}\u00a0\u00bb]<span class=\"text-extra-dark-gray margin-20px-bottom font-weight-600 display-block alt-font text-uppercase heading-style2  vc_custom_1648130439081  heading-1\"  style=\"font-size: 15px; line-height: 22px; font-weight: 400; color: #007a85;\" data-fontsize=\"15px\" data-lineheight=\"22px\">Official Sponsor<\/span><h1 class=\"text-extra-dark-gray margin-20px-bottom font-weight-600 display-inline-block alt-font  pofo_font_1648130276048 heading-style2  heading-2\"  style=\"font-size: 36px; line-height: 40px; font-weight: 600;\" data-fontsize=\"36px\" data-lineheight=\"40px\">Debem &amp; Yamaha MotoGP<\/h1><div class=\"text-medium line-height-28 last-paragraph-no-margin\"><p><span data-olk-copy-source=\"MessageBody\">Debem S.r.l. a choisi de devenir Official Sponsor de Monster Energy Yamaha MotoGP. Debem est fi\u00e8re de faire partie de l\u2019\u00e9quipe Championne du Monde MotoGP, partageant des valeurs fondamentales telles que la performance, la technologie, la pr\u00e9cision et l\u2019efficacit\u00e9.<\/span><\/p>\n<\/div><\/div><\/div><\/div><div class=\"wpb_column vc_column_container vc_col-sm-3  col-xs-mobile-fullwidth\"><div class=\"vc_column-inner \"><div class=\"wpb_wrapper\"><\/div><\/div><\/div><\/section>[vc_section full_width=\u00a0\u00bbstretch_row\u00a0\u00bb css=\u00a0\u00bb.vc_custom_1646318052105{padding-top: 0px !important;padding-bottom: 0px !important;background-color: #f7f7f7 !important;}\u00a0\u00bb]<section data-vc-full-width=\"true\" data-vc-full-width-init=\"false\" data-vc-stretch-content=\"true\" class=\"vc_row wpb_row vc_row-fluid  vc_custom_1646321359378 wow fadeIn pofo-stretch-content vc_row-o-equal-height vc_row-o-content-middle vc_row-flex\"><div class=\"wpb_column vc_column_container vc_col-has-fill position-relative vc_col-sm-12 vc_col-md-6 vc_col-xs-12 wow none pofo-column-responsive-69f2b8bbc2bef\"><div class=\"vc_column-inner cover-background bg-position-center-top vc_custom_1648829339682\"><div class=\"wpb_wrapper\"><\/div><\/div><\/div><div class=\"wpb_column vc_column_container vc_col-sm-12 vc_col-md-6 vc_col-xs-12 wow none sm-text-left xs-text-left\"><div class=\"vc_column-inner \"><div class=\"wpb_wrapper\"><div class=\"vc_row wpb_row vc_inner vc_row-fluid  vc_custom_1648133863377 pofo-inner-row-responsive-69f2b8bbc2cb4\"><div class=\"wpb_column vc_column_container vc_col-sm-12  col-xs-mobile-fullwidth\"><div class=\"vc_column-inner \"><div class=\"wpb_wrapper\"><span class=\"text-extra-dark-gray margin-20px-bottom font-weight-600 display-block alt-font text-uppercase heading-style2  vc_custom_1648130475782  heading-3\"  style=\"font-size: 15px; line-height: 22px; font-weight: 400; color: #007a85;\" data-fontsize=\"15px\" data-lineheight=\"22px\">OFFICIAL SPONSOR<\/span><h2 class=\"text-medium-gray text-small margin-5px-bottom alt-font  pofo_font_1696508616439 heading-style4  vc_custom_1696508616439 pofo-button-responsive-69f2b8bbc2dd3  heading-4\"  style=\"font-size: 28px; line-height: 32px; font-weight: 600; color: #000000;\" data-fontsize=\"28px\" data-lineheight=\"32px\">Officially engaged with performance<\/h2><div class=\"text-medium line-height-28  vc_custom_1771337473468 last-paragraph-no-margin pofo-text-block-responsive-69f2b8bbc2e15\" style=\"width: 95%;\"><p>Notre Pr\u00e9sident, Marco De Bernardi, illustre les raisons qui ont conduit Debem \u00e0 ce choix :<\/p>\n<p><em>\u00ab\u00a0L&rsquo;id\u00e9e d&rsquo;une connexion entre Debem et Monster Energy Yamaha MotoGP est la quintessence de nos objectifs communs, partageant des valeurs fondamentales telles que la performance, la technologie, la pr\u00e9cision et l&rsquo;efficacit\u00e9. Des valeurs sur lesquelles l&rsquo;\u00e9quipe Yamaha MotoGP fonde son succ\u00e8s dans l&rsquo;activit\u00e9 sportive, comme en t\u00e9moigne le titre mondial, l&rsquo;un de ses nombreux succ\u00e8s r\u00e9cents. Notre obsession pour la recherche et le d\u00e9veloppement de nouvelles solutions dans le secteur industriel, combin\u00e9e \u00e0 l&rsquo;extension mondiale de notre march\u00e9, sont parfaitement combin\u00e9es avec l&rsquo;image \u00e9volu\u00e9e, dynamique et gagnante de Yamaha Factory Racing.\u00a0\u00bb<\/em><\/p>\n<p><span data-olk-copy-source=\"MessageBody\">Le contrat triennal, qui unit Debem \u00e0 l\u2019\u00e9quipe Monster Energy Yamaha MotoGP, constitue une d\u00e9claration claire d\u2019intention sur la fa\u00e7on dont l\u2019entreprise entend relever les d\u00e9fis de demain.<\/span><\/p>\n<\/div><\/div><\/div><\/div><\/div><\/div><\/div><\/div><\/section><div class=\"vc_row-full-width vc_clearfix\"><\/div>[\/vc_section][vc_section full_width=\u00a0\u00bbstretch_row\u00a0\u00bb css=\u00a0\u00bb.vc_custom_1646321529640{padding-top: 0px !important;padding-bottom: 0px !important;background-color: #ffffff !important;}\u00a0\u00bb]<section id=\"contactprodotti\" class=\"vc_row wpb_row vc_row-fluid  vc_custom_1646321427090 wow fadeIn vc_row-has-fill pofo-row-responsive-69f2b8bbc2ea3\"><div class=\"wpb_column vc_column_container vc_col-sm-12  col-xs-mobile-fullwidth\"><div class=\"vc_column-inner \"><div class=\"wpb_wrapper\"><div class=\"vc_row wpb_row vc_inner vc_row-fluid\"><div class=\"wpb_column vc_column_container vc_col-sm-12 vc_col-lg-3 vc_col-md-3 vc_hidden-sm col-xs-mobile-fullwidth\"><div class=\"vc_column-inner \"><div class=\"wpb_wrapper\"><\/div><\/div><\/div><div class=\"wpb_column vc_column_container vc_col-sm-12 vc_col-lg-6 vc_col-md-6 col-xs-mobile-fullwidth text-center md-text-center sm-text-left xs-text-left\"><div class=\"vc_column-inner vc_custom_1646059839106\"><div class=\"wpb_wrapper\"><span class=\"text-extra-dark-gray margin-20px-bottom font-weight-600 display-block alt-font text-uppercase heading-style2  vc_custom_1648554199620  heading-5\"  style=\"font-size: 15px; line-height: 22px; font-weight: 400; color: #007a85;\" data-fontsize=\"15px\" data-lineheight=\"22px\">Contacts<\/span><h2 class=\"text-medium-gray text-small margin-5px-bottom alt-font  pofo_font_1648554221666 heading-style4 pofo-button-responsive-69f2b8bbc30be  heading-6\"  style=\"font-size: 28px; line-height: 32px; font-weight: 600; color: #000000;\" data-fontsize=\"28px\" data-lineheight=\"32px\">Demander des informations<\/h2><\/div><\/div><\/div><div class=\"wpb_column vc_column_container vc_col-sm-12 vc_col-lg-3 vc_col-md-3 vc_hidden-sm col-xs-mobile-fullwidth\"><div class=\"vc_column-inner \"><div class=\"wpb_wrapper\"><\/div><\/div><\/div><div class=\"wpb_column vc_column_container vc_col-sm-12  col-xs-mobile-fullwidth\"><div class=\"vc_column-inner \"><div class=\"wpb_wrapper\">\n<div class=\"wpcf7 no-js\" id=\"wpcf7-f39435-o1\" lang=\"fr-FR\" dir=\"ltr\" data-wpcf7-id=\"39435\">\n<div class=\"screen-reader-response\"><p role=\"status\" aria-live=\"polite\" aria-atomic=\"true\"><\/p> <ul><\/ul><\/div>\n<form action=\"\/fr\/wp-json\/wp\/v2\/pages\/42312#wpcf7-f39435-o1\" method=\"post\" class=\"wpcf7-form init\" aria-label=\"Formulaire de contact\" novalidate=\"novalidate\" data-status=\"init\">\n<fieldset class=\"hidden-fields-container\"><input type=\"hidden\" name=\"_wpcf7\" value=\"39435\" \/><input type=\"hidden\" name=\"_wpcf7_version\" value=\"6.1.5\" \/><input type=\"hidden\" name=\"_wpcf7_locale\" value=\"fr_FR\" \/><input type=\"hidden\" name=\"_wpcf7_unit_tag\" value=\"wpcf7-f39435-o1\" \/><input type=\"hidden\" name=\"_wpcf7_container_post\" value=\"0\" \/><input type=\"hidden\" name=\"_wpcf7_posted_data_hash\" value=\"\" \/><input type=\"hidden\" name=\"_wpcf7_recaptcha_response\" value=\"\" \/>\n<\/fieldset>\n<div class=\"row\">\n\t<div class=\"col-md-4\">\n\t\t<span class=\"wpcf7-form-control-wrap\" data-name=\"nome\"><input size=\"40\" maxlength=\"400\" class=\"wpcf7-form-control wpcf7-text wpcf7-validates-as-required big-input\" aria-required=\"true\" aria-invalid=\"false\" placeholder=\"Pr\u00e9nom *\" value=\"\" type=\"text\" name=\"nome\" \/><\/span>\n\t<\/div>\n\t<div class=\"col-md-4\">\n\t\t<span class=\"wpcf7-form-control-wrap\" data-name=\"cognome\"><input size=\"40\" maxlength=\"400\" class=\"wpcf7-form-control wpcf7-text wpcf7-validates-as-required big-input\" aria-required=\"true\" aria-invalid=\"false\" placeholder=\"Nom *\" value=\"\" type=\"text\" name=\"cognome\" \/><\/span>\n\t<\/div>\n\t<div class=\"col-md-4\">\n\t\t<span class=\"wpcf7-form-control-wrap\" data-name=\"azienda\"><input size=\"40\" maxlength=\"400\" class=\"wpcf7-form-control wpcf7-text wpcf7-validates-as-required big-input\" aria-required=\"true\" aria-invalid=\"false\" placeholder=\"Entreprise *\" value=\"\" type=\"text\" name=\"azienda\" \/><\/span>\n\t<\/div>\n\t<div class=\"col-md-4\">\n\t\t<span class=\"wpcf7-form-control-wrap\" data-name=\"provincia\"><input size=\"40\" maxlength=\"400\" class=\"wpcf7-form-control wpcf7-text wpcf7-validates-as-required big-input\" aria-required=\"true\" aria-invalid=\"false\" placeholder=\"Pays *\" value=\"\" type=\"text\" name=\"provincia\" \/><\/span>\n\t<\/div>\n\t<div class=\"col-md-4\">\n\t\t<span class=\"wpcf7-form-control-wrap\" data-name=\"telefono\"><input size=\"40\" maxlength=\"400\" class=\"wpcf7-form-control wpcf7-text big-input\" aria-invalid=\"false\" placeholder=\"T\u00e9l\u00e9phone\" value=\"\" type=\"text\" name=\"telefono\" \/><\/span>\n\t<\/div>\n\t<div class=\"col-md-4\">\n\t\t<span class=\"wpcf7-form-control-wrap\" data-name=\"email\"><input size=\"40\" maxlength=\"400\" class=\"wpcf7-form-control wpcf7-email wpcf7-validates-as-required wpcf7-text wpcf7-validates-as-email big-input\" aria-required=\"true\" aria-invalid=\"false\" placeholder=\"E-mail *\" value=\"\" type=\"email\" name=\"email\" \/><\/span>\n\t<\/div>\n\t<div class=\"col-md-12\">\n\t\t<span class=\"wpcf7-form-control-wrap\" data-name=\"messaggio\"><textarea cols=\"40\" rows=\"3\" maxlength=\"2000\" class=\"wpcf7-form-control wpcf7-textarea xs-margin-20px-bottom big-textarea\" aria-invalid=\"false\" placeholder=\"Votre question\" name=\"messaggio\"><\/textarea><\/span>\n\t<\/div>\n\t<div class=\"col-md-12\">\n\t\t<span class=\"wpcf7-form-control-wrap\" data-name=\"opt-in\"><span class=\"wpcf7-form-control wpcf7-acceptance optional\"><span class=\"wpcf7-list-item\"><label><input type=\"checkbox\" name=\"opt-in\" value=\"1\" aria-invalid=\"false\" \/><span class=\"wpcf7-list-item-label\">Je souhaite m\u2019inscrire \u00e0 la newsletter<\/span><\/label><\/span><\/span><\/span><br\/>\n\t\t<span class=\"wpcf7-form-control-wrap\" data-name=\"contact-privacy\"><span class=\"wpcf7-form-control wpcf7-acceptance\"><span class=\"wpcf7-list-item\"><label><input type=\"checkbox\" name=\"contact-privacy\" value=\"1\" aria-invalid=\"false\" \/><span class=\"wpcf7-list-item-label\">J'accepte votre <a href=\"https:\/\/www.iubenda.com\/privacy-policy\/60472155\/legal\" target=\"_blank\">Politique de Confidentialit\u00e9<\/a><\/span><\/label><\/span><\/span><\/span><br\/>\n\t\t<span class=\"wpcf7-form-control-wrap\" data-name=\"contact-cookie\"><span class=\"wpcf7-form-control wpcf7-acceptance\"><span class=\"wpcf7-list-item\"><label><input type=\"checkbox\" name=\"contact-cookie\" value=\"1\" aria-invalid=\"false\" \/><span class=\"wpcf7-list-item-label\">J'accepte votre <a href=\"https:\/\/www.iubenda.com\/privacy-policy\/60472155\/cookie-policy\" target=\"_blank\">Politique des Cookie<\/a><\/span><\/label><\/span><\/span><\/span>\n\t<\/div>\n\t<div class=\"col-md-12\" style=\"margin-top:20px;\">\n\t\t<input class=\"wpcf7-form-control wpcf7-submit has-spinner btn pofo-button-70 button-style1 btn-dark-gray btn-small\" type=\"submit\" value=\"Envoyer\" \/>\n\t<\/div>\n<\/div>\n<input class=\"wpcf7-form-control wpcf7-hidden\" value=\"\" type=\"hidden\" name=\"utm_source\" \/>\n<input class=\"wpcf7-form-control wpcf7-hidden\" value=\"\" type=\"hidden\" name=\"utm_medium\" \/>\n<input class=\"wpcf7-form-control wpcf7-hidden\" value=\"\" type=\"hidden\" name=\"utm_campaign\" \/><div class=\"wpcf7-response-output\" aria-hidden=\"true\"><\/div>\n<\/form>\n<\/div>\n<\/div><\/div><\/div><\/div><\/div><\/div><\/div><\/section>[\/vc_section]<section data-vc-full-width=\"true\" data-vc-full-width-init=\"false\" class=\"vc_row wpb_row vc_row-fluid  vc_custom_1646060879352 cover-background wow fadeIn vc_row-has-fill pofo-stretch-content pofo-stretch-row-container pofo-row-responsive-69f2b8bbc3d27\"><div class=\"wpb_column vc_column_container vc_col-sm-12 vc_col-md-12 col-xs-mobile-fullwidth text-center\"><div class=\"vc_column-inner \"><div class=\"wpb_wrapper\"><span class=\"text-extra-large margin-25px-bottom vertical-align-middle sm-width-100 display-inline-block alt-font heading-style3  vc_custom_1648554294010 pofo-button-responsive-69f2b8bbc3e4a  heading-7\"  style=\"color: #ffffff;\">Souhaitez-vous recevoir des informations ? Contactez-nous!<\/span><a  href=\"https:\/\/www.debem.com\/fr\/contacts\/\" target=\"_self\" class=\"btn pofo-button-1 button-style2  btn-white  btn-medium   vc_custom_1648554279949 pofo-button-responsive-69f2b8bbc3e93\"  style=\"color:#ffffff;  border-color:#f8c21c; \">CONTACTEZ-NOUS<\/a><\/div><\/div><\/div><\/section><div class=\"vc_row-full-width vc_clearfix\"><\/div>\n","protected":false},"excerpt":{"rendered":"<p>[vc_section full_width=\u00a0\u00bbstretch_row\u00a0\u00bb css=\u00a0\u00bb.vc_custom_1646318052105{padding-top: 0px !important;padding-bottom: 0px !important;background-color: #f7f7f7 !important;}\u00a0\u00bb][\/vc_section][vc_section full_width=\u00a0\u00bbstretch_row\u00a0\u00bb css=\u00a0\u00bb.vc_custom_1646321529640{padding-top: 0px !important;padding-bottom: 0px !important;background-color: #ffffff !important;}\u00a0\u00bb][\/vc_section]<\/p>\n","protected":false},"author":1,"featured_media":0,"parent":0,"menu_order":0,"comment_status":"closed","ping_status":"closed","template":"","meta":{"footnotes":""},"class_list":["post-42312","page","type-page","status-publish","hentry"],"aioseo_notices":[],"_links":{"self":[{"href":"https:\/\/www.debem.com\/fr\/wp-json\/wp\/v2\/pages\/42312","targetHints":{"allow":["GET"]}}],"collection":[{"href":"https:\/\/www.debem.com\/fr\/wp-json\/wp\/v2\/pages"}],"about":[{"href":"https:\/\/www.debem.com\/fr\/wp-json\/wp\/v2\/types\/page"}],"author":[{"embeddable":true,"href":"https:\/\/www.debem.com\/fr\/wp-json\/wp\/v2\/users\/1"}],"replies":[{"embeddable":true,"href":"https:\/\/www.debem.com\/fr\/wp-json\/wp\/v2\/comments?post=42312"}],"version-history":[{"count":47,"href":"https:\/\/www.debem.com\/fr\/wp-json\/wp\/v2\/pages\/42312\/revisions"}],"predecessor-version":[{"id":42318,"href":"https:\/\/www.debem.com\/fr\/wp-json\/wp\/v2\/pages\/42312\/revisions\/42318"}],"wp:attachment":[{"href":"https:\/\/www.debem.com\/fr\/wp-json\/wp\/v2\/media?parent=42312"}],"curies":[{"name":"wp","href":"https:\/\/api.w.org\/{rel}","templated":true}]}}