{"id":40427,"date":"2022-03-23T07:45:01","date_gmt":"2022-03-23T07:45:01","guid":{"rendered":"https:\/\/www.debem.com\/?page_id=40427"},"modified":"2022-03-30T06:25:27","modified_gmt":"2022-03-30T06:25:27","slug":"demande-recue","status":"publish","type":"page","link":"https:\/\/www.debem.com\/fr\/demande-recue\/","title":{"rendered":"Demande re\u00e7ue"},"content":{"rendered":"<section class=\"vc_row wpb_row vc_row-fluid  vc_custom_1647939548217 wow fadeIn vc_row-has-fill pofo-row-responsive-69f3891074bfb\"><div class=\"wpb_column vc_column_container vc_col-sm-12  col-xs-mobile-fullwidth\"><div class=\"vc_column-inner \"><div class=\"wpb_wrapper\">[vc_raw_html el_class=\u00a0\u00bbsgBreadcrumb\u00a0\u00bb]JTVCYWlvc2VvX2JyZWFkY3J1bWJzJTVE[\/vc_raw_html]<div class=\"vc_row wpb_row vc_inner vc_row-fluid  vc_custom_1647944795044 pofo-inner-row-responsive-69f3891074da3\"><div class=\"wpb_column vc_column_container vc_col-sm-3  col-xs-mobile-fullwidth\"><div class=\"vc_column-inner \"><div class=\"wpb_wrapper\"><\/div><\/div><\/div><div class=\"wpb_column vc_column_container vc_col-sm-6  col-xs-mobile-fullwidth text-center md-text-center sm-text-left xs-text-left pofo-column-responsive-69f3891074eb1\"><div class=\"vc_column-inner vc_custom_1646321981959\"><div class=\"wpb_wrapper\"><span class=\"text-extra-dark-gray margin-20px-bottom font-weight-600 display-block alt-font text-uppercase heading-style2  vc_custom_1648021422593  heading-1\"  style=\"font-size: 15px; line-height: 22px; font-weight: 400; color: #007a85;\" data-fontsize=\"15px\" data-lineheight=\"22px\">Demande re\u00e7ue<\/span><h1 class=\"text-extra-dark-gray margin-20px-bottom font-weight-600 display-inline-block alt-font  pofo_font_1648021452302 heading-style2  heading-2\"  style=\"font-size: 36px; line-height: 40px; font-weight: 600;\" data-fontsize=\"36px\" data-lineheight=\"40px\">Merci de nous envoyer<br \/> votre demande<\/h1><div class=\"text-medium line-height-28  vc_custom_1648021467598 last-paragraph-no-margin pofo-text-block-responsive-69f3891074ffa\" style=\"width: 100%;\"><p>Notre \u00e9quipe a bien re\u00e7u votre demande et vous r\u00e9pondra dans les plus brefs d\u00e9lais.<\/p>\n<\/div><a  href=\"https:\/\/www.debem.com\/fr\/\" target=\"_self\" class=\"btn pofo-button-1 button-style1  btn-dark-gray  btn-medium   vc_custom_1648021490563\"  style=\"color:#ffffff;  border-color:#007a85; \">Retour \u00e0 la page d'accueil<\/a><\/div><\/div><\/div><div class=\"wpb_column vc_column_container vc_col-sm-3  col-xs-mobile-fullwidth\"><div class=\"vc_column-inner \"><div class=\"wpb_wrapper\"><\/div><\/div><\/div><\/div><\/div><\/div><\/div><\/section>\n","protected":false},"excerpt":{"rendered":"[vc_raw_html el_class=\"sgBreadcrumb\"]JTVCYWlvc2VvX2JyZWFkY3J1bWJzJTVE[\/vc_raw_html]Demande re\u00e7ueMerci de nous envoyer votre demandeNotre \u00e9quipe a bien re\u00e7u votre demande et vous r\u00e9pondra dans les plus brefs d\u00e9lais. Retour \u00e0 la page d'accueil","protected":false},"author":1,"featured_media":0,"parent":0,"menu_order":0,"comment_status":"closed","ping_status":"closed","template":"","meta":{"footnotes":""},"class_list":["post-40427","page","type-page","status-publish","hentry"],"aioseo_notices":[],"_links":{"self":[{"href":"https:\/\/www.debem.com\/fr\/wp-json\/wp\/v2\/pages\/40427","targetHints":{"allow":["GET"]}}],"collection":[{"href":"https:\/\/www.debem.com\/fr\/wp-json\/wp\/v2\/pages"}],"about":[{"href":"https:\/\/www.debem.com\/fr\/wp-json\/wp\/v2\/types\/page"}],"author":[{"embeddable":true,"href":"https:\/\/www.debem.com\/fr\/wp-json\/wp\/v2\/users\/1"}],"replies":[{"embeddable":true,"href":"https:\/\/www.debem.com\/fr\/wp-json\/wp\/v2\/comments?post=40427"}],"version-history":[{"count":4,"href":"https:\/\/www.debem.com\/fr\/wp-json\/wp\/v2\/pages\/40427\/revisions"}],"predecessor-version":[{"id":42465,"href":"https:\/\/www.debem.com\/fr\/wp-json\/wp\/v2\/pages\/40427\/revisions\/42465"}],"wp:attachment":[{"href":"https:\/\/www.debem.com\/fr\/wp-json\/wp\/v2\/media?parent=40427"}],"curies":[{"name":"wp","href":"https:\/\/api.w.org\/{rel}","templated":true}]}}