{"id":39261,"date":"2022-03-21T15:42:12","date_gmt":"2022-03-21T15:42:12","guid":{"rendered":"https:\/\/www.debem.com\/?page_id=39261"},"modified":"2022-03-24T08:16:24","modified_gmt":"2022-03-24T08:16:24","slug":"pompes-a-entrainement-magnetique-km","status":"publish","type":"page","link":"https:\/\/www.debem.com\/fr\/produits\/pompes-centrifuges-electriques\/pompes-a-entrainement-magnetique-km\/","title":{"rendered":"Pompes \u00e0 entra\u00eenement magn\u00e9tique KM"},"content":{"rendered":"<section class=\"vc_row wpb_row vc_row-fluid  vc_custom_1646061389347 wow fadeIn vc_row-has-fill pofo-row-responsive-69f2b942e02d9\"><div class=\"wpb_column vc_column_container vc_col-sm-12  col-xs-mobile-fullwidth\"><div class=\"vc_column-inner \"><div class=\"wpb_wrapper\">[vc_raw_html el_class=\u00a0\u00bbsgBreadcrumb\u00a0\u00bb]JTVCYWlvc2VvX2JyZWFkY3J1bWJzJTVE[\/vc_raw_html]<\/div><\/div><\/div><\/section><section class=\"vc_row wpb_row vc_row-fluid  vc_custom_1646063052468 wow none vc_row-has-fill vc_row-o-equal-height vc_row-o-content-middle vc_row-flex pofo-row-responsive-69f2b942e04a5\"><div class=\"wpb_column vc_column_container vc_col-sm-6  col-xs-mobile-fullwidth text-left md-text-left sm-text-left xs-text-left pofo-column-responsive-69f2b942e0578\"><div class=\"vc_column-inner vc_custom_1646062313450\"><div class=\"wpb_wrapper\"><span class=\"text-extra-dark-gray margin-20px-bottom font-weight-600 display-block alt-font text-uppercase heading-style2  vc_custom_1647880155020  heading-1\"  style=\"font-size: 15px; line-height: 22px; font-weight: 400; color: #007a85;\" data-fontsize=\"15px\" data-lineheight=\"22px\">Pompes centrifuges \u00e9lectriques<\/span><h1 class=\"text-extra-dark-gray margin-20px-bottom font-weight-600 display-inline-block alt-font  pofo_font_1647880147086 heading-style2  heading-2\"  style=\"font-size: 36px; line-height: 40px; font-weight: 600;\" data-fontsize=\"36px\" data-lineheight=\"40px\">Pompes \u00e0 entra\u00eenement magn\u00e9tique KM<\/h1><div class=\"text-medium line-height-28  vc_custom_1647880170180 last-paragraph-no-margin pofo-text-block-responsive-69f2b942e06ba\" style=\"width: 100%;\"><p>Les pompes centrifuges \u00e0 entrainement magn\u00e9tique de la s\u00e9rie KM sont \u00e0 l\u2019avant-garde en termes de d\u00e9bit et d\u2019efficacit\u00e9 \u00e9nerg\u00e9tique. Fruit d\u2019une collaboration avec CDR Pompe, <strong>elles maintiennent et augmentent les excellentes caract\u00e9ristiques des pompes DM pour des applications avec un d\u00e9bit plus important<\/strong>.<\/p>\n<\/div><div class=\"vc_row wpb_row vc_inner vc_row-fluid\"><div class=\"wpb_column vc_column_container vc_col-sm-5 vc_col-xs-6\"><div class=\"vc_column-inner \"><div class=\"wpb_wrapper\"><a  href=\"#contactprodotti\" class=\"btn pofo-button-1 section-link button-style1  btn-dark-gray  btn-medium   vc_custom_1647880181132 pofo-button-responsive-69f2b942e0824\"  style=\"color:#ffffff;  border-color:#007a85; \">PLUS D\u2019INFORMATION<\/a><\/div><\/div><\/div><div class=\"wpb_column vc_column_container vc_col-sm-5 vc_col-md-4 vc_col-xs-6\"><div class=\"vc_column-inner \"><div class=\"wpb_wrapper\"><\/div><\/div><\/div><div class=\"wpb_column vc_column_container vc_col-sm-1 vc_hidden-sm vc_hidden-xs col-xs-mobile-fullwidth\"><div class=\"vc_column-inner \"><div class=\"wpb_wrapper\"><\/div><\/div><\/div><\/div><\/div><\/div><\/div><div class=\"wpb_column vc_column_container vc_col-sm-6  col-xs-mobile-fullwidth pofo-column-responsive-69f2b942e08e1\"><div class=\"vc_column-inner vc_custom_1646062320440\"><div class=\"wpb_wrapper\">[vc_single_image image=\u00a0\u00bb32195&Prime; img_size=\u00a0\u00bbfull\u00a0\u00bb]<\/div><\/div><\/div><\/section>[vc_section full_width=\u00a0\u00bbstretch_row\u00a0\u00bb css=\u00a0\u00bb.vc_custom_1646132894883{padding-top: 0px !important;padding-bottom: 0px !important;background-color: #007a85 !important;}\u00a0\u00bb]<section class=\"vc_row wpb_row vc_row-fluid  vc_custom_1646133162185\"><div class=\"wpb_column vc_column_container vc_col-sm-3  col-xs-mobile-fullwidth\"><div class=\"vc_column-inner \"><div class=\"wpb_wrapper\"><\/div><\/div><\/div><div class=\"wpb_column vc_column_container vc_col-sm-6  col-xs-mobile-fullwidth text-center md-text-center sm-text-center xs-text-center\"><div class=\"vc_column-inner \"><div class=\"wpb_wrapper\"><span class=\"text-extra-dark-gray margin-20px-bottom font-weight-600 display-block alt-font heading-style2  vc_custom_1647880220200  heading-3\"  style=\"font-size: 15px; line-height: 22px; font-weight: 400; color: #ffffff;\" data-fontsize=\"15px\" data-lineheight=\"22px\">APPLICATIONS<\/span><h2 class=\"text-medium-gray text-small margin-5px-bottom alt-font  pofo_font_1647880230383 heading-style4  vc_custom_1647880230384 pofo-button-responsive-69f2b942e0b04  heading-4\"  style=\"font-size: 28px; line-height: 32px; font-weight: 600; color: #ffffff;\" data-fontsize=\"28px\" data-lineheight=\"32px\">Secteurs d'application<\/h2><\/div><\/div><\/div><div class=\"wpb_column vc_column_container vc_col-sm-3  col-xs-mobile-fullwidth\"><div class=\"vc_column-inner \"><div class=\"wpb_wrapper\"><\/div><\/div><\/div><\/section><section data-vc-full-width=\"true\" data-vc-full-width-init=\"false\" class=\"vc_row wpb_row vc_row-fluid  vc_custom_1646315871544 wow fadeIn pofo-stretch-content pofo-stretch-row-container vc_row-o-equal-height vc_row-flex pofo-row-responsive-69f2b942e0b83\"><div class=\"wpb_column vc_column_container vc_col-sm-4 vc_col-md-4 vc_col-xs-6 wow none text-center pofo-column-responsive-69f2b942e0c3a\"><div class=\"vc_column-inner vc_custom_1646639789348\"><div class=\"wpb_wrapper\"><div class=\"featurebox8 pofo-featurebox  vc_custom_1647880243341 position-relative overflow-hidden z-index-5 padding-twelve-all md-padding-six-all xs-padding-15px-lr featurebox8-1\" ><div class=\"display-inline-block\"><img decoding=\"async\" src=\"https:\/\/www.debem.com\/wp-content\/uploads\/2022\/03\/DepurazioneAcqueFanghi.png\" alt=\"DEPURAZIONE ACQUA E FANGHI\" class=\"icon-image margin-20px-bottom\"\/><\/div><div class=\"alt-font text-extra-dark-gray font-weight-600 margin-10px-bottom sm-margin-5px-bottom\" style=\"font-size: 13px; line-height: 20px; font-weight: 500; color: #ffffff;\" data-fontsize=\"13px\" data-lineheight=\"20px\">\u00c9PURATION DES EAUX US\u00c9ES ET DES BOUES<\/div><\/div><\/div><\/div><\/div><div class=\"wpb_column vc_column_container vc_col-sm-4 vc_col-md-4 vc_col-xs-6 wow none text-center pofo-column-responsive-69f2b942e0ec6\"><div class=\"vc_column-inner vc_custom_1646639798135\"><div class=\"wpb_wrapper\"><div class=\"featurebox8 pofo-featurebox  vc_custom_1647880251922 position-relative overflow-hidden z-index-5 padding-twelve-all md-padding-six-all xs-padding-15px-lr featurebox8-2\" ><div class=\"display-inline-block\"><img decoding=\"async\" src=\"https:\/\/www.debem.com\/wp-content\/uploads\/2022\/03\/IndustriaChimica.png\" alt=\"INDUSTRIA CHIMICA\" class=\"icon-image margin-20px-bottom\"\/><\/div><div class=\"alt-font text-extra-dark-gray font-weight-600 margin-10px-bottom sm-margin-5px-bottom\" style=\"font-size: 13px; line-height: 20px; font-weight: 500; color: #ffffff;\" data-fontsize=\"13px\" data-lineheight=\"20px\">INDUSTRIE CHIMIQUE<\/div><\/div><\/div><\/div><\/div><div class=\"wpb_column vc_column_container vc_col-sm-4 vc_col-md-4 vc_col-xs-6 wow none text-center pofo-column-responsive-69f2b942e10c1\"><div class=\"vc_column-inner vc_custom_1646639807479\"><div class=\"wpb_wrapper\"><div class=\"featurebox8 pofo-featurebox  vc_custom_1647880260300 position-relative overflow-hidden z-index-5 padding-twelve-all md-padding-six-all xs-padding-15px-lr featurebox8-3\" ><div class=\"display-inline-block\"><img decoding=\"async\" src=\"https:\/\/www.debem.com\/wp-content\/uploads\/2022\/03\/IndustriaGalvanica.png\" alt=\"INDUSTRIA GALVANICA E ELETTRONICA\" class=\"icon-image margin-20px-bottom\"\/><\/div><div class=\"alt-font text-extra-dark-gray font-weight-600 margin-10px-bottom sm-margin-5px-bottom\" style=\"font-size: 13px; line-height: 20px; font-weight: 500; color: #ffffff;\" data-fontsize=\"13px\" data-lineheight=\"20px\">INDUSTRIE GALVANIQUE ET \u00c9LECTRONIQUE<\/div><\/div><\/div><\/div><\/div><\/section><div class=\"vc_row-full-width vc_clearfix\"><\/div>[\/vc_section][vc_section full_width=\u00a0\u00bbstretch_row\u00a0\u00bb css=\u00a0\u00bb.vc_custom_1646304754685{padding-top: 0px !important;padding-bottom: 0px !important;background-color: #ffffff !important;}\u00a0\u00bb]<section class=\"vc_row wpb_row vc_row-fluid  vc_custom_1646397694667 pofo-row-responsive-69f2b942e12cb\"><div class=\"wpb_column vc_column_container vc_col-sm-3  col-xs-mobile-fullwidth\"><div class=\"vc_column-inner \"><div class=\"wpb_wrapper\"><\/div><\/div><\/div><div class=\"wpb_column vc_column_container vc_col-sm-6  col-xs-mobile-fullwidth text-center md-text-center sm-text-center xs-text-center pofo-column-responsive-69f2b942e1384\"><div class=\"vc_column-inner \"><div class=\"wpb_wrapper\"><span class=\"text-extra-dark-gray margin-20px-bottom font-weight-600 display-block alt-font heading-style2  vc_custom_1647880266572  heading-5\"  style=\"font-size: 15px; line-height: 22px; font-weight: 400; color: #007a85;\" data-fontsize=\"15px\" data-lineheight=\"22px\">MOD\u00c8LES<\/span><h2 class=\"text-medium-gray text-small margin-5px-bottom alt-font  pofo_font_1647880277542 heading-style4  vc_custom_1647880277542 pofo-button-responsive-69f2b942e142e  heading-6\"  style=\"font-size: 28px; line-height: 32px; font-weight: 600; color: #000000;\" data-fontsize=\"28px\" data-lineheight=\"32px\">Mod\u00e8les KM<\/h2><\/div><\/div><\/div><div class=\"wpb_column vc_column_container vc_col-sm-3  col-xs-mobile-fullwidth\"><div class=\"vc_column-inner \"><div class=\"wpb_wrapper\"><\/div><\/div><\/div><\/section><section class=\"vc_row wpb_row vc_row-fluid  vc_custom_1646757196431 vc_column-gap-15 vc_row-o-equal-height vc_row-flex pofo-row-responsive-69f2b942e14a9\"><div class=\"wpb_column vc_column_container vc_col-has-fill vc_col-sm-3 vc_col-xs-6 pofo-column-responsive-69f2b942e1522\"><div class=\"vc_column-inner vc_custom_1646397335050\"><div class=\"wpb_wrapper\"><div class=\"featurebox35 pofo-featurebox featurebox35-1\" ><div class=\"margin-ten-bottom overflow-hidden image-hover-style-1 sm-margin-20px-bottom\"><a class=\"feature-image-link\" href=\"https:\/\/www.debem.com\/fr\/produits\/pompes-centrifuges-electriques\/pompes-a-entrainement-magnetique-km\/km-70\"><img loading=\"lazy\" decoding=\"async\" src=\"https:\/\/www.debem.com\/wp-content\/uploads\/2022\/03\/KM70_PP_2.jpg\" width=\"850\" height=\"800\"  alt=\"KM70_PP_2\" srcset=\"https:\/\/www.debem.com\/wp-content\/uploads\/2022\/03\/KM70_PP_2.jpg 850w, https:\/\/www.debem.com\/wp-content\/uploads\/2022\/03\/KM70_PP_2-300x282.jpg 300w, https:\/\/www.debem.com\/wp-content\/uploads\/2022\/03\/KM70_PP_2-768x723.jpg 768w, https:\/\/www.debem.com\/wp-content\/uploads\/2022\/03\/KM70_PP_2-819x771.jpg 819w, https:\/\/www.debem.com\/wp-content\/uploads\/2022\/03\/KM70_PP_2-120x113.jpg 120w, https:\/\/www.debem.com\/wp-content\/uploads\/2022\/03\/KM70_PP_2-81x76.jpg 81w, https:\/\/www.debem.com\/wp-content\/uploads\/2022\/03\/KM70_PP_2-600x565.jpg 600w\" sizes=\"auto, (max-width: 850px) 100vw, 850px\" class=\"icon-image\"\/><\/a><\/div><span class=\"alt-font margin-5px-bottom display-block text-extra-dark-gray font-weight-600 text-small pofo_font_1647947863460\" style=\"font-size: 15px; line-height: 20px; font-weight: 600; color: #000000;\" data-fontsize=\"15px\" data-lineheight=\"20px\"><a class=\"feature-title-link text-extra-dark-gray\" href=\"https:\/\/www.debem.com\/fr\/produits\/pompes-centrifuges-electriques\/pompes-a-entrainement-magnetique-km\/km-70\">KM 70<\/a><\/span><div><p>DEBIT MAX. 65 M3\/H<br \/>\nRACCORDS G 3&Prime;F &#8211; G2 1\/2&Prime;M<\/p>\n<\/div><div class=\"separator-line-horrizontal-medium-light2 bg-extra-light-gray margin-20px-bottom xs-margin-15px-bottom width-100\" style=\"background:#007a85; \"><\/div><a class=\"pofo-info-link alt-font text-extra-dark-gray font-weight-600 text-extra-small\" target=\"_self\" href=\"https:\/\/www.debem.com\/fr\/produits\/pompes-centrifuges-electriques\/pompes-a-entrainement-magnetique-km\/km-70\">D\u00c9COUVREZ<i class=\"fas fa-long-arrow-alt-right margin-5px-left text-deep-pink text-medium position-relative top-2\" aria-hidden=\"true\"><\/i><\/a><\/div><\/div><\/div><\/div><\/section>[\/vc_section][vc_section full_width=\u00a0\u00bbstretch_row\u00a0\u00bb css=\u00a0\u00bb.vc_custom_1646639876637{padding-top: 0px !important;padding-bottom: 0px !important;background-color: #f7f7f7 !important;}\u00a0\u00bb]<section id=\"contactprodotti\" class=\"vc_row wpb_row vc_row-fluid  vc_custom_1646639892835 wow fadeIn vc_row-has-fill pofo-row-responsive-69f2b942e1815\"><div class=\"wpb_column vc_column_container vc_col-sm-12  col-xs-mobile-fullwidth\"><div class=\"vc_column-inner \"><div class=\"wpb_wrapper\"><div class=\"vc_row wpb_row vc_inner vc_row-fluid\"><div class=\"wpb_column vc_column_container vc_col-sm-12 vc_col-lg-3 vc_col-md-3 vc_hidden-sm col-xs-mobile-fullwidth\"><div class=\"vc_column-inner \"><div class=\"wpb_wrapper\"><\/div><\/div><\/div><div class=\"wpb_column vc_column_container vc_col-sm-12 vc_col-lg-6 vc_col-md-6 col-xs-mobile-fullwidth text-center md-text-center sm-text-left xs-text-left\"><div class=\"vc_column-inner vc_custom_1646059839106\"><div class=\"wpb_wrapper\"><span class=\"text-extra-dark-gray margin-20px-bottom font-weight-600 display-block alt-font heading-style2  vc_custom_1647880325010  heading-7\"  style=\"font-size: 15px; line-height: 22px; font-weight: 400; color: #007a85;\" data-fontsize=\"15px\" data-lineheight=\"22px\">CONTACTS<\/span><h2 class=\"text-medium-gray text-small margin-5px-bottom alt-font  pofo_font_1647880332223 heading-style4 pofo-button-responsive-69f2b942e1a47  heading-8\"  style=\"font-size: 28px; line-height: 32px; font-weight: 600; color: #000000;\" data-fontsize=\"28px\" data-lineheight=\"32px\">Demander des informations<\/h2><\/div><\/div><\/div><div class=\"wpb_column vc_column_container vc_col-sm-12 vc_col-lg-3 vc_col-md-3 vc_hidden-sm col-xs-mobile-fullwidth\"><div class=\"vc_column-inner \"><div class=\"wpb_wrapper\"><\/div><\/div><\/div><div class=\"wpb_column vc_column_container vc_col-sm-12  col-xs-mobile-fullwidth\"><div class=\"vc_column-inner \"><div class=\"wpb_wrapper\">\n<div class=\"wpcf7 no-js\" id=\"wpcf7-f39435-o1\" lang=\"fr-FR\" dir=\"ltr\" data-wpcf7-id=\"39435\">\n<div class=\"screen-reader-response\"><p role=\"status\" aria-live=\"polite\" aria-atomic=\"true\"><\/p> <ul><\/ul><\/div>\n<form action=\"\/fr\/wp-json\/wp\/v2\/pages\/39261#wpcf7-f39435-o1\" method=\"post\" class=\"wpcf7-form init\" aria-label=\"Formulaire de contact\" novalidate=\"novalidate\" data-status=\"init\">\n<fieldset class=\"hidden-fields-container\"><input type=\"hidden\" name=\"_wpcf7\" value=\"39435\" \/><input type=\"hidden\" name=\"_wpcf7_version\" value=\"6.1.5\" \/><input type=\"hidden\" name=\"_wpcf7_locale\" value=\"fr_FR\" \/><input type=\"hidden\" name=\"_wpcf7_unit_tag\" value=\"wpcf7-f39435-o1\" \/><input type=\"hidden\" name=\"_wpcf7_container_post\" value=\"0\" \/><input type=\"hidden\" name=\"_wpcf7_posted_data_hash\" value=\"\" \/><input type=\"hidden\" name=\"_wpcf7_recaptcha_response\" value=\"\" \/>\n<\/fieldset>\n<div class=\"row\">\n\t<div class=\"col-md-4\">\n\t\t<span class=\"wpcf7-form-control-wrap\" data-name=\"nome\"><input size=\"40\" maxlength=\"400\" class=\"wpcf7-form-control wpcf7-text wpcf7-validates-as-required big-input\" aria-required=\"true\" aria-invalid=\"false\" placeholder=\"Pr\u00e9nom *\" value=\"\" type=\"text\" name=\"nome\" \/><\/span>\n\t<\/div>\n\t<div class=\"col-md-4\">\n\t\t<span class=\"wpcf7-form-control-wrap\" data-name=\"cognome\"><input size=\"40\" maxlength=\"400\" class=\"wpcf7-form-control wpcf7-text wpcf7-validates-as-required big-input\" aria-required=\"true\" aria-invalid=\"false\" placeholder=\"Nom *\" value=\"\" type=\"text\" name=\"cognome\" \/><\/span>\n\t<\/div>\n\t<div class=\"col-md-4\">\n\t\t<span class=\"wpcf7-form-control-wrap\" data-name=\"azienda\"><input size=\"40\" maxlength=\"400\" class=\"wpcf7-form-control wpcf7-text wpcf7-validates-as-required big-input\" aria-required=\"true\" aria-invalid=\"false\" placeholder=\"Entreprise *\" value=\"\" type=\"text\" name=\"azienda\" \/><\/span>\n\t<\/div>\n\t<div class=\"col-md-4\">\n\t\t<span class=\"wpcf7-form-control-wrap\" data-name=\"provincia\"><input size=\"40\" maxlength=\"400\" class=\"wpcf7-form-control wpcf7-text wpcf7-validates-as-required big-input\" aria-required=\"true\" aria-invalid=\"false\" placeholder=\"Pays *\" value=\"\" type=\"text\" name=\"provincia\" \/><\/span>\n\t<\/div>\n\t<div class=\"col-md-4\">\n\t\t<span class=\"wpcf7-form-control-wrap\" data-name=\"telefono\"><input size=\"40\" maxlength=\"400\" class=\"wpcf7-form-control wpcf7-text big-input\" aria-invalid=\"false\" placeholder=\"T\u00e9l\u00e9phone\" value=\"\" type=\"text\" name=\"telefono\" \/><\/span>\n\t<\/div>\n\t<div class=\"col-md-4\">\n\t\t<span class=\"wpcf7-form-control-wrap\" data-name=\"email\"><input size=\"40\" maxlength=\"400\" class=\"wpcf7-form-control wpcf7-email wpcf7-validates-as-required wpcf7-text wpcf7-validates-as-email big-input\" aria-required=\"true\" aria-invalid=\"false\" placeholder=\"E-mail *\" value=\"\" type=\"email\" name=\"email\" \/><\/span>\n\t<\/div>\n\t<div class=\"col-md-12\">\n\t\t<span class=\"wpcf7-form-control-wrap\" data-name=\"messaggio\"><textarea cols=\"40\" rows=\"3\" maxlength=\"2000\" class=\"wpcf7-form-control wpcf7-textarea xs-margin-20px-bottom big-textarea\" aria-invalid=\"false\" placeholder=\"Votre question\" name=\"messaggio\"><\/textarea><\/span>\n\t<\/div>\n\t<div class=\"col-md-12\">\n\t\t<span class=\"wpcf7-form-control-wrap\" data-name=\"opt-in\"><span class=\"wpcf7-form-control wpcf7-acceptance optional\"><span class=\"wpcf7-list-item\"><label><input type=\"checkbox\" name=\"opt-in\" value=\"1\" aria-invalid=\"false\" \/><span class=\"wpcf7-list-item-label\">Je souhaite m\u2019inscrire \u00e0 la newsletter<\/span><\/label><\/span><\/span><\/span><br\/>\n\t\t<span class=\"wpcf7-form-control-wrap\" data-name=\"contact-privacy\"><span class=\"wpcf7-form-control wpcf7-acceptance\"><span class=\"wpcf7-list-item\"><label><input type=\"checkbox\" name=\"contact-privacy\" value=\"1\" aria-invalid=\"false\" \/><span class=\"wpcf7-list-item-label\">J'accepte votre <a href=\"https:\/\/www.iubenda.com\/privacy-policy\/60472155\/legal\" target=\"_blank\">Politique de Confidentialit\u00e9<\/a><\/span><\/label><\/span><\/span><\/span><br\/>\n\t\t<span class=\"wpcf7-form-control-wrap\" data-name=\"contact-cookie\"><span class=\"wpcf7-form-control wpcf7-acceptance\"><span class=\"wpcf7-list-item\"><label><input type=\"checkbox\" name=\"contact-cookie\" value=\"1\" aria-invalid=\"false\" \/><span class=\"wpcf7-list-item-label\">J'accepte votre <a href=\"https:\/\/www.iubenda.com\/privacy-policy\/60472155\/cookie-policy\" target=\"_blank\">Politique des Cookie<\/a><\/span><\/label><\/span><\/span><\/span>\n\t<\/div>\n\t<div class=\"col-md-12\" style=\"margin-top:20px;\">\n\t\t<input class=\"wpcf7-form-control wpcf7-submit has-spinner btn pofo-button-70 button-style1 btn-dark-gray btn-small\" type=\"submit\" value=\"Envoyer\" \/>\n\t<\/div>\n<\/div>\n<input class=\"wpcf7-form-control wpcf7-hidden\" value=\"\" type=\"hidden\" name=\"utm_source\" \/>\n<input class=\"wpcf7-form-control wpcf7-hidden\" value=\"\" type=\"hidden\" name=\"utm_medium\" \/>\n<input class=\"wpcf7-form-control wpcf7-hidden\" value=\"\" type=\"hidden\" name=\"utm_campaign\" \/><div class=\"wpcf7-response-output\" aria-hidden=\"true\"><\/div>\n<\/form>\n<\/div>\n<\/div><\/div><\/div><\/div><\/div><\/div><\/div><\/section>[\/vc_section]<section data-vc-full-width=\"true\" data-vc-full-width-init=\"false\" class=\"vc_row wpb_row vc_row-fluid  vc_custom_1646060879352 cover-background wow fadeIn vc_row-has-fill pofo-stretch-content pofo-stretch-row-container pofo-row-responsive-69f2b942e268f\"><div class=\"wpb_column vc_column_container vc_col-sm-12 vc_col-md-12 col-xs-mobile-fullwidth text-center\"><div class=\"vc_column-inner \"><div class=\"wpb_wrapper\"><span class=\"text-extra-large margin-25px-bottom vertical-align-middle sm-width-100 display-inline-block alt-font heading-style3  vc_custom_1647880339627 pofo-button-responsive-69f2b942e279f  heading-9\"  style=\"color: #ffffff;\">Souhaitez-vous recevoir des informations? Contactez-nous!<\/span><a  href=\"\/fr\/contacts\/\" target=\"_self\" class=\"btn pofo-button-2 button-style2  btn-white  btn-medium   vc_custom_1647880354598 pofo-button-responsive-69f2b942e27db\"  style=\"color:#ffffff;  border-color:#f8c21c; \">CONTACTEZ-NOUS<\/a><\/div><\/div><\/div><\/section><div class=\"vc_row-full-width vc_clearfix\"><\/div>\n","protected":false},"excerpt":{"rendered":"<p>[vc_section full_width=\u00a0\u00bbstretch_row\u00a0\u00bb css=\u00a0\u00bb.vc_custom_1646132894883{padding-top: 0px !important;padding-bottom: 0px !important;background-color: #007a85 !important;}\u00a0\u00bb][\/vc_section][vc_section full_width=\u00a0\u00bbstretch_row\u00a0\u00bb css=\u00a0\u00bb.vc_custom_1646304754685{padding-top: 0px !important;padding-bottom: 0px !important;background-color: #ffffff !important;}\u00a0\u00bb][\/vc_section][vc_section full_width=\u00a0\u00bbstretch_row\u00a0\u00bb css=\u00a0\u00bb.vc_custom_1646639876637{padding-top: 0px !important;padding-bottom: 0px !important;background-color: #f7f7f7 !important;}\u00a0\u00bb][\/vc_section]<\/p>\n","protected":false},"author":1,"featured_media":0,"parent":38663,"menu_order":0,"comment_status":"closed","ping_status":"closed","template":"","meta":{"footnotes":""},"class_list":["post-39261","page","type-page","status-publish","hentry"],"aioseo_notices":[],"_links":{"self":[{"href":"https:\/\/www.debem.com\/fr\/wp-json\/wp\/v2\/pages\/39261","targetHints":{"allow":["GET"]}}],"collection":[{"href":"https:\/\/www.debem.com\/fr\/wp-json\/wp\/v2\/pages"}],"about":[{"href":"https:\/\/www.debem.com\/fr\/wp-json\/wp\/v2\/types\/page"}],"author":[{"embeddable":true,"href":"https:\/\/www.debem.com\/fr\/wp-json\/wp\/v2\/users\/1"}],"replies":[{"embeddable":true,"href":"https:\/\/www.debem.com\/fr\/wp-json\/wp\/v2\/comments?post=39261"}],"version-history":[{"count":1,"href":"https:\/\/www.debem.com\/fr\/wp-json\/wp\/v2\/pages\/39261\/revisions"}],"predecessor-version":[{"id":41172,"href":"https:\/\/www.debem.com\/fr\/wp-json\/wp\/v2\/pages\/39261\/revisions\/41172"}],"up":[{"embeddable":true,"href":"https:\/\/www.debem.com\/fr\/wp-json\/wp\/v2\/pages\/38663"}],"wp:attachment":[{"href":"https:\/\/www.debem.com\/fr\/wp-json\/wp\/v2\/media?parent=39261"}],"curies":[{"name":"wp","href":"https:\/\/api.w.org\/{rel}","templated":true}]}}