{"id":39104,"date":"2022-03-21T15:01:19","date_gmt":"2022-03-21T15:01:19","guid":{"rendered":"https:\/\/www.debem.com\/?page_id=39104"},"modified":"2022-03-28T09:09:55","modified_gmt":"2022-03-28T09:09:55","slug":"compatibilite-chimique","status":"publish","type":"page","link":"https:\/\/www.debem.com\/fr\/compatibilite-chimique\/","title":{"rendered":"Compatibilit\u00e9 chimique"},"content":{"rendered":"<section class=\"vc_row wpb_row vc_row-fluid  vc_custom_1639142734921 wow fadeIn vc_row-has-fill pofo-row-responsive-69f2b8a677c5a\"><div class=\"wpb_column vc_column_container vc_col-sm-12  col-xs-mobile-fullwidth\"><div class=\"vc_column-inner \"><div class=\"wpb_wrapper\">[vc_raw_html el_class=\u00a0\u00bbsgBreadcrumb\u00a0\u00bb]JTVCYWlvc2VvX2JyZWFkY3J1bWJzJTVE[\/vc_raw_html]<div class=\"vc_row wpb_row vc_inner vc_row-fluid\"><div class=\"wpb_column vc_column_container vc_col-sm-2  col-xs-mobile-fullwidth\"><div class=\"vc_column-inner \"><div class=\"wpb_wrapper\"><\/div><\/div><\/div><div class=\"wpb_column vc_column_container vc_col-sm-8  col-xs-mobile-fullwidth text-center md-text-center sm-text-left xs-text-left pofo-column-responsive-69f2b8a677f5e\"><div class=\"vc_column-inner vc_custom_1646321981959\"><div class=\"wpb_wrapper\"><span class=\"text-extra-dark-gray margin-20px-bottom font-weight-600 display-block alt-font text-uppercase heading-style2  vc_custom_1647874760656  heading-1\"  style=\"font-size: 15px; line-height: 22px; font-weight: 400; color: #007a85;\" data-fontsize=\"15px\" data-lineheight=\"22px\">Ressources<\/span><h1 class=\"text-extra-dark-gray margin-20px-bottom font-weight-600 display-inline-block alt-font  pofo_font_1647874749018 heading-style2  heading-2\"  style=\"font-size: 36px; line-height: 40px; font-weight: 600;\" data-fontsize=\"36px\" data-lineheight=\"40px\">Compatibilit\u00e9 chimique<\/h1><div class=\"text-medium line-height-28  vc_custom_1647874775552 last-paragraph-no-margin pofo-text-block-responsive-69f2b8a6780ad\" style=\"width: 100%;\"><p>Le type de fluide, la temp\u00e9rature et le domaine d\u2019emploi sont les facteurs qui ont une importance dans le choix des mat\u00e9riaux de la pompe et pour sa compatibilit\u00e9 chimique. Nous fournissons \u00e0 titre d\u2019exemple le tableau ci-dessous.<\/p>\n<\/div><\/div><\/div><\/div><div class=\"wpb_column vc_column_container vc_col-sm-2  col-xs-mobile-fullwidth\"><div class=\"vc_column-inner \"><div class=\"wpb_wrapper\"><\/div><\/div><\/div><\/div><div class=\"vc_row wpb_row vc_inner vc_row-fluid  vc_custom_1646743900962 vc_row-has-fill pofo-inner-row-responsive-69f2b8a67816e\"><div class=\"wpb_column vc_column_container vc_col-sm-12  col-xs-mobile-fullwidth text-left md-text-left sm-text-left xs-text-left pofo-column-responsive-69f2b8a67824f\"><div class=\"vc_column-inner vc_custom_1646322479709\"><div class=\"wpb_wrapper\"><h2 class=\"text-extra-dark-gray margin-20px-bottom font-weight-600 display-inline-block alt-font heading-style2  heading-3\"  style=\"font-size: 24px; line-height: 24px; font-weight: 600; color: #007a85;\" data-fontsize=\"24px\" data-lineheight=\"24px\">Compatibilit\u00e9 chimique<\/h2><div class=\"text-medium line-height-28  vc_custom_1647874793742 last-paragraph-no-margin pofo-text-block-responsive-69f2b8a678308\" style=\"width: 100%;\"><p>Utilisez les menus d\u00e9roulants ci-dessous pour s\u00e9lectionner une substance chimique et un mat\u00e9riau de combinaison.<\/p>\n<\/div><\/div><\/div><\/div><div class=\"wpb_column vc_column_container vc_col-sm-12  col-xs-mobile-fullwidth\"><div class=\"vc_column-inner vc_custom_1646323884034\"><div class=\"wpb_wrapper\">\n<div class=\"wpcf7 no-js\" id=\"wpcf7-f39106-o1\" lang=\"fr-FR\" dir=\"ltr\" data-wpcf7-id=\"39106\">\n<div class=\"screen-reader-response\"><p role=\"status\" aria-live=\"polite\" aria-atomic=\"true\"><\/p> <ul><\/ul><\/div>\n<form action=\"\/fr\/wp-json\/wp\/v2\/pages\/39104#wpcf7-f39106-o1\" method=\"post\" class=\"wpcf7-form init\" aria-label=\"Formulaire de contact\" novalidate=\"novalidate\" data-status=\"init\">\n<fieldset class=\"hidden-fields-container\"><input type=\"hidden\" name=\"_wpcf7\" value=\"39106\" \/><input type=\"hidden\" name=\"_wpcf7_version\" value=\"6.1.5\" \/><input type=\"hidden\" name=\"_wpcf7_locale\" value=\"fr_FR\" \/><input type=\"hidden\" name=\"_wpcf7_unit_tag\" value=\"wpcf7-f39106-o1\" \/><input type=\"hidden\" name=\"_wpcf7_container_post\" value=\"0\" \/><input type=\"hidden\" name=\"_wpcf7_posted_data_hash\" value=\"\" \/><input type=\"hidden\" name=\"_wpcf7_recaptcha_response\" value=\"\" \/>\n<\/fieldset>\n<div class=\"row\">\n\t<div class=\"col-md-4\">\n\t\t<label>Substance<\/label>\n\t\t<span class=\"wpcf7-form-control-wrap\" data-name=\"comp-substance\"><select class=\"wpcf7-form-control wpcf7-select input-bg\" id=\"comp-substance\" aria-invalid=\"false\" name=\"comp-substance\"><option value=\"\">&#8212;Veuillez choisir une option&#8212;<\/option><\/select><\/span>\n\t<\/div>\n\t<div class=\"col-md-4\">\n\t\t<label>Mat\u00e9riel<\/label>\n\t\t<span class=\"wpcf7-form-control-wrap\" data-name=\"comp-material\"><select class=\"wpcf7-form-control wpcf7-select input-bg\" id=\"comp-material\" aria-invalid=\"false\" name=\"comp-material\"><option value=\"\">&#8212;Veuillez choisir une option&#8212;<\/option><\/select><\/span>\n\t<\/div>\n\t<div class=\"col-md-4\">\n\t\t<label class=\"color-white vc_hidden-xs\">&nbsp;<\/label><br class=\"vc_hidden-xs\"><input class=\"wpcf7-form-control wpcf7-submit has-spinner btn btn-small border-radius-0 btn-yellow\" id=\"comp-submit\" type=\"submit\" value=\"Analyser\" \/>\n\t<\/div>\n<\/div><div class=\"wpcf7-response-output\" aria-hidden=\"true\"><\/div>\n<\/form>\n<\/div>\n<\/div><\/div><\/div><div id=\"chemCompResult\" class=\"wpb_column vc_column_container vc_col-has-fill vc_col-sm-6  col-xs-mobile-fullwidth\"><div class=\"vc_column-inner vc_custom_1646323217445\"><div class=\"wpb_wrapper\"><div class=\"text-medium line-height-28  vc_custom_1647874800166 last-paragraph-no-margin pofo-text-block-responsive-69f2b8a679090\" style=\"width: 100%;\"><p>Effectuez une analyse entre une substance chimique et un mat\u00e9riau de combinaison pour v\u00e9rifier la compatibilit\u00e9.<\/p>\n<\/div><\/div><\/div><\/div><div class=\"wpb_column vc_column_container vc_col-sm-6  col-xs-mobile-fullwidth pofo-column-responsive-69f2b8a6790f7\"><div class=\"vc_column-inner vc_custom_1646323089936\"><div class=\"wpb_wrapper\"><div class=\"text-medium line-height-28  vc_custom_1647874857167 last-paragraph-no-margin pofo-text-block-responsive-69f2b8a67917c\" style=\"width: 100%;\"><ul class=\"legenda-list\">\n<li class=\"a\">A &#8211; Excellente<\/li>\n<li class=\"b\">B &#8211; Bonne<\/li>\n<li class=\"c\">C &#8211; Assez<\/li>\n<li class=\"d\">D &#8211; M\u00e9diocre (non conseill\u00e9)<\/li>\n<li class=\"n\">N\/A &#8211; Information non disponible<\/li>\n<\/ul>\n<div class=\"bottom-text\">1 = Satisfaisant jusqu\u2019\u00e0 22 \u00b0C (72 \u00b0F)<\/div>\n<div class=\"bottom-text\">2 = Satisfaisant jusqu\u2019\u00e0 48\u00b0C (120 \u00b0F)<\/div>\n<\/div><\/div><\/div><\/div><div class=\"wpb_column vc_column_container vc_col-sm-12  col-xs-mobile-fullwidth\"><div class=\"vc_column-inner vc_custom_1646322516967\"><div class=\"wpb_wrapper\"><div class=\"text-medium line-height-28  vc_custom_1647874876117 last-paragraph-no-margin pofo-text-block-responsive-69f2b8a679275\" style=\"width: 100%;\"><p>Pour plus d\u2019informations,<strong>\u00a0veuillez contacter le service technique DEBEM.<\/strong>\u00a0Nos informations proviennent de sources v\u00e9rifi\u00e9es. Aucun contr\u00f4le n\u2019a \u00e9t\u00e9 effectu\u00e9 de la part de DEBEM, qui ne saurait donc \u00eatre tenue responsable sur l\u2019exactitude des informations.<\/p>\n<p>Le tableau se r\u00e9f\u00e8re \u00e0 du<strong>\u00a0polypropyl\u00e8ne et du PVDF<\/strong>\u00a0purs, nos mati\u00e8res plastiques pr\u00e9sentent des pourcentages de verre et de carbone qui peuvent avoir une influence sur la compatibilit\u00e9 chimique de la pompe. L\u2019utilisateur reste le meilleur connaisseur de la compatibilit\u00e9 chimique de son produit.<\/p>\n<p><strong>AVERTISSEMENT<\/strong><\/p>\n<p>Les informations de ce tableau ont \u00e9t\u00e9 fournies \u00e0 Debem et proviennent de sources v\u00e9rifi\u00e9es. Elles doivent \u00eatre utilis\u00e9es exclusivement comme guide de s\u00e9lection des mat\u00e9riaux pour les parties de la pompe en contact avec le fluide, telles que : Structure pompe et collecteurs, membranes, billes, si\u00e8ges de billes, joints toriques. Les \u00e9valuations du comportement chimique indiqu\u00e9es dans ce tableau correspondent \u00e0 une dur\u00e9e de 48 heures d\u2019exposition. Debem n\u2019a pas connaissance des effets possibles au-del\u00e0 de cette dur\u00e9e. Debem ne garantit pas (ni express\u00e9ment ni explicitement) que les informations contenues dans ce tableau sont exactes et compl\u00e8tes et que tous les mat\u00e9riaux sont adapt\u00e9s aux diff\u00e9rents buts.<\/p>\n<p><strong>DANGER<\/strong><\/p>\n<p>Des variations dans le comportement chimique lors de la manipulation \u00e0 cause de facteurs tels que la temp\u00e9rature, la pression et les concentrations peuvent causer des probl\u00e8mes \u00e0 la pompe. Utiliser des protections appropri\u00e9es ou des \u00e9quipements de protection individuelle lorsque vous installez la pompe sur le circuit ou lorsque vous devez effectuer une op\u00e9ration de maintenance. La lecture du manuel d\u2019utilisation et d\u2019entretien est obligatoire avant d\u2019effectuer des op\u00e9rations sur la pompe.<\/p>\n<p>Toutes les informations fournies dans ce tableau DEBEM sont \u00e0 titre indicatif seulement. Elles sont fournies sur la base d\u2019une connaissance g\u00e9n\u00e9rale de l\u2019\u00e9tat de la technique actuel et ne constituent aucunement un engagement ou une garantie de la part de Debem.<\/p>\n<p>Les mises \u00e0 jour continuelles sont in\u00e9vitables, m\u00eame de la part des fabricants des mati\u00e8res premi\u00e8res.<\/p>\n<p>D\u2019\u00e9ventuelles modifications des fluides ou des conditions d\u2019exercice sp\u00e9cifiques peuvent avoir une incidence significative sur la r\u00e9sistance des mat\u00e9riaux.<\/p>\n<p>L\u2019utilisateur est, dans tous les cas, le meilleur connaisseur du fluide et des conditions de pompage. En cas de doute, il est conseill\u00e9 d\u2019effectuer des tests sur les conditions de fonctionnement effectives.<\/p>\n<\/div><\/div><\/div><\/div><\/div><\/div><\/div><\/div><\/section><section data-vc-full-width=\"true\" data-vc-full-width-init=\"false\" class=\"vc_row wpb_row vc_row-fluid  vc_custom_1646311525750 cover-background wow fadeIn vc_row-has-fill pofo-stretch-content pofo-stretch-row-container pofo-row-responsive-69f2b8a679333\"><div class=\"wpb_column vc_column_container vc_col-sm-12 vc_col-md-12 col-xs-mobile-fullwidth text-center\"><div class=\"vc_column-inner \"><div class=\"wpb_wrapper\"><span class=\"text-extra-large margin-25px-bottom vertical-align-middle sm-width-100 display-inline-block alt-font heading-style3  vc_custom_1647875531663 pofo-button-responsive-69f2b8a6794a3  heading-4\"  style=\"color: #ffffff;\">Souhaitez-vous recevoir des informations ? Contactez-nous!<\/span><a  href=\"\/fr\/contacts\/\" target=\"_self\" class=\"btn pofo-button-1 button-style2  btn-white  btn-medium   vc_custom_1647875546203 pofo-button-responsive-69f2b8a6794e6\"  style=\"color:#007a85; \">CONTACTEZ-NOUS!<\/a><\/div><\/div><\/div><\/section><div class=\"vc_row-full-width vc_clearfix\"><\/div>\n","protected":false},"excerpt":{"rendered":"[vc_raw_html el_class=\"sgBreadcrumb\"]JTVCYWlvc2VvX2JyZWFkY3J1bWJzJTVE[\/vc_raw_html]RessourcesCompatibilit\u00e9 chimiqueLe type de fluide, la temp\u00e9rature et le domaine d\u2019emploi sont les facteurs qui ont une importance dans le choix des mat\u00e9riaux de la pompe et pour sa compatibilit\u00e9 chimique. Nous fournissons \u00e0 titre d\u2019exemple le tableau ci-dessous. Compatibilit\u00e9 chimiqueUtilisez les menus d\u00e9roulants ci-dessous pour s\u00e9lectionner une substance chimique et un mat\u00e9riau de combinaison. Substance &#8212;Veuillez choisir une option&#8212; Mat\u00e9riel &#8212;Veuillez choisir une option&#8212; &nbsp; Effectuez une analyse entre une substance chimique et un mat\u00e9riau de combinaison pour v\u00e9rifier la compatibilit\u00e9. A - Excellente B - Bonne C - Assez D - M\u00e9diocre (non conseill\u00e9) N\/A - Information non disponible 1 = Satisfaisant jusqu\u2019\u00e0 22 \u00b0C (72 \u00b0F) 2 = Satisfaisant jusqu\u2019\u00e0 48\u00b0C (120 \u00b0F) Pour plus d\u2019informations,\u00a0veuillez contacter le service technique DEBEM.\u00a0Nos informations proviennent de sources v\u00e9rifi\u00e9es. Aucun contr\u00f4le n\u2019a \u00e9t\u00e9 effectu\u00e9 de la part de DEBEM, qui ne saurait donc \u00eatre tenue responsable sur l\u2019exactitude des informations. Le tableau se r\u00e9f\u00e8re \u00e0 du\u00a0polypropyl\u00e8ne et du PVDF\u00a0purs, nos mati\u00e8res plastiques pr\u00e9sentent des pourcentages de verre et de carbone qui peuvent avoir une influence sur la compatibilit\u00e9 chimique de la pompe. L\u2019utilisateur reste le meilleur connaisseur de la compatibilit\u00e9 chimique de son produit. AVERTISSEMENT Les informations de ce...","protected":false},"author":1,"featured_media":0,"parent":0,"menu_order":0,"comment_status":"closed","ping_status":"closed","template":"","meta":{"footnotes":""},"class_list":["post-39104","page","type-page","status-publish","hentry"],"aioseo_notices":[],"_links":{"self":[{"href":"https:\/\/www.debem.com\/fr\/wp-json\/wp\/v2\/pages\/39104","targetHints":{"allow":["GET"]}}],"collection":[{"href":"https:\/\/www.debem.com\/fr\/wp-json\/wp\/v2\/pages"}],"about":[{"href":"https:\/\/www.debem.com\/fr\/wp-json\/wp\/v2\/types\/page"}],"author":[{"embeddable":true,"href":"https:\/\/www.debem.com\/fr\/wp-json\/wp\/v2\/users\/1"}],"replies":[{"embeddable":true,"href":"https:\/\/www.debem.com\/fr\/wp-json\/wp\/v2\/comments?post=39104"}],"version-history":[{"count":6,"href":"https:\/\/www.debem.com\/fr\/wp-json\/wp\/v2\/pages\/39104\/revisions"}],"predecessor-version":[{"id":42292,"href":"https:\/\/www.debem.com\/fr\/wp-json\/wp\/v2\/pages\/39104\/revisions\/42292"}],"wp:attachment":[{"href":"https:\/\/www.debem.com\/fr\/wp-json\/wp\/v2\/media?parent=39104"}],"curies":[{"name":"wp","href":"https:\/\/api.w.org\/{rel}","templated":true}]}}