{"id":38708,"date":"2022-03-21T12:14:37","date_gmt":"2022-03-21T12:14:37","guid":{"rendered":"https:\/\/www.debem.com\/?page_id=38708"},"modified":"2025-11-24T08:09:55","modified_gmt":"2025-11-24T08:09:55","slug":"agitateurs-et-peristaltiques","status":"publish","type":"page","link":"https:\/\/www.debem.com\/fr\/produits\/agitateurs-et-peristaltiques\/","title":{"rendered":"Agitateurs et p\u00e9ristaltiques"},"content":{"rendered":"<section class=\"vc_row wpb_row vc_row-fluid  vc_custom_1646061389347 wow fadeIn vc_row-has-fill pofo-row-responsive-69f44c8c3cf6d\"><div class=\"wpb_column vc_column_container vc_col-sm-12  col-xs-mobile-fullwidth\"><div class=\"vc_column-inner \"><div class=\"wpb_wrapper\">[vc_raw_html el_class=\u00a0\u00bbsgBreadcrumb\u00a0\u00bb]JTVCYWlvc2VvX2JyZWFkY3J1bWJzJTVE[\/vc_raw_html]<\/div><\/div><\/div><\/section><section class=\"vc_row wpb_row vc_row-fluid  vc_custom_1646586044934 wow none vc_row-has-fill vc_row-o-equal-height vc_row-o-content-middle vc_row-flex pofo-row-responsive-69f44c8c3d0bf\"><div class=\"wpb_column vc_column_container vc_col-sm-6  col-xs-mobile-fullwidth text-left md-text-left sm-text-left xs-text-left pofo-column-responsive-69f44c8c3d18e\"><div class=\"vc_column-inner vc_custom_1646062313450\"><div class=\"wpb_wrapper\"><span class=\"text-extra-dark-gray margin-20px-bottom font-weight-600 display-block alt-font text-uppercase heading-style2  vc_custom_1647864777238  heading-1\"  style=\"font-size: 15px; line-height: 22px; font-weight: 400; color: #007a85;\" data-fontsize=\"15px\" data-lineheight=\"22px\">PRODUITS<\/span><h1 class=\"text-extra-dark-gray margin-20px-bottom font-weight-600 display-inline-block alt-font  pofo_font_1647864770334 heading-style2  heading-2\"  style=\"font-size: 36px; line-height: 40px; font-weight: 600;\" data-fontsize=\"36px\" data-lineheight=\"40px\">Agitateurs et p\u00e9ristaltiques<\/h1><div class=\"text-medium line-height-28  vc_custom_1647864793993 last-paragraph-no-margin pofo-text-block-responsive-69f44c8c3d2d7\" style=\"width: 100%;\"><p>Les <strong>agitateurs<\/strong> immerg\u00e9s, tr\u00e8s compacts et con\u00e7us pour une large gamme d\u2019applications, peuvent \u00eatre utilis\u00e9s ind\u00e9pendamment de la forme et des dimensions de la cuve ou du bassin.<br \/>\nLe fonctionnement des <strong>pompes p\u00e9ristaltiques<\/strong> d\u00e9pend d\u2019une \u00abpression de coulissement\u00bb qui agit sur un tuyau flexible et qui est exerc\u00e9e par certains rouleaux qui tournent en parall\u00e8le autour d\u2019un axe, support\u00e9s par un porte-rouleaux.<\/p>\n<\/div><div class=\"vc_row wpb_row vc_inner vc_row-fluid\"><div class=\"wpb_column vc_column_container vc_col-sm-5 vc_col-xs-6\"><div class=\"vc_column-inner \"><div class=\"wpb_wrapper\"><a  href=\"#contactprodotti\" class=\"btn pofo-button-1 section-link button-style1  btn-dark-gray  btn-medium   vc_custom_1647864803456 pofo-button-responsive-69f44c8c3d495\"  style=\"color:#ffffff;  border-color:#007a85; \">PLUS D\u2019INFORMATION<\/a><\/div><\/div><\/div><div class=\"wpb_column vc_column_container vc_col-sm-5 vc_col-md-4 vc_col-xs-6\"><div class=\"vc_column-inner \"><div class=\"wpb_wrapper\"><a  href=\"#dettagliprodotti\" class=\"btn pofo-button-2 section-link button-style1  btn-dark-gray  btn-medium   vc_custom_1647864812550\"  style=\"color:#ffffff;  border-color:#f8c21c; \">LIRE LA SUITE<\/a><\/div><\/div><\/div><div class=\"wpb_column vc_column_container vc_col-sm-1 vc_hidden-sm vc_hidden-xs col-xs-mobile-fullwidth\"><div class=\"vc_column-inner \"><div class=\"wpb_wrapper\"><\/div><\/div><\/div><\/div><\/div><\/div><\/div><div class=\"wpb_column vc_column_container vc_col-sm-6  col-xs-mobile-fullwidth pofo-column-responsive-69f44c8c3d5ee\"><div class=\"vc_column-inner vc_custom_1646062320440\"><div class=\"wpb_wrapper\">[vc_single_image image=\u00a0\u00bb33244&Prime; img_size=\u00a0\u00bbfull\u00a0\u00bb]<\/div><\/div><\/div><\/section>[vc_section full_width=\u00a0\u00bbstretch_row\u00a0\u00bb css=\u00a0\u00bb.vc_custom_1646566673677{padding-top: 0px !important;padding-bottom: 0px !important;background-color: #f7f7f7 !important;}\u00a0\u00bb]<section id=\"contactprodotti\" class=\"vc_row wpb_row vc_row-fluid  vc_custom_1646566791665 wow fadeIn vc_row-has-fill pofo-row-responsive-69f44c8c3d67b\"><div class=\"wpb_column vc_column_container vc_col-sm-12  col-xs-mobile-fullwidth\"><div class=\"vc_column-inner \"><div class=\"wpb_wrapper\"><div class=\"vc_row wpb_row vc_inner vc_row-fluid\"><div class=\"wpb_column vc_column_container vc_col-sm-12 vc_col-lg-3 vc_col-md-3 vc_hidden-sm col-xs-mobile-fullwidth\"><div class=\"vc_column-inner \"><div class=\"wpb_wrapper\"><\/div><\/div><\/div><div class=\"wpb_column vc_column_container vc_col-sm-12 vc_col-lg-6 vc_col-md-6 col-xs-mobile-fullwidth text-center md-text-center sm-text-left xs-text-left\"><div class=\"vc_column-inner vc_custom_1646059839106\"><div class=\"wpb_wrapper\"><span class=\"text-extra-dark-gray margin-20px-bottom font-weight-600 display-block alt-font heading-style2  vc_custom_1647864819776  heading-3\"  style=\"font-size: 15px; line-height: 22px; font-weight: 400; color: #007a85;\" data-fontsize=\"15px\" data-lineheight=\"22px\">CONTACTS<\/span><h2 class=\"text-medium-gray text-small margin-5px-bottom alt-font  pofo_font_1647864825498 heading-style4 pofo-button-responsive-69f44c8c3d9be  heading-4\"  style=\"font-size: 28px; line-height: 32px; font-weight: 600; color: #000000;\" data-fontsize=\"28px\" data-lineheight=\"32px\">Demander des informations<\/h2><\/div><\/div><\/div><div class=\"wpb_column vc_column_container vc_col-sm-12 vc_col-lg-3 vc_col-md-3 vc_hidden-sm col-xs-mobile-fullwidth\"><div class=\"vc_column-inner \"><div class=\"wpb_wrapper\"><\/div><\/div><\/div><div class=\"wpb_column vc_column_container vc_col-sm-12  col-xs-mobile-fullwidth\"><div class=\"vc_column-inner \"><div class=\"wpb_wrapper\">\n<div class=\"wpcf7 no-js\" id=\"wpcf7-f39435-o1\" lang=\"fr-FR\" dir=\"ltr\" data-wpcf7-id=\"39435\">\n<div class=\"screen-reader-response\"><p role=\"status\" aria-live=\"polite\" aria-atomic=\"true\"><\/p> <ul><\/ul><\/div>\n<form action=\"\/fr\/wp-json\/wp\/v2\/pages\/38708#wpcf7-f39435-o1\" method=\"post\" class=\"wpcf7-form init\" aria-label=\"Formulaire de contact\" novalidate=\"novalidate\" data-status=\"init\">\n<fieldset class=\"hidden-fields-container\"><input type=\"hidden\" name=\"_wpcf7\" value=\"39435\" \/><input type=\"hidden\" name=\"_wpcf7_version\" value=\"6.1.5\" \/><input type=\"hidden\" name=\"_wpcf7_locale\" value=\"fr_FR\" \/><input type=\"hidden\" name=\"_wpcf7_unit_tag\" value=\"wpcf7-f39435-o1\" \/><input type=\"hidden\" name=\"_wpcf7_container_post\" value=\"0\" \/><input type=\"hidden\" name=\"_wpcf7_posted_data_hash\" value=\"\" \/><input type=\"hidden\" name=\"_wpcf7_recaptcha_response\" value=\"\" \/>\n<\/fieldset>\n<div class=\"row\">\n\t<div class=\"col-md-4\">\n\t\t<span class=\"wpcf7-form-control-wrap\" data-name=\"nome\"><input size=\"40\" maxlength=\"400\" class=\"wpcf7-form-control wpcf7-text wpcf7-validates-as-required big-input\" aria-required=\"true\" aria-invalid=\"false\" placeholder=\"Pr\u00e9nom *\" value=\"\" type=\"text\" name=\"nome\" \/><\/span>\n\t<\/div>\n\t<div class=\"col-md-4\">\n\t\t<span class=\"wpcf7-form-control-wrap\" data-name=\"cognome\"><input size=\"40\" maxlength=\"400\" class=\"wpcf7-form-control wpcf7-text wpcf7-validates-as-required big-input\" aria-required=\"true\" aria-invalid=\"false\" placeholder=\"Nom *\" value=\"\" type=\"text\" name=\"cognome\" \/><\/span>\n\t<\/div>\n\t<div class=\"col-md-4\">\n\t\t<span class=\"wpcf7-form-control-wrap\" data-name=\"azienda\"><input size=\"40\" maxlength=\"400\" class=\"wpcf7-form-control wpcf7-text wpcf7-validates-as-required big-input\" aria-required=\"true\" aria-invalid=\"false\" placeholder=\"Entreprise *\" value=\"\" type=\"text\" name=\"azienda\" \/><\/span>\n\t<\/div>\n\t<div class=\"col-md-4\">\n\t\t<span class=\"wpcf7-form-control-wrap\" data-name=\"provincia\"><input size=\"40\" maxlength=\"400\" class=\"wpcf7-form-control wpcf7-text wpcf7-validates-as-required big-input\" aria-required=\"true\" aria-invalid=\"false\" placeholder=\"Pays *\" value=\"\" type=\"text\" name=\"provincia\" \/><\/span>\n\t<\/div>\n\t<div class=\"col-md-4\">\n\t\t<span class=\"wpcf7-form-control-wrap\" data-name=\"telefono\"><input size=\"40\" maxlength=\"400\" class=\"wpcf7-form-control wpcf7-text big-input\" aria-invalid=\"false\" placeholder=\"T\u00e9l\u00e9phone\" value=\"\" type=\"text\" name=\"telefono\" \/><\/span>\n\t<\/div>\n\t<div class=\"col-md-4\">\n\t\t<span class=\"wpcf7-form-control-wrap\" data-name=\"email\"><input size=\"40\" maxlength=\"400\" class=\"wpcf7-form-control wpcf7-email wpcf7-validates-as-required wpcf7-text wpcf7-validates-as-email big-input\" aria-required=\"true\" aria-invalid=\"false\" placeholder=\"E-mail *\" value=\"\" type=\"email\" name=\"email\" \/><\/span>\n\t<\/div>\n\t<div class=\"col-md-12\">\n\t\t<span class=\"wpcf7-form-control-wrap\" data-name=\"messaggio\"><textarea cols=\"40\" rows=\"3\" maxlength=\"2000\" class=\"wpcf7-form-control wpcf7-textarea xs-margin-20px-bottom big-textarea\" aria-invalid=\"false\" placeholder=\"Votre question\" name=\"messaggio\"><\/textarea><\/span>\n\t<\/div>\n\t<div class=\"col-md-12\">\n\t\t<span class=\"wpcf7-form-control-wrap\" data-name=\"opt-in\"><span class=\"wpcf7-form-control wpcf7-acceptance optional\"><span class=\"wpcf7-list-item\"><label><input type=\"checkbox\" name=\"opt-in\" value=\"1\" aria-invalid=\"false\" \/><span class=\"wpcf7-list-item-label\">Je souhaite m\u2019inscrire \u00e0 la newsletter<\/span><\/label><\/span><\/span><\/span><br\/>\n\t\t<span class=\"wpcf7-form-control-wrap\" data-name=\"contact-privacy\"><span class=\"wpcf7-form-control wpcf7-acceptance\"><span class=\"wpcf7-list-item\"><label><input type=\"checkbox\" name=\"contact-privacy\" value=\"1\" aria-invalid=\"false\" \/><span class=\"wpcf7-list-item-label\">J'accepte votre <a href=\"https:\/\/www.iubenda.com\/privacy-policy\/60472155\/legal\" target=\"_blank\">Politique de Confidentialit\u00e9<\/a><\/span><\/label><\/span><\/span><\/span><br\/>\n\t\t<span class=\"wpcf7-form-control-wrap\" data-name=\"contact-cookie\"><span class=\"wpcf7-form-control wpcf7-acceptance\"><span class=\"wpcf7-list-item\"><label><input type=\"checkbox\" name=\"contact-cookie\" value=\"1\" aria-invalid=\"false\" \/><span class=\"wpcf7-list-item-label\">J'accepte votre <a href=\"https:\/\/www.iubenda.com\/privacy-policy\/60472155\/cookie-policy\" target=\"_blank\">Politique des Cookie<\/a><\/span><\/label><\/span><\/span><\/span>\n\t<\/div>\n\t<div class=\"col-md-12\" style=\"margin-top:20px;\">\n\t\t<input class=\"wpcf7-form-control wpcf7-submit has-spinner btn pofo-button-70 button-style1 btn-dark-gray btn-small\" type=\"submit\" value=\"Envoyer\" \/>\n\t<\/div>\n<\/div>\n<input class=\"wpcf7-form-control wpcf7-hidden\" value=\"\" type=\"hidden\" name=\"utm_source\" \/>\n<input class=\"wpcf7-form-control wpcf7-hidden\" value=\"\" type=\"hidden\" name=\"utm_medium\" \/>\n<input class=\"wpcf7-form-control wpcf7-hidden\" value=\"\" type=\"hidden\" name=\"utm_campaign\" \/><div class=\"wpcf7-response-output\" aria-hidden=\"true\"><\/div>\n<\/form>\n<\/div>\n<\/div><\/div><\/div><\/div><\/div><\/div><\/div><\/section>[\/vc_section]<section id=\"dettagliprodotti\" data-vc-full-width=\"true\" data-vc-full-width-init=\"false\" class=\"vc_row wpb_row vc_row-fluid  vc_custom_1646668043163 wow fadeIn vc_row-has-fill pofo-stretch-content pofo-stretch-row-container vc_row-o-equal-height vc_row-o-content-middle vc_row-flex\"><div class=\"wpb_column vc_column_container position-relative vc_col-sm-12 vc_col-md-6 vc_col-xs-12 wow none pofo-column-responsive-69f44c8c3eb22\"><div class=\"vc_column-inner cover-background vc_custom_1646135263004\"><div class=\"wpb_wrapper\"><div id=\"pofo-image-slider-1\" class=\"swiper-container height-100 width-100 white-move swiper-container-horizontal pofo-image-style7 pofo-image-slider-1  pofo-slider7 pofo-slider7-1\" data-slider-options=\"{&quot;keyboard&quot;:true,&quot;slidesPerView&quot;:1,&quot;loop&quot;:true,&quot;autoplay&quot;:{&quot;delay&quot;:3000,&quot;disableOnInteraction&quot;:false},&quot;effect&quot;:&quot;fade&quot;,&quot;fadeEffect&quot;:{&quot;crossFade&quot;:true}}\"><div class=\"swiper-wrapper\"><div class=\"swiper-slide\" data-swiper-slide-index=\"0\"><div class=\"container-fluid no-padding\"><div class=\"col-lg-12 no-padding text-center\"><img loading=\"lazy\" decoding=\"async\" src=\"https:\/\/www.debem.com\/wp-content\/uploads\/2022\/04\/PompePeristaltiche-MV.png\" class=\"width-100\" width=\"881\" height=\"771\" alt=\"\" srcset=\"https:\/\/www.debem.com\/wp-content\/uploads\/2022\/04\/PompePeristaltiche-MV.png 881w, https:\/\/www.debem.com\/wp-content\/uploads\/2022\/04\/PompePeristaltiche-MV-300x263.png 300w, https:\/\/www.debem.com\/wp-content\/uploads\/2022\/04\/PompePeristaltiche-MV-768x672.png 768w, https:\/\/www.debem.com\/wp-content\/uploads\/2022\/04\/PompePeristaltiche-MV-120x105.png 120w, https:\/\/www.debem.com\/wp-content\/uploads\/2022\/04\/PompePeristaltiche-MV-81x71.png 81w\" sizes=\"auto, (max-width: 881px) 100vw, 881px\"\/><\/div><\/div><\/div><div class=\"swiper-slide\" data-swiper-slide-index=\"0\"><div class=\"container-fluid no-padding\"><div class=\"col-lg-12 no-padding text-center\"><img loading=\"lazy\" decoding=\"async\" src=\"https:\/\/www.debem.com\/wp-content\/uploads\/2022\/04\/PompePeristaltiche-MP-9.png\" class=\"width-100\" width=\"881\" height=\"771\" alt=\"\" srcset=\"https:\/\/www.debem.com\/wp-content\/uploads\/2022\/04\/PompePeristaltiche-MP-9.png 881w, https:\/\/www.debem.com\/wp-content\/uploads\/2022\/04\/PompePeristaltiche-MP-9-300x263.png 300w, https:\/\/www.debem.com\/wp-content\/uploads\/2022\/04\/PompePeristaltiche-MP-9-768x672.png 768w, https:\/\/www.debem.com\/wp-content\/uploads\/2022\/04\/PompePeristaltiche-MP-9-120x105.png 120w, https:\/\/www.debem.com\/wp-content\/uploads\/2022\/04\/PompePeristaltiche-MP-9-81x71.png 81w\" sizes=\"auto, (max-width: 881px) 100vw, 881px\"\/><\/div><\/div><\/div><div class=\"swiper-slide\" data-swiper-slide-index=\"0\"><div class=\"container-fluid no-padding\"><div class=\"col-lg-12 no-padding text-center\"><img loading=\"lazy\" decoding=\"async\" src=\"https:\/\/www.debem.com\/wp-content\/uploads\/2022\/04\/PompePeristaltiche-MP.png\" class=\"width-100\" width=\"881\" height=\"771\" alt=\"\" srcset=\"https:\/\/www.debem.com\/wp-content\/uploads\/2022\/04\/PompePeristaltiche-MP.png 881w, https:\/\/www.debem.com\/wp-content\/uploads\/2022\/04\/PompePeristaltiche-MP-300x263.png 300w, https:\/\/www.debem.com\/wp-content\/uploads\/2022\/04\/PompePeristaltiche-MP-768x672.png 768w, https:\/\/www.debem.com\/wp-content\/uploads\/2022\/04\/PompePeristaltiche-MP-120x105.png 120w, https:\/\/www.debem.com\/wp-content\/uploads\/2022\/04\/PompePeristaltiche-MP-81x71.png 81w\" sizes=\"auto, (max-width: 881px) 100vw, 881px\"\/><\/div><\/div><\/div><div class=\"swiper-slide\" data-swiper-slide-index=\"0\"><div class=\"container-fluid no-padding\"><div class=\"col-lg-12 no-padding text-center\"><img loading=\"lazy\" decoding=\"async\" src=\"https:\/\/www.debem.com\/wp-content\/uploads\/2022\/04\/PompePeristaltiche-1.png\" class=\"width-100\" width=\"881\" height=\"771\" alt=\"\" srcset=\"https:\/\/www.debem.com\/wp-content\/uploads\/2022\/04\/PompePeristaltiche-1.png 881w, https:\/\/www.debem.com\/wp-content\/uploads\/2022\/04\/PompePeristaltiche-1-300x263.png 300w, https:\/\/www.debem.com\/wp-content\/uploads\/2022\/04\/PompePeristaltiche-1-768x672.png 768w, https:\/\/www.debem.com\/wp-content\/uploads\/2022\/04\/PompePeristaltiche-1-120x105.png 120w, https:\/\/www.debem.com\/wp-content\/uploads\/2022\/04\/PompePeristaltiche-1-81x71.png 81w\" sizes=\"auto, (max-width: 881px) 100vw, 881px\"\/><\/div><\/div><\/div><\/div><\/div><\/div><\/div><\/div><div class=\"wpb_column vc_column_container vc_col-sm-12 vc_col-md-6 vc_col-xs-12 wow none sm-text-left xs-text-left\"><div class=\"vc_column-inner vc_custom_1646135328448\"><div class=\"wpb_wrapper\"><div class=\"vc_row wpb_row vc_inner vc_row-fluid  vc_custom_1646651239453 pofo-inner-row-responsive-69f44c8c3f6f8\"><div class=\"wpb_column vc_column_container vc_col-sm-12  col-xs-mobile-fullwidth\"><div class=\"vc_column-inner \"><div class=\"wpb_wrapper\"><span class=\"text-extra-dark-gray margin-20px-bottom font-weight-600 display-block alt-font text-uppercase heading-style2  vc_custom_1647864834541  heading-5\"  style=\"font-size: 15px; line-height: 22px; font-weight: 400; color: #007a85;\" data-fontsize=\"15px\" data-lineheight=\"22px\">CARACT\u00c9RISTIQUES TECHNIQUES<\/span><h2 class=\"text-medium-gray text-small margin-5px-bottom alt-font  pofo_font_1647864841054 heading-style4  vc_custom_1647864841054 pofo-button-responsive-69f44c8c3f89d  heading-6\"  style=\"font-size: 28px; line-height: 32px; font-weight: 600; color: #000000;\" data-fontsize=\"28px\" data-lineheight=\"32px\">Agitateurs et p\u00e9ristaltiques<\/h2><div class=\"text-medium line-height-28  vc_custom_1647864857466 last-paragraph-no-margin\"><p>Les domaines d\u2019application des <strong>agitateurs<\/strong> immerg\u00e9ssont multiples: stations d\u2019\u00e9puration des eaux us\u00e9es, installations de biogaz, productions d\u2019aliments liquides, v\u00e9hicules de transport et bien plus. Les <strong>pompes p\u00e9ristaltiques<\/strong> sont id\u00e9ales dans le secteur du traitement des eaux, l\u2019industrie chimique, alimentaire et cosm\u00e9tique, mini\u00e8re, dans les industries c\u00e9ramiques et les constructions, ou encore les industries du papier.<\/p>\n<\/div><\/div><\/div><\/div><\/div><\/div><\/div><\/div><\/section><div class=\"vc_row-full-width vc_clearfix\"><\/div><section data-vc-full-width=\"true\" data-vc-full-width-init=\"false\" data-vc-stretch-content=\"true\" class=\"vc_row wpb_row vc_row-fluid  vc_custom_1763970359222 cover-background wow fadeIn pofo-stretch-content vc_row-o-equal-height vc_row-flex pofo-row-responsive-69f44c8c3f945\"><div class=\"wpb_column vc_column_container vc_col-has-fill vc_col-sm-6 vc_col-md-6 col-xs-mobile-fullwidth text-left md-text-left sm-text-left xs-text-left\"><div class=\"vc_column-inner vc_custom_1762877739939\"><div class=\"wpb_wrapper\"><span class=\"text-extra-dark-gray margin-20px-bottom font-weight-600 display-inline-block alt-font text-uppercase heading-style2  vc_custom_1763969961523  heading-7\"  style=\"font-size: 14px; line-height: 22px; font-weight: 500; color: #ffffff;\" data-fontsize=\"14px\" data-lineheight=\"22px\">Ligne industrielle<\/span><span class=\"text-extra-large margin-25px-bottom vertical-align-middle sm-width-100 display-block alt-font  pofo_font_1763969978124 heading-style3  vc_custom_1763969978124 pofo-button-responsive-69f44c8c3fae7  heading-8\"  style=\"font-size: 27px; line-height: 37px; color: #ffffff;\" data-fontsize=\"27px\" data-lineheight=\"37px\">Voudriez-vous recevoir des informations?<\/span><span class=\"text-extra-large margin-25px-bottom vertical-align-middle sm-width-100 display-block alt-font  pofo_font_1763970160255 heading-style3  vc_custom_1763970160255 pofo-button-responsive-69f44c8c3fb20  heading-9\"  style=\"font-size: 22px; line-height: 32px; color: #ffffff;\" data-fontsize=\"22px\" data-lineheight=\"32px\">Veuillez nous contacter!<\/span><a  href=\"https:\/\/www.debem.com\/fr\/contacts\/\" target=\"_self\" class=\"btn pofo-button-3 button-style2  btn-white  btn-medium   vc_custom_1763970134578 pofo-button-responsive-69f44c8c3fb58\"  style=\"color:#ffffff;  border-color:#f8c21c; \">Contactez-nous!<\/a><\/div><\/div><\/div><div class=\"wpb_column vc_column_container vc_col-has-fill vc_col-sm-6  col-xs-mobile-fullwidth text-left md-text-left sm-text-left xs-text-left\"><div class=\"vc_column-inner vc_custom_1762877728477\"><div class=\"wpb_wrapper\"><span class=\"text-extra-dark-gray margin-20px-bottom font-weight-600 display-inline-block alt-font text-uppercase heading-style2  vc_custom_1763970177331  heading-10\"  style=\"font-size: 14px; line-height: 22px; font-weight: 500; color: #ffffff;\" data-fontsize=\"14px\" data-lineheight=\"22px\">Ligne Hygienic<\/span><span class=\"text-extra-large margin-25px-bottom vertical-align-middle sm-width-100 display-block alt-font  pofo_font_1763970203101 heading-style3  vc_custom_1763970203101  heading-11\"  style=\"font-size: 27px; line-height: 37px; color: #ffffff;\" data-fontsize=\"27px\" data-lineheight=\"37px\">\u00cates-vous \u00e0 la recherche de solutions adapt\u00e9es aux applications hygi\u00e9niques?<\/span><span class=\"text-extra-large margin-25px-bottom vertical-align-middle sm-width-100 display-block alt-font  pofo_font_1763970243334 heading-style3  vc_custom_1763970243334 pofo-button-responsive-69f44c8c3fc6b  heading-12\"  style=\"font-size: 22px; line-height: 32px; color: #ffffff;\" data-fontsize=\"22px\" data-lineheight=\"32px\">D\u00e9couvrez d\u00e8s maintenant notre ligne Hygienic!<\/span><a  href=\"https:\/\/sani.debem.com\/fr\/\" target=\"_self\" class=\"btn pofo-button-4 button-style2  btn-white  btn-medium   vc_custom_1763971793145 pofo-button-responsive-69f44c8c3fca3\"  style=\"color:#0069a5;  border-color:#0069a5; \">D\u00e9couvre<\/a><\/div><\/div><\/div><\/section><div class=\"vc_row-full-width vc_clearfix\"><\/div>\n","protected":false},"excerpt":{"rendered":"<p>[vc_section full_width=\u00a0\u00bbstretch_row\u00a0\u00bb css=\u00a0\u00bb.vc_custom_1646566673677{padding-top: 0px !important;padding-bottom: 0px !important;background-color: #f7f7f7 !important;}\u00a0\u00bb][\/vc_section]<\/p>\n","protected":false},"author":1,"featured_media":0,"parent":38486,"menu_order":0,"comment_status":"closed","ping_status":"closed","template":"","meta":{"footnotes":""},"class_list":["post-38708","page","type-page","status-publish","hentry"],"aioseo_notices":[],"_links":{"self":[{"href":"https:\/\/www.debem.com\/fr\/wp-json\/wp\/v2\/pages\/38708","targetHints":{"allow":["GET"]}}],"collection":[{"href":"https:\/\/www.debem.com\/fr\/wp-json\/wp\/v2\/pages"}],"about":[{"href":"https:\/\/www.debem.com\/fr\/wp-json\/wp\/v2\/types\/page"}],"author":[{"embeddable":true,"href":"https:\/\/www.debem.com\/fr\/wp-json\/wp\/v2\/users\/1"}],"replies":[{"embeddable":true,"href":"https:\/\/www.debem.com\/fr\/wp-json\/wp\/v2\/comments?post=38708"}],"version-history":[{"count":5,"href":"https:\/\/www.debem.com\/fr\/wp-json\/wp\/v2\/pages\/38708\/revisions"}],"predecessor-version":[{"id":52512,"href":"https:\/\/www.debem.com\/fr\/wp-json\/wp\/v2\/pages\/38708\/revisions\/52512"}],"up":[{"embeddable":true,"href":"https:\/\/www.debem.com\/fr\/wp-json\/wp\/v2\/pages\/38486"}],"wp:attachment":[{"href":"https:\/\/www.debem.com\/fr\/wp-json\/wp\/v2\/media?parent=38708"}],"curies":[{"name":"wp","href":"https:\/\/api.w.org\/{rel}","templated":true}]}}