{"id":38613,"date":"2022-03-21T11:35:14","date_gmt":"2022-03-21T11:35:14","guid":{"rendered":"https:\/\/www.debem.com\/?page_id=38613"},"modified":"2022-03-24T10:17:51","modified_gmt":"2022-03-24T10:17:51","slug":"catalogues","status":"publish","type":"page","link":"https:\/\/www.debem.com\/fr\/ressources\/catalogues\/","title":{"rendered":"Catalogues"},"content":{"rendered":"<section class=\"vc_row wpb_row vc_row-fluid  vc_custom_1639142734921 wow fadeIn vc_row-has-fill pofo-row-responsive-69f30580a6311\"><div class=\"wpb_column vc_column_container vc_col-sm-12  col-xs-mobile-fullwidth\"><div class=\"vc_column-inner \"><div class=\"wpb_wrapper\">[vc_raw_html el_class=\u00a0\u00bbsgBreadcrumb\u00a0\u00bb]JTVCYWlvc2VvX2JyZWFkY3J1bWJzJTVE[\/vc_raw_html]<div class=\"vc_row wpb_row vc_inner vc_row-fluid  vc_custom_1646316816622 pofo-inner-row-responsive-69f30580a64be\"><div class=\"wpb_column vc_column_container vc_col-lg-3 vc_col-md-3 vc_hidden-sm col-xs-mobile-fullwidth\"><div class=\"vc_column-inner \"><div class=\"wpb_wrapper\"><\/div><\/div><\/div><div class=\"wpb_column vc_column_container vc_col-lg-6 vc_col-md-6 col-xs-mobile-fullwidth text-center md-text-center sm-text-left xs-text-left\"><div class=\"vc_column-inner vc_custom_1646317380130\"><div class=\"wpb_wrapper\"><span class=\"text-extra-dark-gray margin-20px-bottom font-weight-600 display-block alt-font text-uppercase heading-style2  vc_custom_1647862294833  heading-1\"  style=\"font-size: 15px; line-height: 22px; font-weight: 400; color: #007a85;\" data-fontsize=\"15px\" data-lineheight=\"22px\">Ressources<\/span><h1 class=\"text-extra-dark-gray margin-20px-bottom font-weight-600 display-inline-block alt-font  pofo_font_1647862446565 heading-style2  heading-2\"  style=\"font-size: 36px; line-height: 40px; font-weight: 600;\" data-fontsize=\"36px\" data-lineheight=\"40px\">Catalogues<\/h1><div class=\"last-paragraph-no-margin\"><p>Sur cette page, il est possible de t\u00e9l\u00e9charger nos catalogues produits et les sections d\u00e9di\u00e9es aux familles de pompes Debem, qui illustrent chaque type de pompes de notre gamme de production.<\/p>\n<\/div><\/div><\/div><\/div><div class=\"wpb_column vc_column_container vc_col-lg-3 vc_col-md-3 vc_hidden-sm col-xs-mobile-fullwidth\"><div class=\"vc_column-inner \"><div class=\"wpb_wrapper\"><\/div><\/div><\/div><div class=\"wpb_column vc_column_container vc_col-sm-12  col-xs-mobile-fullwidth\"><div class=\"vc_column-inner \"><div class=\"wpb_wrapper\">[vc_raw_html]JTVCd3BkbV9jYXRlZ29yeSUyMGlkJTNEJTIyY2F0YWxvZ2hpJTIyJTIwdG9vbGJhciUzRCUyMjElMjIlMjBpdGVtX3Blcl9wYWdlJTNEJTIyMTAwJTIyJTIwdG9vbGJhciUzRCUyMjAlMjIlMjBwYWdpbmclM0QlMjIwJTIyJTIwdGVtcGxhdGUlM0QlMjJzb3VsZ29vZCUyMiUyMG9yZGVyJTNEJTIyYXNjJTIyJTVE[\/vc_raw_html]<\/div><\/div><\/div><\/div><\/div><\/div><\/div><\/section><section data-vc-full-width=\"true\" data-vc-full-width-init=\"false\" class=\"vc_row wpb_row vc_row-fluid  vc_custom_1646311525750 cover-background wow fadeIn vc_row-has-fill pofo-stretch-content pofo-stretch-row-container pofo-row-responsive-69f30580a682d\"><div class=\"wpb_column vc_column_container vc_col-sm-12 vc_col-md-12 col-xs-mobile-fullwidth text-center\"><div class=\"vc_column-inner \"><div class=\"wpb_wrapper\"><span class=\"text-extra-large margin-25px-bottom vertical-align-middle sm-width-100 display-inline-block alt-font heading-style3  vc_custom_1647862043563 pofo-button-responsive-69f30580a699f  heading-3\"  style=\"color: #ffffff;\">Souhaitez-vous recevoir des informations ? Contactez-nous!<\/span><a  href=\"\/fr\/contacts\/\" target=\"_blank\" class=\"btn pofo-button-1 button-style2  btn-white  btn-medium   vc_custom_1647862124723 pofo-button-responsive-69f30580a69e3\"  style=\"color:#007a85; \">CONTACTEZ-NOUS!<\/a><\/div><\/div><\/div><\/section><div class=\"vc_row-full-width vc_clearfix\"><\/div>\n","protected":false},"excerpt":{"rendered":"[vc_raw_html el_class=\"sgBreadcrumb\"]JTVCYWlvc2VvX2JyZWFkY3J1bWJzJTVE[\/vc_raw_html]RessourcesCataloguesSur cette page, il est possible de t\u00e9l\u00e9charger nos catalogues produits et les sections d\u00e9di\u00e9es aux familles de pompes Debem, qui illustrent chaque type de pompes de notre gamme de production. [vc_raw_html]JTVCd3BkbV9jYXRlZ29yeSUyMGlkJTNEJTIyY2F0YWxvZ2hpJTIyJTIwdG9vbGJhciUzRCUyMjElMjIlMjBpdGVtX3Blcl9wYWdlJTNEJTIyMTAwJTIyJTIwdG9vbGJhciUzRCUyMjAlMjIlMjBwYWdpbmclM0QlMjIwJTIyJTIwdGVtcGxhdGUlM0QlMjJzb3VsZ29vZCUyMiUyMG9yZGVyJTNEJTIyYXNjJTIyJTVE[\/vc_raw_html]Souhaitez-vous recevoir des informations ? Contactez-nous!CONTACTEZ-NOUS!","protected":false},"author":1,"featured_media":0,"parent":38581,"menu_order":0,"comment_status":"closed","ping_status":"closed","template":"","meta":{"footnotes":""},"class_list":["post-38613","page","type-page","status-publish","hentry"],"aioseo_notices":[],"_links":{"self":[{"href":"https:\/\/www.debem.com\/fr\/wp-json\/wp\/v2\/pages\/38613","targetHints":{"allow":["GET"]}}],"collection":[{"href":"https:\/\/www.debem.com\/fr\/wp-json\/wp\/v2\/pages"}],"about":[{"href":"https:\/\/www.debem.com\/fr\/wp-json\/wp\/v2\/types\/page"}],"author":[{"embeddable":true,"href":"https:\/\/www.debem.com\/fr\/wp-json\/wp\/v2\/users\/1"}],"replies":[{"embeddable":true,"href":"https:\/\/www.debem.com\/fr\/wp-json\/wp\/v2\/comments?post=38613"}],"version-history":[{"count":4,"href":"https:\/\/www.debem.com\/fr\/wp-json\/wp\/v2\/pages\/38613\/revisions"}],"predecessor-version":[{"id":41903,"href":"https:\/\/www.debem.com\/fr\/wp-json\/wp\/v2\/pages\/38613\/revisions\/41903"}],"up":[{"embeddable":true,"href":"https:\/\/www.debem.com\/fr\/wp-json\/wp\/v2\/pages\/38581"}],"wp:attachment":[{"href":"https:\/\/www.debem.com\/fr\/wp-json\/wp\/v2\/media?parent=38613"}],"curies":[{"name":"wp","href":"https:\/\/api.w.org\/{rel}","templated":true}]}}