{"id":38599,"date":"2022-03-21T11:37:31","date_gmt":"2022-03-21T11:37:31","guid":{"rendered":"https:\/\/www.debem.com\/?page_id=38599"},"modified":"2023-05-24T11:43:51","modified_gmt":"2023-05-24T11:43:51","slug":"cubic-fiche-technique","status":"publish","type":"page","link":"https:\/\/www.debem.com\/fr\/ressources\/cubic-fiche-technique\/","title":{"rendered":"Cubic Fiche Technique"},"content":{"rendered":"<section class=\"vc_row wpb_row vc_row-fluid  vc_custom_1639142734921 wow fadeIn vc_row-has-fill pofo-row-responsive-69f1318833fa4\"><div class=\"wpb_column vc_column_container vc_col-sm-12  col-xs-mobile-fullwidth\"><div class=\"vc_column-inner \"><div class=\"wpb_wrapper\">[vc_raw_html el_class=\u00a0\u00bbsgBreadcrumb\u00a0\u00bb]JTVCYWlvc2VvX2JyZWFkY3J1bWJzJTVE[\/vc_raw_html]<div class=\"vc_row wpb_row vc_inner vc_row-fluid  vc_custom_1646316812392 pofo-inner-row-responsive-69f13188340bd\"><div class=\"wpb_column vc_column_container vc_col-lg-3 vc_col-md-3 vc_hidden-sm col-xs-mobile-fullwidth\"><div class=\"vc_column-inner \"><div class=\"wpb_wrapper\"><\/div><\/div><\/div><div class=\"wpb_column vc_column_container vc_col-lg-6 vc_col-md-6 col-xs-mobile-fullwidth text-center md-text-center sm-text-left xs-text-left\"><div class=\"vc_column-inner vc_custom_1646316004716\"><div class=\"wpb_wrapper\"><span class=\"text-extra-dark-gray margin-20px-bottom font-weight-600 display-block alt-font text-uppercase heading-style2  vc_custom_1647862254526  heading-1\"  style=\"font-size: 15px; line-height: 22px; font-weight: 400; color: #007a85;\" data-fontsize=\"15px\" data-lineheight=\"22px\">Ressources<\/span><h1 class=\"text-extra-dark-gray margin-20px-bottom font-weight-600 display-inline-block alt-font  pofo_font_1647862368942 heading-style2  heading-2\"  style=\"font-size: 36px; line-height: 40px; font-weight: 600;\" data-fontsize=\"36px\" data-lineheight=\"40px\">Cubic Fiche Technique<\/h1><div class=\"last-paragraph-no-margin\"><p>Sur cette page vous pouvez t\u00e9l\u00e9charger les fiches techniques des pompes industrielles Debem de la s\u00e9rie Cubic.<\/p>\n<\/div><\/div><\/div><\/div><div class=\"wpb_column vc_column_container vc_col-lg-3 vc_col-md-3 vc_hidden-sm col-xs-mobile-fullwidth\"><div class=\"vc_column-inner \"><div class=\"wpb_wrapper\"><\/div><\/div><\/div><div class=\"wpb_column vc_column_container vc_col-sm-12  col-xs-mobile-fullwidth\"><div class=\"vc_column-inner \"><div class=\"wpb_wrapper\">[vc_raw_html]JTVCd3BkbV9jYXRlZ29yeSUyMGlkJTNEJTIyc2NoZWRlLXRlY25pY2hlLWN1YmljJTIyJTIwaXRlbXNfcGVyX3BhZ2UlM0QlMjIxMDAlMjIlMjB0b29sYmFyJTNEJTIyMCUyMiUyMHRlbXBsYXRlJTNEJTIyc291bGdvb2QlMjIlMjBvcmRlcmJ5JTNEJTIydGl0bGUlMjIlMjBvcmRlciUzRCUyMkFTQyUyMiU1RA==[\/vc_raw_html]<\/div><\/div><\/div><\/div><\/div><\/div><\/div><\/section><section data-vc-full-width=\"true\" data-vc-full-width-init=\"false\" class=\"vc_row wpb_row vc_row-fluid  vc_custom_1646311525750 cover-background wow fadeIn vc_row-has-fill pofo-stretch-content pofo-stretch-row-container pofo-row-responsive-69f131883437e\"><div class=\"wpb_column vc_column_container vc_col-sm-12 vc_col-md-12 col-xs-mobile-fullwidth text-center\"><div class=\"vc_column-inner \"><div class=\"wpb_wrapper\"><span class=\"text-extra-large margin-25px-bottom vertical-align-middle sm-width-100 display-inline-block alt-font heading-style3  vc_custom_1647862011162 pofo-button-responsive-69f1318834473  heading-3\"  style=\"color: #ffffff;\">Souhaitez-vous recevoir des informations ? Contactez-nous!<\/span><a  href=\"\/fr\/contacts\/\" target=\"_blank\" class=\"btn pofo-button-1 button-style2  btn-white  btn-medium   vc_custom_1647862119658 pofo-button-responsive-69f13188344b1\"  style=\"color:#007a85; \">CONTACTEZ-NOUS!<\/a><\/div><\/div><\/div><\/section><div class=\"vc_row-full-width vc_clearfix\"><\/div>\n","protected":false},"excerpt":{"rendered":"[vc_raw_html el_class=\"sgBreadcrumb\"]JTVCYWlvc2VvX2JyZWFkY3J1bWJzJTVE[\/vc_raw_html]RessourcesCubic Fiche TechniqueSur cette page vous pouvez t\u00e9l\u00e9charger les fiches techniques des pompes industrielles Debem de la s\u00e9rie Cubic. [vc_raw_html]JTVCd3BkbV9jYXRlZ29yeSUyMGlkJTNEJTIyc2NoZWRlLXRlY25pY2hlLWN1YmljJTIyJTIwaXRlbXNfcGVyX3BhZ2UlM0QlMjIxMDAlMjIlMjB0b29sYmFyJTNEJTIyMCUyMiUyMHRlbXBsYXRlJTNEJTIyc291bGdvb2QlMjIlMjBvcmRlcmJ5JTNEJTIydGl0bGUlMjIlMjBvcmRlciUzRCUyMkFTQyUyMiU1RA==[\/vc_raw_html]Souhaitez-vous recevoir des informations ? Contactez-nous!CONTACTEZ-NOUS!","protected":false},"author":1,"featured_media":0,"parent":38581,"menu_order":0,"comment_status":"closed","ping_status":"closed","template":"","meta":{"footnotes":""},"class_list":["post-38599","page","type-page","status-publish","hentry"],"aioseo_notices":[],"_links":{"self":[{"href":"https:\/\/www.debem.com\/fr\/wp-json\/wp\/v2\/pages\/38599","targetHints":{"allow":["GET"]}}],"collection":[{"href":"https:\/\/www.debem.com\/fr\/wp-json\/wp\/v2\/pages"}],"about":[{"href":"https:\/\/www.debem.com\/fr\/wp-json\/wp\/v2\/types\/page"}],"author":[{"embeddable":true,"href":"https:\/\/www.debem.com\/fr\/wp-json\/wp\/v2\/users\/1"}],"replies":[{"embeddable":true,"href":"https:\/\/www.debem.com\/fr\/wp-json\/wp\/v2\/comments?post=38599"}],"version-history":[{"count":6,"href":"https:\/\/www.debem.com\/fr\/wp-json\/wp\/v2\/pages\/38599\/revisions"}],"predecessor-version":[{"id":45900,"href":"https:\/\/www.debem.com\/fr\/wp-json\/wp\/v2\/pages\/38599\/revisions\/45900"}],"up":[{"embeddable":true,"href":"https:\/\/www.debem.com\/fr\/wp-json\/wp\/v2\/pages\/38581"}],"wp:attachment":[{"href":"https:\/\/www.debem.com\/fr\/wp-json\/wp\/v2\/media?parent=38599"}],"curies":[{"name":"wp","href":"https:\/\/api.w.org\/{rel}","templated":true}]}}