{"id":38581,"date":"2022-03-21T11:34:31","date_gmt":"2022-03-21T11:34:31","guid":{"rendered":"https:\/\/www.debem.com\/?page_id=38581"},"modified":"2025-06-12T14:22:34","modified_gmt":"2025-06-12T14:22:34","slug":"ressources","status":"publish","type":"page","link":"https:\/\/www.debem.com\/fr\/ressources\/","title":{"rendered":"Ressources"},"content":{"rendered":"<section class=\"vc_row wpb_row vc_row-fluid  vc_custom_1639142734921 wow fadeIn vc_row-has-fill pofo-row-responsive-69f2f712e048b\"><div class=\"wpb_column vc_column_container vc_col-sm-12  col-xs-mobile-fullwidth\"><div class=\"vc_column-inner \"><div class=\"wpb_wrapper\">[vc_raw_html el_class=\u00a0\u00bbsgBreadcrumb\u00a0\u00bb]JTVCYWlvc2VvX2JyZWFkY3J1bWJzJTVE[\/vc_raw_html]<div class=\"vc_row wpb_row vc_inner vc_row-fluid\"><div class=\"wpb_column vc_column_container vc_col-lg-3 vc_col-md-3 vc_hidden-sm col-xs-mobile-fullwidth\"><div class=\"vc_column-inner \"><div class=\"wpb_wrapper\"><\/div><\/div><\/div><div class=\"wpb_column vc_column_container vc_col-lg-6 vc_col-md-6 col-xs-mobile-fullwidth text-center md-text-center sm-text-left xs-text-left\"><div class=\"vc_column-inner vc_custom_1636126277557\"><div class=\"wpb_wrapper\"><span class=\"text-extra-dark-gray margin-20px-bottom font-weight-600 display-block alt-font text-uppercase heading-style2  vc_custom_1647862236344  heading-1\"  style=\"font-size: 15px; line-height: 22px; font-weight: 400; color: #007a85;\" data-fontsize=\"15px\" data-lineheight=\"22px\">Ressources<\/span><h1 class=\"text-extra-dark-gray margin-20px-bottom font-weight-600 display-inline-block alt-font  pofo_font_1647862321741 heading-style2  heading-2\"  style=\"font-size: 36px; line-height: 40px; font-weight: 600;\" data-fontsize=\"36px\" data-lineheight=\"40px\">T\u00e9l\u00e9chargement<\/h1><div class=\"text-medium line-height-28  vc_custom_1647861746912 last-paragraph-no-margin pofo-text-block-responsive-69f2f712e083a\" style=\"width: 100%;\"><p>Sur ces pages de T\u00c9L\u00c9CHARGEMENT, il est possible de t\u00e9l\u00e9charger, en plus des catalogues de produits, les manuels de toutes nos pompes et leurs fiches techniques, les consignes de montage et notre profil d\u2019entreprise.<\/p>\n<\/div><\/div><\/div><\/div><div class=\"wpb_column vc_column_container vc_col-lg-3 vc_col-md-3 vc_hidden-sm col-xs-mobile-fullwidth\"><div class=\"vc_column-inner \"><div class=\"wpb_wrapper\"><\/div><\/div><\/div><\/div><\/div><\/div><\/div><\/section><section data-vc-full-width=\"true\" data-vc-full-width-init=\"false\" class=\"vc_row wpb_row vc_row-fluid  vc_custom_1639142760264 vc_row-has-fill pofo-stretch-content pofo-stretch-row-container\"><div class=\"wpb_column vc_column_container vc_col-sm-6  col-xs-mobile-fullwidth pofo-column-responsive-69f2f712e09bf\"><div class=\"vc_column-inner vc_custom_1639142744023\"><div class=\"wpb_wrapper\"><div class=\"text-medium-gray text-small margin-5px-bottom alt-font text-uppercase heading-style4  vc_custom_1647861765065  heading-3\"  style=\"font-size: 18px; line-height: 20px; font-weight: 500; color: #007a85;\" data-fontsize=\"18px\" data-lineheight=\"20px\">Fiches Techniques<\/div><div class=\"text-medium line-height-28 last-paragraph-no-margin\"><p>Sur cette page, il est possible de t\u00e9l\u00e9charger les fiches techniques de toutes les pompes industrielles Debem.<\/p>\n<\/div><\/div><\/div><\/div><div class=\"wpb_column vc_column_container vc_col-sm-6  col-xs-mobile-fullwidth\"><div class=\"vc_column-inner \"><div class=\"wpb_wrapper\"><div class=\"vc_row wpb_row vc_inner vc_row-fluid\"><div class=\"wpb_column vc_column_container vc_col-sm-4 vc_hidden-lg vc_hidden-md vc_hidden-sm vc_col-xs-6 vc_hidden-xs\"><div class=\"vc_column-inner vc_custom_1749738155088\"><div class=\"wpb_wrapper\"><div class=\"featurebox21 pofo-featurebox featurebox21-1\" ><div class=\"display-inline-block margin-25px-bottom sm-margin-15px-bottom xs-margin-10px-bottom\"><i class=\"link-icon display-block icon-notebook icon-medium\"><\/i><\/div><span class=\"text-extra-dark-gray display-inline-block width-100 text-small font-weight-600 alt-font margin-5px-bottom\" style=\"font-size: 14px;\" data-fontsize=\"14px\">FICHES TECHNIQUES<\/span><div class=\"xs-margin-10px-bottom center-col last-paragraph-no-margin\"><p>Fullflow<\/p>\n<\/div><a class=\"pofo-info-link margin-15px-top xs-no-margin-top display-inline-block text-deep-pink text-small\" target=\"_self\" href=\"https:\/\/www.debem.com\/fr\/ressources\/fullflow-fiche-technique\/\">Entrez<\/a><\/div><\/div><\/div><\/div><div class=\"wpb_column vc_column_container vc_col-sm-4 vc_col-xs-6\"><div class=\"vc_column-inner vc_custom_1639142246935\"><div class=\"wpb_wrapper\"><div class=\"featurebox21 pofo-featurebox featurebox21-2\" ><div class=\"display-inline-block margin-25px-bottom sm-margin-15px-bottom xs-margin-10px-bottom\"><i class=\"link-icon display-block icon-notebook icon-medium\"><\/i><\/div><span class=\"text-extra-dark-gray display-inline-block width-100 text-small font-weight-600 alt-font margin-5px-bottom\" style=\"font-size: 14px;\" data-fontsize=\"14px\">FICHES TECHNIQUES<\/span><div class=\"xs-margin-10px-bottom center-col last-paragraph-no-margin\"><p>KM<\/p>\n<\/div><a class=\"pofo-info-link margin-15px-top xs-no-margin-top display-inline-block text-deep-pink text-small\" target=\"_self\" href=\"https:\/\/www.debem.com\/fr\/ressources\/km-fiche-technique\/\">Entrez<\/a><\/div><\/div><\/div><\/div><div class=\"wpb_column vc_column_container vc_col-sm-4 vc_col-xs-6\"><div class=\"vc_column-inner vc_custom_1639142251706\"><div class=\"wpb_wrapper\"><div class=\"featurebox21 pofo-featurebox featurebox21-3\" ><div class=\"display-inline-block margin-25px-bottom sm-margin-15px-bottom xs-margin-10px-bottom\"><i class=\"link-icon display-block icon-notebook icon-medium\"><\/i><\/div><span class=\"text-extra-dark-gray display-inline-block width-100 text-small font-weight-600 alt-font margin-5px-bottom\" style=\"font-size: 14px;\" data-fontsize=\"14px\">FICHES TECHNIQUES<\/span><div class=\"xs-margin-10px-bottom center-col last-paragraph-no-margin\"><p>Cubic<\/p>\n<\/div><a class=\"pofo-info-link margin-15px-top xs-no-margin-top display-inline-block text-deep-pink text-small\" target=\"_self\" href=\"https:\/\/www.debem.com\/fr\/ressources\/cubic-fiche-technique\/\">Entrez<\/a><\/div><\/div><\/div><\/div><div class=\"wpb_column vc_column_container vc_col-sm-4 vc_col-xs-6\"><div class=\"vc_column-inner vc_custom_1646311761206\"><div class=\"wpb_wrapper\"><div class=\"featurebox21 pofo-featurebox featurebox21-4\" ><div class=\"display-inline-block margin-25px-bottom sm-margin-15px-bottom xs-margin-10px-bottom\"><i class=\"link-icon display-block icon-notebook icon-medium\"><\/i><\/div><span class=\"text-extra-dark-gray display-inline-block width-100 text-small font-weight-600 alt-font margin-5px-bottom\" style=\"font-size: 14px;\" data-fontsize=\"14px\">FICHES TECHNIQUES<\/span><div class=\"xs-margin-10px-bottom center-col last-paragraph-no-margin\"><p>Boxer<\/p>\n<\/div><a class=\"pofo-info-link margin-15px-top xs-no-margin-top display-inline-block text-deep-pink text-small\" target=\"_self\" href=\"https:\/\/www.debem.com\/fr\/ressources\/boxer-fiche-technique\/\">Entrez<\/a><\/div><\/div><\/div><\/div><div class=\"wpb_column vc_column_container vc_col-sm-4 vc_col-xs-6\"><div class=\"vc_column-inner vc_custom_1639142261911\"><div class=\"wpb_wrapper\"><div class=\"featurebox21 pofo-featurebox featurebox21-5\" ><div class=\"display-inline-block margin-25px-bottom sm-margin-15px-bottom xs-margin-10px-bottom\"><i class=\"link-icon display-block icon-notebook icon-medium\"><\/i><\/div><span class=\"text-extra-dark-gray display-inline-block width-100 text-small font-weight-600 alt-font margin-5px-bottom\" style=\"font-size: 14px;\" data-fontsize=\"14px\">FICHES TECHNIQUES<\/span><div class=\"xs-margin-10px-bottom center-col last-paragraph-no-margin\"><p>Equaflux<\/p>\n<\/div><a class=\"pofo-info-link margin-15px-top xs-no-margin-top display-inline-block text-deep-pink text-small\" target=\"_self\" href=\"https:\/\/www.debem.com\/fr\/ressources\/equaflux-fiche-technique\/\">Entrez<\/a><\/div><\/div><\/div><\/div><div class=\"wpb_column vc_column_container vc_col-sm-4 vc_col-xs-6\"><div class=\"vc_column-inner vc_custom_1639142267105\"><div class=\"wpb_wrapper\"><div class=\"featurebox21 pofo-featurebox featurebox21-6\" ><div class=\"display-inline-block margin-25px-bottom sm-margin-15px-bottom xs-margin-10px-bottom\"><i class=\"link-icon display-block icon-notebook icon-medium\"><\/i><\/div><span class=\"text-extra-dark-gray display-inline-block width-100 text-small font-weight-600 alt-font margin-5px-bottom\" style=\"font-size: 14px;\" data-fontsize=\"14px\">FICHES TECHNIQUES<\/span><div class=\"xs-margin-10px-bottom center-col last-paragraph-no-margin\"><p>DM<\/p>\n<\/div><a class=\"pofo-info-link margin-15px-top xs-no-margin-top display-inline-block text-deep-pink text-small\" target=\"_self\" href=\"https:\/\/www.debem.com\/fr\/ressources\/dm-fiche-technique\/\">Entrez<\/a><\/div><\/div><\/div><\/div><div class=\"wpb_column vc_column_container vc_col-sm-4 vc_col-xs-6\"><div class=\"vc_column-inner vc_custom_1646311768402\"><div class=\"wpb_wrapper\"><div class=\"featurebox21 pofo-featurebox featurebox21-7\" ><div class=\"display-inline-block margin-25px-bottom sm-margin-15px-bottom xs-margin-10px-bottom\"><i class=\"link-icon display-block icon-notebook icon-medium\"><\/i><\/div><span class=\"text-extra-dark-gray display-inline-block width-100 text-small font-weight-600 alt-font margin-5px-bottom\" style=\"font-size: 14px;\" data-fontsize=\"14px\">FICHES TECHNIQUES<\/span><div class=\"xs-margin-10px-bottom center-col last-paragraph-no-margin\"><p>MB<\/p>\n<\/div><a class=\"pofo-info-link margin-15px-top xs-no-margin-top display-inline-block text-deep-pink text-small\" target=\"_self\" href=\"https:\/\/www.debem.com\/fr\/ressources\/mb-fiche-technique\/\">Entrez<\/a><\/div><\/div><\/div><\/div><div class=\"wpb_column vc_column_container vc_col-sm-4 vc_col-xs-6\"><div class=\"vc_column-inner vc_custom_1646311777994\"><div class=\"wpb_wrapper\"><div class=\"featurebox21 pofo-featurebox featurebox21-8\" ><div class=\"display-inline-block margin-25px-bottom sm-margin-15px-bottom xs-margin-10px-bottom\"><i class=\"link-icon display-block icon-notebook icon-medium\"><\/i><\/div><span class=\"text-extra-dark-gray display-inline-block width-100 text-small font-weight-600 alt-font margin-5px-bottom\" style=\"font-size: 14px;\" data-fontsize=\"14px\">FICHES TECHNIQUES<\/span><div class=\"xs-margin-10px-bottom center-col last-paragraph-no-margin\"><p>IM<\/p>\n<\/div><a class=\"pofo-info-link margin-15px-top xs-no-margin-top display-inline-block text-deep-pink text-small\" target=\"_self\" href=\"https:\/\/www.debem.com\/fr\/ressources\/im-fiche-technique\/\">Entrez<\/a><\/div><\/div><\/div><\/div><div class=\"wpb_column vc_column_container vc_col-sm-4 vc_col-xs-6\"><div class=\"vc_column-inner \"><div class=\"wpb_wrapper\"><div class=\"featurebox21 pofo-featurebox featurebox21-9\" ><div class=\"display-inline-block margin-25px-bottom sm-margin-15px-bottom xs-margin-10px-bottom\"><i class=\"link-icon display-block icon-notebook icon-medium\"><\/i><\/div><span class=\"text-extra-dark-gray display-inline-block width-100 text-small font-weight-600 alt-font margin-5px-bottom\" style=\"font-size: 14px;\" data-fontsize=\"14px\">FICHES TECHNIQUES<\/span><div class=\"xs-margin-10px-bottom center-col last-paragraph-no-margin\"><p>Pompes Vide-f\u00fbts<\/p>\n<\/div><a class=\"pofo-info-link margin-15px-top xs-no-margin-top display-inline-block text-deep-pink text-small\" target=\"_self\" href=\"https:\/\/www.debem.com\/fr\/ressources\/pompes-vide-futs-fiche-technique\/\">Entrez<\/a><\/div><\/div><\/div><\/div><\/div><\/div><\/div><\/div><\/section><div class=\"vc_row-full-width vc_clearfix\"><\/div><section class=\"vc_row wpb_row vc_row-fluid  vc_custom_1639142766805 vc_row-has-fill\"><div class=\"wpb_column vc_column_container vc_col-sm-6  col-xs-mobile-fullwidth pofo-column-responsive-69f2f712e1472\"><div class=\"vc_column-inner vc_custom_1639142752455\"><div class=\"wpb_wrapper\"><div class=\"text-medium-gray text-small margin-5px-bottom alt-font text-uppercase heading-style4  vc_custom_1647861794692  heading-4\"  style=\"font-size: 18px; line-height: 20px; font-weight: 500; color: #007a85;\" data-fontsize=\"18px\" data-lineheight=\"20px\">Catalogues<\/div><div class=\"text-medium line-height-28 last-paragraph-no-margin\"><p>Sur cette page, il est possible de t\u00e9l\u00e9charger nos catalogues produits et les sections d\u00e9di\u00e9es aux familles de pompes Debem, qui illustrent chaque type de pompes de notre gamme de production.<\/p>\n<\/div><\/div><\/div><\/div><div class=\"wpb_column vc_column_container vc_col-sm-6  col-xs-mobile-fullwidth\"><div class=\"vc_column-inner \"><div class=\"wpb_wrapper\"><div class=\"vc_row wpb_row vc_inner vc_row-fluid\"><div class=\"wpb_column vc_column_container vc_col-sm-4 vc_col-xs-6\"><div class=\"vc_column-inner vc_custom_1639142241895\"><div class=\"wpb_wrapper\"><div class=\"featurebox21 pofo-featurebox featurebox21-10\" ><div class=\"display-inline-block margin-25px-bottom sm-margin-15px-bottom xs-margin-10px-bottom\"><i class=\"link-icon display-block icon-book-open icon-medium\"><\/i><\/div><span class=\"text-extra-dark-gray display-inline-block width-100 text-small font-weight-600 alt-font margin-5px-bottom\" style=\"font-size: 14px;\" data-fontsize=\"14px\">CATALOGUE<\/span><div class=\"xs-margin-10px-bottom center-col last-paragraph-no-margin\"><p>Catalogue Debem<\/p>\n<\/div><a class=\"pofo-info-link margin-15px-top xs-no-margin-top display-inline-block text-deep-pink text-small\" target=\"_self\" href=\"https:\/\/www.debem.com\/fr\/ressources\/catalogues\/\">Entrez<\/a><\/div><\/div><\/div><\/div><div class=\"wpb_column vc_column_container vc_col-sm-4 vc_col-xs-6\"><div class=\"vc_column-inner vc_custom_1639142246935\"><div class=\"wpb_wrapper\"><\/div><\/div><\/div><div class=\"wpb_column vc_column_container vc_col-sm-4 vc_col-xs-6\"><div class=\"vc_column-inner vc_custom_1639142251706\"><div class=\"wpb_wrapper\"><\/div><\/div><\/div><\/div><\/div><\/div><\/div><\/section><section data-vc-full-width=\"true\" data-vc-full-width-init=\"false\" class=\"vc_row wpb_row vc_row-fluid  vc_custom_1639142760264 vc_row-has-fill pofo-stretch-content pofo-stretch-row-container\"><div class=\"wpb_column vc_column_container vc_col-sm-6  col-xs-mobile-fullwidth pofo-column-responsive-69f2f712e17d4\"><div class=\"vc_column-inner vc_custom_1639142744023\"><div class=\"wpb_wrapper\"><div class=\"text-medium-gray text-small margin-5px-bottom alt-font text-uppercase heading-style4  vc_custom_1647861818492  heading-5\"  style=\"font-size: 18px; line-height: 20px; font-weight: 500; color: #007a85;\" data-fontsize=\"18px\" data-lineheight=\"20px\">Manuels<\/div><div class=\"text-medium line-height-28 last-paragraph-no-margin\"><p>Sur cette page, il est possible de t\u00e9l\u00e9charger nos manuels avec les consignes d\u2019utilisation et de maintenance de toute la gamme de pompes industrielles Debem.<\/p>\n<\/div><\/div><\/div><\/div><div class=\"wpb_column vc_column_container vc_col-sm-6  col-xs-mobile-fullwidth\"><div class=\"vc_column-inner \"><div class=\"wpb_wrapper\"><div class=\"vc_row wpb_row vc_inner vc_row-fluid\"><div class=\"wpb_column vc_column_container vc_col-sm-4 vc_col-xs-6\"><div class=\"vc_column-inner vc_custom_1639142241895\"><div class=\"wpb_wrapper\"><div class=\"featurebox21 pofo-featurebox featurebox21-11\" ><div class=\"display-inline-block margin-25px-bottom sm-margin-15px-bottom xs-margin-10px-bottom\"><i class=\"link-icon display-block ti-bookmark-alt icon-medium\"><\/i><\/div><span class=\"text-extra-dark-gray display-inline-block width-100 text-small font-weight-600 alt-font margin-5px-bottom\" style=\"font-size: 14px;\" data-fontsize=\"14px\">MANUEL<\/span><div class=\"xs-margin-10px-bottom center-col last-paragraph-no-margin\"><p>Manuels Debem<\/p>\n<\/div><a class=\"pofo-info-link margin-15px-top xs-no-margin-top display-inline-block text-deep-pink text-small\" target=\"_self\" href=\"https:\/\/www.debem.com\/fr\/ressources\/manuels\/\">Entrez<\/a><\/div><\/div><\/div><\/div><div class=\"wpb_column vc_column_container vc_col-sm-4 vc_col-xs-6\"><div class=\"vc_column-inner vc_custom_1639142246935\"><div class=\"wpb_wrapper\"><\/div><\/div><\/div><div class=\"wpb_column vc_column_container vc_col-sm-4 vc_col-xs-6\"><div class=\"vc_column-inner vc_custom_1639142251706\"><div class=\"wpb_wrapper\"><\/div><\/div><\/div><\/div><\/div><\/div><\/div><\/section><div class=\"vc_row-full-width vc_clearfix\"><\/div><section data-vc-full-width=\"true\" data-vc-full-width-init=\"false\" class=\"vc_row wpb_row vc_row-fluid  vc_custom_1646311525750 cover-background wow fadeIn vc_row-has-fill pofo-stretch-content pofo-stretch-row-container pofo-row-responsive-69f2f712e1af0\"><div class=\"wpb_column vc_column_container vc_col-sm-12 vc_col-md-12 col-xs-mobile-fullwidth text-center\"><div class=\"vc_column-inner \"><div class=\"wpb_wrapper\"><span class=\"text-extra-large margin-25px-bottom vertical-align-middle sm-width-100 display-inline-block alt-font heading-style3  vc_custom_1647861999143 pofo-button-responsive-69f2f712e1c4f  heading-6\"  style=\"color: #ffffff;\">Souhaitez-vous recevoir des informations ? Contactez-nous!<\/span><a  href=\"\/fr\/contacts\/\" target=\"_self\" class=\"btn pofo-button-1 button-style2  btn-white  btn-medium   vc_custom_1647862117541 pofo-button-responsive-69f2f712e1c90\"  style=\"color:#007a85; \">CONTACTEZ-NOUS!<\/a><\/div><\/div><\/div><\/section><div class=\"vc_row-full-width vc_clearfix\"><\/div>\n","protected":false},"excerpt":{"rendered":"[vc_raw_html el_class=\"sgBreadcrumb\"]JTVCYWlvc2VvX2JyZWFkY3J1bWJzJTVE[\/vc_raw_html]RessourcesT\u00e9l\u00e9chargementSur ces pages de T\u00c9L\u00c9CHARGEMENT, il est possible de t\u00e9l\u00e9charger, en plus des catalogues de produits, les manuels de toutes nos pompes et leurs fiches techniques, les consignes de montage et notre profil d\u2019entreprise. Fiches TechniquesSur cette page, il est possible de t\u00e9l\u00e9charger les fiches techniques de toutes les pompes industrielles Debem. FICHES TECHNIQUESFullflow EntrezFICHES TECHNIQUESKM EntrezFICHES TECHNIQUESCubic EntrezFICHES TECHNIQUESBoxer EntrezFICHES TECHNIQUESEquaflux EntrezFICHES TECHNIQUESDM EntrezFICHES TECHNIQUESMB EntrezFICHES TECHNIQUESIM EntrezFICHES TECHNIQUESPompes Vide-f\u00fbts EntrezCataloguesSur cette page, il est possible de t\u00e9l\u00e9charger nos catalogues produits et les sections d\u00e9di\u00e9es aux familles de pompes Debem, qui illustrent chaque type de pompes de notre gamme de production. CATALOGUECatalogue Debem EntrezManuelsSur cette page, il est possible de t\u00e9l\u00e9charger nos manuels avec les consignes d\u2019utilisation et de maintenance de toute la gamme de pompes industrielles Debem. MANUELManuels Debem EntrezSouhaitez-vous recevoir des informations ? Contactez-nous!CONTACTEZ-NOUS!","protected":false},"author":1,"featured_media":0,"parent":0,"menu_order":0,"comment_status":"closed","ping_status":"closed","template":"","meta":{"footnotes":""},"class_list":["post-38581","page","type-page","status-publish","hentry"],"aioseo_notices":[],"_links":{"self":[{"href":"https:\/\/www.debem.com\/fr\/wp-json\/wp\/v2\/pages\/38581","targetHints":{"allow":["GET"]}}],"collection":[{"href":"https:\/\/www.debem.com\/fr\/wp-json\/wp\/v2\/pages"}],"about":[{"href":"https:\/\/www.debem.com\/fr\/wp-json\/wp\/v2\/types\/page"}],"author":[{"embeddable":true,"href":"https:\/\/www.debem.com\/fr\/wp-json\/wp\/v2\/users\/1"}],"replies":[{"embeddable":true,"href":"https:\/\/www.debem.com\/fr\/wp-json\/wp\/v2\/comments?post=38581"}],"version-history":[{"count":5,"href":"https:\/\/www.debem.com\/fr\/wp-json\/wp\/v2\/pages\/38581\/revisions"}],"predecessor-version":[{"id":51441,"href":"https:\/\/www.debem.com\/fr\/wp-json\/wp\/v2\/pages\/38581\/revisions\/51441"}],"wp:attachment":[{"href":"https:\/\/www.debem.com\/fr\/wp-json\/wp\/v2\/media?parent=38581"}],"curies":[{"name":"wp","href":"https:\/\/api.w.org\/{rel}","templated":true}]}}