{"id":36764,"date":"2022-03-18T10:15:07","date_gmt":"2022-03-18T10:15:07","guid":{"rendered":"https:\/\/www.debem.com\/?page_id=36764"},"modified":"2022-03-24T08:16:16","modified_gmt":"2022-03-24T08:16:16","slug":"compte-coups","status":"publish","type":"page","link":"https:\/\/www.debem.com\/fr\/produits\/accessoires\/compte-coups\/","title":{"rendered":"Compte-coups"},"content":{"rendered":"<section class=\"vc_row wpb_row vc_row-fluid  vc_custom_1646061389347 wow fadeIn vc_row-has-fill pofo-row-responsive-69f1ce0f02eb0\"><div class=\"wpb_column vc_column_container vc_col-sm-12  col-xs-mobile-fullwidth\"><div class=\"vc_column-inner \"><div class=\"wpb_wrapper\">[vc_raw_html el_class=\u00a0\u00bbsgBreadcrumb\u00a0\u00bb]JTVCYWlvc2VvX2JyZWFkY3J1bWJzJTVE[\/vc_raw_html]<\/div><\/div><\/div><\/section><section class=\"vc_row wpb_row vc_row-fluid  vc_custom_1646063052468 wow none vc_row-has-fill vc_row-o-equal-height vc_row-o-content-middle vc_row-flex pofo-row-responsive-69f1ce0f02fc2\"><div class=\"wpb_column vc_column_container vc_col-sm-6  col-xs-mobile-fullwidth pofo-column-responsive-69f1ce0f03092\"><div class=\"vc_column-inner vc_custom_1646143414286\"><div class=\"wpb_wrapper\">[vc_single_image image=\u00a0\u00bb33186&Prime; img_size=\u00a0\u00bbfull\u00a0\u00bb]<\/div><\/div><\/div><div class=\"wpb_column vc_column_container vc_col-sm-6  col-xs-mobile-fullwidth text-left md-text-left sm-text-left xs-text-left pofo-column-responsive-69f1ce0f03110\"><div class=\"vc_column-inner vc_custom_1646137445523\"><div class=\"wpb_wrapper\"><span class=\"text-extra-dark-gray margin-20px-bottom font-weight-600 display-block alt-font text-uppercase heading-style2  vc_custom_1647597139349  heading-1\"  style=\"font-size: 15px; line-height: 22px; font-weight: 400; color: #007a85;\" data-fontsize=\"15px\" data-lineheight=\"22px\">ACCESSOIRES<\/span><h1 class=\"text-extra-dark-gray margin-20px-bottom font-weight-600 display-inline-block alt-font  pofo_font_1647597117696 heading-style2  heading-2\"  style=\"font-size: 36px; line-height: 40px; font-weight: 600;\" data-fontsize=\"36px\" data-lineheight=\"40px\">Compte-coups<\/h1><div class=\"text-medium line-height-28  vc_custom_1647597184802 last-paragraph-no-margin\"><p>Le <strong>compte-coups<\/strong> est un dispositif \u00e0 appliquer sur le circuit pneumatique des pompes \u00e0 membrane. Il permet de compter le nombre de courses effectu\u00e9es par les membranes et donc le nombre de cycles.<br \/>\nLe <strong>compte-coups<\/strong> permet donc d\u2019activer des contr\u00f4les de plusieurs types, comme les litres de liquide distribu\u00e9s par la pompe en fonction de la cylindr\u00e9e, ainsi que le contr\u00f4le du fonctionnement de la pompe, m\u00eame \u00e0 distance.<\/p>\n<\/div><div class=\"vc_row wpb_row vc_inner vc_row-fluid\"><div class=\"wpb_column vc_column_container vc_col-sm-5 vc_col-xs-6\"><div class=\"vc_column-inner \"><div class=\"wpb_wrapper\"><a  href=\"#contactprodotti\" class=\"btn pofo-button-1 section-link button-style1  btn-dark-gray  btn-medium   vc_custom_1647598424642 pofo-button-responsive-69f1ce0f03367\"  style=\"color:#ffffff;  border-color:#007a85; \">PLUS D\u2019INFORMATION<\/a><\/div><\/div><\/div><div class=\"wpb_column vc_column_container vc_col-sm-4 vc_col-xs-6\"><div class=\"vc_column-inner \"><div class=\"wpb_wrapper\"><\/div><\/div><\/div><div class=\"wpb_column vc_column_container vc_col-sm-1 vc_hidden-sm vc_hidden-xs col-xs-mobile-fullwidth\"><div class=\"vc_column-inner \"><div class=\"wpb_wrapper\"><\/div><\/div><\/div><\/div><\/div><\/div><\/div><\/section>[vc_section full_width=\u00a0\u00bbstretch_row\u00a0\u00bb css=\u00a0\u00bb.vc_custom_1646387588920{padding-top: 0px !important;padding-bottom: 0px !important;background-color: #f7f7f7 !important;}\u00a0\u00bb]<section class=\"vc_row wpb_row vc_row-fluid  vc_custom_1646388084635 pofo-row-responsive-69f1ce0f03437\"><div class=\"wpb_column vc_column_container vc_col-sm-3  col-xs-mobile-fullwidth\"><div class=\"vc_column-inner \"><div class=\"wpb_wrapper\"><\/div><\/div><\/div><div class=\"wpb_column vc_column_container vc_col-sm-6  col-xs-mobile-fullwidth text-center md-text-center sm-text-left xs-text-left\"><div class=\"vc_column-inner \"><div class=\"wpb_wrapper\"><span class=\"text-extra-dark-gray margin-20px-bottom font-weight-600 display-block alt-font text-uppercase heading-style2  vc_custom_1647598437310  heading-3\"  style=\"font-size: 15px; line-height: 22px; font-weight: 400; color: #007a85;\" data-fontsize=\"15px\" data-lineheight=\"22px\">POMPES DEBEM<\/span><h2 class=\"text-medium-gray text-small margin-5px-bottom alt-font  pofo_font_1647598446845 heading-style4  vc_custom_1647598446846 pofo-button-responsive-69f1ce0f03580  heading-4\"  style=\"font-size: 28px; line-height: 32px; font-weight: 600; color: #000000;\" data-fontsize=\"28px\" data-lineheight=\"32px\">Pompes compatibles<\/h2><\/div><\/div><\/div><div class=\"wpb_column vc_column_container vc_col-sm-3  col-xs-mobile-fullwidth\"><div class=\"vc_column-inner \"><div class=\"wpb_wrapper\"><\/div><\/div><\/div><\/section><section class=\"vc_row wpb_row vc_row-fluid  vc_custom_1646651439290\"><div class=\"wpb_column vc_column_container vc_col-sm-12  col-xs-mobile-fullwidth\"><div class=\"vc_column-inner \"><div class=\"wpb_wrapper\"><ul class=\"portfolio-grid hover-option6 work-4col gutter-small portfolio-style-6 pofo-portfolio-layout-1\" data-uniqueid=\"pofo-portfolio-layout-1\"><li class=\"grid-sizer\"><\/li><li class=\"grid-item portfolio-filter-441-pofo-portfolio-layout-1 \"><div class=\"pofo-rich-snippet display-none post-39126 portfolio type-portfolio status-publish format-link has-post-thumbnail hentry portfolio-category-boxer\"><div class=\"pofo-rich-snippet display-none\"><span class=\"entry-title\">BOXER<\/span><span class=\"author vcard\"><a class=\"url fn n\" href=\"https:\/\/www.debem.com\/fr\/author\/debem\/\">debem<\/a><\/span><span class=\"published\">21 mars 2022<\/span><time class=\"updated\" datetime=\"2022-03-21T15:21:30+01:00\">21 mars 2022<\/time><\/div><\/div><figure><div class=\"portfolio-img bg-deep-pink position-relative text-center overflow-hidden pofo-portfolio-page-background\"><img loading=\"lazy\" decoding=\"async\" class=\"skip-lazy\" src=\"https:\/\/www.debem.com\/wp-content\/uploads\/2022\/03\/037-BOXER-251_PP.jpg\" width=\"850\" height=\"800\" alt=\"\" srcset=\"https:\/\/www.debem.com\/wp-content\/uploads\/2022\/03\/037-BOXER-251_PP.jpg 850w, https:\/\/www.debem.com\/wp-content\/uploads\/2022\/03\/037-BOXER-251_PP-300x282.jpg 300w, https:\/\/www.debem.com\/wp-content\/uploads\/2022\/03\/037-BOXER-251_PP-768x723.jpg 768w, https:\/\/www.debem.com\/wp-content\/uploads\/2022\/03\/037-BOXER-251_PP-819x771.jpg 819w, https:\/\/www.debem.com\/wp-content\/uploads\/2022\/03\/037-BOXER-251_PP-120x113.jpg 120w, https:\/\/www.debem.com\/wp-content\/uploads\/2022\/03\/037-BOXER-251_PP-81x76.jpg 81w, https:\/\/www.debem.com\/wp-content\/uploads\/2022\/03\/037-BOXER-251_PP-600x565.jpg 600w\" sizes=\"auto, (max-width: 850px) 100vw, 850px\"><div class=\"portfolio-icon\"><a class=\"text-center\" href=\"https:\/\/www.debem.com\/fr\/produits\/pompes-pneumatiques-a-double-membrane\/boxer\/\" target=\"_self\"><i class=\"fas fa-link text-extra-dark-gray\" aria-hidden=\"true\"><\/i><\/a><\/div><\/div><figcaption><div class=\"text-center portfolio-hover-main\"><div class=\"vertical-align-middle portfolio-hover-box\"><div class=\"portfolio-hover-content position-relative\"><span class=\"display-block\"><a class=\"line-height-normal font-weight-600 text-small alt-font margin-5px-bottom text-extra-dark-gray text-uppercase\" href=\"https:\/\/www.debem.com\/fr\/produits\/pompes-pneumatiques-a-double-membrane\/boxer\/\" target=\"_self\">BOXER<\/a><\/span><\/div><\/div><\/div><\/figcaption><\/figure><\/li><\/ul><\/div><\/div><\/div><\/section>[\/vc_section][vc_section full_width=\u00a0\u00bbstretch_row\u00a0\u00bb disable_element=\u00a0\u00bbyes\u00a0\u00bb css=\u00a0\u00bb.vc_custom_1646410457360{padding-top: 0px !important;padding-bottom: 0px !important;background-color: #ffffff !important;}\u00a0\u00bb el_id=\u00a0\u00bbvideo-section\u00a0\u00bb]<section class=\"vc_row wpb_row vc_row-fluid  vc_custom_1646309528654 pofo-row-responsive-69f1ce0f04acd\"><div class=\"wpb_column vc_column_container vc_col-sm-3  col-xs-mobile-fullwidth\"><div class=\"vc_column-inner \"><div class=\"wpb_wrapper\"><\/div><\/div><\/div><div class=\"wpb_column vc_column_container vc_col-sm-6  col-xs-mobile-fullwidth text-center md-text-center sm-text-center xs-text-center pofo-column-responsive-69f1ce0f04b92\"><div class=\"vc_column-inner vc_custom_1646211200603\"><div class=\"wpb_wrapper\"><span class=\"text-extra-dark-gray margin-20px-bottom font-weight-600 display-block alt-font heading-style2  vc_custom_1646145585111  heading-5\"  style=\"font-size: 15px; line-height: 22px; font-weight: 400; color: #007a85;\" data-fontsize=\"15px\" data-lineheight=\"22px\">MULTIMEDIA<\/span><h2 class=\"text-medium-gray text-small margin-5px-bottom alt-font  pofo_font_1646211090467 heading-style4  vc_custom_1646211090468 pofo-button-responsive-69f1ce0f04c3e  heading-6\"  style=\"font-size: 28px; line-height: 32px; font-weight: 600; color: #000000;\" data-fontsize=\"28px\" data-lineheight=\"32px\">Video<\/h2><\/div><\/div><\/div><div class=\"wpb_column vc_column_container vc_col-sm-3  col-xs-mobile-fullwidth\"><div class=\"vc_column-inner \"><div class=\"wpb_wrapper\"><\/div><\/div><\/div><div class=\"wpb_column vc_column_container  col-xs-mobile-fullwidth\"><div class=\"vc_column-inner \"><div class=\"wpb_wrapper\">[wdo_ult_video wdo_video_url=\u00a0\u00bbhttps:\/\/www.youtube.com\/watch?v=Mko79YolHEM&amp;t=9s\u00a0\u00bb wdo_video_height=\u00a0\u00bb600px\u00a0\u00bb]<\/div><\/div><\/div><\/section>[\/vc_section][vc_section full_width=\u00a0\u00bbstretch_row\u00a0\u00bb css=\u00a0\u00bb.vc_custom_1646410494327{padding-top: 0px !important;padding-bottom: 0px !important;background-color: #ffffff !important;}\u00a0\u00bb el_id=\u00a0\u00bbcontact-section\u00a0\u00bb]<section id=\"contactprodotti\" class=\"vc_row wpb_row vc_row-fluid  vc_custom_1646402420669 wow fadeIn pofo-row-responsive-69f1ce0f04d1b\"><div class=\"wpb_column vc_column_container vc_col-sm-12  col-xs-mobile-fullwidth\"><div class=\"vc_column-inner \"><div class=\"wpb_wrapper\"><div class=\"vc_row wpb_row vc_inner vc_row-fluid\"><div class=\"wpb_column vc_column_container vc_col-sm-12 vc_col-lg-3 vc_col-md-3 vc_hidden-sm col-xs-mobile-fullwidth\"><div class=\"vc_column-inner \"><div class=\"wpb_wrapper\"><\/div><\/div><\/div><div class=\"wpb_column vc_column_container vc_col-sm-12 vc_col-lg-6 vc_col-md-6 col-xs-mobile-fullwidth text-center md-text-center sm-text-center xs-text-center\"><div class=\"vc_column-inner vc_custom_1646389439216\"><div class=\"wpb_wrapper\"><span class=\"text-extra-dark-gray margin-20px-bottom font-weight-600 display-block alt-font heading-style2  vc_custom_1647598460231  heading-7\"  style=\"font-size: 15px; line-height: 22px; font-weight: 400; color: #007a85;\" data-fontsize=\"15px\" data-lineheight=\"22px\">CONTACTS<\/span><h2 class=\"text-medium-gray text-small margin-5px-bottom alt-font  pofo_font_1647598469999 heading-style4 pofo-button-responsive-69f1ce0f04f3e  heading-8\"  style=\"font-size: 28px; line-height: 32px; font-weight: 600; color: #000000;\" data-fontsize=\"28px\" data-lineheight=\"32px\">Demander des informations<\/h2><\/div><\/div><\/div><div class=\"wpb_column vc_column_container vc_col-sm-12 vc_col-lg-3 vc_col-md-3 vc_hidden-sm col-xs-mobile-fullwidth\"><div class=\"vc_column-inner \"><div class=\"wpb_wrapper\"><\/div><\/div><\/div><div class=\"wpb_column vc_column_container vc_col-sm-12  col-xs-mobile-fullwidth\"><div class=\"vc_column-inner \"><div class=\"wpb_wrapper\">\n<div class=\"wpcf7 no-js\" id=\"wpcf7-f39435-o1\" lang=\"fr-FR\" dir=\"ltr\" data-wpcf7-id=\"39435\">\n<div class=\"screen-reader-response\"><p role=\"status\" aria-live=\"polite\" aria-atomic=\"true\"><\/p> <ul><\/ul><\/div>\n<form action=\"\/fr\/wp-json\/wp\/v2\/pages\/36764#wpcf7-f39435-o1\" method=\"post\" class=\"wpcf7-form init\" aria-label=\"Formulaire de contact\" novalidate=\"novalidate\" data-status=\"init\">\n<fieldset class=\"hidden-fields-container\"><input type=\"hidden\" name=\"_wpcf7\" value=\"39435\" \/><input type=\"hidden\" name=\"_wpcf7_version\" value=\"6.1.5\" \/><input type=\"hidden\" name=\"_wpcf7_locale\" value=\"fr_FR\" \/><input type=\"hidden\" name=\"_wpcf7_unit_tag\" value=\"wpcf7-f39435-o1\" \/><input type=\"hidden\" name=\"_wpcf7_container_post\" value=\"0\" \/><input type=\"hidden\" name=\"_wpcf7_posted_data_hash\" value=\"\" \/><input type=\"hidden\" name=\"_wpcf7_recaptcha_response\" value=\"\" \/>\n<\/fieldset>\n<div class=\"row\">\n\t<div class=\"col-md-4\">\n\t\t<span class=\"wpcf7-form-control-wrap\" data-name=\"nome\"><input size=\"40\" maxlength=\"400\" class=\"wpcf7-form-control wpcf7-text wpcf7-validates-as-required big-input\" aria-required=\"true\" aria-invalid=\"false\" placeholder=\"Pr\u00e9nom *\" value=\"\" type=\"text\" name=\"nome\" \/><\/span>\n\t<\/div>\n\t<div class=\"col-md-4\">\n\t\t<span class=\"wpcf7-form-control-wrap\" data-name=\"cognome\"><input size=\"40\" maxlength=\"400\" class=\"wpcf7-form-control wpcf7-text wpcf7-validates-as-required big-input\" aria-required=\"true\" aria-invalid=\"false\" placeholder=\"Nom *\" value=\"\" type=\"text\" name=\"cognome\" \/><\/span>\n\t<\/div>\n\t<div class=\"col-md-4\">\n\t\t<span class=\"wpcf7-form-control-wrap\" data-name=\"azienda\"><input size=\"40\" maxlength=\"400\" class=\"wpcf7-form-control wpcf7-text wpcf7-validates-as-required big-input\" aria-required=\"true\" aria-invalid=\"false\" placeholder=\"Entreprise *\" value=\"\" type=\"text\" name=\"azienda\" \/><\/span>\n\t<\/div>\n\t<div class=\"col-md-4\">\n\t\t<span class=\"wpcf7-form-control-wrap\" data-name=\"provincia\"><input size=\"40\" maxlength=\"400\" class=\"wpcf7-form-control wpcf7-text wpcf7-validates-as-required big-input\" aria-required=\"true\" aria-invalid=\"false\" placeholder=\"Pays *\" value=\"\" type=\"text\" name=\"provincia\" \/><\/span>\n\t<\/div>\n\t<div class=\"col-md-4\">\n\t\t<span class=\"wpcf7-form-control-wrap\" data-name=\"telefono\"><input size=\"40\" maxlength=\"400\" class=\"wpcf7-form-control wpcf7-text big-input\" aria-invalid=\"false\" placeholder=\"T\u00e9l\u00e9phone\" value=\"\" type=\"text\" name=\"telefono\" \/><\/span>\n\t<\/div>\n\t<div class=\"col-md-4\">\n\t\t<span class=\"wpcf7-form-control-wrap\" data-name=\"email\"><input size=\"40\" maxlength=\"400\" class=\"wpcf7-form-control wpcf7-email wpcf7-validates-as-required wpcf7-text wpcf7-validates-as-email big-input\" aria-required=\"true\" aria-invalid=\"false\" placeholder=\"E-mail *\" value=\"\" type=\"email\" name=\"email\" \/><\/span>\n\t<\/div>\n\t<div class=\"col-md-12\">\n\t\t<span class=\"wpcf7-form-control-wrap\" data-name=\"messaggio\"><textarea cols=\"40\" rows=\"3\" maxlength=\"2000\" class=\"wpcf7-form-control wpcf7-textarea xs-margin-20px-bottom big-textarea\" aria-invalid=\"false\" placeholder=\"Votre question\" name=\"messaggio\"><\/textarea><\/span>\n\t<\/div>\n\t<div class=\"col-md-12\">\n\t\t<span class=\"wpcf7-form-control-wrap\" data-name=\"opt-in\"><span class=\"wpcf7-form-control wpcf7-acceptance optional\"><span class=\"wpcf7-list-item\"><label><input type=\"checkbox\" name=\"opt-in\" value=\"1\" aria-invalid=\"false\" \/><span class=\"wpcf7-list-item-label\">Je souhaite m\u2019inscrire \u00e0 la newsletter<\/span><\/label><\/span><\/span><\/span><br\/>\n\t\t<span class=\"wpcf7-form-control-wrap\" data-name=\"contact-privacy\"><span class=\"wpcf7-form-control wpcf7-acceptance\"><span class=\"wpcf7-list-item\"><label><input type=\"checkbox\" name=\"contact-privacy\" value=\"1\" aria-invalid=\"false\" \/><span class=\"wpcf7-list-item-label\">J'accepte votre <a href=\"https:\/\/www.iubenda.com\/privacy-policy\/60472155\/legal\" target=\"_blank\">Politique de Confidentialit\u00e9<\/a><\/span><\/label><\/span><\/span><\/span><br\/>\n\t\t<span class=\"wpcf7-form-control-wrap\" data-name=\"contact-cookie\"><span class=\"wpcf7-form-control wpcf7-acceptance\"><span class=\"wpcf7-list-item\"><label><input type=\"checkbox\" name=\"contact-cookie\" value=\"1\" aria-invalid=\"false\" \/><span class=\"wpcf7-list-item-label\">J'accepte votre <a href=\"https:\/\/www.iubenda.com\/privacy-policy\/60472155\/cookie-policy\" target=\"_blank\">Politique des Cookie<\/a><\/span><\/label><\/span><\/span><\/span>\n\t<\/div>\n\t<div class=\"col-md-12\" style=\"margin-top:20px;\">\n\t\t<input class=\"wpcf7-form-control wpcf7-submit has-spinner btn pofo-button-70 button-style1 btn-dark-gray btn-small\" type=\"submit\" value=\"Envoyer\" \/>\n\t<\/div>\n<\/div>\n<input class=\"wpcf7-form-control wpcf7-hidden\" value=\"\" type=\"hidden\" name=\"utm_source\" \/>\n<input class=\"wpcf7-form-control wpcf7-hidden\" value=\"\" type=\"hidden\" name=\"utm_medium\" \/>\n<input class=\"wpcf7-form-control wpcf7-hidden\" value=\"\" type=\"hidden\" name=\"utm_campaign\" \/><div class=\"wpcf7-response-output\" aria-hidden=\"true\"><\/div>\n<\/form>\n<\/div>\n<\/div><\/div><\/div><\/div><\/div><\/div><\/div><\/section>[\/vc_section][vc_section full_width=\u00a0\u00bbstretch_row\u00a0\u00bb disable_element=\u00a0\u00bbyes\u00a0\u00bb css=\u00a0\u00bb.vc_custom_1646407246489{padding-top: 0px !important;padding-bottom: 0px !important;background-color: #f7f7f7 !important;}\u00a0\u00bb el_id=\u00a0\u00bbdownload-section\u00a0\u00bb]<section id=\"documentazione\" class=\"vc_row wpb_row vc_row-fluid  vc_custom_1646309663843 pofo-row-responsive-69f1ce0f05c3e\"><div class=\"wpb_column vc_column_container vc_col-sm-3  col-xs-mobile-fullwidth\"><div class=\"vc_column-inner \"><div class=\"wpb_wrapper\"><\/div><\/div><\/div><div class=\"wpb_column vc_column_container vc_col-sm-6  col-xs-mobile-fullwidth text-center md-text-center sm-text-center xs-text-center pofo-column-responsive-69f1ce0f05cff\"><div class=\"vc_column-inner vc_custom_1646211217320\"><div class=\"wpb_wrapper\"><span class=\"text-extra-dark-gray margin-20px-bottom font-weight-600 display-block alt-font heading-style2  vc_custom_1646145636166  heading-9\"  style=\"font-size: 15px; line-height: 22px; font-weight: 400; color: #007a85;\" data-fontsize=\"15px\" data-lineheight=\"22px\">SCHEDE E MANUALI<\/span><h2 class=\"text-medium-gray text-small margin-5px-bottom alt-font  pofo_font_1646211124526 heading-style4  vc_custom_1646211124527 pofo-button-responsive-69f1ce0f05dad  heading-10\"  style=\"font-size: 28px; line-height: 32px; font-weight: 600; color: #000000;\" data-fontsize=\"28px\" data-lineheight=\"32px\">Documentazione<\/h2><\/div><\/div><\/div><div class=\"wpb_column vc_column_container vc_col-sm-3  col-xs-mobile-fullwidth\"><div class=\"vc_column-inner \"><div class=\"wpb_wrapper\"><\/div><\/div><\/div><div class=\"wpb_column vc_column_container vc_col-sm-12  col-xs-mobile-fullwidth text-left md-text-left sm-text-left xs-text-left pofo-column-responsive-69f1ce0f05e1a\"><div class=\"vc_column-inner \"><div class=\"wpb_wrapper\">[vc_raw_html]JTVCd3BkbV9jYXRlZ29yeSUyMGlkJTNEJTIybWlkZ2V0Ym94JTIyJTIwdG9vbGJhciUzRCUyMjElMjIlMjBpdGVtX3Blcl9wYWdlJTNEJTIyMTAwJTIyJTIwdG9vbGJhciUzRCUyMjAlMjIlMjBwYWdpbmclM0QlMjIwJTIyJTIwdGVtcGxhdGUlM0QlMjJzb3VsZ29vZCUyMiU1RA==[\/vc_raw_html]<\/div><\/div><\/div><\/section>[\/vc_section]<section data-vc-full-width=\"true\" data-vc-full-width-init=\"false\" class=\"vc_row wpb_row vc_row-fluid  vc_custom_1646060879352 cover-background wow fadeIn vc_row-has-fill pofo-stretch-content pofo-stretch-row-container pofo-row-responsive-69f1ce0f05ec1\"><div class=\"wpb_column vc_column_container vc_col-sm-12 vc_col-md-12 col-xs-mobile-fullwidth text-center\"><div class=\"vc_column-inner \"><div class=\"wpb_wrapper\"><span class=\"text-extra-large margin-25px-bottom vertical-align-middle sm-width-100 display-inline-block alt-font heading-style3  vc_custom_1647598482081 pofo-button-responsive-69f1ce0f05fa8  heading-11\"  style=\"color: #ffffff;\">Souhaitez-vous recevoir des informations? Contactez-nous!<\/span><a  href=\"\/fr\/contacts\/\" target=\"_self\" class=\"btn pofo-button-2 button-style2  btn-white  btn-medium   vc_custom_1647598501030 pofo-button-responsive-69f1ce0f05fe2\"  style=\"color:#ffffff;  border-color:#f8c21c; \">CONTACTEZ-NOUS<\/a><\/div><\/div><\/div><\/section><div class=\"vc_row-full-width vc_clearfix\"><\/div>\n","protected":false},"excerpt":{"rendered":"<p>[vc_section full_width=\u00a0\u00bbstretch_row\u00a0\u00bb css=\u00a0\u00bb.vc_custom_1646387588920{padding-top: 0px !important;padding-bottom: 0px !important;background-color: #f7f7f7 !important;}\u00a0\u00bb][\/vc_section][vc_section full_width=\u00a0\u00bbstretch_row\u00a0\u00bb disable_element=\u00a0\u00bbyes\u00a0\u00bb css=\u00a0\u00bb.vc_custom_1646410457360{padding-top: 0px !important;padding-bottom: 0px !important;background-color: #ffffff !important;}\u00a0\u00bb el_id=\u00a0\u00bbvideo-section\u00a0\u00bb][\/vc_section][vc_section full_width=\u00a0\u00bbstretch_row\u00a0\u00bb css=\u00a0\u00bb.vc_custom_1646410494327{padding-top: 0px !important;padding-bottom: 0px !important;background-color: #ffffff !important;}\u00a0\u00bb el_id=\u00a0\u00bbcontact-section\u00a0\u00bb][\/vc_section][vc_section full_width=\u00a0\u00bbstretch_row\u00a0\u00bb disable_element=\u00a0\u00bbyes\u00a0\u00bb css=\u00a0\u00bb.vc_custom_1646407246489{padding-top: 0px !important;padding-bottom: 0px !important;background-color: #f7f7f7 !important;}\u00a0\u00bb el_id=\u00a0\u00bbdownload-section\u00a0\u00bb][\/vc_section]<\/p>\n","protected":false},"author":1,"featured_media":0,"parent":39770,"menu_order":0,"comment_status":"closed","ping_status":"closed","template":"","meta":{"footnotes":""},"class_list":["post-36764","page","type-page","status-publish","hentry"],"aioseo_notices":[],"_links":{"self":[{"href":"https:\/\/www.debem.com\/fr\/wp-json\/wp\/v2\/pages\/36764","targetHints":{"allow":["GET"]}}],"collection":[{"href":"https:\/\/www.debem.com\/fr\/wp-json\/wp\/v2\/pages"}],"about":[{"href":"https:\/\/www.debem.com\/fr\/wp-json\/wp\/v2\/types\/page"}],"author":[{"embeddable":true,"href":"https:\/\/www.debem.com\/fr\/wp-json\/wp\/v2\/users\/1"}],"replies":[{"embeddable":true,"href":"https:\/\/www.debem.com\/fr\/wp-json\/wp\/v2\/comments?post=36764"}],"version-history":[{"count":1,"href":"https:\/\/www.debem.com\/fr\/wp-json\/wp\/v2\/pages\/36764\/revisions"}],"predecessor-version":[{"id":41059,"href":"https:\/\/www.debem.com\/fr\/wp-json\/wp\/v2\/pages\/36764\/revisions\/41059"}],"up":[{"embeddable":true,"href":"https:\/\/www.debem.com\/fr\/wp-json\/wp\/v2\/pages\/39770"}],"wp:attachment":[{"href":"https:\/\/www.debem.com\/fr\/wp-json\/wp\/v2\/media?parent=36764"}],"curies":[{"name":"wp","href":"https:\/\/api.w.org\/{rel}","templated":true}]}}