{"id":49236,"date":"2024-05-16T14:15:09","date_gmt":"2024-05-16T14:15:09","guid":{"rendered":"https:\/\/www.debem.com\/?page_id=49236"},"modified":"2024-05-16T14:21:09","modified_gmt":"2024-05-16T14:21:09","slug":"fda-equaflux-200","status":"publish","type":"page","link":"https:\/\/www.debem.com\/es\/productos\/amortiguadores-de-pulsaciones\/fda-equaflux\/fda-equaflux-200\/","title":{"rendered":"FDA Equaflux 200"},"content":{"rendered":"<section class=\"vc_row wpb_row vc_row-fluid  vc_custom_1646061389347 wow fadeIn vc_row-has-fill pofo-row-responsive-69f1fad292339\"><div class=\"wpb_column vc_column_container vc_col-sm-12  col-xs-mobile-fullwidth\"><div class=\"vc_column-inner \"><div class=\"wpb_wrapper\">[vc_raw_html el_class=\u00bbsgBreadcrumb\u00bb]JTVCYWlvc2VvX2JyZWFkY3J1bWJzJTVE[\/vc_raw_html]<\/div><\/div><\/div><\/section><section class=\"vc_row wpb_row vc_row-fluid  vc_custom_1646063052468 wow none vc_row-has-fill vc_row-o-equal-height vc_row-o-content-middle vc_row-flex pofo-row-responsive-69f1fad292482\"><div class=\"wpb_column vc_column_container vc_col-sm-6  col-xs-mobile-fullwidth pofo-column-responsive-69f1fad292565\"><div class=\"vc_column-inner vc_custom_1646143414286\"><div class=\"wpb_wrapper\"><div id=\"pofo-image-slider-1\" class=\"swiper-container height-100 width-100 white-move swiper-container-horizontal pofo-image-style7 pofo-image-slider-1  black-move pofo-slider7 pofo-slider7-1\" data-slider-options=\"{&quot;keyboard&quot;:true,&quot;slidesPerView&quot;:1,&quot;loop&quot;:true,&quot;autoplay&quot;:{&quot;delay&quot;:3000,&quot;disableOnInteraction&quot;:false}}\"><div class=\"swiper-wrapper\"><div class=\"swiper-slide\" data-swiper-slide-index=\"0\"><div class=\"container-fluid no-padding\"><div class=\"col-lg-12 no-padding text-center\"><img loading=\"lazy\" decoding=\"async\" src=\"https:\/\/www.debem.com\/wp-content\/uploads\/2024\/05\/FQ-200_CLAMP-200-1.jpg\" class=\"width-100\" width=\"900\" height=\"650\" alt=\"\" srcset=\"https:\/\/www.debem.com\/wp-content\/uploads\/2024\/05\/FQ-200_CLAMP-200-1.jpg 900w, https:\/\/www.debem.com\/wp-content\/uploads\/2024\/05\/FQ-200_CLAMP-200-1-300x217.jpg 300w, https:\/\/www.debem.com\/wp-content\/uploads\/2024\/05\/FQ-200_CLAMP-200-1-768x555.jpg 768w, https:\/\/www.debem.com\/wp-content\/uploads\/2024\/05\/FQ-200_CLAMP-200-1-120x87.jpg 120w, https:\/\/www.debem.com\/wp-content\/uploads\/2024\/05\/FQ-200_CLAMP-200-1-81x59.jpg 81w\" sizes=\"auto, (max-width: 900px) 100vw, 900px\"\/><\/div><\/div><\/div><\/div><\/div><\/div><\/div><\/div><div class=\"wpb_column vc_column_container vc_col-sm-6  col-xs-mobile-fullwidth text-left md-text-left sm-text-left xs-text-left pofo-column-responsive-69f1fad2929f0\"><div class=\"vc_column-inner vc_custom_1646137445523\"><div class=\"wpb_wrapper\"><span class=\"text-extra-dark-gray margin-20px-bottom font-weight-600 display-block alt-font text-uppercase heading-style2  vc_custom_1647618980359  heading-1\"  style=\"font-size: 15px; line-height: 22px; font-weight: 400; color: #007a85;\" data-fontsize=\"15px\" data-lineheight=\"22px\">Amortiguadores neum\u00e1ticos de pulsaciones<\/span><h1 class=\"text-extra-dark-gray margin-20px-bottom font-weight-600 display-inline-block alt-font  pofo_font_1715868795484 heading-style2  heading-2\"  style=\"font-size: 36px; line-height: 40px; font-weight: 600;\" data-fontsize=\"36px\" data-lineheight=\"40px\">FDA Equaflux 200<\/h1><ul class=\"text-medium list-style-3 list-style3-1 \"><li>Conexiones producto: <br>1\"1\/2 CLAMP (DN 38) - BS - British Standard 4825 <br>1\"1\/4 CLAMP (ISO 2852) <br>2\" CLAMP (DN 50) - BS - British Standard 4825<\/li><\/ul><div class=\"vc_row wpb_row vc_inner vc_row-fluid\"><div class=\"wpb_column vc_column_container vc_col-sm-5 vc_col-xs-6\"><div class=\"vc_column-inner \"><div class=\"wpb_wrapper\"><a  href=\"#contactprodotti\" class=\"btn pofo-button-1 section-link button-style1  btn-dark-gray  btn-medium   vc_custom_1647619022260 pofo-button-responsive-69f1fad292cc1\"  style=\"color:#ffffff;  border-color:#007a85; \">M\u00c1S INFORMACI\u00d3N<\/a><\/div><\/div><\/div><div class=\"wpb_column vc_column_container vc_col-sm-4 vc_col-xs-6\"><div class=\"vc_column-inner \"><div class=\"wpb_wrapper\"><a  href=\"#documentazione\" class=\"btn pofo-button-2 section-link button-style1  btn-dark-gray  btn-medium   vc_custom_1647619036579\"  style=\"color:#ffffff;  border-color:#f8c21c; \">DOCUMENTACI\u00d3N<\/a><\/div><\/div><\/div><div class=\"wpb_column vc_column_container vc_col-sm-1 vc_hidden-sm vc_hidden-xs col-xs-mobile-fullwidth\"><div class=\"vc_column-inner \"><div class=\"wpb_wrapper\"><\/div><\/div><\/div><\/div><\/div><\/div><\/div><div class=\"wpb_column vc_column_container  col-xs-mobile-fullwidth\"><div class=\"vc_column-inner \"><div class=\"wpb_wrapper\"><div class=\"vc_row wpb_row vc_inner vc_row-fluid  vc_custom_1646144211589 pofo-inner-row-responsive-69f1fad292e4b\"><div class=\"wpb_column vc_column_container vc_col-sm-3 vc_col-lg-offset-1 col-xs-mobile-fullwidth pofo-column-responsive-69f1fad292ec2\"><div class=\"vc_column-inner \"><div class=\"wpb_wrapper\">[vc_single_image image=\u00bb28066&#8243; img_size=\u00bb\u00bb]<\/div><\/div><\/div><div class=\"wpb_column vc_column_container vc_col-sm-4  col-xs-mobile-fullwidth pofo-column-responsive-69f1fad292f30\"><div class=\"vc_column-inner \"><div class=\"wpb_wrapper\"><span class=\"text-extra-dark-gray margin-20px-bottom font-weight-600 display-block alt-font heading-style2  vc_custom_1647619049173  heading-3\"  style=\"font-size: 15px; line-height: 22px; font-weight: 600; color: #007a85;\" data-fontsize=\"15px\" data-lineheight=\"22px\">ATEX ZONA 2 - EST\u00c1NDAR EN TODOS LOS MODELOS<\/span><div class=\"text-medium line-height-28  vc_custom_1646142604516 last-paragraph-no-margin pofo-text-block-responsive-69f1fad292fcb\" style=\"width: 100%;\"><p>II 3G Ex h IIB T4 Gc<br \/>\nII 3D Ex h IIIB T135\u00b0C Dc<\/p>\n<\/div><\/div><\/div><\/div><div class=\"wpb_column vc_column_container vc_col-sm-4  col-xs-mobile-fullwidth\"><div class=\"vc_column-inner \"><div class=\"wpb_wrapper\"><span class=\"text-extra-dark-gray margin-20px-bottom font-weight-600 display-block alt-font heading-style2  vc_custom_1647619061281  heading-4\"  style=\"font-size: 15px; line-height: 22px; font-weight: 600; color: #007a85;\" data-fontsize=\"15px\" data-lineheight=\"22px\">ATEX ZONA 1 - BAJO PEDIDO<\/span><div class=\"text-medium line-height-28  vc_custom_1646142619512 last-paragraph-no-margin pofo-text-block-responsive-69f1fad2930d4\" style=\"width: 100%;\"><p>II 2G Ex h lib T4 Gb<br \/>\nII 2D Ex h IIIB T135\u00b0C Db<\/p>\n<\/div><\/div><\/div><\/div><\/div><\/div><\/div><\/div><\/section>[vc_section full_width=\u00bbstretch_row\u00bb disable_element=\u00bbyes\u00bb css=\u00bb.vc_custom_1646401529776{padding-top: 0px !important;padding-bottom: 0px !important;background-color: #007a85 !important;}\u00bb]<section data-vc-full-width=\"true\" data-vc-full-width-init=\"false\" class=\"vc_row wpb_row vc_row-fluid  vc_custom_1646309945454 wow fadeIn pofo-stretch-content pofo-stretch-row-container vc_row-o-equal-height vc_row-flex pofo-row-responsive-69f1fad293171\"><div class=\"wpb_column vc_column_container vc_col-sm-3 vc_col-md-3 vc_col-xs-6 vc_hidden-xs wow none text-center pofo-column-responsive-69f1fad2931ef\"><div class=\"vc_column-inner vc_custom_1646385428395\"><div class=\"wpb_wrapper\"><\/div><\/div><\/div><div class=\"wpb_column vc_column_container vc_col-sm-3 vc_col-md-3 vc_col-xs-6 wow none text-center pofo-column-responsive-69f1fad29323f\"><div class=\"vc_column-inner vc_custom_1646137604052\"><div class=\"wpb_wrapper\"><div class=\"featurebox8 pofo-featurebox  vc_custom_1646146228556 position-relative overflow-hidden z-index-5 padding-twelve-all md-padding-six-all xs-padding-15px-lr featurebox8-1\" ><div class=\"display-inline-block\"><img decoding=\"async\" src=\"https:\/\/www.debem.com\/wp-content\/uploads\/2022\/03\/IndustriaChimica.png\" alt=\"INDUSTRIA CHIMICA\" class=\"icon-image margin-20px-bottom\"\/><\/div><div class=\"alt-font text-extra-dark-gray font-weight-600 margin-10px-bottom sm-margin-5px-bottom\" style=\"font-size: 13px; line-height: 20px; font-weight: 500; color: #ffffff;\" data-fontsize=\"13px\" data-lineheight=\"20px\">INDUSTRIA CHIMICA<\/div><\/div><\/div><\/div><\/div><div class=\"wpb_column vc_column_container vc_col-sm-3 vc_col-md-3 vc_col-xs-6 wow none text-center pofo-column-responsive-69f1fad293480\"><div class=\"vc_column-inner vc_custom_1646137612907\"><div class=\"wpb_wrapper\"><div class=\"featurebox8 pofo-featurebox  vc_custom_1646384098465 position-relative overflow-hidden z-index-5 padding-twelve-all md-padding-six-all xs-padding-15px-lr featurebox8-2\" ><div class=\"display-inline-block\"><img decoding=\"async\" src=\"https:\/\/www.debem.com\/wp-content\/uploads\/2022\/03\/IndustriaGrafica.png\" alt=\"INDUSTRIA GRAFICA\" class=\"icon-image margin-20px-bottom\"\/><\/div><div class=\"alt-font text-extra-dark-gray font-weight-600 margin-10px-bottom sm-margin-5px-bottom\" style=\"font-size: 13px; line-height: 20px; font-weight: 500; color: #ffffff;\" data-fontsize=\"13px\" data-lineheight=\"20px\">INDUSTRIA GRAFICA<\/div><\/div><\/div><\/div><\/div><div class=\"wpb_column vc_column_container vc_col-sm-3 vc_col-md-3 vc_col-xs-6 vc_hidden-xs wow none text-center pofo-column-responsive-69f1fad2936b4\"><div class=\"vc_column-inner vc_custom_1646385436776\"><div class=\"wpb_wrapper\"><\/div><\/div><\/div><\/section><div class=\"vc_row-full-width vc_clearfix\"><\/div>[\/vc_section][vc_section full_width=\u00bbstretch_row\u00bb css=\u00bb.vc_custom_1646402392406{padding-top: 0px !important;padding-bottom: 0px !important;background-color: #f7f7f7 !important;}\u00bb el_id=\u00bbtechnical-section\u00bb]<section class=\"vc_row wpb_row vc_row-fluid  vc_custom_1646309631517 pofo-row-responsive-69f1fad293721\"><div class=\"wpb_column vc_column_container vc_col-sm-3  col-xs-mobile-fullwidth\"><div class=\"vc_column-inner \"><div class=\"wpb_wrapper\"><\/div><\/div><\/div><div class=\"wpb_column vc_column_container vc_col-sm-6  col-xs-mobile-fullwidth text-center md-text-center sm-text-center xs-text-center pofo-column-responsive-69f1fad2938c5\"><div class=\"vc_column-inner vc_custom_1646211184543\"><div class=\"wpb_wrapper\">[vc_raw_html]JTNDZGl2JTIwY2xhc3MlM0QlMjJwcm9kLXJpZ2h0LW5hdiUyMiUzRSUwQSUwOSUzQ2ElMjBjbGFzcyUzRCUyMnNlY3Rpb24tbGluayUyMiUyMGhyZWYlM0QlMjIlMjN0ZWNobmljYWwtc2VjdGlvbiUyMiUyMGNsYXNzJTNEJTIyJTIyJTNFJTNDaSUyMGNsYXNzJTNEJTIyZmFzJTIwZmEtYm9yZGVyLWFsbCUyMiUzRSUzQyUyRmklM0UlM0MlMkZhJTNFJTBBJTA5JTNDYSUyMGNsYXNzJTNEJTIyc2VjdGlvbi1saW5rJTIyJTIwaHJlZiUzRCUyMiUyM2NvbnRhY3Qtc2VjdGlvbiUyMiUzRSUzQ2klMjBjbGFzcyUzRCUyMmZhcyUyMGZhLWVudmVsb3BlJTIyJTNFJTNDJTJGaSUzRSUzQyUyRmElM0UlMEElMDklM0NhJTIwY2xhc3MlM0QlMjJzZWN0aW9uLWxpbmslMjIlMjBocmVmJTNEJTIyJTIzZG93bmxvYWQtc2VjdGlvbiUyMiUzRSUzQ2klMjBjbGFzcyUzRCUyMmZhcyUyMGZhLWFycm93LWRvd24lMjIlM0UlM0MlMkZpJTNFJTNDJTJGYSUzRSUwQSUzQyUyRmRpdiUzRQ==[\/vc_raw_html]<span class=\"text-extra-dark-gray margin-20px-bottom font-weight-600 display-block alt-font heading-style2  vc_custom_1647619074991  heading-5\"  style=\"font-size: 15px; line-height: 22px; font-weight: 400; color: #007a85;\" data-fontsize=\"15px\" data-lineheight=\"22px\">VALORES<\/span><h2 class=\"text-medium-gray text-small margin-5px-bottom alt-font  pofo_font_1647619084571 heading-style4  vc_custom_1647619084571 pofo-button-responsive-69f1fad293977  heading-6\"  style=\"font-size: 28px; line-height: 32px; font-weight: 600; color: #000000;\" data-fontsize=\"28px\" data-lineheight=\"32px\">Datos t\u00e9cnicos<\/h2><\/div><\/div><\/div><div class=\"wpb_column vc_column_container vc_col-sm-3  col-xs-mobile-fullwidth\"><div class=\"vc_column-inner \"><div class=\"wpb_wrapper\"><\/div><\/div><\/div><div class=\"wpb_column vc_column_container  col-xs-mobile-fullwidth\"><div class=\"vc_column-inner \"><div class=\"wpb_wrapper\"><div class=\"vc_row wpb_row vc_inner vc_row-fluid\"><div class=\"wpb_column vc_column_container vc_col-sm-6  col-xs-mobile-fullwidth\"><div class=\"vc_column-inner \"><div class=\"wpb_wrapper\"><span class=\"text-extra-dark-gray margin-20px-bottom font-weight-600 display-block alt-font heading-style2  vc_custom_1647619155348 pofo-button-responsive-69f1fad293bdf  heading-7\"  style=\"font-size: 15px; line-height: 22px; font-weight: 600; color: #007a85;\" data-fontsize=\"15px\" data-lineheight=\"22px\">Material (semicuerpo en contacto con el fluido): AISI 316<\/span><div class=\"text-xs-small last-paragraph-no-margin pofo-text-block-responsive-69f1fad293c12\"><table border=\"0\" width=\"100%\">\n<tbody>\n<tr>\n<td><strong>Empalme Producto<\/strong><\/td>\n<td>1\u20331\/2 CLAMP (DN 38) \u2013 BS \u2013 British Standard 4825<\/p>\n<div>1\u20331\/4 CLAMP (ISO 2852)<br \/>\n2\u2033 CLAMP (DN 50) \u2013 BS \u2013 British Standard 4825<\/div>\n<\/td>\n<\/tr>\n<tr>\n<td><strong>Empalme Aire<\/strong><\/td>\n<td>\u00d8 6 mm<\/td>\n<\/tr>\n<tr>\n<td><strong>Presi\u00f3n de uso<\/strong><\/td>\n<td>Min 2 Bar \u2013 Max 8 Bar<\/td>\n<\/tr>\n<tr>\n<td><strong>Aplicabilidad<\/strong><\/td>\n<td>Boxer 100, Boxer 150, Boxer 251<\/td>\n<\/tr>\n<tr>\n<td><strong>Peso<\/strong><\/td>\n<td>7,45 kg<\/td>\n<\/tr>\n<tr>\n<td><strong>Temp. de ejercicio<\/strong><\/td>\n<td>de +3\u00b0C a +95\u00b0C<\/td>\n<\/tr>\n<tr>\n<td><strong>Dimensi\u00f3n (mm)<\/strong><\/td>\n<td>256,7 x 254<\/td>\n<\/tr>\n<\/tbody>\n<\/table>\n<\/div><\/div><\/div><\/div><div class=\"wpb_column vc_column_container vc_col-sm-6  col-xs-mobile-fullwidth\"><div class=\"vc_column-inner \"><div class=\"wpb_wrapper\"><span class=\"text-extra-dark-gray margin-20px-bottom font-weight-600 display-block alt-font heading-style2  vc_custom_1647619168208 pofo-button-responsive-69f1fad293d17  heading-8\"  style=\"font-size: 15px; line-height: 22px; font-weight: 600; color: #007a85;\" data-fontsize=\"15px\" data-lineheight=\"22px\">Material del semicuerpo lado aire<\/span><div class=\"last-paragraph-no-margin pofo-text-block-responsive-69f1fad293d43\"><p>&#8211; PP<\/p>\n<\/div>[vc_empty_space height=\u00bb15px\u00bb]<span class=\"text-extra-dark-gray margin-20px-bottom font-weight-600 display-block alt-font heading-style2  vc_custom_1647619182035 pofo-button-responsive-69f1fad293da7  heading-9\"  style=\"font-size: 15px; line-height: 22px; font-weight: 600; color: #007a85;\" data-fontsize=\"15px\" data-lineheight=\"22px\">Materiales de las membranas<\/span><div class=\"last-paragraph-no-margin pofo-text-block-responsive-69f1fad293ddb\"><p>&#8211; Hytrel<br \/>\n&#8211; PTFE<\/p>\n<\/div><\/div><\/div><\/div><\/div><\/div><\/div><\/div><\/section>[\/vc_section][vc_section full_width=\u00bbstretch_row\u00bb css=\u00bb.vc_custom_1646402403007{padding-top: 0px !important;padding-bottom: 0px !important;background-color: #ffffff !important;}\u00bb el_id=\u00bbcontact-section\u00bb]<section id=\"contactprodotti\" class=\"vc_row wpb_row vc_row-fluid  vc_custom_1646402420669 wow fadeIn pofo-row-responsive-69f1fad293e72\"><div class=\"wpb_column vc_column_container vc_col-sm-12  col-xs-mobile-fullwidth\"><div class=\"vc_column-inner \"><div class=\"wpb_wrapper\"><div class=\"vc_row wpb_row vc_inner vc_row-fluid\"><div class=\"wpb_column vc_column_container vc_col-sm-12 vc_col-lg-3 vc_col-md-3 vc_hidden-sm col-xs-mobile-fullwidth\"><div class=\"vc_column-inner \"><div class=\"wpb_wrapper\"><\/div><\/div><\/div><div class=\"wpb_column vc_column_container vc_col-sm-12 vc_col-lg-6 vc_col-md-6 col-xs-mobile-fullwidth text-center md-text-center sm-text-center xs-text-center\"><div class=\"vc_column-inner vc_custom_1646389439216\"><div class=\"wpb_wrapper\"><span class=\"text-extra-dark-gray margin-20px-bottom font-weight-600 display-block alt-font heading-style2  vc_custom_1647619474267  heading-10\"  style=\"font-size: 15px; line-height: 22px; font-weight: 400; color: #007a85;\" data-fontsize=\"15px\" data-lineheight=\"22px\">CONTACTOS<\/span><h2 class=\"text-medium-gray text-small margin-5px-bottom alt-font  pofo_font_1647619483634 heading-style4 pofo-button-responsive-69f1fad294156  heading-11\"  style=\"font-size: 28px; line-height: 32px; font-weight: 600; color: #000000;\" data-fontsize=\"28px\" data-lineheight=\"32px\">Solicita informaci\u00f3n<\/h2><\/div><\/div><\/div><div class=\"wpb_column vc_column_container vc_col-sm-12 vc_col-lg-3 vc_col-md-3 vc_hidden-sm col-xs-mobile-fullwidth\"><div class=\"vc_column-inner \"><div class=\"wpb_wrapper\"><\/div><\/div><\/div><div class=\"wpb_column vc_column_container vc_col-sm-12  col-xs-mobile-fullwidth\"><div class=\"vc_column-inner \"><div class=\"wpb_wrapper\">\n<div class=\"wpcf7 no-js\" id=\"wpcf7-f40448-o1\" lang=\"es-ES\" dir=\"ltr\" data-wpcf7-id=\"40448\">\n<div class=\"screen-reader-response\"><p role=\"status\" aria-live=\"polite\" aria-atomic=\"true\"><\/p> <ul><\/ul><\/div>\n<form action=\"\/es\/wp-json\/wp\/v2\/pages\/49236#wpcf7-f40448-o1\" method=\"post\" class=\"wpcf7-form init\" aria-label=\"Formulario de contacto\" novalidate=\"novalidate\" data-status=\"init\">\n<fieldset class=\"hidden-fields-container\"><input type=\"hidden\" name=\"_wpcf7\" value=\"40448\" \/><input type=\"hidden\" name=\"_wpcf7_version\" value=\"6.1.5\" \/><input type=\"hidden\" name=\"_wpcf7_locale\" value=\"es_ES\" \/><input type=\"hidden\" name=\"_wpcf7_unit_tag\" value=\"wpcf7-f40448-o1\" \/><input type=\"hidden\" name=\"_wpcf7_container_post\" value=\"0\" \/><input type=\"hidden\" name=\"_wpcf7_posted_data_hash\" value=\"\" \/><input type=\"hidden\" name=\"_wpcf7_recaptcha_response\" value=\"\" \/>\n<\/fieldset>\n<div class=\"row\">\n\t<div class=\"col-md-4\">\n\t\t<span class=\"wpcf7-form-control-wrap\" data-name=\"nome\"><input size=\"40\" maxlength=\"400\" class=\"wpcf7-form-control wpcf7-text wpcf7-validates-as-required big-input\" aria-required=\"true\" aria-invalid=\"false\" placeholder=\"Nombre *\" value=\"\" type=\"text\" name=\"nome\" \/><\/span>\n\t<\/div>\n\t<div class=\"col-md-4\">\n\t\t<span class=\"wpcf7-form-control-wrap\" data-name=\"cognome\"><input size=\"40\" maxlength=\"400\" class=\"wpcf7-form-control wpcf7-text wpcf7-validates-as-required big-input\" aria-required=\"true\" aria-invalid=\"false\" placeholder=\"Apellidos *\" value=\"\" type=\"text\" name=\"cognome\" \/><\/span>\n\t<\/div>\n\t<div class=\"col-md-4\">\n\t\t<span class=\"wpcf7-form-control-wrap\" data-name=\"azienda\"><input size=\"40\" maxlength=\"400\" class=\"wpcf7-form-control wpcf7-text wpcf7-validates-as-required big-input\" aria-required=\"true\" aria-invalid=\"false\" placeholder=\"Empresa *\" value=\"\" type=\"text\" name=\"azienda\" \/><\/span>\n\t<\/div>\n\t<div class=\"col-md-4\">\n\t\t<span class=\"wpcf7-form-control-wrap\" data-name=\"provincia\"><input size=\"40\" maxlength=\"400\" class=\"wpcf7-form-control wpcf7-text wpcf7-validates-as-required big-input\" aria-required=\"true\" aria-invalid=\"false\" placeholder=\"Pa\u00eds *\" value=\"\" type=\"text\" name=\"provincia\" \/><\/span>\n\t<\/div>\n\t<div class=\"col-md-4\">\n\t\t<span class=\"wpcf7-form-control-wrap\" data-name=\"telefono\"><input size=\"40\" maxlength=\"400\" class=\"wpcf7-form-control wpcf7-text big-input\" aria-invalid=\"false\" placeholder=\"Tel\u00e9fono\" value=\"\" type=\"text\" name=\"telefono\" \/><\/span>\n\t<\/div>\n\t<div class=\"col-md-4\">\n\t\t<span class=\"wpcf7-form-control-wrap\" data-name=\"email\"><input size=\"40\" maxlength=\"400\" class=\"wpcf7-form-control wpcf7-email wpcf7-validates-as-required wpcf7-text wpcf7-validates-as-email big-input\" aria-required=\"true\" aria-invalid=\"false\" placeholder=\"Email *\" value=\"\" type=\"email\" name=\"email\" \/><\/span>\n\t<\/div>\n\t<div class=\"col-md-12\">\n\t\t<span class=\"wpcf7-form-control-wrap\" data-name=\"messaggio\"><textarea cols=\"40\" rows=\"3\" maxlength=\"2000\" class=\"wpcf7-form-control wpcf7-textarea xs-margin-20px-bottom big-textarea\" aria-invalid=\"false\" placeholder=\"Tu solicitud\" name=\"messaggio\"><\/textarea><\/span>\n\t<\/div>\n\t<div class=\"col-md-12\">\n\t\t<span class=\"wpcf7-form-control-wrap\" data-name=\"opt-in\"><span class=\"wpcf7-form-control wpcf7-acceptance optional\"><span class=\"wpcf7-list-item\"><label><input type=\"checkbox\" name=\"opt-in\" value=\"1\" aria-invalid=\"false\" \/><span class=\"wpcf7-list-item-label\">Quiero suscribirme a vuestra newsletter<\/span><\/label><\/span><\/span><\/span><br>\n\t\t<span class=\"wpcf7-form-control-wrap\" data-name=\"contact-privacy\"><span class=\"wpcf7-form-control wpcf7-acceptance\"><span class=\"wpcf7-list-item\"><label><input type=\"checkbox\" name=\"contact-privacy\" value=\"1\" aria-invalid=\"false\" \/><span class=\"wpcf7-list-item-label\">Acepto vuestra <a href=\"https:\/\/www.iubenda.com\/privacy-policy\/24056032\/legal\" target=\"_blank\">Pol\u00edtica de Privacidad<\/a><\/span><\/label><\/span><\/span><\/span><br>\n\t\t<span class=\"wpcf7-form-control-wrap\" data-name=\"contact-cookie\"><span class=\"wpcf7-form-control wpcf7-acceptance\"><span class=\"wpcf7-list-item\"><label><input type=\"checkbox\" name=\"contact-cookie\" value=\"1\" aria-invalid=\"false\" \/><span class=\"wpcf7-list-item-label\">Acepto vuestra <a href=\"https:\/\/www.iubenda.com\/privacy-policy\/24056032\/cookie-policy\" target=\"_blank\">Pol\u00edtica de Cookie<\/a><\/span><\/label><\/span><\/span><\/span><br>\n\t<\/div>\n\t<div class=\"col-md-12\" style=\"margin-top:20px;\">\n\t\t<input class=\"wpcf7-form-control wpcf7-submit has-spinner btn pofo-button-70 button-style1 btn-dark-gray btn-small\" type=\"submit\" value=\"Enviar\" \/>\n\t<\/div>\n<\/div>\n<input class=\"wpcf7-form-control wpcf7-hidden\" value=\"\" type=\"hidden\" name=\"utm_source\" \/>\n<input class=\"wpcf7-form-control wpcf7-hidden\" value=\"\" type=\"hidden\" name=\"utm_medium\" \/>\n<input class=\"wpcf7-form-control wpcf7-hidden\" value=\"\" type=\"hidden\" name=\"utm_campaign\" \/><div class=\"wpcf7-response-output\" aria-hidden=\"true\"><\/div>\n<\/form>\n<\/div>\n<\/div><\/div><\/div><\/div><\/div><\/div><\/div><\/section>[\/vc_section][vc_section full_width=\u00bbstretch_row\u00bb css=\u00bb.vc_custom_1646404007878{padding-top: 0px !important;padding-bottom: 0px !important;background-color: #f7f7f7 !important;}\u00bb el_id=\u00bbdownload-section\u00bb]<section id=\"documentazione\" class=\"vc_row wpb_row vc_row-fluid  vc_custom_1646309663843 pofo-row-responsive-69f1fad2951de\"><div class=\"wpb_column vc_column_container vc_col-sm-3  col-xs-mobile-fullwidth\"><div class=\"vc_column-inner \"><div class=\"wpb_wrapper\"><\/div><\/div><\/div><div class=\"wpb_column vc_column_container vc_col-sm-6  col-xs-mobile-fullwidth text-center md-text-center sm-text-center xs-text-center pofo-column-responsive-69f1fad2952d9\"><div class=\"vc_column-inner vc_custom_1646211217320\"><div class=\"wpb_wrapper\"><span class=\"text-extra-dark-gray margin-20px-bottom font-weight-600 display-block alt-font heading-style2  vc_custom_1647619494483  heading-12\"  style=\"font-size: 15px; line-height: 22px; font-weight: 400; color: #007a85;\" data-fontsize=\"15px\" data-lineheight=\"22px\">FICHAS T\u00c9CNICAS<\/span><h2 class=\"text-medium-gray text-small margin-5px-bottom alt-font  pofo_font_1647619505787 heading-style4  vc_custom_1647619505787 pofo-button-responsive-69f1fad2953a1  heading-13\"  style=\"font-size: 28px; line-height: 32px; font-weight: 600; color: #000000;\" data-fontsize=\"28px\" data-lineheight=\"32px\">Documentaci\u00f3n<\/h2><\/div><\/div><\/div><div class=\"wpb_column vc_column_container vc_col-sm-3  col-xs-mobile-fullwidth\"><div class=\"vc_column-inner \"><div class=\"wpb_wrapper\"><\/div><\/div><\/div><div class=\"wpb_column vc_column_container vc_col-sm-12  col-xs-mobile-fullwidth text-left md-text-left sm-text-left xs-text-left pofo-column-responsive-69f1fad29541b\"><div class=\"vc_column-inner \"><div class=\"wpb_wrapper\">[vc_raw_html]JTVCd3BkbV9jYXRlZ29yeSUyMGlkJTNEJTIyZXF1YWZsdXgtMjAwJTIyJTIwdG9vbGJhciUzRCUyMjElMjIlMjBpdGVtX3Blcl9wYWdlJTNEJTIyMTAwJTIyJTIwdG9vbGJhciUzRCUyMjAlMjIlMjBwYWdpbmclM0QlMjIwJTIyJTIwdGVtcGxhdGUlM0QlMjJzb3VsZ29vZCUyMiU1RA==[\/vc_raw_html]<\/div><\/div><\/div><\/section>[\/vc_section]<section data-vc-full-width=\"true\" data-vc-full-width-init=\"false\" class=\"vc_row wpb_row vc_row-fluid  vc_custom_1646060879352 cover-background wow fadeIn vc_row-has-fill pofo-stretch-content pofo-stretch-row-container pofo-row-responsive-69f1fad2954a2\"><div class=\"wpb_column vc_column_container vc_col-sm-12 vc_col-md-12 col-xs-mobile-fullwidth text-center\"><div class=\"vc_column-inner \"><div class=\"wpb_wrapper\"><span class=\"text-extra-large margin-25px-bottom vertical-align-middle sm-width-100 display-inline-block alt-font heading-style3  vc_custom_1647619516572 pofo-button-responsive-69f1fad295588  heading-14\"  style=\"color: #ffffff;\">\u00bfTe gustar\u00eda recibir informaci\u00f3n? Cont\u00e1ctenos<\/span><a  href=\"\/es\/contactanos\/\" target=\"_self\" class=\"btn pofo-button-3 button-style2  btn-white  btn-medium   vc_custom_1647619537501 pofo-button-responsive-69f1fad2955c2\"  style=\"color:#ffffff;  border-color:#f8c21c; \">CONT\u00c1CTENOS<\/a><\/div><\/div><\/div><\/section><div class=\"vc_row-full-width vc_clearfix\"><\/div>\n","protected":false},"excerpt":{"rendered":"<p>[vc_section full_width=\u00bbstretch_row\u00bb disable_element=\u00bbyes\u00bb css=\u00bb.vc_custom_1646401529776{padding-top: 0px !important;padding-bottom: 0px !important;background-color: #007a85 !important;}\u00bb][\/vc_section][vc_section full_width=\u00bbstretch_row\u00bb css=\u00bb.vc_custom_1646402392406{padding-top: 0px !important;padding-bottom: 0px !important;background-color: #f7f7f7 !important;}\u00bb el_id=\u00bbtechnical-section\u00bb][\/vc_section][vc_section full_width=\u00bbstretch_row\u00bb css=\u00bb.vc_custom_1646402403007{padding-top: 0px !important;padding-bottom: 0px !important;background-color: #ffffff !important;}\u00bb el_id=\u00bbcontact-section\u00bb][\/vc_section][vc_section full_width=\u00bbstretch_row\u00bb css=\u00bb.vc_custom_1646404007878{padding-top: 0px !important;padding-bottom: 0px !important;background-color: #f7f7f7 !important;}\u00bb el_id=\u00bbdownload-section\u00bb][\/vc_section]<\/p>\n","protected":false},"author":1,"featured_media":0,"parent":49210,"menu_order":0,"comment_status":"closed","ping_status":"closed","template":"","meta":{"footnotes":""},"class_list":["post-49236","page","type-page","status-publish","hentry"],"aioseo_notices":[],"_links":{"self":[{"href":"https:\/\/www.debem.com\/es\/wp-json\/wp\/v2\/pages\/49236","targetHints":{"allow":["GET"]}}],"collection":[{"href":"https:\/\/www.debem.com\/es\/wp-json\/wp\/v2\/pages"}],"about":[{"href":"https:\/\/www.debem.com\/es\/wp-json\/wp\/v2\/types\/page"}],"author":[{"embeddable":true,"href":"https:\/\/www.debem.com\/es\/wp-json\/wp\/v2\/users\/1"}],"replies":[{"embeddable":true,"href":"https:\/\/www.debem.com\/es\/wp-json\/wp\/v2\/comments?post=49236"}],"version-history":[{"count":3,"href":"https:\/\/www.debem.com\/es\/wp-json\/wp\/v2\/pages\/49236\/revisions"}],"predecessor-version":[{"id":49264,"href":"https:\/\/www.debem.com\/es\/wp-json\/wp\/v2\/pages\/49236\/revisions\/49264"}],"up":[{"embeddable":true,"href":"https:\/\/www.debem.com\/es\/wp-json\/wp\/v2\/pages\/49210"}],"wp:attachment":[{"href":"https:\/\/www.debem.com\/es\/wp-json\/wp\/v2\/media?parent=49236"}],"curies":[{"name":"wp","href":"https:\/\/api.w.org\/{rel}","templated":true}]}}