{"id":49210,"date":"2024-05-16T14:19:58","date_gmt":"2024-05-16T14:19:58","guid":{"rendered":"https:\/\/www.debem.com\/?page_id=49210"},"modified":"2024-05-16T14:25:10","modified_gmt":"2024-05-16T14:25:10","slug":"fda-equaflux","status":"publish","type":"page","link":"https:\/\/www.debem.com\/es\/productos\/amortiguadores-de-pulsaciones\/fda-equaflux\/","title":{"rendered":"FDA Equaflux"},"content":{"rendered":"<section class=\"vc_row wpb_row vc_row-fluid  vc_custom_1646061389347 wow fadeIn vc_row-has-fill pofo-row-responsive-69f2a609c3d83\"><div class=\"wpb_column vc_column_container vc_col-sm-12  col-xs-mobile-fullwidth\"><div class=\"vc_column-inner \"><div class=\"wpb_wrapper\">[vc_raw_html el_class=\u00bbsgBreadcrumb\u00bb]JTVCYWlvc2VvX2JyZWFkY3J1bWJzJTVE[\/vc_raw_html]<\/div><\/div><\/div><\/section><section class=\"vc_row wpb_row vc_row-fluid  vc_custom_1646586044934 wow none vc_row-has-fill vc_row-o-equal-height vc_row-o-content-middle vc_row-flex pofo-row-responsive-69f2a609c3ebf\"><div class=\"wpb_column vc_column_container vc_col-sm-6  col-xs-mobile-fullwidth text-left md-text-left sm-text-left xs-text-left pofo-column-responsive-69f2a609c3f80\"><div class=\"vc_column-inner vc_custom_1646062313450\"><div class=\"wpb_wrapper\"><span class=\"text-extra-dark-gray margin-20px-bottom font-weight-600 display-block alt-font text-uppercase heading-style2  vc_custom_1647962283178  heading-1\"  style=\"font-size: 15px; line-height: 22px; font-weight: 400; color: #007a85;\" data-fontsize=\"15px\" data-lineheight=\"22px\">Amortiguadores de pulsaciones<\/span><h1 class=\"text-extra-dark-gray margin-20px-bottom font-weight-600 display-inline-block alt-font  pofo_font_1715869166675 heading-style2  heading-2\"  style=\"font-size: 36px; line-height: 40px; font-weight: 600;\" data-fontsize=\"36px\" data-lineheight=\"40px\">FDA Equaflux<\/h1><div class=\"text-medium line-height-28  vc_custom_1715869113130 last-paragraph-no-margin pofo-text-block-responsive-69f2a609c40ba\" style=\"width: 100%;\"><p>Los amortiguadores de pulsaciones de la SERIE FDA EQUAFLUX son indispensables en aquellas aplicaciones en las que se utilizan bombas neum\u00e1ticas y es necesario garantizar un suministro de l\u00edquido lineal y sin pulsaciones. Gracias a su capacidad de autoadaptaci\u00f3n a las condiciones del sistema son ideales para reducir al m\u00ednimo tanto las pulsaciones como las vibraciones y los golpes de ariete que pueden da\u00f1ar las tuber\u00edas.<\/p>\n<\/div><div class=\"vc_row wpb_row vc_inner vc_row-fluid  vc_custom_1715869120116\"><div class=\"wpb_column vc_column_container vc_col-sm-5 vc_col-xs-6\"><div class=\"vc_column-inner \"><div class=\"wpb_wrapper\"><a class=\"youtube-video-1 btn-medium btn btn-rounded btn-transparent-dark-gray  popup-youtube pofo-button-1\" href=\"https:\/\/www.youtube.com\/watch?v=jCuNRcWgH7w\" style=\"background-color:#007a85;  color:#ffffff;  border-color:#007a85; \">VER VIDEO<\/a><\/div><\/div><\/div><div class=\"wpb_column vc_column_container vc_col-sm-5 vc_col-md-4 vc_col-xs-6\"><div class=\"vc_column-inner \"><div class=\"wpb_wrapper\"><\/div><\/div><\/div><div class=\"wpb_column vc_column_container vc_col-sm-1 vc_hidden-sm vc_hidden-xs col-xs-mobile-fullwidth\"><div class=\"vc_column-inner \"><div class=\"wpb_wrapper\"><\/div><\/div><\/div><\/div><\/div><\/div><\/div><div class=\"wpb_column vc_column_container vc_col-sm-6  col-xs-mobile-fullwidth pofo-column-responsive-69f2a609c4332\"><div class=\"vc_column-inner vc_custom_1646062320440\"><div class=\"wpb_wrapper\">[vc_single_image image=\u00bb48583&#8243; img_size=\u00bbfull\u00bb]<\/div><\/div><\/div><\/section>[vc_section full_width=\u00bbstretch_row\u00bb css=\u00bb.vc_custom_1646304754685{padding-top: 0px !important;padding-bottom: 0px !important;background-color: #ffffff !important;}\u00bb]<section class=\"vc_row wpb_row vc_row-fluid  vc_custom_1646585584599 pofo-row-responsive-69f2a609c43b8\"><div class=\"wpb_column vc_column_container vc_col-sm-3  col-xs-mobile-fullwidth\"><div class=\"vc_column-inner \"><div class=\"wpb_wrapper\"><\/div><\/div><\/div><div class=\"wpb_column vc_column_container vc_col-sm-6  col-xs-mobile-fullwidth text-center md-text-center sm-text-center xs-text-center pofo-column-responsive-69f2a609c44a1\"><div class=\"vc_column-inner \"><div class=\"wpb_wrapper\"><span class=\"text-extra-dark-gray margin-20px-bottom font-weight-600 display-block alt-font heading-style2  vc_custom_1647961949846  heading-3\"  style=\"font-size: 15px; line-height: 22px; font-weight: 400; color: #007a85;\" data-fontsize=\"15px\" data-lineheight=\"22px\">MODELOS<\/span><h2 class=\"text-medium-gray text-small margin-5px-bottom alt-font  pofo_font_1715869176409 heading-style4  vc_custom_1715869176410 pofo-button-responsive-69f2a609c4584  heading-4\"  style=\"font-size: 28px; line-height: 32px; font-weight: 600; color: #000000;\" data-fontsize=\"28px\" data-lineheight=\"32px\">FDA Modelos Equaflux<\/h2><\/div><\/div><\/div><div class=\"wpb_column vc_column_container vc_col-sm-3  col-xs-mobile-fullwidth\"><div class=\"vc_column-inner \"><div class=\"wpb_wrapper\"><\/div><\/div><\/div><\/section><section class=\"vc_row wpb_row vc_row-fluid  vc_custom_1646757097059 vc_column-gap-15 vc_row-o-equal-height vc_row-flex pofo-row-responsive-69f2a609c4603\"><div class=\"wpb_column vc_column_container vc_col-has-fill vc_col-sm-3 vc_col-xs-6 pofo-column-responsive-69f2a609c46bc\"><div class=\"vc_column-inner vc_custom_1646397335050\"><div class=\"wpb_wrapper\"><div class=\"featurebox35 pofo-featurebox featurebox35-1\" ><div class=\"margin-ten-bottom overflow-hidden image-hover-style-1 sm-margin-20px-bottom\"><a class=\"feature-image-link\" href=\"https:\/\/www.debem.com\/es\/productos\/amortiguadores-de-pulsaciones\/fda-equaflux\/fda-equaflux-51\/\"><img loading=\"lazy\" decoding=\"async\" src=\"https:\/\/www.debem.com\/wp-content\/uploads\/2024\/05\/FQ-51-1-1.jpg\" width=\"850\" height=\"800\"  alt=\"FQ-51\" srcset=\"https:\/\/www.debem.com\/wp-content\/uploads\/2024\/05\/FQ-51-1-1.jpg 850w, https:\/\/www.debem.com\/wp-content\/uploads\/2024\/05\/FQ-51-1-1-300x282.jpg 300w, https:\/\/www.debem.com\/wp-content\/uploads\/2024\/05\/FQ-51-1-1-768x723.jpg 768w, https:\/\/www.debem.com\/wp-content\/uploads\/2024\/05\/FQ-51-1-1-819x771.jpg 819w, https:\/\/www.debem.com\/wp-content\/uploads\/2024\/05\/FQ-51-1-1-120x113.jpg 120w, https:\/\/www.debem.com\/wp-content\/uploads\/2024\/05\/FQ-51-1-1-81x76.jpg 81w\" sizes=\"auto, (max-width: 850px) 100vw, 850px\" class=\"icon-image\"\/><\/a><\/div><span class=\"alt-font margin-5px-bottom display-block text-extra-dark-gray font-weight-600 text-small pofo_font_1715869375975\" style=\"font-size: 15px; line-height: 20px; font-weight: 600; color: #000000;\" data-fontsize=\"15px\" data-lineheight=\"20px\"><a class=\"feature-title-link text-extra-dark-gray\" href=\"https:\/\/www.debem.com\/es\/productos\/amortiguadores-de-pulsaciones\/fda-equaflux\/fda-equaflux-51\/\">FDA EQUAFLUX 51<\/a><\/span><div><p>3\/4\u2033 CLAMP (DN 19) \u2013 BS \u2013 British Standard 4825<br \/>\n1\u2033 CLAMP (DN 25) \u2013 BS \u2013 British Standard 4825<\/p>\n<\/div><div class=\"separator-line-horrizontal-medium-light2 bg-extra-light-gray margin-20px-bottom xs-margin-15px-bottom width-100\" style=\"background:#007a85; \"><\/div><a class=\"pofo-info-link alt-font text-extra-dark-gray font-weight-600 text-extra-small\" target=\"_self\" href=\"https:\/\/www.debem.com\/es\/productos\/amortiguadores-de-pulsaciones\/fda-equaflux\/fda-equaflux-51\/\">DESCUBRE<i class=\"fas fa-long-arrow-alt-right margin-5px-left text-deep-pink text-medium position-relative top-2\" aria-hidden=\"true\"><\/i><\/a><\/div><\/div><\/div><\/div><div class=\"wpb_column vc_column_container vc_col-has-fill vc_col-sm-3 vc_col-xs-6 pofo-column-responsive-69f2a609c4a5e\"><div class=\"vc_column-inner vc_custom_1646397368451\"><div class=\"wpb_wrapper\"><div class=\"featurebox35 pofo-featurebox featurebox35-2\" ><div class=\"margin-ten-bottom overflow-hidden image-hover-style-1 sm-margin-20px-bottom\"><a class=\"feature-image-link\" href=\"https:\/\/www.debem.com\/es\/productos\/amortiguadores-de-pulsaciones\/fda-equaflux\/fda-equaflux-100\/\"><img loading=\"lazy\" decoding=\"async\" src=\"https:\/\/www.debem.com\/wp-content\/uploads\/2024\/05\/FQ-100_CLAMP-112-1-1.jpg\" width=\"850\" height=\"800\"  alt=\"FQ-100\" srcset=\"https:\/\/www.debem.com\/wp-content\/uploads\/2024\/05\/FQ-100_CLAMP-112-1-1.jpg 850w, https:\/\/www.debem.com\/wp-content\/uploads\/2024\/05\/FQ-100_CLAMP-112-1-1-300x282.jpg 300w, https:\/\/www.debem.com\/wp-content\/uploads\/2024\/05\/FQ-100_CLAMP-112-1-1-768x723.jpg 768w, https:\/\/www.debem.com\/wp-content\/uploads\/2024\/05\/FQ-100_CLAMP-112-1-1-819x771.jpg 819w, https:\/\/www.debem.com\/wp-content\/uploads\/2024\/05\/FQ-100_CLAMP-112-1-1-120x113.jpg 120w, https:\/\/www.debem.com\/wp-content\/uploads\/2024\/05\/FQ-100_CLAMP-112-1-1-81x76.jpg 81w\" sizes=\"auto, (max-width: 850px) 100vw, 850px\" class=\"icon-image\"\/><\/a><\/div><span class=\"alt-font margin-5px-bottom display-block text-extra-dark-gray font-weight-600 text-small pofo_font_1715869422039\" style=\"font-size: 15px; line-height: 20px; font-weight: 600; color: #000000;\" data-fontsize=\"15px\" data-lineheight=\"20px\"><a class=\"feature-title-link text-extra-dark-gray\" href=\"https:\/\/www.debem.com\/es\/productos\/amortiguadores-de-pulsaciones\/fda-equaflux\/fda-equaflux-100\/\">FDA EQUAFLUX 100<\/a><\/span><div><p>3\/4&#8243; CLAMP (DN 19) &#8211; BS &#8211; British Standard 4825<br \/>\n1&#8243; CLAMP (DN 25) &#8211; BS &#8211; British Standard 4825<br \/>\n1&#8243;1\/2 CLAMP (DN 38) &#8211; BS &#8211; British Standard 4825<\/p>\n<\/div><div class=\"separator-line-horrizontal-medium-light2 bg-extra-light-gray margin-20px-bottom xs-margin-15px-bottom width-100\" style=\"background:#007a85; \"><\/div><a class=\"pofo-info-link alt-font text-extra-dark-gray font-weight-600 text-extra-small\" target=\"_self\" href=\"https:\/\/www.debem.com\/es\/productos\/amortiguadores-de-pulsaciones\/fda-equaflux\/fda-equaflux-100\/\">DESCUBRE<i class=\"fas fa-long-arrow-alt-right margin-5px-left text-deep-pink text-medium position-relative top-2\" aria-hidden=\"true\"><\/i><\/a><\/div><\/div><\/div><\/div><div class=\"wpb_column vc_column_container vc_col-has-fill vc_col-sm-3 vc_col-xs-6 pofo-column-responsive-69f2a609c4d40\"><div class=\"vc_column-inner vc_custom_1646397403401\"><div class=\"wpb_wrapper\"><div class=\"featurebox35 pofo-featurebox featurebox35-3\" ><div class=\"margin-ten-bottom overflow-hidden image-hover-style-1 sm-margin-20px-bottom\"><a class=\"feature-image-link\" href=\"https:\/\/www.debem.com\/es\/productos\/amortiguadores-de-pulsaciones\/fda-equaflux\/fda-equaflux-200\/\"><img loading=\"lazy\" decoding=\"async\" src=\"https:\/\/www.debem.com\/wp-content\/uploads\/2024\/05\/FQ-200_CLAMP-200-1-1.jpg\" width=\"850\" height=\"800\"  alt=\"FQ-200\" srcset=\"https:\/\/www.debem.com\/wp-content\/uploads\/2024\/05\/FQ-200_CLAMP-200-1-1.jpg 850w, https:\/\/www.debem.com\/wp-content\/uploads\/2024\/05\/FQ-200_CLAMP-200-1-1-300x282.jpg 300w, https:\/\/www.debem.com\/wp-content\/uploads\/2024\/05\/FQ-200_CLAMP-200-1-1-768x723.jpg 768w, https:\/\/www.debem.com\/wp-content\/uploads\/2024\/05\/FQ-200_CLAMP-200-1-1-819x771.jpg 819w, https:\/\/www.debem.com\/wp-content\/uploads\/2024\/05\/FQ-200_CLAMP-200-1-1-120x113.jpg 120w, https:\/\/www.debem.com\/wp-content\/uploads\/2024\/05\/FQ-200_CLAMP-200-1-1-81x76.jpg 81w\" sizes=\"auto, (max-width: 850px) 100vw, 850px\" class=\"icon-image\"\/><\/a><\/div><span class=\"alt-font margin-5px-bottom display-block text-extra-dark-gray font-weight-600 text-small pofo_font_1715869470313\" style=\"font-size: 15px; line-height: 20px; font-weight: 600; color: #000000;\" data-fontsize=\"15px\" data-lineheight=\"20px\"><a class=\"feature-title-link text-extra-dark-gray\" href=\"https:\/\/www.debem.com\/es\/productos\/amortiguadores-de-pulsaciones\/fda-equaflux\/fda-equaflux-200\/\">FDA EQUAFLUX 200<\/a><\/span><div><p>1&#8243;1\/2 CLAMP (DN 38) &#8211; BS &#8211; British Standard 4825<br \/>\n1&#8243;1\/4 CLAMP (ISO 2852)<br \/>\n2&#8243; CLAMP (DN 50) &#8211; BS &#8211; British Standard 4825<\/p>\n<\/div><div class=\"separator-line-horrizontal-medium-light2 bg-extra-light-gray margin-20px-bottom xs-margin-15px-bottom width-100\" style=\"background:#007a85; \"><\/div><a class=\"pofo-info-link alt-font text-extra-dark-gray font-weight-600 text-extra-small\" target=\"_self\" href=\"https:\/\/www.debem.com\/es\/productos\/amortiguadores-de-pulsaciones\/fda-equaflux\/fda-equaflux-200\/\">DESCUBRE<i class=\"fas fa-long-arrow-alt-right margin-5px-left text-deep-pink text-medium position-relative top-2\" aria-hidden=\"true\"><\/i><\/a><\/div><\/div><\/div><\/div><div class=\"wpb_column vc_column_container vc_col-has-fill vc_col-sm-3 vc_col-xs-6 pofo-column-responsive-69f2a609c502e\"><div class=\"vc_column-inner vc_custom_1646397432508\"><div class=\"wpb_wrapper\"><div class=\"featurebox35 pofo-featurebox featurebox35-4\" ><div class=\"margin-ten-bottom overflow-hidden image-hover-style-1 sm-margin-20px-bottom\"><a class=\"feature-image-link\" href=\"https:\/\/www.debem.com\/es\/productos\/amortiguadores-de-pulsaciones\/fda-equaflux\/fda-equaflux-302\/\"><img loading=\"lazy\" decoding=\"async\" src=\"https:\/\/www.debem.com\/wp-content\/uploads\/2024\/05\/FQ-320-1-1.jpg\" width=\"850\" height=\"800\"  alt=\"FQ-320\" srcset=\"https:\/\/www.debem.com\/wp-content\/uploads\/2024\/05\/FQ-320-1-1.jpg 850w, https:\/\/www.debem.com\/wp-content\/uploads\/2024\/05\/FQ-320-1-1-300x282.jpg 300w, https:\/\/www.debem.com\/wp-content\/uploads\/2024\/05\/FQ-320-1-1-768x723.jpg 768w, https:\/\/www.debem.com\/wp-content\/uploads\/2024\/05\/FQ-320-1-1-819x771.jpg 819w, https:\/\/www.debem.com\/wp-content\/uploads\/2024\/05\/FQ-320-1-1-120x113.jpg 120w, https:\/\/www.debem.com\/wp-content\/uploads\/2024\/05\/FQ-320-1-1-81x76.jpg 81w\" sizes=\"auto, (max-width: 850px) 100vw, 850px\" class=\"icon-image\"\/><\/a><\/div><span class=\"alt-font margin-5px-bottom display-block text-extra-dark-gray font-weight-600 text-small pofo_font_1715869508390\" style=\"font-size: 15px; line-height: 20px; font-weight: 600; color: #000000;\" data-fontsize=\"15px\" data-lineheight=\"20px\"><a class=\"feature-title-link text-extra-dark-gray\" href=\"https:\/\/www.debem.com\/es\/productos\/amortiguadores-de-pulsaciones\/fda-equaflux\/fda-equaflux-302\/\">FDA EQUAFLUX 302<\/a><\/span><div><p>2&#8243;1\/2 CLAMP (DN 63) &#8211; BS &#8211; British Standard 4825<\/p>\n<\/div><div class=\"separator-line-horrizontal-medium-light2 bg-extra-light-gray margin-20px-bottom xs-margin-15px-bottom width-100\" style=\"background:#007a85; \"><\/div><a class=\"pofo-info-link alt-font text-extra-dark-gray font-weight-600 text-extra-small\" target=\"_self\" href=\"https:\/\/www.debem.com\/es\/productos\/amortiguadores-de-pulsaciones\/fda-equaflux\/fda-equaflux-302\/\">DESCUBRE<i class=\"fas fa-long-arrow-alt-right margin-5px-left text-deep-pink text-medium position-relative top-2\" aria-hidden=\"true\"><\/i><\/a><\/div><\/div><\/div><\/div><\/section>[\/vc_section][vc_section full_width=\u00bbstretch_row\u00bb css=\u00bb.vc_custom_1646566673677{padding-top: 0px !important;padding-bottom: 0px !important;background-color: #f7f7f7 !important;}\u00bb]<section id=\"contactprodotti\" class=\"vc_row wpb_row vc_row-fluid  vc_custom_1646566791665 wow fadeIn vc_row-has-fill pofo-row-responsive-69f2a609c5318\"><div class=\"wpb_column vc_column_container vc_col-sm-12  col-xs-mobile-fullwidth\"><div class=\"vc_column-inner \"><div class=\"wpb_wrapper\"><div class=\"vc_row wpb_row vc_inner vc_row-fluid\"><div class=\"wpb_column vc_column_container vc_col-sm-12 vc_col-lg-3 vc_col-md-3 vc_hidden-sm col-xs-mobile-fullwidth\"><div class=\"vc_column-inner \"><div class=\"wpb_wrapper\"><\/div><\/div><\/div><div class=\"wpb_column vc_column_container vc_col-sm-12 vc_col-lg-6 vc_col-md-6 col-xs-mobile-fullwidth text-center md-text-center sm-text-left xs-text-left\"><div class=\"vc_column-inner vc_custom_1646059839106\"><div class=\"wpb_wrapper\"><span class=\"text-extra-dark-gray margin-20px-bottom font-weight-600 display-block alt-font heading-style2  vc_custom_1647962073808  heading-5\"  style=\"font-size: 15px; line-height: 22px; font-weight: 400; color: #007a85;\" data-fontsize=\"15px\" data-lineheight=\"22px\">CONTACTOS<\/span><h2 class=\"text-medium-gray text-small margin-5px-bottom alt-font  pofo_font_1647962081409 heading-style4 pofo-button-responsive-69f2a609c5600  heading-6\"  style=\"font-size: 28px; line-height: 32px; font-weight: 600; color: #000000;\" data-fontsize=\"28px\" data-lineheight=\"32px\">Solicita informaci\u00f3n<\/h2><\/div><\/div><\/div><div class=\"wpb_column vc_column_container vc_col-sm-12 vc_col-lg-3 vc_col-md-3 vc_hidden-sm col-xs-mobile-fullwidth\"><div class=\"vc_column-inner \"><div class=\"wpb_wrapper\"><\/div><\/div><\/div><div class=\"wpb_column vc_column_container vc_col-sm-12  col-xs-mobile-fullwidth\"><div class=\"vc_column-inner \"><div class=\"wpb_wrapper\">\n<div class=\"wpcf7 no-js\" id=\"wpcf7-f40448-o1\" lang=\"es-ES\" dir=\"ltr\" data-wpcf7-id=\"40448\">\n<div class=\"screen-reader-response\"><p role=\"status\" aria-live=\"polite\" aria-atomic=\"true\"><\/p> <ul><\/ul><\/div>\n<form action=\"\/es\/wp-json\/wp\/v2\/pages\/49210#wpcf7-f40448-o1\" method=\"post\" class=\"wpcf7-form init\" aria-label=\"Formulario de contacto\" novalidate=\"novalidate\" data-status=\"init\">\n<fieldset class=\"hidden-fields-container\"><input type=\"hidden\" name=\"_wpcf7\" value=\"40448\" \/><input type=\"hidden\" name=\"_wpcf7_version\" value=\"6.1.5\" \/><input type=\"hidden\" name=\"_wpcf7_locale\" value=\"es_ES\" \/><input type=\"hidden\" name=\"_wpcf7_unit_tag\" value=\"wpcf7-f40448-o1\" \/><input type=\"hidden\" name=\"_wpcf7_container_post\" value=\"0\" \/><input type=\"hidden\" name=\"_wpcf7_posted_data_hash\" value=\"\" \/><input type=\"hidden\" name=\"_wpcf7_recaptcha_response\" value=\"\" \/>\n<\/fieldset>\n<div class=\"row\">\n\t<div class=\"col-md-4\">\n\t\t<span class=\"wpcf7-form-control-wrap\" data-name=\"nome\"><input size=\"40\" maxlength=\"400\" class=\"wpcf7-form-control wpcf7-text wpcf7-validates-as-required big-input\" aria-required=\"true\" aria-invalid=\"false\" placeholder=\"Nombre *\" value=\"\" type=\"text\" name=\"nome\" \/><\/span>\n\t<\/div>\n\t<div class=\"col-md-4\">\n\t\t<span class=\"wpcf7-form-control-wrap\" data-name=\"cognome\"><input size=\"40\" maxlength=\"400\" class=\"wpcf7-form-control wpcf7-text wpcf7-validates-as-required big-input\" aria-required=\"true\" aria-invalid=\"false\" placeholder=\"Apellidos *\" value=\"\" type=\"text\" name=\"cognome\" \/><\/span>\n\t<\/div>\n\t<div class=\"col-md-4\">\n\t\t<span class=\"wpcf7-form-control-wrap\" data-name=\"azienda\"><input size=\"40\" maxlength=\"400\" class=\"wpcf7-form-control wpcf7-text wpcf7-validates-as-required big-input\" aria-required=\"true\" aria-invalid=\"false\" placeholder=\"Empresa *\" value=\"\" type=\"text\" name=\"azienda\" \/><\/span>\n\t<\/div>\n\t<div class=\"col-md-4\">\n\t\t<span class=\"wpcf7-form-control-wrap\" data-name=\"provincia\"><input size=\"40\" maxlength=\"400\" class=\"wpcf7-form-control wpcf7-text wpcf7-validates-as-required big-input\" aria-required=\"true\" aria-invalid=\"false\" placeholder=\"Pa\u00eds *\" value=\"\" type=\"text\" name=\"provincia\" \/><\/span>\n\t<\/div>\n\t<div class=\"col-md-4\">\n\t\t<span class=\"wpcf7-form-control-wrap\" data-name=\"telefono\"><input size=\"40\" maxlength=\"400\" class=\"wpcf7-form-control wpcf7-text big-input\" aria-invalid=\"false\" placeholder=\"Tel\u00e9fono\" value=\"\" type=\"text\" name=\"telefono\" \/><\/span>\n\t<\/div>\n\t<div class=\"col-md-4\">\n\t\t<span class=\"wpcf7-form-control-wrap\" data-name=\"email\"><input size=\"40\" maxlength=\"400\" class=\"wpcf7-form-control wpcf7-email wpcf7-validates-as-required wpcf7-text wpcf7-validates-as-email big-input\" aria-required=\"true\" aria-invalid=\"false\" placeholder=\"Email *\" value=\"\" type=\"email\" name=\"email\" \/><\/span>\n\t<\/div>\n\t<div class=\"col-md-12\">\n\t\t<span class=\"wpcf7-form-control-wrap\" data-name=\"messaggio\"><textarea cols=\"40\" rows=\"3\" maxlength=\"2000\" class=\"wpcf7-form-control wpcf7-textarea xs-margin-20px-bottom big-textarea\" aria-invalid=\"false\" placeholder=\"Tu solicitud\" name=\"messaggio\"><\/textarea><\/span>\n\t<\/div>\n\t<div class=\"col-md-12\">\n\t\t<span class=\"wpcf7-form-control-wrap\" data-name=\"opt-in\"><span class=\"wpcf7-form-control wpcf7-acceptance optional\"><span class=\"wpcf7-list-item\"><label><input type=\"checkbox\" name=\"opt-in\" value=\"1\" aria-invalid=\"false\" \/><span class=\"wpcf7-list-item-label\">Quiero suscribirme a vuestra newsletter<\/span><\/label><\/span><\/span><\/span><br>\n\t\t<span class=\"wpcf7-form-control-wrap\" data-name=\"contact-privacy\"><span class=\"wpcf7-form-control wpcf7-acceptance\"><span class=\"wpcf7-list-item\"><label><input type=\"checkbox\" name=\"contact-privacy\" value=\"1\" aria-invalid=\"false\" \/><span class=\"wpcf7-list-item-label\">Acepto vuestra <a href=\"https:\/\/www.iubenda.com\/privacy-policy\/24056032\/legal\" target=\"_blank\">Pol\u00edtica de Privacidad<\/a><\/span><\/label><\/span><\/span><\/span><br>\n\t\t<span class=\"wpcf7-form-control-wrap\" data-name=\"contact-cookie\"><span class=\"wpcf7-form-control wpcf7-acceptance\"><span class=\"wpcf7-list-item\"><label><input type=\"checkbox\" name=\"contact-cookie\" value=\"1\" aria-invalid=\"false\" \/><span class=\"wpcf7-list-item-label\">Acepto vuestra <a href=\"https:\/\/www.iubenda.com\/privacy-policy\/24056032\/cookie-policy\" target=\"_blank\">Pol\u00edtica de Cookie<\/a><\/span><\/label><\/span><\/span><\/span><br>\n\t<\/div>\n\t<div class=\"col-md-12\" style=\"margin-top:20px;\">\n\t\t<input class=\"wpcf7-form-control wpcf7-submit has-spinner btn pofo-button-70 button-style1 btn-dark-gray btn-small\" type=\"submit\" value=\"Enviar\" \/>\n\t<\/div>\n<\/div>\n<input class=\"wpcf7-form-control wpcf7-hidden\" value=\"\" type=\"hidden\" name=\"utm_source\" \/>\n<input class=\"wpcf7-form-control wpcf7-hidden\" value=\"\" type=\"hidden\" name=\"utm_medium\" \/>\n<input class=\"wpcf7-form-control wpcf7-hidden\" value=\"\" type=\"hidden\" name=\"utm_campaign\" \/><div class=\"wpcf7-response-output\" aria-hidden=\"true\"><\/div>\n<\/form>\n<\/div>\n<\/div><\/div><\/div><\/div><\/div><\/div><\/div><\/section>[\/vc_section]<section data-vc-full-width=\"true\" data-vc-full-width-init=\"false\" class=\"vc_row wpb_row vc_row-fluid  vc_custom_1646060879352 cover-background wow fadeIn vc_row-has-fill pofo-stretch-content pofo-stretch-row-container pofo-row-responsive-69f2a609c668d\"><div class=\"wpb_column vc_column_container vc_col-sm-12 vc_col-md-12 col-xs-mobile-fullwidth text-center\"><div class=\"vc_column-inner \"><div class=\"wpb_wrapper\"><span class=\"text-extra-large margin-25px-bottom vertical-align-middle sm-width-100 display-inline-block alt-font heading-style3  vc_custom_1647962131012 pofo-button-responsive-69f2a609c67f8  heading-7\"  style=\"color: #ffffff;\">\u00bfTe gustar\u00eda recibir informaci\u00f3n? Cont\u00e1ctenos<\/span><a  href=\"\/es\/contactanos\/\" target=\"_self\" class=\"btn pofo-button-2 button-style2  btn-white  btn-medium   vc_custom_1647962145078 pofo-button-responsive-69f2a609c683b\"  style=\"color:#ffffff;  border-color:#f8c21c; \">CONT\u00c1CTENOS<\/a><\/div><\/div><\/div><\/section><div class=\"vc_row-full-width vc_clearfix\"><\/div>\n","protected":false},"excerpt":{"rendered":"<p>[vc_section full_width=\u00bbstretch_row\u00bb css=\u00bb.vc_custom_1646304754685{padding-top: 0px !important;padding-bottom: 0px !important;background-color: #ffffff !important;}\u00bb][\/vc_section][vc_section full_width=\u00bbstretch_row\u00bb css=\u00bb.vc_custom_1646566673677{padding-top: 0px !important;padding-bottom: 0px !important;background-color: #f7f7f7 !important;}\u00bb][\/vc_section]<\/p>\n","protected":false},"author":1,"featured_media":0,"parent":39469,"menu_order":0,"comment_status":"closed","ping_status":"closed","template":"","meta":{"footnotes":""},"class_list":["post-49210","page","type-page","status-publish","hentry"],"aioseo_notices":[],"_links":{"self":[{"href":"https:\/\/www.debem.com\/es\/wp-json\/wp\/v2\/pages\/49210","targetHints":{"allow":["GET"]}}],"collection":[{"href":"https:\/\/www.debem.com\/es\/wp-json\/wp\/v2\/pages"}],"about":[{"href":"https:\/\/www.debem.com\/es\/wp-json\/wp\/v2\/types\/page"}],"author":[{"embeddable":true,"href":"https:\/\/www.debem.com\/es\/wp-json\/wp\/v2\/users\/1"}],"replies":[{"embeddable":true,"href":"https:\/\/www.debem.com\/es\/wp-json\/wp\/v2\/comments?post=49210"}],"version-history":[{"count":6,"href":"https:\/\/www.debem.com\/es\/wp-json\/wp\/v2\/pages\/49210\/revisions"}],"predecessor-version":[{"id":49268,"href":"https:\/\/www.debem.com\/es\/wp-json\/wp\/v2\/pages\/49210\/revisions\/49268"}],"up":[{"embeddable":true,"href":"https:\/\/www.debem.com\/es\/wp-json\/wp\/v2\/pages\/39469"}],"wp:attachment":[{"href":"https:\/\/www.debem.com\/es\/wp-json\/wp\/v2\/media?parent=49210"}],"curies":[{"name":"wp","href":"https:\/\/api.w.org\/{rel}","templated":true}]}}