{"id":42359,"date":"2022-03-29T12:38:23","date_gmt":"2022-03-29T12:38:23","guid":{"rendered":"https:\/\/www.debem.com\/?page_id=42359"},"modified":"2026-02-17T13:44:40","modified_gmt":"2026-02-17T13:44:40","slug":"debem-yamaha-motogp","status":"publish","type":"page","link":"https:\/\/www.debem.com\/es\/debem-yamaha-motogp\/","title":{"rendered":"Debem &#038; Yamaha Motogp"},"content":{"rendered":"<section class=\"vc_row wpb_row vc_row-fluid  vc_custom_1646061389347 wow fadeIn vc_row-has-fill pofo-row-responsive-69f22bd307665\"><div class=\"wpb_column vc_column_container vc_col-sm-12  col-xs-mobile-fullwidth\"><div class=\"vc_column-inner \"><div class=\"wpb_wrapper\">[vc_raw_html el_class=\u00bbsgBreadcrumb\u00bb]JTVCYWlvc2VvX2JyZWFkY3J1bWJzJTVE[\/vc_raw_html]<\/div><\/div><\/div><\/section><section class=\"vc_row wpb_row vc_row-fluid  vc_custom_1646326654529 wow none vc_row-has-fill vc_row-o-equal-height vc_row-o-content-middle vc_row-flex pofo-row-responsive-69f22bd3077bb\"><div class=\"wpb_column vc_column_container vc_col-sm-3  col-xs-mobile-fullwidth pofo-column-responsive-69f22bd307873\"><div class=\"vc_column-inner vc_custom_1646307268097\"><div class=\"wpb_wrapper\"><\/div><\/div><\/div><div class=\"wpb_column vc_column_container vc_col-sm-6  col-xs-mobile-fullwidth text-center md-text-center sm-text-left xs-text-left pofo-column-responsive-69f22bd3078ca\"><div class=\"vc_column-inner vc_custom_1646321329323\"><div class=\"wpb_wrapper\">[vc_single_image image=\u00bb52720&#8243; img_size=\u00bbfull\u00bb alignment=\u00bbcenter\u00bb css=\u00bb.vc_custom_1769783910320{margin-bottom: 30px !important;}\u00bb]<span class=\"text-extra-dark-gray margin-20px-bottom font-weight-600 display-block alt-font text-uppercase heading-style2  vc_custom_1648130439081  heading-1\"  style=\"font-size: 15px; line-height: 22px; font-weight: 400; color: #007a85;\" data-fontsize=\"15px\" data-lineheight=\"22px\">Official Sponsor<\/span><h1 class=\"text-extra-dark-gray margin-20px-bottom font-weight-600 display-inline-block alt-font  pofo_font_1648130276048 heading-style2  heading-2\"  style=\"font-size: 36px; line-height: 40px; font-weight: 600;\" data-fontsize=\"36px\" data-lineheight=\"40px\">Debem &amp; Yamaha MotoGP<\/h1><div class=\"text-medium line-height-28 last-paragraph-no-margin\"><p><span data-olk-copy-source=\"MessageBody\">Debem S.r.l. ha elegido convertirse en Official Sponsor de Monster Energy Yamaha MotoGP. Debem se enorgullece de formar parte del equipo Campe\u00f3n del Mundo de MotoGP, compartiendo valores fundamentales como el rendimiento, la tecnolog\u00eda, la precisi\u00f3n y la eficiencia.<\/span><\/p>\n<\/div><\/div><\/div><\/div><div class=\"wpb_column vc_column_container vc_col-sm-3  col-xs-mobile-fullwidth\"><div class=\"vc_column-inner \"><div class=\"wpb_wrapper\"><\/div><\/div><\/div><\/section>[vc_section full_width=\u00bbstretch_row\u00bb css=\u00bb.vc_custom_1646318052105{padding-top: 0px !important;padding-bottom: 0px !important;background-color: #f7f7f7 !important;}\u00bb]<section data-vc-full-width=\"true\" data-vc-full-width-init=\"false\" data-vc-stretch-content=\"true\" class=\"vc_row wpb_row vc_row-fluid  vc_custom_1646321359378 wow fadeIn pofo-stretch-content vc_row-o-equal-height vc_row-o-content-middle vc_row-flex\"><div class=\"wpb_column vc_column_container vc_col-has-fill position-relative vc_col-sm-12 vc_col-md-6 vc_col-xs-12 wow none pofo-column-responsive-69f22bd307b96\"><div class=\"vc_column-inner cover-background bg-position-center-top vc_custom_1648829642442\"><div class=\"wpb_wrapper\"><\/div><\/div><\/div><div class=\"wpb_column vc_column_container vc_col-sm-12 vc_col-md-6 vc_col-xs-12 wow none sm-text-left xs-text-left\"><div class=\"vc_column-inner \"><div class=\"wpb_wrapper\"><div class=\"vc_row wpb_row vc_inner vc_row-fluid  vc_custom_1648133863377 pofo-inner-row-responsive-69f22bd307ca7\"><div class=\"wpb_column vc_column_container vc_col-sm-12  col-xs-mobile-fullwidth\"><div class=\"vc_column-inner \"><div class=\"wpb_wrapper\"><span class=\"text-extra-dark-gray margin-20px-bottom font-weight-600 display-block alt-font text-uppercase heading-style2  vc_custom_1648130475782  heading-3\"  style=\"font-size: 15px; line-height: 22px; font-weight: 400; color: #007a85;\" data-fontsize=\"15px\" data-lineheight=\"22px\">OFFICIAL SPONSOR<\/span><h2 class=\"text-medium-gray text-small margin-5px-bottom alt-font  pofo_font_1696508705051 heading-style4  vc_custom_1696508705052 pofo-button-responsive-69f22bd307e20  heading-4\"  style=\"font-size: 28px; line-height: 32px; font-weight: 600; color: #000000;\" data-fontsize=\"28px\" data-lineheight=\"32px\">Officially engaged with performance<\/h2><div class=\"text-medium line-height-28  vc_custom_1771335873129 last-paragraph-no-margin pofo-text-block-responsive-69f22bd307e51\" style=\"width: 95%;\"><p>Nuestro presidente, <strong>Marco De Bernardi<\/strong>, ilustra las razones que llevaron a Debem a esta elecci\u00f3n:<\/p>\n<p>\u201cLa idea de una conexi\u00f3n entre Debem y Monster Energy Yamaha MotoGP es el ep\u00edtome de nuestros objetivos comunes, compartiendo valores fundamentales como el rendimiento, la tecnolog\u00eda, la precisi\u00f3n y la eficiencia. Valores en los que el equipo Yamaha MotoGP basa su \u00e9xito en la actividad deportiva, como demuestra el t\u00edtulo mundial, uno de sus muchos \u00e9xitos recientes. Nuestra obsesi\u00f3n por la investigaci\u00f3n y desarrollo de nuevas soluciones en el sector industrial, unida a la extensi\u00f3n mundial de nuestro mercado, se conjugan a la perfecci\u00f3n con la imagen evolucionada, din\u00e1mica y ganadora de Yamaha Factory Racing\u201d.<\/p>\n<p><span data-olk-copy-source=\"MessageBody\">El contrato trienal, que une a Debem con el equipo Monster Energy Yamaha MotoGP, representa una clara declaraci\u00f3n de intenciones sobre c\u00f3mo la empresa se proyecta hacia los retos del futuro.<\/span><\/p>\n<\/div><\/div><\/div><\/div><\/div><\/div><\/div><\/div><\/section><div class=\"vc_row-full-width vc_clearfix\"><\/div>[\/vc_section][vc_section full_width=\u00bbstretch_row\u00bb css=\u00bb.vc_custom_1646321529640{padding-top: 0px !important;padding-bottom: 0px !important;background-color: #ffffff !important;}\u00bb]<section id=\"contactprodotti\" class=\"vc_row wpb_row vc_row-fluid  vc_custom_1646321427090 wow fadeIn vc_row-has-fill pofo-row-responsive-69f22bd307ed6\"><div class=\"wpb_column vc_column_container vc_col-sm-12  col-xs-mobile-fullwidth\"><div class=\"vc_column-inner \"><div class=\"wpb_wrapper\"><div class=\"vc_row wpb_row vc_inner vc_row-fluid\"><div class=\"wpb_column vc_column_container vc_col-sm-12 vc_col-lg-3 vc_col-md-3 vc_hidden-sm col-xs-mobile-fullwidth\"><div class=\"vc_column-inner \"><div class=\"wpb_wrapper\"><\/div><\/div><\/div><div class=\"wpb_column vc_column_container vc_col-sm-12 vc_col-lg-6 vc_col-md-6 col-xs-mobile-fullwidth text-center md-text-center sm-text-left xs-text-left\"><div class=\"vc_column-inner vc_custom_1646059839106\"><div class=\"wpb_wrapper\"><span class=\"text-extra-dark-gray margin-20px-bottom font-weight-600 display-block alt-font text-uppercase heading-style2  vc_custom_1648557431022  heading-5\"  style=\"font-size: 15px; line-height: 22px; font-weight: 400; color: #007a85;\" data-fontsize=\"15px\" data-lineheight=\"22px\">CONTACTOS<\/span><h2 class=\"text-medium-gray text-small margin-5px-bottom alt-font  pofo_font_1648557435464 heading-style4 pofo-button-responsive-69f22bd3081fc  heading-6\"  style=\"font-size: 28px; line-height: 32px; font-weight: 600; color: #000000;\" data-fontsize=\"28px\" data-lineheight=\"32px\">Solicita informaci\u00f3n<\/h2><\/div><\/div><\/div><div class=\"wpb_column vc_column_container vc_col-sm-12 vc_col-lg-3 vc_col-md-3 vc_hidden-sm col-xs-mobile-fullwidth\"><div class=\"vc_column-inner \"><div class=\"wpb_wrapper\"><\/div><\/div><\/div><div class=\"wpb_column vc_column_container vc_col-sm-12  col-xs-mobile-fullwidth\"><div class=\"vc_column-inner \"><div class=\"wpb_wrapper\">\n<div class=\"wpcf7 no-js\" id=\"wpcf7-f40448-o1\" lang=\"es-ES\" dir=\"ltr\" data-wpcf7-id=\"40448\">\n<div class=\"screen-reader-response\"><p role=\"status\" aria-live=\"polite\" aria-atomic=\"true\"><\/p> <ul><\/ul><\/div>\n<form action=\"\/es\/wp-json\/wp\/v2\/pages\/42359#wpcf7-f40448-o1\" method=\"post\" class=\"wpcf7-form init\" aria-label=\"Formulario de contacto\" novalidate=\"novalidate\" data-status=\"init\">\n<fieldset class=\"hidden-fields-container\"><input type=\"hidden\" name=\"_wpcf7\" value=\"40448\" \/><input type=\"hidden\" name=\"_wpcf7_version\" value=\"6.1.5\" \/><input type=\"hidden\" name=\"_wpcf7_locale\" value=\"es_ES\" \/><input type=\"hidden\" name=\"_wpcf7_unit_tag\" value=\"wpcf7-f40448-o1\" \/><input type=\"hidden\" name=\"_wpcf7_container_post\" value=\"0\" \/><input type=\"hidden\" name=\"_wpcf7_posted_data_hash\" value=\"\" \/><input type=\"hidden\" name=\"_wpcf7_recaptcha_response\" value=\"\" \/>\n<\/fieldset>\n<div class=\"row\">\n\t<div class=\"col-md-4\">\n\t\t<span class=\"wpcf7-form-control-wrap\" data-name=\"nome\"><input size=\"40\" maxlength=\"400\" class=\"wpcf7-form-control wpcf7-text wpcf7-validates-as-required big-input\" aria-required=\"true\" aria-invalid=\"false\" placeholder=\"Nombre *\" value=\"\" type=\"text\" name=\"nome\" \/><\/span>\n\t<\/div>\n\t<div class=\"col-md-4\">\n\t\t<span class=\"wpcf7-form-control-wrap\" data-name=\"cognome\"><input size=\"40\" maxlength=\"400\" class=\"wpcf7-form-control wpcf7-text wpcf7-validates-as-required big-input\" aria-required=\"true\" aria-invalid=\"false\" placeholder=\"Apellidos *\" value=\"\" type=\"text\" name=\"cognome\" \/><\/span>\n\t<\/div>\n\t<div class=\"col-md-4\">\n\t\t<span class=\"wpcf7-form-control-wrap\" data-name=\"azienda\"><input size=\"40\" maxlength=\"400\" class=\"wpcf7-form-control wpcf7-text wpcf7-validates-as-required big-input\" aria-required=\"true\" aria-invalid=\"false\" placeholder=\"Empresa *\" value=\"\" type=\"text\" name=\"azienda\" \/><\/span>\n\t<\/div>\n\t<div class=\"col-md-4\">\n\t\t<span class=\"wpcf7-form-control-wrap\" data-name=\"provincia\"><input size=\"40\" maxlength=\"400\" class=\"wpcf7-form-control wpcf7-text wpcf7-validates-as-required big-input\" aria-required=\"true\" aria-invalid=\"false\" placeholder=\"Pa\u00eds *\" value=\"\" type=\"text\" name=\"provincia\" \/><\/span>\n\t<\/div>\n\t<div class=\"col-md-4\">\n\t\t<span class=\"wpcf7-form-control-wrap\" data-name=\"telefono\"><input size=\"40\" maxlength=\"400\" class=\"wpcf7-form-control wpcf7-text big-input\" aria-invalid=\"false\" placeholder=\"Tel\u00e9fono\" value=\"\" type=\"text\" name=\"telefono\" \/><\/span>\n\t<\/div>\n\t<div class=\"col-md-4\">\n\t\t<span class=\"wpcf7-form-control-wrap\" data-name=\"email\"><input size=\"40\" maxlength=\"400\" class=\"wpcf7-form-control wpcf7-email wpcf7-validates-as-required wpcf7-text wpcf7-validates-as-email big-input\" aria-required=\"true\" aria-invalid=\"false\" placeholder=\"Email *\" value=\"\" type=\"email\" name=\"email\" \/><\/span>\n\t<\/div>\n\t<div class=\"col-md-12\">\n\t\t<span class=\"wpcf7-form-control-wrap\" data-name=\"messaggio\"><textarea cols=\"40\" rows=\"3\" maxlength=\"2000\" class=\"wpcf7-form-control wpcf7-textarea xs-margin-20px-bottom big-textarea\" aria-invalid=\"false\" placeholder=\"Tu solicitud\" name=\"messaggio\"><\/textarea><\/span>\n\t<\/div>\n\t<div class=\"col-md-12\">\n\t\t<span class=\"wpcf7-form-control-wrap\" data-name=\"opt-in\"><span class=\"wpcf7-form-control wpcf7-acceptance optional\"><span class=\"wpcf7-list-item\"><label><input type=\"checkbox\" name=\"opt-in\" value=\"1\" aria-invalid=\"false\" \/><span class=\"wpcf7-list-item-label\">Quiero suscribirme a vuestra newsletter<\/span><\/label><\/span><\/span><\/span><br>\n\t\t<span class=\"wpcf7-form-control-wrap\" data-name=\"contact-privacy\"><span class=\"wpcf7-form-control wpcf7-acceptance\"><span class=\"wpcf7-list-item\"><label><input type=\"checkbox\" name=\"contact-privacy\" value=\"1\" aria-invalid=\"false\" \/><span class=\"wpcf7-list-item-label\">Acepto vuestra <a href=\"https:\/\/www.iubenda.com\/privacy-policy\/24056032\/legal\" target=\"_blank\">Pol\u00edtica de Privacidad<\/a><\/span><\/label><\/span><\/span><\/span><br>\n\t\t<span class=\"wpcf7-form-control-wrap\" data-name=\"contact-cookie\"><span class=\"wpcf7-form-control wpcf7-acceptance\"><span class=\"wpcf7-list-item\"><label><input type=\"checkbox\" name=\"contact-cookie\" value=\"1\" aria-invalid=\"false\" \/><span class=\"wpcf7-list-item-label\">Acepto vuestra <a href=\"https:\/\/www.iubenda.com\/privacy-policy\/24056032\/cookie-policy\" target=\"_blank\">Pol\u00edtica de Cookie<\/a><\/span><\/label><\/span><\/span><\/span><br>\n\t<\/div>\n\t<div class=\"col-md-12\" style=\"margin-top:20px;\">\n\t\t<input class=\"wpcf7-form-control wpcf7-submit has-spinner btn pofo-button-70 button-style1 btn-dark-gray btn-small\" type=\"submit\" value=\"Enviar\" \/>\n\t<\/div>\n<\/div>\n<input class=\"wpcf7-form-control wpcf7-hidden\" value=\"\" type=\"hidden\" name=\"utm_source\" \/>\n<input class=\"wpcf7-form-control wpcf7-hidden\" value=\"\" type=\"hidden\" name=\"utm_medium\" \/>\n<input class=\"wpcf7-form-control wpcf7-hidden\" value=\"\" type=\"hidden\" name=\"utm_campaign\" \/><div class=\"wpcf7-response-output\" aria-hidden=\"true\"><\/div>\n<\/form>\n<\/div>\n<\/div><\/div><\/div><\/div><\/div><\/div><\/div><\/section>[\/vc_section]<section data-vc-full-width=\"true\" data-vc-full-width-init=\"false\" class=\"vc_row wpb_row vc_row-fluid  vc_custom_1646060879352 cover-background wow fadeIn vc_row-has-fill pofo-stretch-content pofo-stretch-row-container pofo-row-responsive-69f22bd309333\"><div class=\"wpb_column vc_column_container vc_col-sm-12 vc_col-md-12 col-xs-mobile-fullwidth text-center\"><div class=\"vc_column-inner \"><div class=\"wpb_wrapper\"><span class=\"text-extra-large margin-25px-bottom vertical-align-middle sm-width-100 display-inline-block alt-font heading-style3  vc_custom_1648557444789 pofo-button-responsive-69f22bd3094ac  heading-7\"  style=\"color: #ffffff;\">\u00bfTe gustar\u00eda recibir informaci\u00f3n? Cont\u00e1ctenos<\/span><a  href=\"https:\/\/www.debem.com\/es\/contactanos\/\" target=\"_self\" class=\"btn pofo-button-1 button-style2  btn-white  btn-medium   vc_custom_1648557500985 pofo-button-responsive-69f22bd3094f3\"  style=\"color:#ffffff;  border-color:#f8c21c; \">CONT\u00c1CTENOS<\/a><\/div><\/div><\/div><\/section><div class=\"vc_row-full-width vc_clearfix\"><\/div>\n","protected":false},"excerpt":{"rendered":"<p>[vc_section full_width=\u00bbstretch_row\u00bb css=\u00bb.vc_custom_1646318052105{padding-top: 0px !important;padding-bottom: 0px !important;background-color: #f7f7f7 !important;}\u00bb][\/vc_section][vc_section full_width=\u00bbstretch_row\u00bb css=\u00bb.vc_custom_1646321529640{padding-top: 0px !important;padding-bottom: 0px !important;background-color: #ffffff !important;}\u00bb][\/vc_section]<\/p>\n","protected":false},"author":1,"featured_media":0,"parent":0,"menu_order":0,"comment_status":"closed","ping_status":"closed","template":"","meta":{"footnotes":""},"class_list":["post-42359","page","type-page","status-publish","hentry"],"aioseo_notices":[],"_links":{"self":[{"href":"https:\/\/www.debem.com\/es\/wp-json\/wp\/v2\/pages\/42359","targetHints":{"allow":["GET"]}}],"collection":[{"href":"https:\/\/www.debem.com\/es\/wp-json\/wp\/v2\/pages"}],"about":[{"href":"https:\/\/www.debem.com\/es\/wp-json\/wp\/v2\/types\/page"}],"author":[{"embeddable":true,"href":"https:\/\/www.debem.com\/es\/wp-json\/wp\/v2\/users\/1"}],"replies":[{"embeddable":true,"href":"https:\/\/www.debem.com\/es\/wp-json\/wp\/v2\/comments?post=42359"}],"version-history":[{"count":39,"href":"https:\/\/www.debem.com\/es\/wp-json\/wp\/v2\/pages\/42359\/revisions"}],"predecessor-version":[{"id":52797,"href":"https:\/\/www.debem.com\/es\/wp-json\/wp\/v2\/pages\/42359\/revisions\/52797"}],"wp:attachment":[{"href":"https:\/\/www.debem.com\/es\/wp-json\/wp\/v2\/media?parent=42359"}],"curies":[{"name":"wp","href":"https:\/\/api.w.org\/{rel}","templated":true}]}}