{"id":39900,"date":"2022-03-22T10:58:48","date_gmt":"2022-03-22T10:58:48","guid":{"rendered":"https:\/\/www.debem.com\/?page_id=39900"},"modified":"2022-03-24T08:16:28","modified_gmt":"2022-03-24T08:16:28","slug":"compatibilidad-quimica","status":"publish","type":"page","link":"https:\/\/www.debem.com\/es\/compatibilidad-quimica\/","title":{"rendered":"Compatibilidad qu\u00edmica"},"content":{"rendered":"<section class=\"vc_row wpb_row vc_row-fluid  vc_custom_1639142734921 wow fadeIn vc_row-has-fill pofo-row-responsive-69f1b83dbec14\"><div class=\"wpb_column vc_column_container vc_col-sm-12  col-xs-mobile-fullwidth\"><div class=\"vc_column-inner \"><div class=\"wpb_wrapper\">[vc_raw_html el_class=\u00bbsgBreadcrumb\u00bb]JTVCYWlvc2VvX2JyZWFkY3J1bWJzJTVE[\/vc_raw_html]<div class=\"vc_row wpb_row vc_inner vc_row-fluid\"><div class=\"wpb_column vc_column_container vc_col-sm-2  col-xs-mobile-fullwidth\"><div class=\"vc_column-inner \"><div class=\"wpb_wrapper\"><\/div><\/div><\/div><div class=\"wpb_column vc_column_container vc_col-sm-8  col-xs-mobile-fullwidth text-center md-text-center sm-text-left xs-text-left pofo-column-responsive-69f1b83dbef11\"><div class=\"vc_column-inner vc_custom_1646321981959\"><div class=\"wpb_wrapper\"><span class=\"text-extra-dark-gray margin-20px-bottom font-weight-600 display-block alt-font text-uppercase heading-style2  vc_custom_1647946476789  heading-1\"  style=\"font-size: 15px; line-height: 22px; font-weight: 400; color: #007a85;\" data-fontsize=\"15px\" data-lineheight=\"22px\">Recursos<\/span><h1 class=\"text-extra-dark-gray margin-20px-bottom font-weight-600 display-inline-block alt-font  pofo_font_1647946465506 heading-style2  heading-2\"  style=\"font-size: 36px; line-height: 40px; font-weight: 600;\" data-fontsize=\"36px\" data-lineheight=\"40px\">Compatibilidad qu\u00edmica<\/h1><div class=\"text-medium line-height-28  vc_custom_1647946486517 last-paragraph-no-margin pofo-text-block-responsive-69f1b83dbf063\" style=\"width: 100%;\"><p>El tipo de fluido, la temperatura y el entorno de uso son los factores m\u00e1s relevantes a la hora de elegir los materiales adecuados para la bomba y su correcta compatibilidad qu\u00edmica. A modo de ejemplo, se proporciona la siguiente tabla.<\/p>\n<\/div><\/div><\/div><\/div><div class=\"wpb_column vc_column_container vc_col-sm-2  col-xs-mobile-fullwidth\"><div class=\"vc_column-inner \"><div class=\"wpb_wrapper\"><\/div><\/div><\/div><\/div><div class=\"vc_row wpb_row vc_inner vc_row-fluid  vc_custom_1646743900962 vc_row-has-fill pofo-inner-row-responsive-69f1b83dbf122\"><div class=\"wpb_column vc_column_container vc_col-sm-12  col-xs-mobile-fullwidth text-left md-text-left sm-text-left xs-text-left pofo-column-responsive-69f1b83dbf205\"><div class=\"vc_column-inner vc_custom_1646322479709\"><div class=\"wpb_wrapper\"><h2 class=\"text-extra-dark-gray margin-20px-bottom font-weight-600 display-inline-block alt-font heading-style2  heading-3\"  style=\"font-size: 24px; line-height: 24px; font-weight: 600; color: #007a85;\" data-fontsize=\"24px\" data-lineheight=\"24px\">Compatibilidad qu\u00edmica<\/h2><div class=\"text-medium line-height-28  vc_custom_1647946512131 last-paragraph-no-margin pofo-text-block-responsive-69f1b83dbf2b7\" style=\"width: 100%;\"><p>El tipo de fluido, la temperatura y el entorno de uso son los factores m\u00e1s relevantes a la hora de elegir los materiales adecuados para la bomba y su correcta compatibilidad qu\u00edmica. A modo de ejemplo, se proporciona la siguiente tabla.<\/p>\n<\/div><\/div><\/div><\/div><div class=\"wpb_column vc_column_container vc_col-sm-12  col-xs-mobile-fullwidth\"><div class=\"vc_column-inner vc_custom_1646323884034\"><div class=\"wpb_wrapper\">\n<div class=\"wpcf7 no-js\" id=\"wpcf7-f39854-o1\" lang=\"es-ES\" dir=\"ltr\" data-wpcf7-id=\"39854\">\n<div class=\"screen-reader-response\"><p role=\"status\" aria-live=\"polite\" aria-atomic=\"true\"><\/p> <ul><\/ul><\/div>\n<form action=\"\/es\/wp-json\/wp\/v2\/pages\/39900#wpcf7-f39854-o1\" method=\"post\" class=\"wpcf7-form init\" aria-label=\"Formulario de contacto\" novalidate=\"novalidate\" data-status=\"init\">\n<fieldset class=\"hidden-fields-container\"><input type=\"hidden\" name=\"_wpcf7\" value=\"39854\" \/><input type=\"hidden\" name=\"_wpcf7_version\" value=\"6.1.5\" \/><input type=\"hidden\" name=\"_wpcf7_locale\" value=\"es_ES\" \/><input type=\"hidden\" name=\"_wpcf7_unit_tag\" value=\"wpcf7-f39854-o1\" \/><input type=\"hidden\" name=\"_wpcf7_container_post\" value=\"0\" \/><input type=\"hidden\" name=\"_wpcf7_posted_data_hash\" value=\"\" \/><input type=\"hidden\" name=\"_wpcf7_recaptcha_response\" value=\"\" \/>\n<\/fieldset>\n<div class=\"row\">\n\t<div class=\"col-md-4\">\n\t\t<label>Sustancia<\/label>\n\t\t<span class=\"wpcf7-form-control-wrap\" data-name=\"comp-substance\"><select class=\"wpcf7-form-control wpcf7-select input-bg\" id=\"comp-substance\" aria-invalid=\"false\" name=\"comp-substance\"><option value=\"\">&#8212;Por favor, elige una opci\u00f3n&#8212;<\/option><\/select><\/span>\n\t<\/div>\n\t<div class=\"col-md-4\">\n\t\t<label>Material<\/label>\n\t\t<span class=\"wpcf7-form-control-wrap\" data-name=\"comp-material\"><select class=\"wpcf7-form-control wpcf7-select input-bg\" id=\"comp-material\" aria-invalid=\"false\" name=\"comp-material\"><option value=\"\">&#8212;Por favor, elige una opci\u00f3n&#8212;<\/option><\/select><\/span>\n\t<\/div>\n\t<div class=\"col-md-4\">\n\t\t<label class=\"color-white vc_hidden-xs\">&nbsp;<\/label><br class=\"vc_hidden-xs\"><input class=\"wpcf7-form-control wpcf7-submit has-spinner btn btn-small border-radius-0 btn-yellow\" id=\"comp-submit\" type=\"submit\" value=\"Analizar\" \/>\n\t<\/div>\n<\/div><div class=\"wpcf7-response-output\" aria-hidden=\"true\"><\/div>\n<\/form>\n<\/div>\n<\/div><\/div><\/div><div id=\"chemCompResult\" class=\"wpb_column vc_column_container vc_col-has-fill vc_col-sm-6  col-xs-mobile-fullwidth\"><div class=\"vc_column-inner vc_custom_1646323217445\"><div class=\"wpb_wrapper\"><div class=\"text-medium line-height-28  vc_custom_1647946527200 last-paragraph-no-margin pofo-text-block-responsive-69f1b83dc05bb\" style=\"width: 100%;\"><p>Realiza un an\u00e1lisis entre una sustancia qu\u00edmica y un material de combinaci\u00f3n para comprobar la compatibilidad.<\/p>\n<\/div><\/div><\/div><\/div><div class=\"wpb_column vc_column_container vc_col-sm-6  col-xs-mobile-fullwidth pofo-column-responsive-69f1b83dc0626\"><div class=\"vc_column-inner vc_custom_1646323089936\"><div class=\"wpb_wrapper\"><div class=\"text-medium line-height-28  vc_custom_1647946569250 last-paragraph-no-margin pofo-text-block-responsive-69f1b83dc06ac\" style=\"width: 100%;\"><ul class=\"legenda-list\">\n<li class=\"a\">A &#8211; Excelente<\/li>\n<li class=\"b\">B &#8211; Buena<\/li>\n<li class=\"c\">C &#8211; Suficiente<\/li>\n<li class=\"d\">D &#8211; Pobre (no recomendado)<\/li>\n<li class=\"n\">N\/A &#8211; Informaci\u00f3n no disponible<\/li>\n<\/ul>\n<div class=\"bottom-text\">1 = Satisfactoria hasta 22 \u00b0C (72 \u00b0F)<\/div>\n<div class=\"bottom-text\">2 = Satisfactoria hasta 48 \u00b0C (120 \u00b0F)<\/div>\n<\/div><\/div><\/div><\/div><div class=\"wpb_column vc_column_container vc_col-sm-12  col-xs-mobile-fullwidth\"><div class=\"vc_column-inner vc_custom_1646322516967\"><div class=\"wpb_wrapper\"><div class=\"text-medium line-height-28  vc_custom_1647946593135 last-paragraph-no-margin pofo-text-block-responsive-69f1b83dc07a7\" style=\"width: 100%;\"><p>Para m\u00e1s informaci\u00f3n,\u00a0<strong>no dudes en ponerte en contacto con el servicio t\u00e9cnico de DEBEM<\/strong>. La informaci\u00f3n recopilada proviene de fuentes fiables. DEBEM no ha realizado ninguna prueba de verificaci\u00f3n, por lo tanto, no asume ninguna responsabilidad en cuanto a la exactitud de la informaci\u00f3n.<\/p>\n<p>La tabla se refiere a\u00a0<strong>Polipropileno y PVDF puros<\/strong>, nuestros materiales pl\u00e1sticos tienen cargas de vidrio y carbono que pueden influir en la compatibilidad qu\u00edmica de la bomba. El usuario es siempre quien mejor conoce la compatibilidad qu\u00edmica de su producto.<\/p>\n<p><strong>ADVERTENCIA<\/strong><\/p>\n<p>Debem ha recibido la informaci\u00f3n contenida en esta tabla de fuentes fiables. Dicha informaci\u00f3n SOLO debe ser utilizada como una gu\u00eda para seleccionar los materiales de las partes de la bomba que se encuentran en contacto con el fluido, como: cuerpo de bomba y colectores, membranas, bolas, sedes de bolas y juntas t\u00f3ricas.<br \/>\nLas evaluaciones sobre el comportamiento qu\u00edmico listadas en esta tabla se aplican a un per\u00edodo de exposici\u00f3n de 48 horas. Debem no tiene conocimiento de posibles efectos m\u00e1s all\u00e1 de este per\u00edodo. Debem no garantiza (expresa ni impl\u00edcitamente) que la informaci\u00f3n contenida en esta tabla sea precisa o completa, ni que un determinado material sea adecuado para un determinado prop\u00f3sito.<\/p>\n<p><strong>PELIGRO<\/strong><\/p>\n<p>Las variaciones en el comportamiento qu\u00edmico durante el manejo debidas a factores como la temperatura, la presi\u00f3n y las concentraciones pueden causar problemas en la bomba. Usar protecciones adecuadas y\/o equipos de protecci\u00f3n individual al instalar la bomba en el circuito o al realizar el mantenimiento. Es obligatorio leer el manual de uso y mantenimiento antes de llevar a cabo cualquier operaci\u00f3n en la bomba.<\/p>\n<p>Todas las indicaciones facilitadas en esta tabla DEBEM son orientativas y est\u00e1n basadas en el conocimiento general sobre el estado de la t\u00e9cnica actual, asimismo, no suponen obligaci\u00f3n de garant\u00eda alguna por parte de Debem.<\/p>\n<p>Las continuas actualizaciones proporcionadas por los productores de las materias primas son inevitables.<\/p>\n<p>La modificaci\u00f3n de los fluidos y las condiciones de ejercicio especiales pueden influir significativamente en la resistencia de los materiales.<\/p>\n<p>En cualquier caso, el usuario es quien mejor conoce el fluido y las condiciones de bombeo; en caso de dudas, se recomienda realizar pruebas sobre las condiciones de ejercicio efectivas.<\/p>\n<\/div><\/div><\/div><\/div><\/div><\/div><\/div><\/div><\/section><section data-vc-full-width=\"true\" data-vc-full-width-init=\"false\" class=\"vc_row wpb_row vc_row-fluid  vc_custom_1646311525750 cover-background wow fadeIn vc_row-has-fill pofo-stretch-content pofo-stretch-row-container pofo-row-responsive-69f1b83dc0867\"><div class=\"wpb_column vc_column_container vc_col-sm-12 vc_col-md-12 col-xs-mobile-fullwidth text-center\"><div class=\"vc_column-inner \"><div class=\"wpb_wrapper\"><span class=\"text-extra-large margin-25px-bottom vertical-align-middle sm-width-100 display-inline-block alt-font heading-style3  vc_custom_1647946655394 pofo-button-responsive-69f1b83dc09d7  heading-4\"  style=\"color: #ffffff;\">\u00bfTe gustar\u00eda recibir informaci\u00f3n? Cont\u00e1ctenos<\/span><a  href=\"\/es\/contactanos\/\" target=\"_self\" class=\"btn pofo-button-1 button-style2  btn-white  btn-medium   vc_custom_1647946695511 pofo-button-responsive-69f1b83dc0a1c\"  style=\"color:#007a85; \">CONT\u00c1CTENOS<\/a><\/div><\/div><\/div><\/section><div class=\"vc_row-full-width vc_clearfix\"><\/div>\n","protected":false},"excerpt":{"rendered":"[vc_raw_html el_class=\"sgBreadcrumb\"]JTVCYWlvc2VvX2JyZWFkY3J1bWJzJTVE[\/vc_raw_html]RecursosCompatibilidad qu\u00edmicaEl tipo de fluido, la temperatura y el entorno de uso son los factores m\u00e1s relevantes a la hora de elegir los materiales adecuados para la bomba y su correcta compatibilidad qu\u00edmica. A modo de ejemplo, se proporciona la siguiente tabla. Compatibilidad qu\u00edmicaEl tipo de fluido, la temperatura y el entorno de uso son los factores m\u00e1s relevantes a la hora de elegir los materiales adecuados para la bomba y su correcta compatibilidad qu\u00edmica. A modo de ejemplo, se proporciona la siguiente tabla. Sustancia &#8212;Por favor, elige una opci\u00f3n&#8212; Material &#8212;Por favor, elige una opci\u00f3n&#8212; &nbsp; Realiza un an\u00e1lisis entre una sustancia qu\u00edmica y un material de combinaci\u00f3n para comprobar la compatibilidad. A - Excelente B - Buena C - Suficiente D - Pobre (no recomendado) N\/A - Informaci\u00f3n no disponible 1 = Satisfactoria hasta 22 \u00b0C (72 \u00b0F) 2 = Satisfactoria hasta 48 \u00b0C (120 \u00b0F) Para m\u00e1s informaci\u00f3n,\u00a0no dudes en ponerte en contacto con el servicio t\u00e9cnico de DEBEM. La informaci\u00f3n recopilada proviene de fuentes fiables. DEBEM no ha realizado ninguna prueba de verificaci\u00f3n, por lo tanto, no asume ninguna responsabilidad en cuanto a la exactitud de la informaci\u00f3n. La tabla se refiere a\u00a0Polipropileno y PVDF...","protected":false},"author":1,"featured_media":0,"parent":0,"menu_order":0,"comment_status":"closed","ping_status":"closed","template":"","meta":{"footnotes":""},"class_list":["post-39900","page","type-page","status-publish","hentry"],"aioseo_notices":[],"_links":{"self":[{"href":"https:\/\/www.debem.com\/es\/wp-json\/wp\/v2\/pages\/39900","targetHints":{"allow":["GET"]}}],"collection":[{"href":"https:\/\/www.debem.com\/es\/wp-json\/wp\/v2\/pages"}],"about":[{"href":"https:\/\/www.debem.com\/es\/wp-json\/wp\/v2\/types\/page"}],"author":[{"embeddable":true,"href":"https:\/\/www.debem.com\/es\/wp-json\/wp\/v2\/users\/1"}],"replies":[{"embeddable":true,"href":"https:\/\/www.debem.com\/es\/wp-json\/wp\/v2\/comments?post=39900"}],"version-history":[{"count":1,"href":"https:\/\/www.debem.com\/es\/wp-json\/wp\/v2\/pages\/39900\/revisions"}],"predecessor-version":[{"id":41139,"href":"https:\/\/www.debem.com\/es\/wp-json\/wp\/v2\/pages\/39900\/revisions\/41139"}],"wp:attachment":[{"href":"https:\/\/www.debem.com\/es\/wp-json\/wp\/v2\/media?parent=39900"}],"curies":[{"name":"wp","href":"https:\/\/api.w.org\/{rel}","templated":true}]}}