{"id":39869,"date":"2022-03-23T13:32:41","date_gmt":"2022-03-23T13:32:41","guid":{"rendered":"https:\/\/www.debem.com\/?page_id=39869"},"modified":"2022-03-30T06:26:13","modified_gmt":"2022-03-30T06:26:13","slug":"solicitud-recibida","status":"publish","type":"page","link":"https:\/\/www.debem.com\/es\/solicitud-recibida\/","title":{"rendered":"Solicitud recibida"},"content":{"rendered":"<section class=\"vc_row wpb_row vc_row-fluid  vc_custom_1647939548217 wow fadeIn vc_row-has-fill pofo-row-responsive-69f38909c5566\"><div class=\"wpb_column vc_column_container vc_col-sm-12  col-xs-mobile-fullwidth\"><div class=\"vc_column-inner \"><div class=\"wpb_wrapper\">[vc_raw_html el_class=\u00bbsgBreadcrumb\u00bb]JTVCYWlvc2VvX2JyZWFkY3J1bWJzJTVE[\/vc_raw_html]<div class=\"vc_row wpb_row vc_inner vc_row-fluid  vc_custom_1647944795044 pofo-inner-row-responsive-69f38909c567f\"><div class=\"wpb_column vc_column_container vc_col-sm-3  col-xs-mobile-fullwidth\"><div class=\"vc_column-inner \"><div class=\"wpb_wrapper\"><\/div><\/div><\/div><div class=\"wpb_column vc_column_container vc_col-sm-6  col-xs-mobile-fullwidth text-center md-text-center sm-text-left xs-text-left pofo-column-responsive-69f38909c5747\"><div class=\"vc_column-inner vc_custom_1646321981959\"><div class=\"wpb_wrapper\"><span class=\"text-extra-dark-gray margin-20px-bottom font-weight-600 display-block alt-font heading-style2  vc_custom_1647946066586  heading-1\"  style=\"font-size: 15px; line-height: 22px; font-weight: 400; color: #007a85;\" data-fontsize=\"15px\" data-lineheight=\"22px\">SOLICITUD RECIBIDA<\/span><h1 class=\"text-extra-dark-gray margin-20px-bottom font-weight-600 display-inline-block alt-font  pofo_font_1647946115532 heading-style2  heading-2\"  style=\"font-size: 36px; line-height: 40px; font-weight: 600;\" data-fontsize=\"36px\" data-lineheight=\"40px\">Gracias por enviar<br \/> tu petici\u00f3n<\/h1><div class=\"text-medium line-height-28  vc_custom_1647946142039 last-paragraph-no-margin pofo-text-block-responsive-69f38909c5849\" style=\"width: 100%;\"><p>Hemos recibido su solicitud de contacto. Nuestro equipo le responder\u00e1 lo antes posible.<\/p>\n<\/div><a  href=\"https:\/\/www.debem.com\/es\" target=\"_self\" class=\"btn pofo-button-1 button-style1  btn-dark-gray  btn-medium   vc_custom_1647946161424\"  style=\"color:#ffffff;  border-color:#007a85; \">VOLVER A LA P\u00c1GINA DE INICIO<\/a><\/div><\/div><\/div><div class=\"wpb_column vc_column_container vc_col-sm-3  col-xs-mobile-fullwidth\"><div class=\"vc_column-inner \"><div class=\"wpb_wrapper\"><\/div><\/div><\/div><\/div><\/div><\/div><\/div><\/section>\n","protected":false},"excerpt":{"rendered":"[vc_raw_html el_class=\"sgBreadcrumb\"]JTVCYWlvc2VvX2JyZWFkY3J1bWJzJTVE[\/vc_raw_html]SOLICITUD RECIBIDAGracias por enviar tu petici\u00f3nHemos recibido su solicitud de contacto. Nuestro equipo le responder\u00e1 lo antes posible. VOLVER A LA P\u00c1GINA DE INICIO","protected":false},"author":1,"featured_media":0,"parent":0,"menu_order":0,"comment_status":"closed","ping_status":"closed","template":"","meta":{"footnotes":""},"class_list":["post-39869","page","type-page","status-publish","hentry"],"aioseo_notices":[],"_links":{"self":[{"href":"https:\/\/www.debem.com\/es\/wp-json\/wp\/v2\/pages\/39869","targetHints":{"allow":["GET"]}}],"collection":[{"href":"https:\/\/www.debem.com\/es\/wp-json\/wp\/v2\/pages"}],"about":[{"href":"https:\/\/www.debem.com\/es\/wp-json\/wp\/v2\/types\/page"}],"author":[{"embeddable":true,"href":"https:\/\/www.debem.com\/es\/wp-json\/wp\/v2\/users\/1"}],"replies":[{"embeddable":true,"href":"https:\/\/www.debem.com\/es\/wp-json\/wp\/v2\/comments?post=39869"}],"version-history":[{"count":4,"href":"https:\/\/www.debem.com\/es\/wp-json\/wp\/v2\/pages\/39869\/revisions"}],"predecessor-version":[{"id":42469,"href":"https:\/\/www.debem.com\/es\/wp-json\/wp\/v2\/pages\/39869\/revisions\/42469"}],"wp:attachment":[{"href":"https:\/\/www.debem.com\/es\/wp-json\/wp\/v2\/media?parent=39869"}],"curies":[{"name":"wp","href":"https:\/\/api.w.org\/{rel}","templated":true}]}}