{"id":39480,"date":"2022-03-22T07:09:39","date_gmt":"2022-03-22T07:09:39","guid":{"rendered":"https:\/\/www.debem.com\/?page_id=39480"},"modified":"2023-05-24T11:50:28","modified_gmt":"2023-05-24T11:50:28","slug":"fichas-tecnicas-im","status":"publish","type":"page","link":"https:\/\/www.debem.com\/es\/descargas\/fichas-tecnicas-im\/","title":{"rendered":"Fichas T\u00e9cnicas IM"},"content":{"rendered":"<section class=\"vc_row wpb_row vc_row-fluid  vc_custom_1639142734921 wow fadeIn vc_row-has-fill pofo-row-responsive-69f2b03b32c1f\"><div class=\"wpb_column vc_column_container vc_col-sm-12  col-xs-mobile-fullwidth\"><div class=\"vc_column-inner \"><div class=\"wpb_wrapper\">[vc_raw_html el_class=\u00bbsgBreadcrumb\u00bb]JTVCYWlvc2VvX2JyZWFkY3J1bWJzJTVE[\/vc_raw_html]<div class=\"vc_row wpb_row vc_inner vc_row-fluid  vc_custom_1646316814574 pofo-inner-row-responsive-69f2b03b32dda\"><div class=\"wpb_column vc_column_container vc_col-lg-3 vc_col-md-3 vc_hidden-sm col-xs-mobile-fullwidth\"><div class=\"vc_column-inner \"><div class=\"wpb_wrapper\"><\/div><\/div><\/div><div class=\"wpb_column vc_column_container vc_col-lg-6 vc_col-md-6 col-xs-mobile-fullwidth text-center md-text-center sm-text-left xs-text-left\"><div class=\"vc_column-inner vc_custom_1646317113545\"><div class=\"wpb_wrapper\"><span class=\"text-extra-dark-gray margin-20px-bottom font-weight-600 display-block alt-font text-uppercase heading-style2  vc_custom_1647933228684  heading-1\"  style=\"font-size: 15px; line-height: 22px; font-weight: 400; color: #007a85;\" data-fontsize=\"15px\" data-lineheight=\"22px\">Recursos<\/span><h1 class=\"text-extra-dark-gray margin-20px-bottom font-weight-600 display-inline-block alt-font  pofo_font_1647933309301 heading-style2  heading-2\"  style=\"font-size: 36px; line-height: 40px; font-weight: 600;\" data-fontsize=\"36px\" data-lineheight=\"40px\">Fichas T\u00e9cnicas IM<\/h1><div class=\"last-paragraph-no-margin\"><p>En esta p\u00e1gina puede descargar las fichas t\u00e9cnicas de las bombas industriales Debem de la serie IM.<\/p>\n<\/div><\/div><\/div><\/div><div class=\"wpb_column vc_column_container vc_col-lg-3 vc_col-md-3 vc_hidden-sm col-xs-mobile-fullwidth\"><div class=\"vc_column-inner \"><div class=\"wpb_wrapper\"><\/div><\/div><\/div><div class=\"wpb_column vc_column_container vc_col-sm-12  col-xs-mobile-fullwidth\"><div class=\"vc_column-inner \"><div class=\"wpb_wrapper\">[vc_raw_html]JTVCd3BkbV9jYXRlZ29yeSUyMGlkJTNEJTIyc2NoZWRlLXRlY25pY2hlLWltJTIyJTIwaXRlbXNfcGVyX3BhZ2UlM0QlMjIxMDAlMjIlMjB0b29sYmFyJTNEJTIyMCUyMiUyMHRlbXBsYXRlJTNEJTIyc291bGdvb2QlMjIlMjBvcmRlcmJ5JTNEJTIydGl0bGUlMjIlMjBvcmRlciUzRCUyMkFTQyUyMiU1RA==[\/vc_raw_html]<\/div><\/div><\/div><\/div><\/div><\/div><\/div><\/section><section data-vc-full-width=\"true\" data-vc-full-width-init=\"false\" class=\"vc_row wpb_row vc_row-fluid  vc_custom_1646311525750 cover-background wow fadeIn vc_row-has-fill pofo-stretch-content pofo-stretch-row-container pofo-row-responsive-69f2b03b33112\"><div class=\"wpb_column vc_column_container vc_col-sm-12 vc_col-md-12 col-xs-mobile-fullwidth text-center\"><div class=\"vc_column-inner \"><div class=\"wpb_wrapper\"><span class=\"text-extra-large margin-25px-bottom vertical-align-middle sm-width-100 display-inline-block alt-font heading-style3  vc_custom_1647934130070 pofo-button-responsive-69f2b03b33272  heading-3\"  style=\"color: #ffffff;\">\u00bfTe gustar\u00eda recibir informaci\u00f3n? Cont\u00e1ctenos<\/span><a  href=\"\/es\/contactanos\/\" target=\"_blank\" class=\"btn pofo-button-1 button-style2  btn-white  btn-medium   vc_custom_1647934225306 pofo-button-responsive-69f2b03b332b3\"  style=\"color:#007a85; \">CONT\u00c1CTENOS<\/a><\/div><\/div><\/div><\/section><div class=\"vc_row-full-width vc_clearfix\"><\/div>\n","protected":false},"excerpt":{"rendered":"[vc_raw_html el_class=\"sgBreadcrumb\"]JTVCYWlvc2VvX2JyZWFkY3J1bWJzJTVE[\/vc_raw_html]RecursosFichas T\u00e9cnicas IMEn esta p\u00e1gina puede descargar las fichas t\u00e9cnicas de las bombas industriales Debem de la serie IM. [vc_raw_html]JTVCd3BkbV9jYXRlZ29yeSUyMGlkJTNEJTIyc2NoZWRlLXRlY25pY2hlLWltJTIyJTIwaXRlbXNfcGVyX3BhZ2UlM0QlMjIxMDAlMjIlMjB0b29sYmFyJTNEJTIyMCUyMiUyMHRlbXBsYXRlJTNEJTIyc291bGdvb2QlMjIlMjBvcmRlcmJ5JTNEJTIydGl0bGUlMjIlMjBvcmRlciUzRCUyMkFTQyUyMiU1RA==[\/vc_raw_html]\u00bfTe gustar\u00eda recibir informaci\u00f3n? Cont\u00e1ctenosCONT\u00c1CTENOS","protected":false},"author":1,"featured_media":0,"parent":39472,"menu_order":0,"comment_status":"closed","ping_status":"closed","template":"","meta":{"footnotes":""},"class_list":["post-39480","page","type-page","status-publish","hentry"],"aioseo_notices":[],"_links":{"self":[{"href":"https:\/\/www.debem.com\/es\/wp-json\/wp\/v2\/pages\/39480","targetHints":{"allow":["GET"]}}],"collection":[{"href":"https:\/\/www.debem.com\/es\/wp-json\/wp\/v2\/pages"}],"about":[{"href":"https:\/\/www.debem.com\/es\/wp-json\/wp\/v2\/types\/page"}],"author":[{"embeddable":true,"href":"https:\/\/www.debem.com\/es\/wp-json\/wp\/v2\/users\/1"}],"replies":[{"embeddable":true,"href":"https:\/\/www.debem.com\/es\/wp-json\/wp\/v2\/comments?post=39480"}],"version-history":[{"count":6,"href":"https:\/\/www.debem.com\/es\/wp-json\/wp\/v2\/pages\/39480\/revisions"}],"predecessor-version":[{"id":45932,"href":"https:\/\/www.debem.com\/es\/wp-json\/wp\/v2\/pages\/39480\/revisions\/45932"}],"up":[{"embeddable":true,"href":"https:\/\/www.debem.com\/es\/wp-json\/wp\/v2\/pages\/39472"}],"wp:attachment":[{"href":"https:\/\/www.debem.com\/es\/wp-json\/wp\/v2\/media?parent=39480"}],"curies":[{"name":"wp","href":"https:\/\/api.w.org\/{rel}","templated":true}]}}