{"id":39472,"date":"2022-03-22T07:08:43","date_gmt":"2022-03-22T07:08:43","guid":{"rendered":"https:\/\/www.debem.com\/?page_id=39472"},"modified":"2025-06-12T14:22:49","modified_gmt":"2025-06-12T14:22:49","slug":"descargas","status":"publish","type":"page","link":"https:\/\/www.debem.com\/es\/descargas\/","title":{"rendered":"Descargas"},"content":{"rendered":"<section class=\"vc_row wpb_row vc_row-fluid  vc_custom_1639142734921 wow fadeIn vc_row-has-fill pofo-row-responsive-69f2a5f3b810f\"><div class=\"wpb_column vc_column_container vc_col-sm-12  col-xs-mobile-fullwidth\"><div class=\"vc_column-inner \"><div class=\"wpb_wrapper\">[vc_raw_html el_class=\u00bbsgBreadcrumb\u00bb]JTVCYWlvc2VvX2JyZWFkY3J1bWJzJTVE[\/vc_raw_html]<div class=\"vc_row wpb_row vc_inner vc_row-fluid\"><div class=\"wpb_column vc_column_container vc_col-lg-3 vc_col-md-3 vc_hidden-sm col-xs-mobile-fullwidth\"><div class=\"vc_column-inner \"><div class=\"wpb_wrapper\"><\/div><\/div><\/div><div class=\"wpb_column vc_column_container vc_col-lg-6 vc_col-md-6 col-xs-mobile-fullwidth text-center md-text-center sm-text-left xs-text-left\"><div class=\"vc_column-inner vc_custom_1636126277557\"><div class=\"wpb_wrapper\"><span class=\"text-extra-dark-gray margin-20px-bottom font-weight-600 display-block alt-font text-uppercase heading-style2  vc_custom_1647933193080  heading-1\"  style=\"font-size: 15px; line-height: 22px; font-weight: 400; color: #007a85;\" data-fontsize=\"15px\" data-lineheight=\"22px\">Recursos<\/span><h1 class=\"text-extra-dark-gray margin-20px-bottom font-weight-600 display-inline-block alt-font  pofo_font_1647933272492 heading-style2  heading-2\"  style=\"font-size: 36px; line-height: 40px; font-weight: 600;\" data-fontsize=\"36px\" data-lineheight=\"40px\">Descargas<\/h1><div class=\"text-medium line-height-28  vc_custom_1647933377768 last-paragraph-no-margin pofo-text-block-responsive-69f2a5f3b8488\" style=\"width: 100%;\"><p>A trav\u00e9s de esta p\u00e1gina de Descargas puedes descargar, tanto nuestros cat\u00e1logos de productos como el manual de todas nuestras bombas y las fichas t\u00e9cnicas correspondientes, las instrucciones de montaje y nuestro perfil de empresa.<\/p>\n<\/div><\/div><\/div><\/div><div class=\"wpb_column vc_column_container vc_col-lg-3 vc_col-md-3 vc_hidden-sm col-xs-mobile-fullwidth\"><div class=\"vc_column-inner \"><div class=\"wpb_wrapper\"><\/div><\/div><\/div><\/div><\/div><\/div><\/div><\/section><section data-vc-full-width=\"true\" data-vc-full-width-init=\"false\" class=\"vc_row wpb_row vc_row-fluid  vc_custom_1639142760264 vc_row-has-fill pofo-stretch-content pofo-stretch-row-container\"><div class=\"wpb_column vc_column_container vc_col-sm-6  col-xs-mobile-fullwidth pofo-column-responsive-69f2a5f3b8606\"><div class=\"vc_column-inner vc_custom_1639142744023\"><div class=\"wpb_wrapper\"><div class=\"text-medium-gray text-small margin-5px-bottom alt-font text-uppercase heading-style4  vc_custom_1647933683227  heading-3\"  style=\"font-size: 18px; line-height: 20px; font-weight: 500; color: #007a85;\" data-fontsize=\"18px\" data-lineheight=\"20px\">Fichas T\u00e9cnicas<\/div><div class=\"text-medium line-height-28 last-paragraph-no-margin\"><p>A trav\u00e9s de esta p\u00e1gina puedes descargar las fichas t\u00e9cnicas de todas las bombas industriales Debem.<\/p>\n<\/div><\/div><\/div><\/div><div class=\"wpb_column vc_column_container vc_col-sm-6  col-xs-mobile-fullwidth\"><div class=\"vc_column-inner \"><div class=\"wpb_wrapper\"><div class=\"vc_row wpb_row vc_inner vc_row-fluid\"><div class=\"wpb_column vc_column_container vc_col-sm-4 vc_hidden-lg vc_hidden-md vc_hidden-sm vc_col-xs-6 vc_hidden-xs\"><div class=\"vc_column-inner vc_custom_1749738170178\"><div class=\"wpb_wrapper\"><div class=\"featurebox21 pofo-featurebox featurebox21-1\" ><div class=\"display-inline-block margin-25px-bottom sm-margin-15px-bottom xs-margin-10px-bottom\"><i class=\"link-icon display-block icon-notebook icon-medium\"><\/i><\/div><span class=\"text-extra-dark-gray display-inline-block width-100 text-small font-weight-600 alt-font margin-5px-bottom\" style=\"font-size: 14px;\" data-fontsize=\"14px\">FICHAS T\u00c9CNICAS<\/span><div class=\"xs-margin-10px-bottom center-col last-paragraph-no-margin\"><p>Fullflow<\/p>\n<\/div><a class=\"pofo-info-link margin-15px-top xs-no-margin-top display-inline-block text-deep-pink text-small\" target=\"_self\" href=\"https:\/\/www.debem.com\/es\/descargas\/fichas-tecnicas-fullflow\/\">Mostrar m\u00e1s<\/a><\/div><\/div><\/div><\/div><div class=\"wpb_column vc_column_container vc_col-sm-4 vc_col-xs-6\"><div class=\"vc_column-inner vc_custom_1639142246935\"><div class=\"wpb_wrapper\"><div class=\"featurebox21 pofo-featurebox featurebox21-2\" ><div class=\"display-inline-block margin-25px-bottom sm-margin-15px-bottom xs-margin-10px-bottom\"><i class=\"link-icon display-block icon-notebook icon-medium\"><\/i><\/div><span class=\"text-extra-dark-gray display-inline-block width-100 text-small font-weight-600 alt-font margin-5px-bottom\" style=\"font-size: 14px;\" data-fontsize=\"14px\">FICHAS T\u00c9CNICAS<\/span><div class=\"xs-margin-10px-bottom center-col last-paragraph-no-margin\"><p>KM<\/p>\n<\/div><a class=\"pofo-info-link margin-15px-top xs-no-margin-top display-inline-block text-deep-pink text-small\" target=\"_self\" href=\"https:\/\/www.debem.com\/es\/descargas\/fichas-tecnicas-km\/\">Mostrar m\u00e1s<\/a><\/div><\/div><\/div><\/div><div class=\"wpb_column vc_column_container vc_col-sm-4 vc_col-xs-6\"><div class=\"vc_column-inner vc_custom_1639142251706\"><div class=\"wpb_wrapper\"><div class=\"featurebox21 pofo-featurebox featurebox21-3\" ><div class=\"display-inline-block margin-25px-bottom sm-margin-15px-bottom xs-margin-10px-bottom\"><i class=\"link-icon display-block icon-notebook icon-medium\"><\/i><\/div><span class=\"text-extra-dark-gray display-inline-block width-100 text-small font-weight-600 alt-font margin-5px-bottom\" style=\"font-size: 14px;\" data-fontsize=\"14px\">FICHAS T\u00c9CNICAS<\/span><div class=\"xs-margin-10px-bottom center-col last-paragraph-no-margin\"><p>Cubic<\/p>\n<\/div><a class=\"pofo-info-link margin-15px-top xs-no-margin-top display-inline-block text-deep-pink text-small\" target=\"_self\" href=\"https:\/\/www.debem.com\/es\/descargas\/fichas-tecnicas-cubic\/\">Mostrar m\u00e1s<\/a><\/div><\/div><\/div><\/div><div class=\"wpb_column vc_column_container vc_col-sm-4 vc_col-xs-6\"><div class=\"vc_column-inner vc_custom_1646311761206\"><div class=\"wpb_wrapper\"><div class=\"featurebox21 pofo-featurebox featurebox21-4\" ><div class=\"display-inline-block margin-25px-bottom sm-margin-15px-bottom xs-margin-10px-bottom\"><i class=\"link-icon display-block icon-notebook icon-medium\"><\/i><\/div><span class=\"text-extra-dark-gray display-inline-block width-100 text-small font-weight-600 alt-font margin-5px-bottom\" style=\"font-size: 14px;\" data-fontsize=\"14px\">FICHAS T\u00c9CNICAS<\/span><div class=\"xs-margin-10px-bottom center-col last-paragraph-no-margin\"><p>Boxer<\/p>\n<\/div><a class=\"pofo-info-link margin-15px-top xs-no-margin-top display-inline-block text-deep-pink text-small\" target=\"_self\" href=\"https:\/\/www.debem.com\/es\/descargas\/fichas-tecnicas-boxer\/\">Mostrar m\u00e1s<\/a><\/div><\/div><\/div><\/div><div class=\"wpb_column vc_column_container vc_col-sm-4 vc_col-xs-6\"><div class=\"vc_column-inner vc_custom_1639142261911\"><div class=\"wpb_wrapper\"><div class=\"featurebox21 pofo-featurebox featurebox21-5\" ><div class=\"display-inline-block margin-25px-bottom sm-margin-15px-bottom xs-margin-10px-bottom\"><i class=\"link-icon display-block icon-notebook icon-medium\"><\/i><\/div><span class=\"text-extra-dark-gray display-inline-block width-100 text-small font-weight-600 alt-font margin-5px-bottom\" style=\"font-size: 14px;\" data-fontsize=\"14px\">FICHAS T\u00c9CNICAS<\/span><div class=\"xs-margin-10px-bottom center-col last-paragraph-no-margin\"><p>Equaflux<\/p>\n<\/div><a class=\"pofo-info-link margin-15px-top xs-no-margin-top display-inline-block text-deep-pink text-small\" target=\"_self\" href=\"https:\/\/www.debem.com\/es\/descargas\/fichas-tecnicas-equaflux\/\">Mostrar m\u00e1s<\/a><\/div><\/div><\/div><\/div><div class=\"wpb_column vc_column_container vc_col-sm-4 vc_col-xs-6\"><div class=\"vc_column-inner vc_custom_1639142267105\"><div class=\"wpb_wrapper\"><div class=\"featurebox21 pofo-featurebox featurebox21-6\" ><div class=\"display-inline-block margin-25px-bottom sm-margin-15px-bottom xs-margin-10px-bottom\"><i class=\"link-icon display-block icon-notebook icon-medium\"><\/i><\/div><span class=\"text-extra-dark-gray display-inline-block width-100 text-small font-weight-600 alt-font margin-5px-bottom\" style=\"font-size: 14px;\" data-fontsize=\"14px\">FICHAS T\u00c9CNICAS<\/span><div class=\"xs-margin-10px-bottom center-col last-paragraph-no-margin\"><p>DM<\/p>\n<\/div><a class=\"pofo-info-link margin-15px-top xs-no-margin-top display-inline-block text-deep-pink text-small\" target=\"_self\" href=\"https:\/\/www.debem.com\/es\/descargas\/fichas-tecnicas-dm\/\">Mostrar m\u00e1s<\/a><\/div><\/div><\/div><\/div><div class=\"wpb_column vc_column_container vc_col-sm-4 vc_col-xs-6\"><div class=\"vc_column-inner vc_custom_1646311768402\"><div class=\"wpb_wrapper\"><div class=\"featurebox21 pofo-featurebox featurebox21-7\" ><div class=\"display-inline-block margin-25px-bottom sm-margin-15px-bottom xs-margin-10px-bottom\"><i class=\"link-icon display-block icon-notebook icon-medium\"><\/i><\/div><span class=\"text-extra-dark-gray display-inline-block width-100 text-small font-weight-600 alt-font margin-5px-bottom\" style=\"font-size: 14px;\" data-fontsize=\"14px\">FICHAS T\u00c9CNICAS<\/span><div class=\"xs-margin-10px-bottom center-col last-paragraph-no-margin\"><p>MB<\/p>\n<\/div><a class=\"pofo-info-link margin-15px-top xs-no-margin-top display-inline-block text-deep-pink text-small\" target=\"_self\" href=\"https:\/\/www.debem.com\/es\/descargas\/fichas-tecnicas-mb\/\">Mostrar m\u00e1s<\/a><\/div><\/div><\/div><\/div><div class=\"wpb_column vc_column_container vc_col-sm-4 vc_col-xs-6\"><div class=\"vc_column-inner vc_custom_1646311777994\"><div class=\"wpb_wrapper\"><div class=\"featurebox21 pofo-featurebox featurebox21-8\" ><div class=\"display-inline-block margin-25px-bottom sm-margin-15px-bottom xs-margin-10px-bottom\"><i class=\"link-icon display-block icon-notebook icon-medium\"><\/i><\/div><span class=\"text-extra-dark-gray display-inline-block width-100 text-small font-weight-600 alt-font margin-5px-bottom\" style=\"font-size: 14px;\" data-fontsize=\"14px\">FICHAS T\u00c9CNICAS<\/span><div class=\"xs-margin-10px-bottom center-col last-paragraph-no-margin\"><p>IM<\/p>\n<\/div><a class=\"pofo-info-link margin-15px-top xs-no-margin-top display-inline-block text-deep-pink text-small\" target=\"_self\" href=\"https:\/\/www.debem.com\/es\/descargas\/fichas-tecnicas-im\/\">Mostrar m\u00e1s<\/a><\/div><\/div><\/div><\/div><div class=\"wpb_column vc_column_container vc_col-sm-4 vc_col-xs-6\"><div class=\"vc_column-inner \"><div class=\"wpb_wrapper\"><div class=\"featurebox21 pofo-featurebox featurebox21-9\" ><div class=\"display-inline-block margin-25px-bottom sm-margin-15px-bottom xs-margin-10px-bottom\"><i class=\"link-icon display-block icon-notebook icon-medium\"><\/i><\/div><span class=\"text-extra-dark-gray display-inline-block width-100 text-small font-weight-600 alt-font margin-5px-bottom\" style=\"font-size: 14px;\" data-fontsize=\"14px\">FICHAS T\u00c9CNICAS<\/span><div class=\"xs-margin-10px-bottom center-col last-paragraph-no-margin\"><p>Bombas trasegadoras para barriles<\/p>\n<\/div><a class=\"pofo-info-link margin-15px-top xs-no-margin-top display-inline-block text-deep-pink text-small\" target=\"_self\" href=\"https:\/\/www.debem.com\/es\/descargas\/fichas-tecnicas-bombas-trasegadoras-para-barriles\/\">Mostrar m\u00e1s<\/a><\/div><\/div><\/div><\/div><\/div><\/div><\/div><\/div><\/section><div class=\"vc_row-full-width vc_clearfix\"><\/div><section class=\"vc_row wpb_row vc_row-fluid  vc_custom_1639142766805 vc_row-has-fill\"><div class=\"wpb_column vc_column_container vc_col-sm-6  col-xs-mobile-fullwidth pofo-column-responsive-69f2a5f3b9118\"><div class=\"vc_column-inner vc_custom_1639142752455\"><div class=\"wpb_wrapper\"><div class=\"text-medium-gray text-small margin-5px-bottom alt-font text-uppercase heading-style4  vc_custom_1647933712727  heading-4\"  style=\"font-size: 18px; line-height: 20px; font-weight: 500; color: #007a85;\" data-fontsize=\"18px\" data-lineheight=\"20px\">Cat\u00e1logos<\/div><div class=\"text-medium line-height-28 last-paragraph-no-margin\"><p>A trav\u00e9s de esta p\u00e1gina puedes descargar nuestros cat\u00e1logos de productos y las secciones dedicadas a las familias de bombas Debem, que ilustran cada tipo de bomba de nuestra gama de producci\u00f3n.<\/p>\n<\/div><\/div><\/div><\/div><div class=\"wpb_column vc_column_container vc_col-sm-6  col-xs-mobile-fullwidth\"><div class=\"vc_column-inner \"><div class=\"wpb_wrapper\"><div class=\"vc_row wpb_row vc_inner vc_row-fluid\"><div class=\"wpb_column vc_column_container vc_col-sm-4 vc_col-xs-6\"><div class=\"vc_column-inner vc_custom_1639142241895\"><div class=\"wpb_wrapper\"><div class=\"featurebox21 pofo-featurebox featurebox21-10\" ><div class=\"display-inline-block margin-25px-bottom sm-margin-15px-bottom xs-margin-10px-bottom\"><i class=\"link-icon display-block icon-book-open icon-medium\"><\/i><\/div><span class=\"text-extra-dark-gray display-inline-block width-100 text-small font-weight-600 alt-font margin-5px-bottom\" style=\"font-size: 14px;\" data-fontsize=\"14px\">CAT\u00c1LOGO<\/span><div class=\"xs-margin-10px-bottom center-col last-paragraph-no-margin\"><p>Cat\u00e1logo Debem<\/p>\n<\/div><a class=\"pofo-info-link margin-15px-top xs-no-margin-top display-inline-block text-deep-pink text-small\" target=\"_self\" href=\"https:\/\/www.debem.com\/es\/descargas\/catalogos\/\">Mostrar m\u00e1s<\/a><\/div><\/div><\/div><\/div><div class=\"wpb_column vc_column_container vc_col-sm-4 vc_col-xs-6\"><div class=\"vc_column-inner vc_custom_1639142246935\"><div class=\"wpb_wrapper\"><\/div><\/div><\/div><div class=\"wpb_column vc_column_container vc_col-sm-4 vc_col-xs-6\"><div class=\"vc_column-inner vc_custom_1639142251706\"><div class=\"wpb_wrapper\"><\/div><\/div><\/div><\/div><\/div><\/div><\/div><\/section><section data-vc-full-width=\"true\" data-vc-full-width-init=\"false\" class=\"vc_row wpb_row vc_row-fluid  vc_custom_1639142760264 vc_row-has-fill pofo-stretch-content pofo-stretch-row-container\"><div class=\"wpb_column vc_column_container vc_col-sm-6  col-xs-mobile-fullwidth pofo-column-responsive-69f2a5f3b94a4\"><div class=\"vc_column-inner vc_custom_1639142744023\"><div class=\"wpb_wrapper\"><div class=\"text-medium-gray text-small margin-5px-bottom alt-font text-uppercase heading-style4  vc_custom_1647933735146  heading-5\"  style=\"font-size: 18px; line-height: 20px; font-weight: 500; color: #007a85;\" data-fontsize=\"18px\" data-lineheight=\"20px\">Manuales<\/div><div class=\"text-medium line-height-28 last-paragraph-no-margin\"><p>A trav\u00e9s de esta p\u00e1gina puedes descargar nuestros manuales con instrucciones de uso y mantenimiento de toda la gama de bombas industriales Debem.<\/p>\n<\/div><\/div><\/div><\/div><div class=\"wpb_column vc_column_container vc_col-sm-6  col-xs-mobile-fullwidth\"><div class=\"vc_column-inner \"><div class=\"wpb_wrapper\"><div class=\"vc_row wpb_row vc_inner vc_row-fluid\"><div class=\"wpb_column vc_column_container vc_col-sm-4 vc_col-xs-6\"><div class=\"vc_column-inner vc_custom_1639142241895\"><div class=\"wpb_wrapper\"><div class=\"featurebox21 pofo-featurebox featurebox21-11\" ><div class=\"display-inline-block margin-25px-bottom sm-margin-15px-bottom xs-margin-10px-bottom\"><i class=\"link-icon display-block ti-bookmark-alt icon-medium\"><\/i><\/div><span class=\"text-extra-dark-gray display-inline-block width-100 text-small font-weight-600 alt-font margin-5px-bottom\" style=\"font-size: 14px;\" data-fontsize=\"14px\">MANUALES<\/span><div class=\"xs-margin-10px-bottom center-col last-paragraph-no-margin\"><p>Manual Debem<\/p>\n<\/div><a class=\"pofo-info-link margin-15px-top xs-no-margin-top display-inline-block text-deep-pink text-small\" target=\"_self\" href=\"https:\/\/www.debem.com\/es\/descargas\/manuales\/\">Mostrar m\u00e1s<\/a><\/div><\/div><\/div><\/div><div class=\"wpb_column vc_column_container vc_col-sm-4 vc_col-xs-6\"><div class=\"vc_column-inner vc_custom_1639142246935\"><div class=\"wpb_wrapper\"><\/div><\/div><\/div><div class=\"wpb_column vc_column_container vc_col-sm-4 vc_col-xs-6\"><div class=\"vc_column-inner vc_custom_1639142251706\"><div class=\"wpb_wrapper\"><\/div><\/div><\/div><\/div><\/div><\/div><\/div><\/section><div class=\"vc_row-full-width vc_clearfix\"><\/div><section data-vc-full-width=\"true\" data-vc-full-width-init=\"false\" class=\"vc_row wpb_row vc_row-fluid  vc_custom_1646311525750 cover-background wow fadeIn vc_row-has-fill pofo-stretch-content pofo-stretch-row-container pofo-row-responsive-69f2a5f3b97bc\"><div class=\"wpb_column vc_column_container vc_col-sm-12 vc_col-md-12 col-xs-mobile-fullwidth text-center\"><div class=\"vc_column-inner \"><div class=\"wpb_wrapper\"><span class=\"text-extra-large margin-25px-bottom vertical-align-middle sm-width-100 display-inline-block alt-font heading-style3  vc_custom_1647934117435 pofo-button-responsive-69f2a5f3b98a8  heading-6\"  style=\"color: #ffffff;\">\u00bfTe gustar\u00eda recibir informaci\u00f3n? Cont\u00e1ctenos<\/span><a  href=\"\/es\/contactanos\/\" target=\"_self\" class=\"btn pofo-button-1 button-style2  btn-white  btn-medium   vc_custom_1647934222709 pofo-button-responsive-69f2a5f3b98e2\"  style=\"color:#007a85; \">CONT\u00c1CTENOS<\/a><\/div><\/div><\/div><\/section><div class=\"vc_row-full-width vc_clearfix\"><\/div>\n","protected":false},"excerpt":{"rendered":"[vc_raw_html el_class=\"sgBreadcrumb\"]JTVCYWlvc2VvX2JyZWFkY3J1bWJzJTVE[\/vc_raw_html]RecursosDescargasA trav\u00e9s de esta p\u00e1gina de Descargas puedes descargar, tanto nuestros cat\u00e1logos de productos como el manual de todas nuestras bombas y las fichas t\u00e9cnicas correspondientes, las instrucciones de montaje y nuestro perfil de empresa. Fichas T\u00e9cnicasA trav\u00e9s de esta p\u00e1gina puedes descargar las fichas t\u00e9cnicas de todas las bombas industriales Debem. FICHAS T\u00c9CNICASFullflow Mostrar m\u00e1sFICHAS T\u00c9CNICASKM Mostrar m\u00e1sFICHAS T\u00c9CNICASCubic Mostrar m\u00e1sFICHAS T\u00c9CNICASBoxer Mostrar m\u00e1sFICHAS T\u00c9CNICASEquaflux Mostrar m\u00e1sFICHAS T\u00c9CNICASDM Mostrar m\u00e1sFICHAS T\u00c9CNICASMB Mostrar m\u00e1sFICHAS T\u00c9CNICASIM Mostrar m\u00e1sFICHAS T\u00c9CNICASBombas trasegadoras para barriles Mostrar m\u00e1sCat\u00e1logosA trav\u00e9s de esta p\u00e1gina puedes descargar nuestros cat\u00e1logos de productos y las secciones dedicadas a las familias de bombas Debem, que ilustran cada tipo de bomba de nuestra gama de producci\u00f3n. CAT\u00c1LOGOCat\u00e1logo Debem Mostrar m\u00e1sManualesA trav\u00e9s de esta p\u00e1gina puedes descargar nuestros manuales con instrucciones de uso y mantenimiento de toda la gama de bombas industriales Debem. MANUALESManual Debem Mostrar m\u00e1s\u00bfTe gustar\u00eda recibir informaci\u00f3n? Cont\u00e1ctenosCONT\u00c1CTENOS","protected":false},"author":1,"featured_media":0,"parent":0,"menu_order":0,"comment_status":"closed","ping_status":"closed","template":"","meta":{"footnotes":""},"class_list":["post-39472","page","type-page","status-publish","hentry"],"aioseo_notices":[],"_links":{"self":[{"href":"https:\/\/www.debem.com\/es\/wp-json\/wp\/v2\/pages\/39472","targetHints":{"allow":["GET"]}}],"collection":[{"href":"https:\/\/www.debem.com\/es\/wp-json\/wp\/v2\/pages"}],"about":[{"href":"https:\/\/www.debem.com\/es\/wp-json\/wp\/v2\/types\/page"}],"author":[{"embeddable":true,"href":"https:\/\/www.debem.com\/es\/wp-json\/wp\/v2\/users\/1"}],"replies":[{"embeddable":true,"href":"https:\/\/www.debem.com\/es\/wp-json\/wp\/v2\/comments?post=39472"}],"version-history":[{"count":5,"href":"https:\/\/www.debem.com\/es\/wp-json\/wp\/v2\/pages\/39472\/revisions"}],"predecessor-version":[{"id":51443,"href":"https:\/\/www.debem.com\/es\/wp-json\/wp\/v2\/pages\/39472\/revisions\/51443"}],"wp:attachment":[{"href":"https:\/\/www.debem.com\/es\/wp-json\/wp\/v2\/media?parent=39472"}],"curies":[{"name":"wp","href":"https:\/\/api.w.org\/{rel}","templated":true}]}}