{"id":39454,"date":"2022-03-22T06:58:24","date_gmt":"2022-03-22T06:58:24","guid":{"rendered":"https:\/\/www.debem.com\/?page_id=39454"},"modified":"2025-11-25T10:40:44","modified_gmt":"2025-11-25T10:40:44","slug":"agitadores-y-peristalticas","status":"publish","type":"page","link":"https:\/\/www.debem.com\/es\/productos\/agitadores-y-peristalticas\/","title":{"rendered":"Agitadores y perist\u00e1lticas"},"content":{"rendered":"<section class=\"vc_row wpb_row vc_row-fluid  vc_custom_1646061389347 wow fadeIn vc_row-has-fill pofo-row-responsive-69f1b9a995627\"><div class=\"wpb_column vc_column_container vc_col-sm-12  col-xs-mobile-fullwidth\"><div class=\"vc_column-inner \"><div class=\"wpb_wrapper\">[vc_raw_html el_class=\u00bbsgBreadcrumb\u00bb]JTVCYWlvc2VvX2JyZWFkY3J1bWJzJTVE[\/vc_raw_html]<\/div><\/div><\/div><\/section><section class=\"vc_row wpb_row vc_row-fluid  vc_custom_1646586044934 wow none vc_row-has-fill vc_row-o-equal-height vc_row-o-content-middle vc_row-flex pofo-row-responsive-69f1b9a995776\"><div class=\"wpb_column vc_column_container vc_col-sm-6  col-xs-mobile-fullwidth text-left md-text-left sm-text-left xs-text-left pofo-column-responsive-69f1b9a995846\"><div class=\"vc_column-inner vc_custom_1646062313450\"><div class=\"wpb_wrapper\"><span class=\"text-extra-dark-gray margin-20px-bottom font-weight-600 display-block alt-font text-uppercase heading-style2  vc_custom_1647957650814  heading-1\"  style=\"font-size: 15px; line-height: 22px; font-weight: 400; color: #007a85;\" data-fontsize=\"15px\" data-lineheight=\"22px\">PRODUCTOS<\/span><h1 class=\"text-extra-dark-gray margin-20px-bottom font-weight-600 display-inline-block alt-font  pofo_font_1647957627497 heading-style2  heading-2\"  style=\"font-size: 36px; line-height: 40px; font-weight: 600;\" data-fontsize=\"36px\" data-lineheight=\"40px\">Agitadores y perist\u00e1lticas<\/h1><div class=\"text-medium line-height-28  vc_custom_1647957679952 last-paragraph-no-margin pofo-text-block-responsive-69f1b9a99598b\" style=\"width: 100%;\"><p>Los <strong>agitadores<\/strong> sumergidos, compactos y dise\u00f1ados para una amplia gama de aplicaciones, pueden ser utilizados independientemente de la forma y el tama\u00f1o de la cubeta.<\/p>\n<p>El funcionamiento de las <strong>bombas perist\u00e1lticas<\/strong> se obtiene a trav\u00e9s de una \u00abpresi\u00f3n de deslizamiento\u00bb que act\u00faa sobre un tubo flexible, ejercida por algunos rodillos que giran paralelos a un eje y est\u00e1n sostenidos por un portarrodillos.<\/p>\n<\/div><div class=\"vc_row wpb_row vc_inner vc_row-fluid\"><div class=\"wpb_column vc_column_container vc_col-sm-5 vc_col-xs-6\"><div class=\"vc_column-inner \"><div class=\"wpb_wrapper\"><a  href=\"#contactprodotti\" class=\"btn pofo-button-1 section-link button-style1  btn-dark-gray  btn-medium   vc_custom_1647957694221 pofo-button-responsive-69f1b9a995b41\"  style=\"color:#ffffff;  border-color:#007a85; \">M\u00c1S INFORMACI\u00d3N<\/a><\/div><\/div><\/div><div class=\"wpb_column vc_column_container vc_col-sm-5 vc_col-md-4 vc_col-xs-6\"><div class=\"vc_column-inner \"><div class=\"wpb_wrapper\"><a  href=\"#dettagliprodotti\" class=\"btn pofo-button-2 section-link button-style1  btn-dark-gray  btn-medium   vc_custom_1647957782889\"  style=\"color:#ffffff;  border-color:#f8c21c; \">LEER M\u00c1S<\/a><\/div><\/div><\/div><div class=\"wpb_column vc_column_container vc_col-sm-1 vc_hidden-sm vc_hidden-xs col-xs-mobile-fullwidth\"><div class=\"vc_column-inner \"><div class=\"wpb_wrapper\"><\/div><\/div><\/div><\/div><\/div><\/div><\/div><div class=\"wpb_column vc_column_container vc_col-sm-6  col-xs-mobile-fullwidth pofo-column-responsive-69f1b9a995c83\"><div class=\"vc_column-inner vc_custom_1646062320440\"><div class=\"wpb_wrapper\">[vc_single_image image=\u00bb33246&#8243; img_size=\u00bbfull\u00bb]<\/div><\/div><\/div><\/section>[vc_section full_width=\u00bbstretch_row\u00bb css=\u00bb.vc_custom_1646566673677{padding-top: 0px !important;padding-bottom: 0px !important;background-color: #f7f7f7 !important;}\u00bb]<section id=\"contactprodotti\" class=\"vc_row wpb_row vc_row-fluid  vc_custom_1646566791665 wow fadeIn vc_row-has-fill pofo-row-responsive-69f1b9a995d0c\"><div class=\"wpb_column vc_column_container vc_col-sm-12  col-xs-mobile-fullwidth\"><div class=\"vc_column-inner \"><div class=\"wpb_wrapper\"><div class=\"vc_row wpb_row vc_inner vc_row-fluid\"><div class=\"wpb_column vc_column_container vc_col-sm-12 vc_col-lg-3 vc_col-md-3 vc_hidden-sm col-xs-mobile-fullwidth\"><div class=\"vc_column-inner \"><div class=\"wpb_wrapper\"><\/div><\/div><\/div><div class=\"wpb_column vc_column_container vc_col-sm-12 vc_col-lg-6 vc_col-md-6 col-xs-mobile-fullwidth text-center md-text-center sm-text-left xs-text-left\"><div class=\"vc_column-inner vc_custom_1646059839106\"><div class=\"wpb_wrapper\"><span class=\"text-extra-dark-gray margin-20px-bottom font-weight-600 display-block alt-font heading-style2  vc_custom_1647957804565  heading-3\"  style=\"font-size: 15px; line-height: 22px; font-weight: 400; color: #007a85;\" data-fontsize=\"15px\" data-lineheight=\"22px\">CONTACTOS<\/span><h2 class=\"text-medium-gray text-small margin-5px-bottom alt-font  pofo_font_1647957832852 heading-style4 pofo-button-responsive-69f1b9a996026  heading-4\"  style=\"font-size: 28px; line-height: 32px; font-weight: 600; color: #000000;\" data-fontsize=\"28px\" data-lineheight=\"32px\">Solicita informaci\u00f3n<\/h2><\/div><\/div><\/div><div class=\"wpb_column vc_column_container vc_col-sm-12 vc_col-lg-3 vc_col-md-3 vc_hidden-sm col-xs-mobile-fullwidth\"><div class=\"vc_column-inner \"><div class=\"wpb_wrapper\"><\/div><\/div><\/div><div class=\"wpb_column vc_column_container vc_col-sm-12  col-xs-mobile-fullwidth\"><div class=\"vc_column-inner \"><div class=\"wpb_wrapper\">\n<div class=\"wpcf7 no-js\" id=\"wpcf7-f40448-o1\" lang=\"es-ES\" dir=\"ltr\" data-wpcf7-id=\"40448\">\n<div class=\"screen-reader-response\"><p role=\"status\" aria-live=\"polite\" aria-atomic=\"true\"><\/p> <ul><\/ul><\/div>\n<form action=\"\/es\/wp-json\/wp\/v2\/pages\/39454#wpcf7-f40448-o1\" method=\"post\" class=\"wpcf7-form init\" aria-label=\"Formulario de contacto\" novalidate=\"novalidate\" data-status=\"init\">\n<fieldset class=\"hidden-fields-container\"><input type=\"hidden\" name=\"_wpcf7\" value=\"40448\" \/><input type=\"hidden\" name=\"_wpcf7_version\" value=\"6.1.5\" \/><input type=\"hidden\" name=\"_wpcf7_locale\" value=\"es_ES\" \/><input type=\"hidden\" name=\"_wpcf7_unit_tag\" value=\"wpcf7-f40448-o1\" \/><input type=\"hidden\" name=\"_wpcf7_container_post\" value=\"0\" \/><input type=\"hidden\" name=\"_wpcf7_posted_data_hash\" value=\"\" \/><input type=\"hidden\" name=\"_wpcf7_recaptcha_response\" value=\"\" \/>\n<\/fieldset>\n<div class=\"row\">\n\t<div class=\"col-md-4\">\n\t\t<span class=\"wpcf7-form-control-wrap\" data-name=\"nome\"><input size=\"40\" maxlength=\"400\" class=\"wpcf7-form-control wpcf7-text wpcf7-validates-as-required big-input\" aria-required=\"true\" aria-invalid=\"false\" placeholder=\"Nombre *\" value=\"\" type=\"text\" name=\"nome\" \/><\/span>\n\t<\/div>\n\t<div class=\"col-md-4\">\n\t\t<span class=\"wpcf7-form-control-wrap\" data-name=\"cognome\"><input size=\"40\" maxlength=\"400\" class=\"wpcf7-form-control wpcf7-text wpcf7-validates-as-required big-input\" aria-required=\"true\" aria-invalid=\"false\" placeholder=\"Apellidos *\" value=\"\" type=\"text\" name=\"cognome\" \/><\/span>\n\t<\/div>\n\t<div class=\"col-md-4\">\n\t\t<span class=\"wpcf7-form-control-wrap\" data-name=\"azienda\"><input size=\"40\" maxlength=\"400\" class=\"wpcf7-form-control wpcf7-text wpcf7-validates-as-required big-input\" aria-required=\"true\" aria-invalid=\"false\" placeholder=\"Empresa *\" value=\"\" type=\"text\" name=\"azienda\" \/><\/span>\n\t<\/div>\n\t<div class=\"col-md-4\">\n\t\t<span class=\"wpcf7-form-control-wrap\" data-name=\"provincia\"><input size=\"40\" maxlength=\"400\" class=\"wpcf7-form-control wpcf7-text wpcf7-validates-as-required big-input\" aria-required=\"true\" aria-invalid=\"false\" placeholder=\"Pa\u00eds *\" value=\"\" type=\"text\" name=\"provincia\" \/><\/span>\n\t<\/div>\n\t<div class=\"col-md-4\">\n\t\t<span class=\"wpcf7-form-control-wrap\" data-name=\"telefono\"><input size=\"40\" maxlength=\"400\" class=\"wpcf7-form-control wpcf7-text big-input\" aria-invalid=\"false\" placeholder=\"Tel\u00e9fono\" value=\"\" type=\"text\" name=\"telefono\" \/><\/span>\n\t<\/div>\n\t<div class=\"col-md-4\">\n\t\t<span class=\"wpcf7-form-control-wrap\" data-name=\"email\"><input size=\"40\" maxlength=\"400\" class=\"wpcf7-form-control wpcf7-email wpcf7-validates-as-required wpcf7-text wpcf7-validates-as-email big-input\" aria-required=\"true\" aria-invalid=\"false\" placeholder=\"Email *\" value=\"\" type=\"email\" name=\"email\" \/><\/span>\n\t<\/div>\n\t<div class=\"col-md-12\">\n\t\t<span class=\"wpcf7-form-control-wrap\" data-name=\"messaggio\"><textarea cols=\"40\" rows=\"3\" maxlength=\"2000\" class=\"wpcf7-form-control wpcf7-textarea xs-margin-20px-bottom big-textarea\" aria-invalid=\"false\" placeholder=\"Tu solicitud\" name=\"messaggio\"><\/textarea><\/span>\n\t<\/div>\n\t<div class=\"col-md-12\">\n\t\t<span class=\"wpcf7-form-control-wrap\" data-name=\"opt-in\"><span class=\"wpcf7-form-control wpcf7-acceptance optional\"><span class=\"wpcf7-list-item\"><label><input type=\"checkbox\" name=\"opt-in\" value=\"1\" aria-invalid=\"false\" \/><span class=\"wpcf7-list-item-label\">Quiero suscribirme a vuestra newsletter<\/span><\/label><\/span><\/span><\/span><br>\n\t\t<span class=\"wpcf7-form-control-wrap\" data-name=\"contact-privacy\"><span class=\"wpcf7-form-control wpcf7-acceptance\"><span class=\"wpcf7-list-item\"><label><input type=\"checkbox\" name=\"contact-privacy\" value=\"1\" aria-invalid=\"false\" \/><span class=\"wpcf7-list-item-label\">Acepto vuestra <a href=\"https:\/\/www.iubenda.com\/privacy-policy\/24056032\/legal\" target=\"_blank\">Pol\u00edtica de Privacidad<\/a><\/span><\/label><\/span><\/span><\/span><br>\n\t\t<span class=\"wpcf7-form-control-wrap\" data-name=\"contact-cookie\"><span class=\"wpcf7-form-control wpcf7-acceptance\"><span class=\"wpcf7-list-item\"><label><input type=\"checkbox\" name=\"contact-cookie\" value=\"1\" aria-invalid=\"false\" \/><span class=\"wpcf7-list-item-label\">Acepto vuestra <a href=\"https:\/\/www.iubenda.com\/privacy-policy\/24056032\/cookie-policy\" target=\"_blank\">Pol\u00edtica de Cookie<\/a><\/span><\/label><\/span><\/span><\/span><br>\n\t<\/div>\n\t<div class=\"col-md-12\" style=\"margin-top:20px;\">\n\t\t<input class=\"wpcf7-form-control wpcf7-submit has-spinner btn pofo-button-70 button-style1 btn-dark-gray btn-small\" type=\"submit\" value=\"Enviar\" \/>\n\t<\/div>\n<\/div>\n<input class=\"wpcf7-form-control wpcf7-hidden\" value=\"\" type=\"hidden\" name=\"utm_source\" \/>\n<input class=\"wpcf7-form-control wpcf7-hidden\" value=\"\" type=\"hidden\" name=\"utm_medium\" \/>\n<input class=\"wpcf7-form-control wpcf7-hidden\" value=\"\" type=\"hidden\" name=\"utm_campaign\" \/><div class=\"wpcf7-response-output\" aria-hidden=\"true\"><\/div>\n<\/form>\n<\/div>\n<\/div><\/div><\/div><\/div><\/div><\/div><\/div><\/section>[\/vc_section]<section id=\"dettagliprodotti\" data-vc-full-width=\"true\" data-vc-full-width-init=\"false\" class=\"vc_row wpb_row vc_row-fluid  vc_custom_1646668043163 wow fadeIn vc_row-has-fill pofo-stretch-content pofo-stretch-row-container vc_row-o-equal-height vc_row-o-content-middle vc_row-flex\"><div class=\"wpb_column vc_column_container position-relative vc_col-sm-12 vc_col-md-6 vc_col-xs-12 wow none pofo-column-responsive-69f1b9a99702b\"><div class=\"vc_column-inner cover-background vc_custom_1646135263004\"><div class=\"wpb_wrapper\"><div id=\"pofo-image-slider-1\" class=\"swiper-container height-100 width-100 white-move swiper-container-horizontal pofo-image-style7 pofo-image-slider-1  pofo-slider7 pofo-slider7-1\" data-slider-options=\"{&quot;keyboard&quot;:true,&quot;slidesPerView&quot;:1,&quot;loop&quot;:true,&quot;autoplay&quot;:{&quot;delay&quot;:3000,&quot;disableOnInteraction&quot;:false},&quot;effect&quot;:&quot;fade&quot;,&quot;fadeEffect&quot;:{&quot;crossFade&quot;:true}}\"><div class=\"swiper-wrapper\"><div class=\"swiper-slide\" data-swiper-slide-index=\"0\"><div class=\"container-fluid no-padding\"><div class=\"col-lg-12 no-padding text-center\"><img loading=\"lazy\" decoding=\"async\" src=\"https:\/\/www.debem.com\/wp-content\/uploads\/2022\/04\/PompePeristaltiche-MV.png\" class=\"width-100\" width=\"881\" height=\"771\" alt=\"\" srcset=\"https:\/\/www.debem.com\/wp-content\/uploads\/2022\/04\/PompePeristaltiche-MV.png 881w, https:\/\/www.debem.com\/wp-content\/uploads\/2022\/04\/PompePeristaltiche-MV-300x263.png 300w, https:\/\/www.debem.com\/wp-content\/uploads\/2022\/04\/PompePeristaltiche-MV-768x672.png 768w, https:\/\/www.debem.com\/wp-content\/uploads\/2022\/04\/PompePeristaltiche-MV-120x105.png 120w, https:\/\/www.debem.com\/wp-content\/uploads\/2022\/04\/PompePeristaltiche-MV-81x71.png 81w\" sizes=\"auto, (max-width: 881px) 100vw, 881px\"\/><\/div><\/div><\/div><div class=\"swiper-slide\" data-swiper-slide-index=\"0\"><div class=\"container-fluid no-padding\"><div class=\"col-lg-12 no-padding text-center\"><img loading=\"lazy\" decoding=\"async\" src=\"https:\/\/www.debem.com\/wp-content\/uploads\/2022\/04\/PompePeristaltiche-MP-9.png\" class=\"width-100\" width=\"881\" height=\"771\" alt=\"\" srcset=\"https:\/\/www.debem.com\/wp-content\/uploads\/2022\/04\/PompePeristaltiche-MP-9.png 881w, https:\/\/www.debem.com\/wp-content\/uploads\/2022\/04\/PompePeristaltiche-MP-9-300x263.png 300w, https:\/\/www.debem.com\/wp-content\/uploads\/2022\/04\/PompePeristaltiche-MP-9-768x672.png 768w, https:\/\/www.debem.com\/wp-content\/uploads\/2022\/04\/PompePeristaltiche-MP-9-120x105.png 120w, https:\/\/www.debem.com\/wp-content\/uploads\/2022\/04\/PompePeristaltiche-MP-9-81x71.png 81w\" sizes=\"auto, (max-width: 881px) 100vw, 881px\"\/><\/div><\/div><\/div><div class=\"swiper-slide\" data-swiper-slide-index=\"0\"><div class=\"container-fluid no-padding\"><div class=\"col-lg-12 no-padding text-center\"><img loading=\"lazy\" decoding=\"async\" src=\"https:\/\/www.debem.com\/wp-content\/uploads\/2022\/04\/PompePeristaltiche-MP.png\" class=\"width-100\" width=\"881\" height=\"771\" alt=\"\" srcset=\"https:\/\/www.debem.com\/wp-content\/uploads\/2022\/04\/PompePeristaltiche-MP.png 881w, https:\/\/www.debem.com\/wp-content\/uploads\/2022\/04\/PompePeristaltiche-MP-300x263.png 300w, https:\/\/www.debem.com\/wp-content\/uploads\/2022\/04\/PompePeristaltiche-MP-768x672.png 768w, https:\/\/www.debem.com\/wp-content\/uploads\/2022\/04\/PompePeristaltiche-MP-120x105.png 120w, https:\/\/www.debem.com\/wp-content\/uploads\/2022\/04\/PompePeristaltiche-MP-81x71.png 81w\" sizes=\"auto, (max-width: 881px) 100vw, 881px\"\/><\/div><\/div><\/div><div class=\"swiper-slide\" data-swiper-slide-index=\"0\"><div class=\"container-fluid no-padding\"><div class=\"col-lg-12 no-padding text-center\"><img loading=\"lazy\" decoding=\"async\" src=\"https:\/\/www.debem.com\/wp-content\/uploads\/2022\/04\/PompePeristaltiche-1.png\" class=\"width-100\" width=\"881\" height=\"771\" alt=\"\" srcset=\"https:\/\/www.debem.com\/wp-content\/uploads\/2022\/04\/PompePeristaltiche-1.png 881w, https:\/\/www.debem.com\/wp-content\/uploads\/2022\/04\/PompePeristaltiche-1-300x263.png 300w, https:\/\/www.debem.com\/wp-content\/uploads\/2022\/04\/PompePeristaltiche-1-768x672.png 768w, https:\/\/www.debem.com\/wp-content\/uploads\/2022\/04\/PompePeristaltiche-1-120x105.png 120w, https:\/\/www.debem.com\/wp-content\/uploads\/2022\/04\/PompePeristaltiche-1-81x71.png 81w\" sizes=\"auto, (max-width: 881px) 100vw, 881px\"\/><\/div><\/div><\/div><\/div><\/div><\/div><\/div><\/div><div class=\"wpb_column vc_column_container vc_col-sm-12 vc_col-md-6 vc_col-xs-12 wow none sm-text-left xs-text-left\"><div class=\"vc_column-inner vc_custom_1646135328448\"><div class=\"wpb_wrapper\"><div class=\"vc_row wpb_row vc_inner vc_row-fluid  vc_custom_1646651239453 pofo-inner-row-responsive-69f1b9a997f2b\"><div class=\"wpb_column vc_column_container vc_col-sm-12  col-xs-mobile-fullwidth\"><div class=\"vc_column-inner \"><div class=\"wpb_wrapper\"><span class=\"text-extra-dark-gray margin-20px-bottom font-weight-600 display-block alt-font text-uppercase heading-style2  vc_custom_1647957868240  heading-5\"  style=\"font-size: 15px; line-height: 22px; font-weight: 400; color: #007a85;\" data-fontsize=\"15px\" data-lineheight=\"22px\">CARACTER\u00cdSTICAS T\u00c9CNICAS<\/span><h2 class=\"text-medium-gray text-small margin-5px-bottom alt-font  pofo_font_1647957889589 heading-style4  vc_custom_1647957889589 pofo-button-responsive-69f1b9a9980c4  heading-6\"  style=\"font-size: 28px; line-height: 32px; font-weight: 600; color: #000000;\" data-fontsize=\"28px\" data-lineheight=\"32px\">Agitadores y perist\u00e1lticas<\/h2><div class=\"text-medium line-height-28  vc_custom_1647957921973 last-paragraph-no-margin\"><p>Los campos de uso de <strong>los agitadores<\/strong> son muchos: depuradoras de agua, plantas de biog\u00e1s, producci\u00f3n de alimentos l\u00edquidos, veh\u00edculos de transporte y muchos otros.<br \/>\nPor otro lado, <strong>las bombas perist\u00e1lticas<\/strong> son ideales para determinados sectores como: tratamiento de aguas, industria qu\u00edmica, industria alimentaria y cosm\u00e9tica, miner\u00eda, industria cer\u00e1mica y de la construcci\u00f3n, as\u00ed como para las f\u00e1bricas de papel.<\/p>\n<\/div><\/div><\/div><\/div><\/div><\/div><\/div><\/div><\/section><div class=\"vc_row-full-width vc_clearfix\"><\/div><section data-vc-full-width=\"true\" data-vc-full-width-init=\"false\" data-vc-stretch-content=\"true\" class=\"vc_row wpb_row vc_row-fluid  vc_custom_1762878132844 cover-background wow fadeIn pofo-stretch-content vc_row-o-equal-height vc_row-flex pofo-row-responsive-69f1b9a998168\"><div class=\"wpb_column vc_column_container vc_col-has-fill vc_col-sm-6 vc_col-md-6 col-xs-mobile-fullwidth text-left md-text-left sm-text-left xs-text-left\"><div class=\"vc_column-inner vc_custom_1762877739939\"><div class=\"wpb_wrapper\"><span class=\"text-extra-dark-gray margin-20px-bottom font-weight-600 display-inline-block alt-font text-uppercase heading-style2  vc_custom_1764066648146  heading-7\"  style=\"font-size: 14px; line-height: 22px; font-weight: 500; color: #ffffff;\" data-fontsize=\"14px\" data-lineheight=\"22px\">Gama Industrial<\/span><span class=\"text-extra-large margin-25px-bottom vertical-align-middle sm-width-100 display-block alt-font  pofo_font_1764066669825 heading-style3  vc_custom_1764066669826 pofo-button-responsive-69f1b9a99832a  heading-8\"  style=\"font-size: 27px; line-height: 37px; color: #ffffff;\" data-fontsize=\"27px\" data-lineheight=\"37px\">\u00bfLe gustar\u00eda recibir informaci\u00f3n?<\/span><span class=\"text-extra-large margin-25px-bottom vertical-align-middle sm-width-100 display-block alt-font  pofo_font_1764066686579 heading-style3  vc_custom_1764066686580 pofo-button-responsive-69f1b9a998363  heading-9\"  style=\"font-size: 22px; line-height: 32px; color: #ffffff;\" data-fontsize=\"22px\" data-lineheight=\"32px\">\u00a1Por favor, cont\u00e1ctanos!<\/span><a  href=\"https:\/\/www.debem.com\/es\/contactanos\/\" target=\"_self\" class=\"btn pofo-button-3 button-style2  btn-white  btn-medium   vc_custom_1764066713809 pofo-button-responsive-69f1b9a99839c\"  style=\"color:#ffffff;  border-color:#f8c21c; \">Contacto<\/a><\/div><\/div><\/div><div class=\"wpb_column vc_column_container vc_col-has-fill vc_col-sm-6  col-xs-mobile-fullwidth text-left md-text-left sm-text-left xs-text-left\"><div class=\"vc_column-inner vc_custom_1762877728477\"><div class=\"wpb_wrapper\"><span class=\"text-extra-dark-gray margin-20px-bottom font-weight-600 display-inline-block alt-font text-uppercase heading-style2  vc_custom_1764066725014  heading-10\"  style=\"font-size: 14px; line-height: 22px; font-weight: 500; color: #ffffff;\" data-fontsize=\"14px\" data-lineheight=\"22px\">Gama Hygienic<\/span><span class=\"text-extra-large margin-25px-bottom vertical-align-middle sm-width-100 display-block alt-font  pofo_font_1764066779820 heading-style3  vc_custom_1764066779820  heading-11\"  style=\"font-size: 27px; line-height: 37px; color: #ffffff;\" data-fontsize=\"27px\" data-lineheight=\"37px\">\u00bfBuscas soluciones dise\u00f1adas para aplicaciones higi\u00e9nicas?<\/span><span class=\"text-extra-large margin-25px-bottom vertical-align-middle sm-width-100 display-block alt-font  pofo_font_1764066773800 heading-style3  vc_custom_1764066773800 pofo-button-responsive-69f1b9a9984a1  heading-12\"  style=\"font-size: 22px; line-height: 32px; color: #ffffff;\" data-fontsize=\"22px\" data-lineheight=\"32px\">\u00a1Descubre nuestra Gama Hygienic aqu\u00ed!<\/span><a  href=\"https:\/\/sani.debem.com\/es\/\" target=\"_self\" class=\"btn pofo-button-4 button-style2  btn-white  btn-medium   vc_custom_1764066807621 pofo-button-responsive-69f1b9a9984d7\"  style=\"color:#0069a5;  border-color:#0069a5; \">Descubre<\/a><\/div><\/div><\/div><\/section><div class=\"vc_row-full-width vc_clearfix\"><\/div>\n","protected":false},"excerpt":{"rendered":"<p>[vc_section full_width=\u00bbstretch_row\u00bb css=\u00bb.vc_custom_1646566673677{padding-top: 0px !important;padding-bottom: 0px !important;background-color: #f7f7f7 !important;}\u00bb][\/vc_section]<\/p>\n","protected":false},"author":1,"featured_media":0,"parent":39447,"menu_order":0,"comment_status":"closed","ping_status":"closed","template":"","meta":{"footnotes":""},"class_list":["post-39454","page","type-page","status-publish","hentry"],"aioseo_notices":[],"_links":{"self":[{"href":"https:\/\/www.debem.com\/es\/wp-json\/wp\/v2\/pages\/39454","targetHints":{"allow":["GET"]}}],"collection":[{"href":"https:\/\/www.debem.com\/es\/wp-json\/wp\/v2\/pages"}],"about":[{"href":"https:\/\/www.debem.com\/es\/wp-json\/wp\/v2\/types\/page"}],"author":[{"embeddable":true,"href":"https:\/\/www.debem.com\/es\/wp-json\/wp\/v2\/users\/1"}],"replies":[{"embeddable":true,"href":"https:\/\/www.debem.com\/es\/wp-json\/wp\/v2\/comments?post=39454"}],"version-history":[{"count":4,"href":"https:\/\/www.debem.com\/es\/wp-json\/wp\/v2\/pages\/39454\/revisions"}],"predecessor-version":[{"id":52555,"href":"https:\/\/www.debem.com\/es\/wp-json\/wp\/v2\/pages\/39454\/revisions\/52555"}],"up":[{"embeddable":true,"href":"https:\/\/www.debem.com\/es\/wp-json\/wp\/v2\/pages\/39447"}],"wp:attachment":[{"href":"https:\/\/www.debem.com\/es\/wp-json\/wp\/v2\/media?parent=39454"}],"curies":[{"name":"wp","href":"https:\/\/api.w.org\/{rel}","templated":true}]}}