{"id":35996,"date":"2022-03-17T09:59:52","date_gmt":"2022-03-17T09:59:52","guid":{"rendered":"https:\/\/www.debem.com\/?page_id=35996"},"modified":"2022-03-24T08:16:25","modified_gmt":"2022-03-24T08:16:25","slug":"analisis-fem","status":"publish","type":"page","link":"https:\/\/www.debem.com\/es\/analisis-fem\/","title":{"rendered":"An\u00e1lisis FEM"},"content":{"rendered":"<section class=\"vc_row wpb_row vc_row-fluid  vc_custom_1646061389347 wow fadeIn vc_row-has-fill pofo-row-responsive-69f31a964affa\"><div class=\"wpb_column vc_column_container vc_col-sm-12  col-xs-mobile-fullwidth\"><div class=\"vc_column-inner \"><div class=\"wpb_wrapper\">[vc_raw_html el_class=\u00bbsgBreadcrumb\u00bb]JTVCYWlvc2VvX2JyZWFkY3J1bWJzJTVE[\/vc_raw_html]<\/div><\/div><\/div><\/section><section class=\"vc_row wpb_row vc_row-fluid  vc_custom_1646383377027 wow none vc_row-has-fill vc_row-o-equal-height vc_row-o-content-middle vc_row-flex pofo-row-responsive-69f31a964b10e\"><div class=\"wpb_column vc_column_container vc_col-sm-6  col-xs-mobile-fullwidth pofo-column-responsive-69f31a964b194\"><div class=\"vc_column-inner vc_custom_1646307268097\"><div class=\"wpb_wrapper\">[vc_single_image image=\u00bb30046&#8243; img_size=\u00bbfull\u00bb]<\/div><\/div><\/div><div class=\"wpb_column vc_column_container vc_col-sm-6  col-xs-mobile-fullwidth text-left md-text-left sm-text-left xs-text-left pofo-column-responsive-69f31a964b213\"><div class=\"vc_column-inner vc_custom_1646328478205\"><div class=\"wpb_wrapper\"><span class=\"text-extra-dark-gray margin-20px-bottom font-weight-600 display-block alt-font text-uppercase heading-style2  vc_custom_1647511004449  heading-1\"  style=\"font-size: 15px; line-height: 22px; font-weight: 400; color: #007a85;\" data-fontsize=\"15px\" data-lineheight=\"22px\">Finite element method<\/span><h1 class=\"text-extra-dark-gray margin-20px-bottom font-weight-600 display-inline-block alt-font  pofo_font_1647511023643 heading-style2  heading-2\"  style=\"font-size: 36px; line-height: 40px; font-weight: 600;\" data-fontsize=\"36px\" data-lineheight=\"40px\">M\u00e9todo FEM<\/h1><div class=\"text-medium line-height-28  vc_custom_1647511055928 last-paragraph-no-margin pofo-text-block-responsive-69f31a964b31b\" style=\"width: 100%;\"><p>El m\u00e9todo de los elementos finitos FEA (o FEM \u2013 Finite Element Method) es un m\u00e9todo computarizado que permite s<strong>imular la reacci\u00f3n de una pieza mec\u00e1nica a la vibraci\u00f3n, el calor, al flujo de los fluidos y a otras interacciones f\u00edsicas<\/strong>. El m\u00e9todo de los elementos finitos permite predecir el riesgo de rotura, la velocidad de desgaste y el buen funcionamiento de un producto que ya se encuentra en fase de dise\u00f1o. Aunque se llama M\u00e9todo, el FEM es una herramienta excelente para <strong>predecir el comportamiento de un producto en su uso futuro.<\/strong><\/p>\n<\/div><\/div><\/div><\/div><\/section>[vc_section full_width=\u00bbstretch_row\u00bb css=\u00bb.vc_custom_1646318052105{padding-top: 0px !important;padding-bottom: 0px !important;background-color: #f7f7f7 !important;}\u00bb]<section data-vc-full-width=\"true\" data-vc-full-width-init=\"false\" data-vc-stretch-content=\"true\" class=\"vc_row wpb_row vc_row-fluid  vc_custom_1646321359378 wow fadeIn pofo-stretch-content vc_row-o-equal-height vc_row-o-content-middle vc_row-flex\"><div class=\"wpb_column vc_column_container vc_col-sm-12 vc_col-md-6 vc_col-xs-12 wow none sm-text-left xs-text-left\"><div class=\"vc_column-inner \"><div class=\"wpb_wrapper\"><div class=\"vc_row wpb_row vc_inner vc_row-fluid  vc_custom_1646329881954 pofo-inner-row-responsive-69f31a964b495\"><div class=\"wpb_column vc_column_container vc_col-sm-12  col-xs-mobile-fullwidth\"><div class=\"vc_column-inner \"><div class=\"wpb_wrapper\"><span class=\"text-extra-dark-gray margin-20px-bottom font-weight-600 display-block alt-font text-uppercase heading-style2  vc_custom_1647511065701  heading-3\"  style=\"font-size: 15px; line-height: 22px; font-weight: 400; color: #007a85;\" data-fontsize=\"15px\" data-lineheight=\"22px\">Operaci\u00f3n<\/span><h2 class=\"text-medium-gray text-small margin-5px-bottom alt-font  pofo_font_1647511072545 heading-style4  vc_custom_1647511072545 pofo-button-responsive-69f31a964b5c6  heading-4\"  style=\"font-size: 28px; line-height: 32px; font-weight: 600; color: #000000;\" data-fontsize=\"28px\" data-lineheight=\"32px\">\u00bfC\u00f3mo funciona?<\/h2><div class=\"text-medium line-height-28  vc_custom_1647511102314 last-paragraph-no-margin pofo-text-block-responsive-69f31a964b5f9\" style=\"width: 100%;\"><p>El an\u00e1lisis FEA divide un objeto completo en una gran cantidad de elementos finitos, interconectados por puntos de contacto (nodos). Las operaciones matriciales nos permiten predecir el comportamiento de cada uno de los elementos en los que se divide el objeto. Al combinar la respuesta de los elementos individuales, la <strong>computadora puede proporcionar la respuesta del objeto en su totalidad<\/strong>; respuesta que depender\u00e1 de las condiciones de contorno:<\/p>\n<ul>\n<li>Tensiones que act\u00faan sobre la pieza.<\/li>\n<li>Restricciones<\/li>\n<li>Material<\/li>\n<\/ul>\n<p>Este proceso permite conocer de antemano el comportamiento final del componente y, en consecuencia, sus l\u00edmites de uso.<\/p>\n<\/div><\/div><\/div><\/div><\/div><\/div><\/div><\/div><div class=\"wpb_column vc_column_container vc_col-has-fill position-relative vc_col-sm-12 vc_col-md-6 vc_col-xs-12 wow none pofo-column-responsive-69f31a964b672\"><div class=\"vc_column-inner cover-background vc_custom_1646405323282\"><div class=\"wpb_wrapper\"><\/div><\/div><\/div><\/section><div class=\"vc_row-full-width vc_clearfix\"><\/div>[\/vc_section][vc_section full_width=\u00bbstretch_row\u00bb css=\u00bb.vc_custom_1646318052105{padding-top: 0px !important;padding-bottom: 0px !important;background-color: #f7f7f7 !important;}\u00bb]<section data-vc-full-width=\"true\" data-vc-full-width-init=\"false\" data-vc-stretch-content=\"true\" class=\"vc_row wpb_row vc_row-fluid  vc_custom_1646321359378 wow fadeIn pofo-stretch-content vc_row-o-equal-height vc_row-o-content-middle vc_row-flex\"><div class=\"wpb_column vc_column_container vc_col-has-fill position-relative vc_col-sm-12 vc_col-md-6 vc_hidden-sm vc_col-xs-12 vc_hidden-xs wow none pofo-column-responsive-69f31a964b766\"><div class=\"vc_column-inner cover-background vc_custom_1646405570158\"><div class=\"wpb_wrapper\"><\/div><\/div><\/div><div class=\"wpb_column vc_column_container vc_col-sm-12 vc_col-md-6 vc_col-xs-12 wow none sm-text-left xs-text-left\"><div class=\"vc_column-inner \"><div class=\"wpb_wrapper\"><div class=\"vc_row wpb_row vc_inner vc_row-fluid  vc_custom_1646383346613 pofo-inner-row-responsive-69f31a964b837\"><div class=\"wpb_column vc_column_container vc_col-sm-12  col-xs-mobile-fullwidth\"><div class=\"vc_column-inner \"><div class=\"wpb_wrapper\"><span class=\"text-extra-dark-gray margin-20px-bottom font-weight-600 display-block alt-font text-uppercase heading-style2  vc_custom_1647511115170  heading-5\"  style=\"font-size: 15px; line-height: 22px; font-weight: 400; color: #007a85;\" data-fontsize=\"15px\" data-lineheight=\"22px\">Condiciones de estr\u00e9s<\/span><h2 class=\"text-medium-gray text-small margin-5px-bottom alt-font  pofo_font_1647511122531 heading-style4  vc_custom_1647511122532 pofo-button-responsive-69f31a964b963  heading-6\"  style=\"font-size: 28px; line-height: 32px; font-weight: 600; color: #000000;\" data-fontsize=\"28px\" data-lineheight=\"32px\">Los casos de estudio del An\u00e1lisis FEM<\/h2><div class=\"text-medium line-height-28  vc_custom_1647511147307 last-paragraph-no-margin pofo-text-block-responsive-69f31a964b993\" style=\"width: 95%;\"><p><strong>Las condiciones de tensi\u00f3n m\u00e1s habituales, simuladas y calculadas sobre la pieza:<\/strong><\/p>\n<ul>\n<li>Estres mecanico<\/li>\n<li>vibraci\u00f3n mec\u00e1nica<\/li>\n<li>Fatiga<\/li>\n<li>Transferencia de calor<\/li>\n<\/ul>\n<p>Todo ello <strong>integra el minucioso control de calidad tradicional<\/strong>, reduciendo los porcentajes de desperdicio de las piezas suministradas y consecuentemente la posibilidad de errores en la fase de control, y en definitiva minimizando la posibilidad de que se produzcan roturas prematuras durante el uso de un producto Debem.<\/p>\n<\/div><\/div><\/div><\/div><\/div><\/div><\/div><\/div><\/section><div class=\"vc_row-full-width vc_clearfix\"><\/div>[\/vc_section][vc_section full_width=\u00bbstretch_row\u00bb css=\u00bb.vc_custom_1646321529640{padding-top: 0px !important;padding-bottom: 0px !important;background-color: #ffffff !important;}\u00bb]<section id=\"contactprodotti\" class=\"vc_row wpb_row vc_row-fluid  vc_custom_1646321427090 wow fadeIn vc_row-has-fill pofo-row-responsive-69f31a964ba1b\"><div class=\"wpb_column vc_column_container vc_col-sm-12  col-xs-mobile-fullwidth\"><div class=\"vc_column-inner \"><div class=\"wpb_wrapper\"><div class=\"vc_row wpb_row vc_inner vc_row-fluid\"><div class=\"wpb_column vc_column_container vc_col-sm-12 vc_col-lg-3 vc_col-md-3 vc_hidden-sm col-xs-mobile-fullwidth\"><div class=\"vc_column-inner \"><div class=\"wpb_wrapper\"><\/div><\/div><\/div><div class=\"wpb_column vc_column_container vc_col-sm-12 vc_col-lg-6 vc_col-md-6 col-xs-mobile-fullwidth text-center md-text-center sm-text-left xs-text-left\"><div class=\"vc_column-inner vc_custom_1646059839106\"><div class=\"wpb_wrapper\"><span class=\"text-extra-dark-gray margin-20px-bottom font-weight-600 display-block alt-font text-uppercase heading-style2  vc_custom_1647511157294  heading-7\"  style=\"font-size: 15px; line-height: 22px; font-weight: 400; color: #007a85;\" data-fontsize=\"15px\" data-lineheight=\"22px\">Contactos<\/span><h2 class=\"text-medium-gray text-small margin-5px-bottom alt-font  pofo_font_1647511164154 heading-style4 pofo-button-responsive-69f31a964bc56  heading-8\"  style=\"font-size: 28px; line-height: 32px; font-weight: 600; color: #000000;\" data-fontsize=\"28px\" data-lineheight=\"32px\">Solicita informaci\u00f3n<\/h2><\/div><\/div><\/div><div class=\"wpb_column vc_column_container vc_col-sm-12 vc_col-lg-3 vc_col-md-3 vc_hidden-sm col-xs-mobile-fullwidth\"><div class=\"vc_column-inner \"><div class=\"wpb_wrapper\"><\/div><\/div><\/div><div class=\"wpb_column vc_column_container vc_col-sm-12  col-xs-mobile-fullwidth\"><div class=\"vc_column-inner \"><div class=\"wpb_wrapper\">\n<div class=\"wpcf7 no-js\" id=\"wpcf7-f40448-o1\" lang=\"es-ES\" dir=\"ltr\" data-wpcf7-id=\"40448\">\n<div class=\"screen-reader-response\"><p role=\"status\" aria-live=\"polite\" aria-atomic=\"true\"><\/p> <ul><\/ul><\/div>\n<form action=\"\/es\/wp-json\/wp\/v2\/pages\/35996#wpcf7-f40448-o1\" method=\"post\" class=\"wpcf7-form init\" aria-label=\"Formulario de contacto\" novalidate=\"novalidate\" data-status=\"init\">\n<fieldset class=\"hidden-fields-container\"><input type=\"hidden\" name=\"_wpcf7\" value=\"40448\" \/><input type=\"hidden\" name=\"_wpcf7_version\" value=\"6.1.5\" \/><input type=\"hidden\" name=\"_wpcf7_locale\" value=\"es_ES\" \/><input type=\"hidden\" name=\"_wpcf7_unit_tag\" value=\"wpcf7-f40448-o1\" \/><input type=\"hidden\" name=\"_wpcf7_container_post\" value=\"0\" \/><input type=\"hidden\" name=\"_wpcf7_posted_data_hash\" value=\"\" \/><input type=\"hidden\" name=\"_wpcf7_recaptcha_response\" value=\"\" \/>\n<\/fieldset>\n<div class=\"row\">\n\t<div class=\"col-md-4\">\n\t\t<span class=\"wpcf7-form-control-wrap\" data-name=\"nome\"><input size=\"40\" maxlength=\"400\" class=\"wpcf7-form-control wpcf7-text wpcf7-validates-as-required big-input\" aria-required=\"true\" aria-invalid=\"false\" placeholder=\"Nombre *\" value=\"\" type=\"text\" name=\"nome\" \/><\/span>\n\t<\/div>\n\t<div class=\"col-md-4\">\n\t\t<span class=\"wpcf7-form-control-wrap\" data-name=\"cognome\"><input size=\"40\" maxlength=\"400\" class=\"wpcf7-form-control wpcf7-text wpcf7-validates-as-required big-input\" aria-required=\"true\" aria-invalid=\"false\" placeholder=\"Apellidos *\" value=\"\" type=\"text\" name=\"cognome\" \/><\/span>\n\t<\/div>\n\t<div class=\"col-md-4\">\n\t\t<span class=\"wpcf7-form-control-wrap\" data-name=\"azienda\"><input size=\"40\" maxlength=\"400\" class=\"wpcf7-form-control wpcf7-text wpcf7-validates-as-required big-input\" aria-required=\"true\" aria-invalid=\"false\" placeholder=\"Empresa *\" value=\"\" type=\"text\" name=\"azienda\" \/><\/span>\n\t<\/div>\n\t<div class=\"col-md-4\">\n\t\t<span class=\"wpcf7-form-control-wrap\" data-name=\"provincia\"><input size=\"40\" maxlength=\"400\" class=\"wpcf7-form-control wpcf7-text wpcf7-validates-as-required big-input\" aria-required=\"true\" aria-invalid=\"false\" placeholder=\"Pa\u00eds *\" value=\"\" type=\"text\" name=\"provincia\" \/><\/span>\n\t<\/div>\n\t<div class=\"col-md-4\">\n\t\t<span class=\"wpcf7-form-control-wrap\" data-name=\"telefono\"><input size=\"40\" maxlength=\"400\" class=\"wpcf7-form-control wpcf7-text big-input\" aria-invalid=\"false\" placeholder=\"Tel\u00e9fono\" value=\"\" type=\"text\" name=\"telefono\" \/><\/span>\n\t<\/div>\n\t<div class=\"col-md-4\">\n\t\t<span class=\"wpcf7-form-control-wrap\" data-name=\"email\"><input size=\"40\" maxlength=\"400\" class=\"wpcf7-form-control wpcf7-email wpcf7-validates-as-required wpcf7-text wpcf7-validates-as-email big-input\" aria-required=\"true\" aria-invalid=\"false\" placeholder=\"Email *\" value=\"\" type=\"email\" name=\"email\" \/><\/span>\n\t<\/div>\n\t<div class=\"col-md-12\">\n\t\t<span class=\"wpcf7-form-control-wrap\" data-name=\"messaggio\"><textarea cols=\"40\" rows=\"3\" maxlength=\"2000\" class=\"wpcf7-form-control wpcf7-textarea xs-margin-20px-bottom big-textarea\" aria-invalid=\"false\" placeholder=\"Tu solicitud\" name=\"messaggio\"><\/textarea><\/span>\n\t<\/div>\n\t<div class=\"col-md-12\">\n\t\t<span class=\"wpcf7-form-control-wrap\" data-name=\"opt-in\"><span class=\"wpcf7-form-control wpcf7-acceptance optional\"><span class=\"wpcf7-list-item\"><label><input type=\"checkbox\" name=\"opt-in\" value=\"1\" aria-invalid=\"false\" \/><span class=\"wpcf7-list-item-label\">Quiero suscribirme a vuestra newsletter<\/span><\/label><\/span><\/span><\/span><br>\n\t\t<span class=\"wpcf7-form-control-wrap\" data-name=\"contact-privacy\"><span class=\"wpcf7-form-control wpcf7-acceptance\"><span class=\"wpcf7-list-item\"><label><input type=\"checkbox\" name=\"contact-privacy\" value=\"1\" aria-invalid=\"false\" \/><span class=\"wpcf7-list-item-label\">Acepto vuestra <a href=\"https:\/\/www.iubenda.com\/privacy-policy\/24056032\/legal\" target=\"_blank\">Pol\u00edtica de Privacidad<\/a><\/span><\/label><\/span><\/span><\/span><br>\n\t\t<span class=\"wpcf7-form-control-wrap\" data-name=\"contact-cookie\"><span class=\"wpcf7-form-control wpcf7-acceptance\"><span class=\"wpcf7-list-item\"><label><input type=\"checkbox\" name=\"contact-cookie\" value=\"1\" aria-invalid=\"false\" \/><span class=\"wpcf7-list-item-label\">Acepto vuestra <a href=\"https:\/\/www.iubenda.com\/privacy-policy\/24056032\/cookie-policy\" target=\"_blank\">Pol\u00edtica de Cookie<\/a><\/span><\/label><\/span><\/span><\/span><br>\n\t<\/div>\n\t<div class=\"col-md-12\" style=\"margin-top:20px;\">\n\t\t<input class=\"wpcf7-form-control wpcf7-submit has-spinner btn pofo-button-70 button-style1 btn-dark-gray btn-small\" type=\"submit\" value=\"Enviar\" \/>\n\t<\/div>\n<\/div>\n<input class=\"wpcf7-form-control wpcf7-hidden\" value=\"\" type=\"hidden\" name=\"utm_source\" \/>\n<input class=\"wpcf7-form-control wpcf7-hidden\" value=\"\" type=\"hidden\" name=\"utm_medium\" \/>\n<input class=\"wpcf7-form-control wpcf7-hidden\" value=\"\" type=\"hidden\" name=\"utm_campaign\" \/><div class=\"wpcf7-response-output\" aria-hidden=\"true\"><\/div>\n<\/form>\n<\/div>\n<\/div><\/div><\/div><\/div><\/div><\/div><\/div><\/section>[\/vc_section]<section data-vc-full-width=\"true\" data-vc-full-width-init=\"false\" class=\"vc_row wpb_row vc_row-fluid  vc_custom_1646060879352 cover-background wow fadeIn vc_row-has-fill pofo-stretch-content pofo-stretch-row-container pofo-row-responsive-69f31a964c94a\"><div class=\"wpb_column vc_column_container vc_col-sm-12 vc_col-md-12 col-xs-mobile-fullwidth text-center\"><div class=\"vc_column-inner \"><div class=\"wpb_wrapper\"><span class=\"text-extra-large margin-25px-bottom vertical-align-middle sm-width-100 display-inline-block alt-font heading-style3  vc_custom_1647511172718 pofo-button-responsive-69f31a964ca4e  heading-9\"  style=\"color: #ffffff;\">\u00bfTe gustar\u00eda recibir informaci\u00f3n? Cont\u00e1ctenos<\/span><a  href=\"\/es\/contactanos\/\" target=\"_self\" class=\"btn pofo-button-1 button-style2  btn-white  btn-medium   vc_custom_1647511187063 pofo-button-responsive-69f31a964ca8f\"  style=\"color:#ffffff;  border-color:#f8c21c; \">CONT\u00c1CTENOS<\/a><\/div><\/div><\/div><\/section><div class=\"vc_row-full-width vc_clearfix\"><\/div>\n","protected":false},"excerpt":{"rendered":"<p>[vc_section full_width=\u00bbstretch_row\u00bb css=\u00bb.vc_custom_1646318052105{padding-top: 0px !important;padding-bottom: 0px !important;background-color: #f7f7f7 !important;}\u00bb][\/vc_section][vc_section full_width=\u00bbstretch_row\u00bb css=\u00bb.vc_custom_1646318052105{padding-top: 0px !important;padding-bottom: 0px !important;background-color: #f7f7f7 !important;}\u00bb][\/vc_section][vc_section full_width=\u00bbstretch_row\u00bb css=\u00bb.vc_custom_1646321529640{padding-top: 0px !important;padding-bottom: 0px !important;background-color: #ffffff !important;}\u00bb][\/vc_section]<\/p>\n","protected":false},"author":1,"featured_media":0,"parent":0,"menu_order":0,"comment_status":"closed","ping_status":"closed","template":"","meta":{"footnotes":""},"class_list":["post-35996","page","type-page","status-publish","hentry"],"aioseo_notices":[],"_links":{"self":[{"href":"https:\/\/www.debem.com\/es\/wp-json\/wp\/v2\/pages\/35996","targetHints":{"allow":["GET"]}}],"collection":[{"href":"https:\/\/www.debem.com\/es\/wp-json\/wp\/v2\/pages"}],"about":[{"href":"https:\/\/www.debem.com\/es\/wp-json\/wp\/v2\/types\/page"}],"author":[{"embeddable":true,"href":"https:\/\/www.debem.com\/es\/wp-json\/wp\/v2\/users\/1"}],"replies":[{"embeddable":true,"href":"https:\/\/www.debem.com\/es\/wp-json\/wp\/v2\/comments?post=35996"}],"version-history":[{"count":1,"href":"https:\/\/www.debem.com\/es\/wp-json\/wp\/v2\/pages\/35996\/revisions"}],"predecessor-version":[{"id":41070,"href":"https:\/\/www.debem.com\/es\/wp-json\/wp\/v2\/pages\/35996\/revisions\/41070"}],"wp:attachment":[{"href":"https:\/\/www.debem.com\/es\/wp-json\/wp\/v2\/media?parent=35996"}],"curies":[{"name":"wp","href":"https:\/\/api.w.org\/{rel}","templated":true}]}}