{"id":49097,"date":"2024-05-15T12:53:22","date_gmt":"2024-05-15T12:53:22","guid":{"rendered":"https:\/\/www.debem.com\/?page_id=49097"},"modified":"2024-05-15T13:07:23","modified_gmt":"2024-05-15T13:07:23","slug":"fda-equaflux","status":"publish","type":"page","link":"https:\/\/www.debem.com\/de\/produkte\/pulsationsdaempfer\/fda-equaflux\/","title":{"rendered":"FDA Equaflux"},"content":{"rendered":"<section class=\"vc_row wpb_row vc_row-fluid  vc_custom_1646061389347 wow fadeIn vc_row-has-fill pofo-row-responsive-69f318e04ce38\"><div class=\"wpb_column vc_column_container vc_col-sm-12  col-xs-mobile-fullwidth\"><div class=\"vc_column-inner \"><div class=\"wpb_wrapper\">[vc_raw_html el_class=&#8220;sgBreadcrumb&#8220;]JTVCYWlvc2VvX2JyZWFkY3J1bWJzJTVE[\/vc_raw_html]<\/div><\/div><\/div><\/section><section class=\"vc_row wpb_row vc_row-fluid  vc_custom_1646586044934 wow none vc_row-has-fill vc_row-o-equal-height vc_row-o-content-middle vc_row-flex pofo-row-responsive-69f318e04cf5d\"><div class=\"wpb_column vc_column_container vc_col-sm-6  col-xs-mobile-fullwidth text-left md-text-left sm-text-left xs-text-left pofo-column-responsive-69f318e04d034\"><div class=\"vc_column-inner vc_custom_1646062313450\"><div class=\"wpb_wrapper\"><span class=\"text-extra-dark-gray margin-20px-bottom font-weight-600 display-block alt-font text-uppercase heading-style2  vc_custom_1647595130749  heading-1\"  style=\"font-size: 15px; line-height: 22px; font-weight: 400; color: #007a85;\" data-fontsize=\"15px\" data-lineheight=\"22px\">Pneumatische Pulsationsd\u00e4mpfer<\/span><h1 class=\"text-extra-dark-gray margin-20px-bottom font-weight-600 display-inline-block alt-font  pofo_font_1715777140561 heading-style2  heading-2\"  style=\"font-size: 36px; line-height: 40px; font-weight: 600;\" data-fontsize=\"36px\" data-lineheight=\"40px\">FDA Equaflux<\/h1><div class=\"text-medium line-height-28  vc_custom_1715778441749 last-paragraph-no-margin pofo-text-block-responsive-69f318e04d18c\" style=\"width: 100%;\"><p>Die Pulsationsd\u00e4mpfer der <strong>SERIE FDA EQUAFLUX<\/strong> sind beim Einsatz von Druckluft-Doppelmembranpumpen f\u00fcr Anwendungen unerl\u00e4sslich, bei denen eine m\u00f6glichst lineare und nicht gepulste Medienversorgung erforderlich ist.<\/p>\n<p>Dank ihrer F\u00e4higkeit der Selbstregelung in Abh\u00e4ngigkeit der Anlagenbedingungen eignen sie sich vor allem zur Abschw\u00e4chung von Pulsationen als auch von Vibrationen und Druckst\u00f6\u00dfen, durch die die Leitungen besch\u00e4digt werden k\u00f6nnten.<\/p>\n<\/div><div class=\"vc_row wpb_row vc_inner vc_row-fluid  vc_custom_1715777431918\"><div class=\"wpb_column vc_column_container vc_col-sm-5 vc_col-xs-6\"><div class=\"vc_column-inner \"><div class=\"wpb_wrapper\"><a class=\"youtube-video-1 btn-medium btn btn-rounded btn-transparent-dark-gray  popup-youtube pofo-button-1\" href=\"https:\/\/www.youtube.com\/watch?v=jCuNRcWgH7w\" style=\"background-color:#007a85;  color:#ffffff;  border-color:#007a85; \">SCHAU VIDEO<\/a><\/div><\/div><\/div><div class=\"wpb_column vc_column_container vc_col-sm-5 vc_col-md-4 vc_col-xs-6\"><div class=\"vc_column-inner \"><div class=\"wpb_wrapper\"><\/div><\/div><\/div><div class=\"wpb_column vc_column_container vc_col-sm-1 vc_hidden-sm vc_hidden-xs col-xs-mobile-fullwidth\"><div class=\"vc_column-inner \"><div class=\"wpb_wrapper\"><\/div><\/div><\/div><\/div><\/div><\/div><\/div><div class=\"wpb_column vc_column_container vc_col-sm-6  col-xs-mobile-fullwidth pofo-column-responsive-69f318e04d415\"><div class=\"vc_column-inner vc_custom_1646062320440\"><div class=\"wpb_wrapper\">[vc_single_image image=&#8220;48581&#8243; img_size=&#8220;full&#8220;]<\/div><\/div><\/div><\/section>[vc_section full_width=&#8220;stretch_row&#8220; css=&#8220;.vc_custom_1646304754685{padding-top: 0px !important;padding-bottom: 0px !important;background-color: #ffffff !important;}&#8220;]<section class=\"vc_row wpb_row vc_row-fluid  vc_custom_1646585584599 pofo-row-responsive-69f318e04d4a7\"><div class=\"wpb_column vc_column_container vc_col-sm-3  col-xs-mobile-fullwidth\"><div class=\"vc_column-inner \"><div class=\"wpb_wrapper\"><\/div><\/div><\/div><div class=\"wpb_column vc_column_container vc_col-sm-6  col-xs-mobile-fullwidth text-center md-text-center sm-text-center xs-text-center pofo-column-responsive-69f318e04d560\"><div class=\"vc_column-inner \"><div class=\"wpb_wrapper\"><span class=\"text-extra-dark-gray margin-20px-bottom font-weight-600 display-block alt-font heading-style2  vc_custom_1647595212665  heading-3\"  style=\"font-size: 15px; line-height: 22px; font-weight: 400; color: #007a85;\" data-fontsize=\"15px\" data-lineheight=\"22px\">MODELLE<\/span><h2 class=\"text-medium-gray text-small margin-5px-bottom alt-font  pofo_font_1647595226526 heading-style4  vc_custom_1647595226527 pofo-button-responsive-69f318e04d610  heading-4\"  style=\"font-size: 28px; line-height: 32px; font-weight: 600; color: #000000;\" data-fontsize=\"28px\" data-lineheight=\"32px\">Equaflux Modelle<\/h2><\/div><\/div><\/div><div class=\"wpb_column vc_column_container vc_col-sm-3  col-xs-mobile-fullwidth\"><div class=\"vc_column-inner \"><div class=\"wpb_wrapper\"><\/div><\/div><\/div><\/section><section class=\"vc_row wpb_row vc_row-fluid  vc_custom_1646757097059 vc_column-gap-15 vc_row-o-equal-height vc_row-flex pofo-row-responsive-69f318e04d691\"><div class=\"wpb_column vc_column_container vc_col-has-fill vc_col-sm-3 vc_col-xs-6 pofo-column-responsive-69f318e04d71b\"><div class=\"vc_column-inner vc_custom_1646397335050\"><div class=\"wpb_wrapper\"><div class=\"featurebox35 pofo-featurebox featurebox35-1\" ><div class=\"margin-ten-bottom overflow-hidden image-hover-style-1 sm-margin-20px-bottom\"><a class=\"feature-image-link\" href=\"https:\/\/www.debem.com\/de\/produkte\/pulsationsdaempfer\/fda-equaflux\/fda-equaflux-51\/\"><img loading=\"lazy\" decoding=\"async\" src=\"https:\/\/www.debem.com\/wp-content\/uploads\/2024\/05\/FQ-51-1-1.jpg\" width=\"850\" height=\"800\"  alt=\"FQ-51\" srcset=\"https:\/\/www.debem.com\/wp-content\/uploads\/2024\/05\/FQ-51-1-1.jpg 850w, https:\/\/www.debem.com\/wp-content\/uploads\/2024\/05\/FQ-51-1-1-300x282.jpg 300w, https:\/\/www.debem.com\/wp-content\/uploads\/2024\/05\/FQ-51-1-1-768x723.jpg 768w, https:\/\/www.debem.com\/wp-content\/uploads\/2024\/05\/FQ-51-1-1-819x771.jpg 819w, https:\/\/www.debem.com\/wp-content\/uploads\/2024\/05\/FQ-51-1-1-120x113.jpg 120w, https:\/\/www.debem.com\/wp-content\/uploads\/2024\/05\/FQ-51-1-1-81x76.jpg 81w\" sizes=\"auto, (max-width: 850px) 100vw, 850px\" class=\"icon-image\"\/><\/a><\/div><span class=\"alt-font margin-5px-bottom display-block text-extra-dark-gray font-weight-600 text-small pofo_font_1715777284554\" style=\"font-size: 15px; line-height: 20px; font-weight: 600; color: #000000;\" data-fontsize=\"15px\" data-lineheight=\"20px\"><a class=\"feature-title-link text-extra-dark-gray\" href=\"https:\/\/www.debem.com\/de\/produkte\/pulsationsdaempfer\/fda-equaflux\/fda-equaflux-51\/\">FDA EQUAFLUX 51<\/a><\/span><div><p>3\/4&#8243; CLAMP (DN 19) &#8211; BS &#8211; British Standard 4825<br \/>\n1&#8243; CLAMP (DN 25) &#8211; BS &#8211; British Standard 4825<\/p>\n<\/div><div class=\"separator-line-horrizontal-medium-light2 bg-extra-light-gray margin-20px-bottom xs-margin-15px-bottom width-100\" style=\"background:#007a85; \"><\/div><a class=\"pofo-info-link alt-font text-extra-dark-gray font-weight-600 text-extra-small\" target=\"_self\" href=\"https:\/\/www.debem.com\/de\/produkte\/pulsationsdaempfer\/fda-equaflux\/fda-equaflux-51\/\">EINGEBEN<i class=\"fas fa-long-arrow-alt-right margin-5px-left text-deep-pink text-medium position-relative top-2\" aria-hidden=\"true\"><\/i><\/a><\/div><\/div><\/div><\/div><div class=\"wpb_column vc_column_container vc_col-has-fill vc_col-sm-3 vc_col-xs-6 pofo-column-responsive-69f318e04db40\"><div class=\"vc_column-inner vc_custom_1646397368451\"><div class=\"wpb_wrapper\"><div class=\"featurebox35 pofo-featurebox featurebox35-2\" ><div class=\"margin-ten-bottom overflow-hidden image-hover-style-1 sm-margin-20px-bottom\"><a class=\"feature-image-link\" href=\"https:\/\/www.debem.com\/de\/produkte\/pulsationsdaempfer\/fda-equaflux\/fda-equaflux-100\/\"><img loading=\"lazy\" decoding=\"async\" src=\"https:\/\/www.debem.com\/wp-content\/uploads\/2024\/05\/FQ-100_CLAMP-112-1-1.jpg\" width=\"850\" height=\"800\"  alt=\"FQ-100\" srcset=\"https:\/\/www.debem.com\/wp-content\/uploads\/2024\/05\/FQ-100_CLAMP-112-1-1.jpg 850w, https:\/\/www.debem.com\/wp-content\/uploads\/2024\/05\/FQ-100_CLAMP-112-1-1-300x282.jpg 300w, https:\/\/www.debem.com\/wp-content\/uploads\/2024\/05\/FQ-100_CLAMP-112-1-1-768x723.jpg 768w, https:\/\/www.debem.com\/wp-content\/uploads\/2024\/05\/FQ-100_CLAMP-112-1-1-819x771.jpg 819w, https:\/\/www.debem.com\/wp-content\/uploads\/2024\/05\/FQ-100_CLAMP-112-1-1-120x113.jpg 120w, https:\/\/www.debem.com\/wp-content\/uploads\/2024\/05\/FQ-100_CLAMP-112-1-1-81x76.jpg 81w\" sizes=\"auto, (max-width: 850px) 100vw, 850px\" class=\"icon-image\"\/><\/a><\/div><span class=\"alt-font margin-5px-bottom display-block text-extra-dark-gray font-weight-600 text-small pofo_font_1715777345599\" style=\"font-size: 15px; line-height: 20px; font-weight: 600; color: #000000;\" data-fontsize=\"15px\" data-lineheight=\"20px\"><a class=\"feature-title-link text-extra-dark-gray\" href=\"https:\/\/www.debem.com\/de\/produkte\/pulsationsdaempfer\/fda-equaflux\/fda-equaflux-100\/\">FDA EQUAFLUX 100<\/a><\/span><div><p>3\/4&#8243; CLAMP (DN 19) &#8211; BS &#8211; British Standard 4825<br \/>\n1&#8243; CLAMP (DN 25) &#8211; BS &#8211; British Standard 4825<br \/>\n1&#8243;1\/2 CLAMP (DN 38) &#8211; BS &#8211; British Standard 4825<\/p>\n<\/div><div class=\"separator-line-horrizontal-medium-light2 bg-extra-light-gray margin-20px-bottom xs-margin-15px-bottom width-100\" style=\"background:#007a85; \"><\/div><a class=\"pofo-info-link alt-font text-extra-dark-gray font-weight-600 text-extra-small\" target=\"_self\" href=\"https:\/\/www.debem.com\/de\/produkte\/pulsationsdaempfer\/fda-equaflux\/fda-equaflux-100\/\">EINGEBEN<i class=\"fas fa-long-arrow-alt-right margin-5px-left text-deep-pink text-medium position-relative top-2\" aria-hidden=\"true\"><\/i><\/a><\/div><\/div><\/div><\/div><div class=\"wpb_column vc_column_container vc_col-has-fill vc_col-sm-3 vc_col-xs-6 pofo-column-responsive-69f318e04df13\"><div class=\"vc_column-inner vc_custom_1646397403401\"><div class=\"wpb_wrapper\"><div class=\"featurebox35 pofo-featurebox featurebox35-3\" ><div class=\"margin-ten-bottom overflow-hidden image-hover-style-1 sm-margin-20px-bottom\"><a class=\"feature-image-link\" href=\"https:\/\/www.debem.com\/de\/produkte\/pulsationsdaempfer\/fda-equaflux\/fda-equaflux-200\/\"><img loading=\"lazy\" decoding=\"async\" src=\"https:\/\/www.debem.com\/wp-content\/uploads\/2024\/05\/FQ-200_CLAMP-200-1-1.jpg\" width=\"850\" height=\"800\"  alt=\"FQ-200\" srcset=\"https:\/\/www.debem.com\/wp-content\/uploads\/2024\/05\/FQ-200_CLAMP-200-1-1.jpg 850w, https:\/\/www.debem.com\/wp-content\/uploads\/2024\/05\/FQ-200_CLAMP-200-1-1-300x282.jpg 300w, https:\/\/www.debem.com\/wp-content\/uploads\/2024\/05\/FQ-200_CLAMP-200-1-1-768x723.jpg 768w, https:\/\/www.debem.com\/wp-content\/uploads\/2024\/05\/FQ-200_CLAMP-200-1-1-819x771.jpg 819w, https:\/\/www.debem.com\/wp-content\/uploads\/2024\/05\/FQ-200_CLAMP-200-1-1-120x113.jpg 120w, https:\/\/www.debem.com\/wp-content\/uploads\/2024\/05\/FQ-200_CLAMP-200-1-1-81x76.jpg 81w\" sizes=\"auto, (max-width: 850px) 100vw, 850px\" class=\"icon-image\"\/><\/a><\/div><span class=\"alt-font margin-5px-bottom display-block text-extra-dark-gray font-weight-600 text-small pofo_font_1715777530334\" style=\"font-size: 15px; line-height: 20px; font-weight: 600; color: #000000;\" data-fontsize=\"15px\" data-lineheight=\"20px\"><a class=\"feature-title-link text-extra-dark-gray\" href=\"https:\/\/www.debem.com\/de\/produkte\/pulsationsdaempfer\/fda-equaflux\/fda-equaflux-200\/\">FDA EQUAFLUX 200<\/a><\/span><div><p>1&#8243;1\/2 CLAMP (DN 38) &#8211; BS &#8211; British Standard 4825<br \/>\n1&#8243;1\/4 CLAMP (ISO 2852)<br \/>\n2&#8243; CLAMP (DN 50) &#8211; BS &#8211; British Standard 4825<\/p>\n<\/div><div class=\"separator-line-horrizontal-medium-light2 bg-extra-light-gray margin-20px-bottom xs-margin-15px-bottom width-100\" style=\"background:#007a85; \"><\/div><a class=\"pofo-info-link alt-font text-extra-dark-gray font-weight-600 text-extra-small\" target=\"_self\" href=\"https:\/\/www.debem.com\/de\/produkte\/pulsationsdaempfer\/fda-equaflux\/fda-equaflux-200\/\">EINGEBEN<i class=\"fas fa-long-arrow-alt-right margin-5px-left text-deep-pink text-medium position-relative top-2\" aria-hidden=\"true\"><\/i><\/a><\/div><\/div><\/div><\/div><div class=\"wpb_column vc_column_container vc_col-has-fill vc_col-sm-3 vc_col-xs-6 pofo-column-responsive-69f318e04e25c\"><div class=\"vc_column-inner vc_custom_1646397432508\"><div class=\"wpb_wrapper\"><div class=\"featurebox35 pofo-featurebox featurebox35-4\" ><div class=\"margin-ten-bottom overflow-hidden image-hover-style-1 sm-margin-20px-bottom\"><a class=\"feature-image-link\" href=\"https:\/\/www.debem.com\/de\/produkte\/pulsationsdaempfer\/fda-equaflux\/fda-equaflux-302\/\"><img loading=\"lazy\" decoding=\"async\" src=\"https:\/\/www.debem.com\/wp-content\/uploads\/2024\/05\/FQ-320-1-1.jpg\" width=\"850\" height=\"800\"  alt=\"FQ-320\" srcset=\"https:\/\/www.debem.com\/wp-content\/uploads\/2024\/05\/FQ-320-1-1.jpg 850w, https:\/\/www.debem.com\/wp-content\/uploads\/2024\/05\/FQ-320-1-1-300x282.jpg 300w, https:\/\/www.debem.com\/wp-content\/uploads\/2024\/05\/FQ-320-1-1-768x723.jpg 768w, https:\/\/www.debem.com\/wp-content\/uploads\/2024\/05\/FQ-320-1-1-819x771.jpg 819w, https:\/\/www.debem.com\/wp-content\/uploads\/2024\/05\/FQ-320-1-1-120x113.jpg 120w, https:\/\/www.debem.com\/wp-content\/uploads\/2024\/05\/FQ-320-1-1-81x76.jpg 81w\" sizes=\"auto, (max-width: 850px) 100vw, 850px\" class=\"icon-image\"\/><\/a><\/div><span class=\"alt-font margin-5px-bottom display-block text-extra-dark-gray font-weight-600 text-small pofo_font_1715777581764\" style=\"font-size: 15px; line-height: 20px; font-weight: 600; color: #000000;\" data-fontsize=\"15px\" data-lineheight=\"20px\"><a class=\"feature-title-link text-extra-dark-gray\" href=\"https:\/\/www.debem.com\/de\/produkte\/pulsationsdaempfer\/fda-equaflux\/fda-equaflux-302\/\">FDA EQUAFLUX 302<\/a><\/span><div><p>2&#8243;1\/2 CLAMP (DN 63) &#8211; BS &#8211; British Standard 4825<\/p>\n<\/div><div class=\"separator-line-horrizontal-medium-light2 bg-extra-light-gray margin-20px-bottom xs-margin-15px-bottom width-100\" style=\"background:#007a85; \"><\/div><a class=\"pofo-info-link alt-font text-extra-dark-gray font-weight-600 text-extra-small\" target=\"_self\" href=\"https:\/\/www.debem.com\/de\/produkte\/pulsationsdaempfer\/fda-equaflux\/fda-equaflux-302\/\">EINGEBEN<i class=\"fas fa-long-arrow-alt-right margin-5px-left text-deep-pink text-medium position-relative top-2\" aria-hidden=\"true\"><\/i><\/a><\/div><\/div><\/div><\/div><\/section>[\/vc_section][vc_section full_width=&#8220;stretch_row&#8220; css=&#8220;.vc_custom_1646566673677{padding-top: 0px !important;padding-bottom: 0px !important;background-color: #f7f7f7 !important;}&#8220;]<section id=\"contactprodotti\" class=\"vc_row wpb_row vc_row-fluid  vc_custom_1646566791665 wow fadeIn vc_row-has-fill pofo-row-responsive-69f318e04e5db\"><div class=\"wpb_column vc_column_container vc_col-sm-12  col-xs-mobile-fullwidth\"><div class=\"vc_column-inner \"><div class=\"wpb_wrapper\"><div class=\"vc_row wpb_row vc_inner vc_row-fluid\"><div class=\"wpb_column vc_column_container vc_col-sm-12 vc_col-lg-3 vc_col-md-3 vc_hidden-sm col-xs-mobile-fullwidth\"><div class=\"vc_column-inner \"><div class=\"wpb_wrapper\"><\/div><\/div><\/div><div class=\"wpb_column vc_column_container vc_col-sm-12 vc_col-lg-6 vc_col-md-6 col-xs-mobile-fullwidth text-center md-text-center sm-text-left xs-text-left\"><div class=\"vc_column-inner vc_custom_1646059839106\"><div class=\"wpb_wrapper\"><span class=\"text-extra-dark-gray margin-20px-bottom font-weight-600 display-block alt-font heading-style2  vc_custom_1647595456732  heading-5\"  style=\"font-size: 15px; line-height: 22px; font-weight: 400; color: #007a85;\" data-fontsize=\"15px\" data-lineheight=\"22px\">KONTAKTIERE UNS<\/span><h2 class=\"text-medium-gray text-small margin-5px-bottom alt-font  pofo_font_1647595467819 heading-style4 pofo-button-responsive-69f318e04e82c  heading-6\"  style=\"font-size: 28px; line-height: 32px; font-weight: 600; color: #000000;\" data-fontsize=\"28px\" data-lineheight=\"32px\">Fordern Sie Informationen an<\/h2><\/div><\/div><\/div><div class=\"wpb_column vc_column_container vc_col-sm-12 vc_col-lg-3 vc_col-md-3 vc_hidden-sm col-xs-mobile-fullwidth\"><div class=\"vc_column-inner \"><div class=\"wpb_wrapper\"><\/div><\/div><\/div><div class=\"wpb_column vc_column_container vc_col-sm-12  col-xs-mobile-fullwidth\"><div class=\"vc_column-inner \"><div class=\"wpb_wrapper\">\n<div class=\"wpcf7 no-js\" id=\"wpcf7-f38290-o1\" lang=\"de-DE\" dir=\"ltr\" data-wpcf7-id=\"38290\">\n<div class=\"screen-reader-response\"><p role=\"status\" aria-live=\"polite\" aria-atomic=\"true\"><\/p> <ul><\/ul><\/div>\n<form action=\"\/de\/wp-json\/wp\/v2\/pages\/49097#wpcf7-f38290-o1\" method=\"post\" class=\"wpcf7-form init\" aria-label=\"Kontaktformular\" novalidate=\"novalidate\" data-status=\"init\">\n<fieldset class=\"hidden-fields-container\"><input type=\"hidden\" name=\"_wpcf7\" value=\"38290\" \/><input type=\"hidden\" name=\"_wpcf7_version\" value=\"6.1.5\" \/><input type=\"hidden\" name=\"_wpcf7_locale\" value=\"de_DE\" \/><input type=\"hidden\" name=\"_wpcf7_unit_tag\" value=\"wpcf7-f38290-o1\" \/><input type=\"hidden\" name=\"_wpcf7_container_post\" value=\"0\" \/><input type=\"hidden\" name=\"_wpcf7_posted_data_hash\" value=\"\" \/><input type=\"hidden\" name=\"_wpcf7_recaptcha_response\" value=\"\" \/>\n<\/fieldset>\n<div class=\"row\">\n\t<div class=\"col-md-4\">\n\t\t<span class=\"wpcf7-form-control-wrap\" data-name=\"nome\"><input size=\"40\" maxlength=\"400\" class=\"wpcf7-form-control wpcf7-text wpcf7-validates-as-required big-input\" aria-required=\"true\" aria-invalid=\"false\" placeholder=\"Vorname *\" value=\"\" type=\"text\" name=\"nome\" \/><\/span>\n\t<\/div>\n\t<div class=\"col-md-4\">\n\t\t<span class=\"wpcf7-form-control-wrap\" data-name=\"cognome\"><input size=\"40\" maxlength=\"400\" class=\"wpcf7-form-control wpcf7-text wpcf7-validates-as-required big-input\" aria-required=\"true\" aria-invalid=\"false\" placeholder=\"Nachname *\" value=\"\" type=\"text\" name=\"cognome\" \/><\/span>\n\t<\/div>\n\t<div class=\"col-md-4\">\n\t\t<span class=\"wpcf7-form-control-wrap\" data-name=\"azienda\"><input size=\"40\" maxlength=\"400\" class=\"wpcf7-form-control wpcf7-text wpcf7-validates-as-required big-input\" aria-required=\"true\" aria-invalid=\"false\" placeholder=\"Firma *\" value=\"\" type=\"text\" name=\"azienda\" \/><\/span>\n\t<\/div>\n\t<div class=\"col-md-4\">\n\t\t<span class=\"wpcf7-form-control-wrap\" data-name=\"provincia\"><input size=\"40\" maxlength=\"400\" class=\"wpcf7-form-control wpcf7-text wpcf7-validates-as-required big-input\" aria-required=\"true\" aria-invalid=\"false\" placeholder=\"Land *\" value=\"\" type=\"text\" name=\"provincia\" \/><\/span>\n\t<\/div>\n\t<div class=\"col-md-4\">\n\t\t<span class=\"wpcf7-form-control-wrap\" data-name=\"telefono\"><input size=\"40\" maxlength=\"400\" class=\"wpcf7-form-control wpcf7-text big-input\" aria-invalid=\"false\" placeholder=\"Telefon\" value=\"\" type=\"text\" name=\"telefono\" \/><\/span>\n\t<\/div>\n\t<div class=\"col-md-4\">\n\t\t<span class=\"wpcf7-form-control-wrap\" data-name=\"email\"><input size=\"40\" maxlength=\"400\" class=\"wpcf7-form-control wpcf7-email wpcf7-validates-as-required wpcf7-text wpcf7-validates-as-email big-input\" aria-required=\"true\" aria-invalid=\"false\" placeholder=\"E-Mail *\" value=\"\" type=\"email\" name=\"email\" \/><\/span>\n\t<\/div>\n\t<div class=\"col-md-12\">\n\t\t<span class=\"wpcf7-form-control-wrap\" data-name=\"messaggio\"><textarea cols=\"40\" rows=\"3\" maxlength=\"2000\" class=\"wpcf7-form-control wpcf7-textarea xs-margin-20px-bottom big-textarea\" aria-invalid=\"false\" placeholder=\"Ihr Anliegen\" name=\"messaggio\"><\/textarea><\/span>\n\t<\/div>\n\t<div class=\"col-md-12\">\n\t\t<span class=\"wpcf7-form-control-wrap\" data-name=\"opt-in\"><span class=\"wpcf7-form-control wpcf7-acceptance optional\"><span class=\"wpcf7-list-item\"><label><input type=\"checkbox\" name=\"opt-in\" value=\"1\" aria-invalid=\"false\" \/><span class=\"wpcf7-list-item-label\">Ich m\u00f6chte Ihren Newsletter abonnieren<\/span><\/label><\/span><\/span><\/span><br\/>\n\t\t<span class=\"wpcf7-form-control-wrap\" data-name=\"contact-privacy\"><span class=\"wpcf7-form-control wpcf7-acceptance\"><span class=\"wpcf7-list-item\"><label><input type=\"checkbox\" name=\"contact-privacy\" value=\"1\" aria-invalid=\"false\" \/><span class=\"wpcf7-list-item-label\">ch stimme Ihrer <a href=\"https:\/\/www.iubenda.com\/privacy-policy\/93075195\/legal\" target=\"_blank\">Datenschutzrichtlinie zu<\/a><\/span><\/label><\/span><\/span><\/span><br\/>\n\t\t<span class=\"wpcf7-form-control-wrap\" data-name=\"contact-cookie\"><span class=\"wpcf7-form-control wpcf7-acceptance\"><span class=\"wpcf7-list-item\"><label><input type=\"checkbox\" name=\"contact-cookie\" value=\"1\" aria-invalid=\"false\" \/><span class=\"wpcf7-list-item-label\">ch stimme Ihrer <a href=\"https:\/\/www.iubenda.com\/privacy-policy\/93075195\/cookie-policy\" target=\"_blank\">Cookie-Richtlinie zu<\/a><\/span><\/label><\/span><\/span><\/span><br\/>\n\t<\/div>\n\t<div class=\"col-md-12\" style=\"margin-top:20px;\">\n\t\t<input class=\"wpcf7-form-control wpcf7-submit has-spinner btn pofo-button-70 button-style1 btn-dark-gray btn-small\" type=\"submit\" value=\"Senden\" \/>\n\t<\/div>\n<\/div>\n<input class=\"wpcf7-form-control wpcf7-hidden\" value=\"\" type=\"hidden\" name=\"utm_source\" \/>\n<input class=\"wpcf7-form-control wpcf7-hidden\" value=\"\" type=\"hidden\" name=\"utm_medium\" \/>\n<input class=\"wpcf7-form-control wpcf7-hidden\" value=\"\" type=\"hidden\" name=\"utm_campaign\" \/><div class=\"wpcf7-response-output\" aria-hidden=\"true\"><\/div>\n<\/form>\n<\/div>\n<\/div><\/div><\/div><\/div><\/div><\/div><\/div><\/section>[\/vc_section]<section data-vc-full-width=\"true\" data-vc-full-width-init=\"false\" class=\"vc_row wpb_row vc_row-fluid  vc_custom_1646060879352 cover-background wow fadeIn vc_row-has-fill pofo-stretch-content pofo-stretch-row-container pofo-row-responsive-69f318e04f53c\"><div class=\"wpb_column vc_column_container vc_col-sm-12 vc_col-md-12 col-xs-mobile-fullwidth text-center\"><div class=\"vc_column-inner \"><div class=\"wpb_wrapper\"><span class=\"text-extra-large margin-25px-bottom vertical-align-middle sm-width-100 display-inline-block alt-font heading-style3  vc_custom_1647595524078 pofo-button-responsive-69f318e04f63b  heading-7\"  style=\"color: #ffffff;\">Haben Sie Interesse an weiteren Informationen? Bitte kontaktieren Sie uns!<\/span><a  href=\"https:\/\/www.debem.com\/de\/kontakte\/\" target=\"_self\" class=\"btn pofo-button-2 button-style2  btn-white  btn-medium   vc_custom_1648108738527 pofo-button-responsive-69f318e04f680\"  style=\"color:#ffffff;  border-color:#f8c21c; \">KONTAKTIERE UNS<\/a><\/div><\/div><\/div><\/section><div class=\"vc_row-full-width vc_clearfix\"><\/div>\n","protected":false},"excerpt":{"rendered":"<p>[vc_section full_width=&#8220;stretch_row&#8220; css=&#8220;.vc_custom_1646304754685{padding-top: 0px !important;padding-bottom: 0px !important;background-color: #ffffff !important;}&#8220;][\/vc_section][vc_section full_width=&#8220;stretch_row&#8220; css=&#8220;.vc_custom_1646566673677{padding-top: 0px !important;padding-bottom: 0px !important;background-color: #f7f7f7 !important;}&#8220;][\/vc_section]<\/p>\n","protected":false},"author":1,"featured_media":0,"parent":40761,"menu_order":0,"comment_status":"closed","ping_status":"closed","template":"","meta":{"footnotes":""},"class_list":["post-49097","page","type-page","status-publish","hentry"],"aioseo_notices":[],"_links":{"self":[{"href":"https:\/\/www.debem.com\/de\/wp-json\/wp\/v2\/pages\/49097","targetHints":{"allow":["GET"]}}],"collection":[{"href":"https:\/\/www.debem.com\/de\/wp-json\/wp\/v2\/pages"}],"about":[{"href":"https:\/\/www.debem.com\/de\/wp-json\/wp\/v2\/types\/page"}],"author":[{"embeddable":true,"href":"https:\/\/www.debem.com\/de\/wp-json\/wp\/v2\/users\/1"}],"replies":[{"embeddable":true,"href":"https:\/\/www.debem.com\/de\/wp-json\/wp\/v2\/comments?post=49097"}],"version-history":[{"count":6,"href":"https:\/\/www.debem.com\/de\/wp-json\/wp\/v2\/pages\/49097\/revisions"}],"predecessor-version":[{"id":49131,"href":"https:\/\/www.debem.com\/de\/wp-json\/wp\/v2\/pages\/49097\/revisions\/49131"}],"up":[{"embeddable":true,"href":"https:\/\/www.debem.com\/de\/wp-json\/wp\/v2\/pages\/40761"}],"wp:attachment":[{"href":"https:\/\/www.debem.com\/de\/wp-json\/wp\/v2\/media?parent=49097"}],"curies":[{"name":"wp","href":"https:\/\/api.w.org\/{rel}","templated":true}]}}