{"id":39902,"date":"2022-03-22T11:00:58","date_gmt":"2022-03-22T11:00:58","guid":{"rendered":"https:\/\/www.debem.com\/?page_id=39902"},"modified":"2022-03-30T06:25:43","modified_gmt":"2022-03-30T06:25:43","slug":"anfrage-erhalten","status":"publish","type":"page","link":"https:\/\/www.debem.com\/de\/anfrage-erhalten\/","title":{"rendered":"Anfrage erhalten"},"content":{"rendered":"<section class=\"vc_row wpb_row vc_row-fluid  vc_custom_1647939548217 wow fadeIn vc_row-has-fill pofo-row-responsive-69f388fcb8a05\"><div class=\"wpb_column vc_column_container vc_col-sm-12  col-xs-mobile-fullwidth\"><div class=\"vc_column-inner \"><div class=\"wpb_wrapper\">[vc_raw_html el_class=&#8220;sgBreadcrumb&#8220;]JTVCYWlvc2VvX2JyZWFkY3J1bWJzJTVE[\/vc_raw_html]<div class=\"vc_row wpb_row vc_inner vc_row-fluid  vc_custom_1647944795044 pofo-inner-row-responsive-69f388fcb8bba\"><div class=\"wpb_column vc_column_container vc_col-sm-3  col-xs-mobile-fullwidth\"><div class=\"vc_column-inner \"><div class=\"wpb_wrapper\"><\/div><\/div><\/div><div class=\"wpb_column vc_column_container vc_col-sm-6  col-xs-mobile-fullwidth text-center md-text-center sm-text-left xs-text-left pofo-column-responsive-69f388fcb8cb8\"><div class=\"vc_column-inner vc_custom_1646321981959\"><div class=\"wpb_wrapper\"><span class=\"text-extra-dark-gray margin-20px-bottom font-weight-600 display-block alt-font heading-style2  vc_custom_1647946730733  heading-1\"  style=\"font-size: 15px; line-height: 22px; font-weight: 400; color: #007a85;\" data-fontsize=\"15px\" data-lineheight=\"22px\">ANFRAGE ERHALTEN<\/span><h1 class=\"text-extra-dark-gray margin-20px-bottom font-weight-600 display-inline-block alt-font  pofo_font_1647946755281 heading-style2  heading-2\"  style=\"font-size: 36px; line-height: 40px; font-weight: 600;\" data-fontsize=\"36px\" data-lineheight=\"40px\">Vielen Dank f\u00fcr<br \/> Ihre Anfrage<\/h1><div class=\"text-medium line-height-28  vc_custom_1647946785911 last-paragraph-no-margin pofo-text-block-responsive-69f388fcb8e00\" style=\"width: 100%;\"><p>Ihre Anfrage wurde empfangen. Unser Team wird Ihre Anfrage so schnell wie m\u00f6glich beantworten.<\/p>\n<\/div><a  href=\"https:\/\/www.debem.com\/de\" target=\"_self\" class=\"btn pofo-button-1 button-style1  btn-dark-gray  btn-medium   vc_custom_1647946829866\"  style=\"color:#ffffff;  border-color:#007a85; \">ZUR\u00dcCK ZUR STARTSEITE<\/a><\/div><\/div><\/div><div class=\"wpb_column vc_column_container vc_col-sm-3  col-xs-mobile-fullwidth\"><div class=\"vc_column-inner \"><div class=\"wpb_wrapper\"><\/div><\/div><\/div><\/div><\/div><\/div><\/div><\/section>\n","protected":false},"excerpt":{"rendered":"[vc_raw_html el_class=\"sgBreadcrumb\"]JTVCYWlvc2VvX2JyZWFkY3J1bWJzJTVE[\/vc_raw_html]ANFRAGE ERHALTENVielen Dank f\u00fcr Ihre AnfrageIhre Anfrage wurde empfangen. Unser Team wird Ihre Anfrage so schnell wie m\u00f6glich beantworten. ZUR\u00dcCK ZUR STARTSEITE","protected":false},"author":1,"featured_media":0,"parent":0,"menu_order":0,"comment_status":"closed","ping_status":"closed","template":"","meta":{"footnotes":""},"class_list":["post-39902","page","type-page","status-publish","hentry"],"aioseo_notices":[],"_links":{"self":[{"href":"https:\/\/www.debem.com\/de\/wp-json\/wp\/v2\/pages\/39902","targetHints":{"allow":["GET"]}}],"collection":[{"href":"https:\/\/www.debem.com\/de\/wp-json\/wp\/v2\/pages"}],"about":[{"href":"https:\/\/www.debem.com\/de\/wp-json\/wp\/v2\/types\/page"}],"author":[{"embeddable":true,"href":"https:\/\/www.debem.com\/de\/wp-json\/wp\/v2\/users\/1"}],"replies":[{"embeddable":true,"href":"https:\/\/www.debem.com\/de\/wp-json\/wp\/v2\/comments?post=39902"}],"version-history":[{"count":4,"href":"https:\/\/www.debem.com\/de\/wp-json\/wp\/v2\/pages\/39902\/revisions"}],"predecessor-version":[{"id":42467,"href":"https:\/\/www.debem.com\/de\/wp-json\/wp\/v2\/pages\/39902\/revisions\/42467"}],"wp:attachment":[{"href":"https:\/\/www.debem.com\/de\/wp-json\/wp\/v2\/media?parent=39902"}],"curies":[{"name":"wp","href":"https:\/\/api.w.org\/{rel}","templated":true}]}}