{"id":37925,"date":"2022-03-19T09:26:06","date_gmt":"2022-03-19T09:26:06","guid":{"rendered":"https:\/\/www.debem.com\/?page_id=37925"},"modified":"2025-06-12T14:22:42","modified_gmt":"2025-06-12T14:22:42","slug":"ressourcen","status":"publish","type":"page","link":"https:\/\/www.debem.com\/de\/ressourcen\/","title":{"rendered":"Ressourcen"},"content":{"rendered":"<section class=\"vc_row wpb_row vc_row-fluid  vc_custom_1639142734921 wow fadeIn vc_row-has-fill pofo-row-responsive-69f0eecf25aa2\"><div class=\"wpb_column vc_column_container vc_col-sm-12  col-xs-mobile-fullwidth\"><div class=\"vc_column-inner \"><div class=\"wpb_wrapper\">[vc_raw_html el_class=&#8220;sgBreadcrumb&#8220;]JTVCYWlvc2VvX2JyZWFkY3J1bWJzJTVE[\/vc_raw_html]<div class=\"vc_row wpb_row vc_inner vc_row-fluid\"><div class=\"wpb_column vc_column_container vc_col-lg-3 vc_col-md-3 vc_hidden-sm col-xs-mobile-fullwidth\"><div class=\"vc_column-inner \"><div class=\"wpb_wrapper\"><\/div><\/div><\/div><div class=\"wpb_column vc_column_container vc_col-lg-6 vc_col-md-6 col-xs-mobile-fullwidth text-center md-text-center sm-text-left xs-text-left\"><div class=\"vc_column-inner vc_custom_1636126277557\"><div class=\"wpb_wrapper\"><span class=\"text-extra-dark-gray margin-20px-bottom font-weight-600 display-block alt-font text-uppercase heading-style2  vc_custom_1647682154940  heading-1\"  style=\"font-size: 15px; line-height: 22px; font-weight: 400; color: #007a85;\" data-fontsize=\"15px\" data-lineheight=\"22px\">Ressourcen<\/span><h1 class=\"text-extra-dark-gray margin-20px-bottom font-weight-600 display-inline-block alt-font  pofo_font_1647682232955 heading-style2  heading-2\"  style=\"font-size: 36px; line-height: 40px; font-weight: 600;\" data-fontsize=\"36px\" data-lineheight=\"40px\">Download<\/h1><div class=\"text-medium line-height-28  vc_custom_1647682733132 last-paragraph-no-margin pofo-text-block-responsive-69f0eecf25e6a\" style=\"width: 100%;\"><p>\u00dcber diese DOWNLOAD-Seite k\u00f6nnen neben unseren Produktkatalogen auch die Handb\u00fccher unserer Pumpen und die entsprechenden technischen Datenbl\u00e4tter, die Montageanweisungen und unser Unternehmensprofil heruntergeladen werden.<\/p>\n<\/div><\/div><\/div><\/div><div class=\"wpb_column vc_column_container vc_col-lg-3 vc_col-md-3 vc_hidden-sm col-xs-mobile-fullwidth\"><div class=\"vc_column-inner \"><div class=\"wpb_wrapper\"><\/div><\/div><\/div><\/div><\/div><\/div><\/div><\/section><section data-vc-full-width=\"true\" data-vc-full-width-init=\"false\" class=\"vc_row wpb_row vc_row-fluid  vc_custom_1639142760264 vc_row-has-fill pofo-stretch-content pofo-stretch-row-container\"><div class=\"wpb_column vc_column_container vc_col-sm-6  col-xs-mobile-fullwidth pofo-column-responsive-69f0eecf25ff4\"><div class=\"vc_column-inner vc_custom_1639142744023\"><div class=\"wpb_wrapper\"><div class=\"text-medium-gray text-small margin-5px-bottom alt-font text-uppercase heading-style4  vc_custom_1647682768163  heading-3\"  style=\"font-size: 18px; line-height: 20px; font-weight: 500; color: #007a85;\" data-fontsize=\"18px\" data-lineheight=\"20px\">Technische Datenbl\u00e4tter<\/div><div class=\"text-medium line-height-28 last-paragraph-no-margin\"><p>\u00dcber die Links k\u00f6nnen Sie die technischen Datenbl\u00e4tter aller Industriepumpen von Debem herunterladen.<\/p>\n<\/div><\/div><\/div><\/div><div class=\"wpb_column vc_column_container vc_col-sm-6  col-xs-mobile-fullwidth\"><div class=\"vc_column-inner \"><div class=\"wpb_wrapper\"><div class=\"vc_row wpb_row vc_inner vc_row-fluid\"><div class=\"wpb_column vc_column_container vc_col-sm-4 vc_hidden-lg vc_hidden-md vc_hidden-sm vc_col-xs-6 vc_hidden-xs\"><div class=\"vc_column-inner vc_custom_1749738162528\"><div class=\"wpb_wrapper\"><div class=\"featurebox21 pofo-featurebox featurebox21-1\" ><div class=\"display-inline-block margin-25px-bottom sm-margin-15px-bottom xs-margin-10px-bottom\"><i class=\"link-icon display-block icon-notebook icon-medium\"><\/i><\/div><span class=\"text-extra-dark-gray display-inline-block width-100 text-small font-weight-600 alt-font margin-5px-bottom\" style=\"font-size: 14px;\" data-fontsize=\"14px\">TECHNISCHE DATENBL\u00c4TTER<\/span><div class=\"xs-margin-10px-bottom center-col last-paragraph-no-margin\"><p>Fullflow<\/p>\n<\/div><a class=\"pofo-info-link margin-15px-top xs-no-margin-top display-inline-block text-deep-pink text-small\" target=\"_self\" href=\"https:\/\/www.debem.com\/de\/ressourcen\/fullflow-technische-datenblaetter\/\">Eingeben<\/a><\/div><\/div><\/div><\/div><div class=\"wpb_column vc_column_container vc_col-sm-4 vc_col-xs-6\"><div class=\"vc_column-inner vc_custom_1639142246935\"><div class=\"wpb_wrapper\"><div class=\"featurebox21 pofo-featurebox featurebox21-2\" ><div class=\"display-inline-block margin-25px-bottom sm-margin-15px-bottom xs-margin-10px-bottom\"><i class=\"link-icon display-block icon-notebook icon-medium\"><\/i><\/div><span class=\"text-extra-dark-gray display-inline-block width-100 text-small font-weight-600 alt-font margin-5px-bottom\" style=\"font-size: 14px;\" data-fontsize=\"14px\">TECHNISCHE DATENBL\u00c4TTER<\/span><div class=\"xs-margin-10px-bottom center-col last-paragraph-no-margin\"><p>KM<\/p>\n<\/div><a class=\"pofo-info-link margin-15px-top xs-no-margin-top display-inline-block text-deep-pink text-small\" target=\"_self\" href=\"https:\/\/www.debem.com\/de\/ressourcen\/km-technische-datenblaetter\/\">Eingeben<\/a><\/div><\/div><\/div><\/div><div class=\"wpb_column vc_column_container vc_col-sm-4 vc_col-xs-6\"><div class=\"vc_column-inner vc_custom_1639142251706\"><div class=\"wpb_wrapper\"><div class=\"featurebox21 pofo-featurebox featurebox21-3\" ><div class=\"display-inline-block margin-25px-bottom sm-margin-15px-bottom xs-margin-10px-bottom\"><i class=\"link-icon display-block icon-notebook icon-medium\"><\/i><\/div><span class=\"text-extra-dark-gray display-inline-block width-100 text-small font-weight-600 alt-font margin-5px-bottom\" style=\"font-size: 14px;\" data-fontsize=\"14px\">TECHNISCHE DATENBL\u00c4TTER<\/span><div class=\"xs-margin-10px-bottom center-col last-paragraph-no-margin\"><p>Cubic<\/p>\n<\/div><a class=\"pofo-info-link margin-15px-top xs-no-margin-top display-inline-block text-deep-pink text-small\" target=\"_self\" href=\"https:\/\/www.debem.com\/de\/ressourcen\/cubic-technische-datenblaetter\/\">Eingeben<\/a><\/div><\/div><\/div><\/div><div class=\"wpb_column vc_column_container vc_col-sm-4 vc_col-xs-6\"><div class=\"vc_column-inner vc_custom_1646311761206\"><div class=\"wpb_wrapper\"><div class=\"featurebox21 pofo-featurebox featurebox21-4\" ><div class=\"display-inline-block margin-25px-bottom sm-margin-15px-bottom xs-margin-10px-bottom\"><i class=\"link-icon display-block icon-notebook icon-medium\"><\/i><\/div><span class=\"text-extra-dark-gray display-inline-block width-100 text-small font-weight-600 alt-font margin-5px-bottom\" style=\"font-size: 14px;\" data-fontsize=\"14px\">TECHNISCHE DATENBL\u00c4TTER<\/span><div class=\"xs-margin-10px-bottom center-col last-paragraph-no-margin\"><p>Boxer<\/p>\n<\/div><a class=\"pofo-info-link margin-15px-top xs-no-margin-top display-inline-block text-deep-pink text-small\" target=\"_self\" href=\"https:\/\/www.debem.com\/de\/ressourcen\/boxer-technische-datenblaetter\/\">Eingeben<\/a><\/div><\/div><\/div><\/div><div class=\"wpb_column vc_column_container vc_col-sm-4 vc_col-xs-6\"><div class=\"vc_column-inner vc_custom_1639142261911\"><div class=\"wpb_wrapper\"><div class=\"featurebox21 pofo-featurebox featurebox21-5\" ><div class=\"display-inline-block margin-25px-bottom sm-margin-15px-bottom xs-margin-10px-bottom\"><i class=\"link-icon display-block icon-notebook icon-medium\"><\/i><\/div><span class=\"text-extra-dark-gray display-inline-block width-100 text-small font-weight-600 alt-font margin-5px-bottom\" style=\"font-size: 14px;\" data-fontsize=\"14px\">TECHNISCHE DATENBL\u00c4TTER<\/span><div class=\"xs-margin-10px-bottom center-col last-paragraph-no-margin\"><p>Equaflux<\/p>\n<\/div><a class=\"pofo-info-link margin-15px-top xs-no-margin-top display-inline-block text-deep-pink text-small\" target=\"_self\" href=\"https:\/\/www.debem.com\/de\/ressourcen\/equaflux-technische-datenblaetter\/\">Eingeben<\/a><\/div><\/div><\/div><\/div><div class=\"wpb_column vc_column_container vc_col-sm-4 vc_col-xs-6\"><div class=\"vc_column-inner vc_custom_1639142267105\"><div class=\"wpb_wrapper\"><div class=\"featurebox21 pofo-featurebox featurebox21-6\" ><div class=\"display-inline-block margin-25px-bottom sm-margin-15px-bottom xs-margin-10px-bottom\"><i class=\"link-icon display-block icon-notebook icon-medium\"><\/i><\/div><span class=\"text-extra-dark-gray display-inline-block width-100 text-small font-weight-600 alt-font margin-5px-bottom\" style=\"font-size: 14px;\" data-fontsize=\"14px\">TECHNISCHE DATENBL\u00c4TTER<\/span><div class=\"xs-margin-10px-bottom center-col last-paragraph-no-margin\"><p>DM<\/p>\n<\/div><a class=\"pofo-info-link margin-15px-top xs-no-margin-top display-inline-block text-deep-pink text-small\" target=\"_self\" href=\"https:\/\/www.debem.com\/de\/ressourcen\/dm-technische-datenblaetter\/\">Eingeben<\/a><\/div><\/div><\/div><\/div><div class=\"wpb_column vc_column_container vc_col-sm-4 vc_col-xs-6\"><div class=\"vc_column-inner vc_custom_1646311768402\"><div class=\"wpb_wrapper\"><div class=\"featurebox21 pofo-featurebox featurebox21-7\" ><div class=\"display-inline-block margin-25px-bottom sm-margin-15px-bottom xs-margin-10px-bottom\"><i class=\"link-icon display-block icon-notebook icon-medium\"><\/i><\/div><span class=\"text-extra-dark-gray display-inline-block width-100 text-small font-weight-600 alt-font margin-5px-bottom\" style=\"font-size: 14px;\" data-fontsize=\"14px\">TECHNISCHE DATENBL\u00c4TTER<\/span><div class=\"xs-margin-10px-bottom center-col last-paragraph-no-margin\"><p>MB<\/p>\n<\/div><a class=\"pofo-info-link margin-15px-top xs-no-margin-top display-inline-block text-deep-pink text-small\" target=\"_self\" href=\"https:\/\/www.debem.com\/de\/ressourcen\/mb-technische-datenblaetter\/\">Eingeben<\/a><\/div><\/div><\/div><\/div><div class=\"wpb_column vc_column_container vc_col-sm-4 vc_col-xs-6\"><div class=\"vc_column-inner vc_custom_1646311777994\"><div class=\"wpb_wrapper\"><div class=\"featurebox21 pofo-featurebox featurebox21-8\" ><div class=\"display-inline-block margin-25px-bottom sm-margin-15px-bottom xs-margin-10px-bottom\"><i class=\"link-icon display-block icon-notebook icon-medium\"><\/i><\/div><span class=\"text-extra-dark-gray display-inline-block width-100 text-small font-weight-600 alt-font margin-5px-bottom\" style=\"font-size: 14px;\" data-fontsize=\"14px\">TECHNISCHE DATENBL\u00c4TTER<\/span><div class=\"xs-margin-10px-bottom center-col last-paragraph-no-margin\"><p>IM<\/p>\n<\/div><a class=\"pofo-info-link margin-15px-top xs-no-margin-top display-inline-block text-deep-pink text-small\" target=\"_self\" href=\"https:\/\/www.debem.com\/de\/ressourcen\/im-technische-datenblaetter\/\">Eingeben<\/a><\/div><\/div><\/div><\/div><div class=\"wpb_column vc_column_container vc_col-sm-4 vc_col-xs-6\"><div class=\"vc_column-inner \"><div class=\"wpb_wrapper\"><div class=\"featurebox21 pofo-featurebox featurebox21-9\" ><div class=\"display-inline-block margin-25px-bottom sm-margin-15px-bottom xs-margin-10px-bottom\"><i class=\"link-icon display-block icon-notebook icon-medium\"><\/i><\/div><span class=\"text-extra-dark-gray display-inline-block width-100 text-small font-weight-600 alt-font margin-5px-bottom\" style=\"font-size: 14px;\" data-fontsize=\"14px\">TECHNISCHE DATENBL\u00c4TTER<\/span><div class=\"xs-margin-10px-bottom center-col last-paragraph-no-margin\"><p>Travaso Fusti<\/p>\n<\/div><a class=\"pofo-info-link margin-15px-top xs-no-margin-top display-inline-block text-deep-pink text-small\" target=\"_self\" href=\"https:\/\/www.debem.com\/de\/ressourcen\/fasspumpen-technische-datenblaetter\/\">Eingeben<\/a><\/div><\/div><\/div><\/div><\/div><\/div><\/div><\/div><\/section><div class=\"vc_row-full-width vc_clearfix\"><\/div><section class=\"vc_row wpb_row vc_row-fluid  vc_custom_1639142766805 vc_row-has-fill\"><div class=\"wpb_column vc_column_container vc_col-sm-6  col-xs-mobile-fullwidth pofo-column-responsive-69f0eecf26af8\"><div class=\"vc_column-inner vc_custom_1639142752455\"><div class=\"wpb_wrapper\"><div class=\"text-medium-gray text-small margin-5px-bottom alt-font text-uppercase heading-style4  vc_custom_1647682784602  heading-4\"  style=\"font-size: 18px; line-height: 20px; font-weight: 500; color: #007a85;\" data-fontsize=\"18px\" data-lineheight=\"20px\">Kataloge<\/div><div class=\"text-medium line-height-28 last-paragraph-no-margin\"><p>\u00dcber die Links k\u00f6nnen Sie unsere Produktkataloge und die Abschnitte \u00fcber die Debem-Pumpenfamilien herunterladen, in denen jeder einzelne Pumpentyp aus unserer Produktpalette vorgestellt wird.<\/p>\n<\/div><\/div><\/div><\/div><div class=\"wpb_column vc_column_container vc_col-sm-6  col-xs-mobile-fullwidth\"><div class=\"vc_column-inner \"><div class=\"wpb_wrapper\"><div class=\"vc_row wpb_row vc_inner vc_row-fluid\"><div class=\"wpb_column vc_column_container vc_col-sm-4 vc_col-xs-6\"><div class=\"vc_column-inner vc_custom_1639142241895\"><div class=\"wpb_wrapper\"><div class=\"featurebox21 pofo-featurebox featurebox21-10\" ><div class=\"display-inline-block margin-25px-bottom sm-margin-15px-bottom xs-margin-10px-bottom\"><i class=\"link-icon display-block icon-book-open icon-medium\"><\/i><\/div><span class=\"text-extra-dark-gray display-inline-block width-100 text-small font-weight-600 alt-font margin-5px-bottom\" style=\"font-size: 14px;\" data-fontsize=\"14px\">KATALOG<\/span><div class=\"xs-margin-10px-bottom center-col last-paragraph-no-margin\"><p>Debem-Katalog<\/p>\n<\/div><a class=\"pofo-info-link margin-15px-top xs-no-margin-top display-inline-block text-deep-pink text-small\" target=\"_self\" href=\"https:\/\/www.debem.com\/de\/ressourcen\/kataloge\/\">Eingeben<\/a><\/div><\/div><\/div><\/div><div class=\"wpb_column vc_column_container vc_col-sm-4 vc_col-xs-6\"><div class=\"vc_column-inner vc_custom_1639142246935\"><div class=\"wpb_wrapper\"><\/div><\/div><\/div><div class=\"wpb_column vc_column_container vc_col-sm-4 vc_col-xs-6\"><div class=\"vc_column-inner vc_custom_1639142251706\"><div class=\"wpb_wrapper\"><\/div><\/div><\/div><\/div><\/div><\/div><\/div><\/section><section data-vc-full-width=\"true\" data-vc-full-width-init=\"false\" class=\"vc_row wpb_row vc_row-fluid  vc_custom_1639142760264 vc_row-has-fill pofo-stretch-content pofo-stretch-row-container\"><div class=\"wpb_column vc_column_container vc_col-sm-6  col-xs-mobile-fullwidth pofo-column-responsive-69f0eecf26e7f\"><div class=\"vc_column-inner vc_custom_1639142744023\"><div class=\"wpb_wrapper\"><div class=\"text-medium-gray text-small margin-5px-bottom alt-font text-uppercase heading-style4  vc_custom_1647682797146  heading-5\"  style=\"font-size: 18px; line-height: 20px; font-weight: 500; color: #007a85;\" data-fontsize=\"18px\" data-lineheight=\"20px\">Handb\u00fccher<\/div><div class=\"text-medium line-height-28 last-paragraph-no-margin\"><p>\u00dcber die Links k\u00f6nnen Sie unsere Handb\u00fccher mit Gebrauchs- und Wartungsanweisungen f\u00fcr die gesamte Palette der industriellen Pumpen von Debem herunterladen.<\/p>\n<\/div><\/div><\/div><\/div><div class=\"wpb_column vc_column_container vc_col-sm-6  col-xs-mobile-fullwidth\"><div class=\"vc_column-inner \"><div class=\"wpb_wrapper\"><div class=\"vc_row wpb_row vc_inner vc_row-fluid\"><div class=\"wpb_column vc_column_container vc_col-sm-4 vc_col-xs-6\"><div class=\"vc_column-inner vc_custom_1639142241895\"><div class=\"wpb_wrapper\"><div class=\"featurebox21 pofo-featurebox featurebox21-11\" ><div class=\"display-inline-block margin-25px-bottom sm-margin-15px-bottom xs-margin-10px-bottom\"><i class=\"link-icon display-block ti-bookmark-alt icon-medium\"><\/i><\/div><span class=\"text-extra-dark-gray display-inline-block width-100 text-small font-weight-600 alt-font margin-5px-bottom\" style=\"font-size: 14px;\" data-fontsize=\"14px\">HANDB\u00dcCHER<\/span><div class=\"xs-margin-10px-bottom center-col last-paragraph-no-margin\"><p>Debem-Handb\u00fccher<\/p>\n<\/div><a class=\"pofo-info-link margin-15px-top xs-no-margin-top display-inline-block text-deep-pink text-small\" target=\"_self\" href=\"https:\/\/www.debem.com\/de\/ressourcen\/handbuecher\/\">Eingeben<\/a><\/div><\/div><\/div><\/div><div class=\"wpb_column vc_column_container vc_col-sm-4 vc_col-xs-6\"><div class=\"vc_column-inner vc_custom_1639142246935\"><div class=\"wpb_wrapper\"><\/div><\/div><\/div><div class=\"wpb_column vc_column_container vc_col-sm-4 vc_col-xs-6\"><div class=\"vc_column-inner vc_custom_1639142251706\"><div class=\"wpb_wrapper\"><\/div><\/div><\/div><\/div><\/div><\/div><\/div><\/section><div class=\"vc_row-full-width vc_clearfix\"><\/div><section data-vc-full-width=\"true\" data-vc-full-width-init=\"false\" class=\"vc_row wpb_row vc_row-fluid  vc_custom_1646311525750 cover-background wow fadeIn vc_row-has-fill pofo-stretch-content pofo-stretch-row-container pofo-row-responsive-69f0eecf27178\"><div class=\"wpb_column vc_column_container vc_col-sm-12 vc_col-md-12 col-xs-mobile-fullwidth text-center\"><div class=\"vc_column-inner \"><div class=\"wpb_wrapper\"><span class=\"text-extra-large margin-25px-bottom vertical-align-middle sm-width-100 display-inline-block alt-font heading-style3  vc_custom_1647682969890 pofo-button-responsive-69f0eecf272d7  heading-6\"  style=\"color: #ffffff;\">Haben Sie Interesse an weiteren Informationen? Bitte kontaktieren Sie uns!<\/span><a  href=\"\/de\/kontakte\/\" target=\"_self\" class=\"btn pofo-button-1 button-style2  btn-white  btn-medium   vc_custom_1647683055897 pofo-button-responsive-69f0eecf27317\"  style=\"color:#007a85; \">KONTAKTIERE UNS<\/a><\/div><\/div><\/div><\/section><div class=\"vc_row-full-width vc_clearfix\"><\/div>\n","protected":false},"excerpt":{"rendered":"[vc_raw_html el_class=\"sgBreadcrumb\"]JTVCYWlvc2VvX2JyZWFkY3J1bWJzJTVE[\/vc_raw_html]RessourcenDownload\u00dcber diese DOWNLOAD-Seite k\u00f6nnen neben unseren Produktkatalogen auch die Handb\u00fccher unserer Pumpen und die entsprechenden technischen Datenbl\u00e4tter, die Montageanweisungen und unser Unternehmensprofil heruntergeladen werden. Technische Datenbl\u00e4tter\u00dcber die Links k\u00f6nnen Sie die technischen Datenbl\u00e4tter aller Industriepumpen von Debem herunterladen. TECHNISCHE DATENBL\u00c4TTERFullflow EingebenTECHNISCHE DATENBL\u00c4TTERKM EingebenTECHNISCHE DATENBL\u00c4TTERCubic EingebenTECHNISCHE DATENBL\u00c4TTERBoxer EingebenTECHNISCHE DATENBL\u00c4TTEREquaflux EingebenTECHNISCHE DATENBL\u00c4TTERDM EingebenTECHNISCHE DATENBL\u00c4TTERMB EingebenTECHNISCHE DATENBL\u00c4TTERIM EingebenTECHNISCHE DATENBL\u00c4TTERTravaso Fusti EingebenKataloge\u00dcber die Links k\u00f6nnen Sie unsere Produktkataloge und die Abschnitte \u00fcber die Debem-Pumpenfamilien herunterladen, in denen jeder einzelne Pumpentyp aus unserer Produktpalette vorgestellt wird. KATALOGDebem-Katalog EingebenHandb\u00fccher\u00dcber die Links k\u00f6nnen Sie unsere Handb\u00fccher mit Gebrauchs- und Wartungsanweisungen f\u00fcr die gesamte Palette der industriellen Pumpen von Debem herunterladen. HANDB\u00dcCHERDebem-Handb\u00fccher EingebenHaben Sie Interesse an weiteren Informationen? Bitte kontaktieren Sie uns!KONTAKTIERE UNS","protected":false},"author":1,"featured_media":0,"parent":0,"menu_order":0,"comment_status":"closed","ping_status":"closed","template":"","meta":{"footnotes":""},"class_list":["post-37925","page","type-page","status-publish","hentry"],"aioseo_notices":[],"_links":{"self":[{"href":"https:\/\/www.debem.com\/de\/wp-json\/wp\/v2\/pages\/37925","targetHints":{"allow":["GET"]}}],"collection":[{"href":"https:\/\/www.debem.com\/de\/wp-json\/wp\/v2\/pages"}],"about":[{"href":"https:\/\/www.debem.com\/de\/wp-json\/wp\/v2\/types\/page"}],"author":[{"embeddable":true,"href":"https:\/\/www.debem.com\/de\/wp-json\/wp\/v2\/users\/1"}],"replies":[{"embeddable":true,"href":"https:\/\/www.debem.com\/de\/wp-json\/wp\/v2\/comments?post=37925"}],"version-history":[{"count":5,"href":"https:\/\/www.debem.com\/de\/wp-json\/wp\/v2\/pages\/37925\/revisions"}],"predecessor-version":[{"id":51442,"href":"https:\/\/www.debem.com\/de\/wp-json\/wp\/v2\/pages\/37925\/revisions\/51442"}],"wp:attachment":[{"href":"https:\/\/www.debem.com\/de\/wp-json\/wp\/v2\/media?parent=37925"}],"curies":[{"name":"wp","href":"https:\/\/api.w.org\/{rel}","templated":true}]}}