{"id":37826,"date":"2022-03-18T16:10:43","date_gmt":"2022-03-18T16:10:43","guid":{"rendered":"https:\/\/www.debem.com\/?page_id=37826"},"modified":"2022-03-24T13:33:47","modified_gmt":"2022-03-24T13:33:47","slug":"chemische-vertraglichkeit","status":"publish","type":"page","link":"https:\/\/www.debem.com\/de\/chemische-vertraglichkeit\/","title":{"rendered":"Chemische Vertr\u00e4glichkeit"},"content":{"rendered":"<section class=\"vc_row wpb_row vc_row-fluid  vc_custom_1639142734921 wow fadeIn vc_row-has-fill pofo-row-responsive-69f5b7251f7b6\"><div class=\"wpb_column vc_column_container vc_col-sm-12  col-xs-mobile-fullwidth\"><div class=\"vc_column-inner \"><div class=\"wpb_wrapper\">[vc_raw_html el_class=&#8220;sgBreadcrumb&#8220;]JTVCYWlvc2VvX2JyZWFkY3J1bWJzJTVE[\/vc_raw_html]<div class=\"vc_row wpb_row vc_inner vc_row-fluid\"><div class=\"wpb_column vc_column_container vc_col-sm-2  col-xs-mobile-fullwidth\"><div class=\"vc_column-inner \"><div class=\"wpb_wrapper\"><\/div><\/div><\/div><div class=\"wpb_column vc_column_container vc_col-sm-8  col-xs-mobile-fullwidth text-center md-text-center sm-text-left xs-text-left pofo-column-responsive-69f5b7251faae\"><div class=\"vc_column-inner vc_custom_1646321981959\"><div class=\"wpb_wrapper\"><span class=\"text-extra-dark-gray margin-20px-bottom font-weight-600 display-block alt-font text-uppercase heading-style2  vc_custom_1647688906598  heading-1\"  style=\"font-size: 15px; line-height: 22px; font-weight: 400; color: #007a85;\" data-fontsize=\"15px\" data-lineheight=\"22px\">Ressourcen<\/span><h1 class=\"text-extra-dark-gray margin-20px-bottom font-weight-600 display-inline-block alt-font  pofo_font_1647688914597 heading-style2  heading-2\"  style=\"font-size: 36px; line-height: 40px; font-weight: 600;\" data-fontsize=\"36px\" data-lineheight=\"40px\">Chemische Vertr\u00e4glichkeit<\/h1><div class=\"text-medium line-height-28  vc_custom_1647688924445 last-paragraph-no-margin pofo-text-block-responsive-69f5b7251fbee\" style=\"width: 100%;\"><p>Die Art des F\u00f6rdermediums, die Temperatur und die Einsatzumgebung sind entscheidende Faktoren zur Bestimmung des idealen Materials f\u00fcr Ihre Pumpe und folglich ihrer chemischen Vertr\u00e4glichkeit. Die nachstehende Tabelle soll einen groben \u00dcberblick bieten.<\/p>\n<\/div><\/div><\/div><\/div><div class=\"wpb_column vc_column_container vc_col-sm-2  col-xs-mobile-fullwidth\"><div class=\"vc_column-inner \"><div class=\"wpb_wrapper\"><\/div><\/div><\/div><\/div><div class=\"vc_row wpb_row vc_inner vc_row-fluid  vc_custom_1646743900962 vc_row-has-fill pofo-inner-row-responsive-69f5b7251fcb0\"><div class=\"wpb_column vc_column_container vc_col-sm-12  col-xs-mobile-fullwidth text-left md-text-left sm-text-left xs-text-left pofo-column-responsive-69f5b7251fd87\"><div class=\"vc_column-inner vc_custom_1646322479709\"><div class=\"wpb_wrapper\"><h2 class=\"text-extra-dark-gray margin-20px-bottom font-weight-600 display-inline-block alt-font heading-style2  heading-3\"  style=\"font-size: 24px; line-height: 24px; font-weight: 600; color: #007a85;\" data-fontsize=\"24px\" data-lineheight=\"24px\">Chemische Vertr\u00e4glichkeit<\/h2><div class=\"text-medium line-height-28  vc_custom_1647688947292 last-paragraph-no-margin pofo-text-block-responsive-69f5b7251fe31\" style=\"width: 100%;\"><p>W\u00e4hlen Sie anhand des nachstehenden Pulldown-Men\u00fcs eine chemische Substanz und danach das Material, mit dem sie kombiniert werden soll.<\/p>\n<\/div><\/div><\/div><\/div><div class=\"wpb_column vc_column_container vc_col-sm-12  col-xs-mobile-fullwidth\"><div class=\"vc_column-inner vc_custom_1646323884034\"><div class=\"wpb_wrapper\">\n<div class=\"wpcf7 no-js\" id=\"wpcf7-f38093-o1\" lang=\"de-DE\" dir=\"ltr\" data-wpcf7-id=\"38093\">\n<div class=\"screen-reader-response\"><p role=\"status\" aria-live=\"polite\" aria-atomic=\"true\"><\/p> <ul><\/ul><\/div>\n<form action=\"\/de\/wp-json\/wp\/v2\/pages\/37826#wpcf7-f38093-o1\" method=\"post\" class=\"wpcf7-form init\" aria-label=\"Kontaktformular\" novalidate=\"novalidate\" data-status=\"init\">\n<fieldset class=\"hidden-fields-container\"><input type=\"hidden\" name=\"_wpcf7\" value=\"38093\" \/><input type=\"hidden\" name=\"_wpcf7_version\" value=\"6.1.5\" \/><input type=\"hidden\" name=\"_wpcf7_locale\" value=\"de_DE\" \/><input type=\"hidden\" name=\"_wpcf7_unit_tag\" value=\"wpcf7-f38093-o1\" \/><input type=\"hidden\" name=\"_wpcf7_container_post\" value=\"0\" \/><input type=\"hidden\" name=\"_wpcf7_posted_data_hash\" value=\"\" \/><input type=\"hidden\" name=\"_wpcf7_recaptcha_response\" value=\"\" \/>\n<\/fieldset>\n<div class=\"row\">\n\t<div class=\"col-md-4\">\n\t\t<label>Substanz<\/label>\n\t\t<span class=\"wpcf7-form-control-wrap\" data-name=\"comp-substance\"><select class=\"wpcf7-form-control wpcf7-select input-bg\" id=\"comp-substance\" aria-invalid=\"false\" name=\"comp-substance\"><option value=\"\">&#8211; Bitte ausw\u00e4hlen &#8211;<\/option><\/select><\/span>\n\t<\/div>\n\t<div class=\"col-md-4\">\n\t\t<label>Material<\/label>\n\t\t<span class=\"wpcf7-form-control-wrap\" data-name=\"comp-material\"><select class=\"wpcf7-form-control wpcf7-select input-bg\" id=\"comp-material\" aria-invalid=\"false\" name=\"comp-material\"><option value=\"\">&#8211; Bitte ausw\u00e4hlen &#8211;<\/option><\/select><\/span>\n\t<\/div>\n\t<div class=\"col-md-4\">\n\t\t<label class=\"color-white vc_hidden-xs\">&nbsp;<\/label><br class=\"vc_hidden-xs\"><input class=\"wpcf7-form-control wpcf7-submit has-spinner btn btn-small border-radius-0 btn-yellow\" id=\"comp-submit\" type=\"submit\" value=\"Analysieren\" \/>\n\t<\/div>\n<\/div><div class=\"wpcf7-response-output\" aria-hidden=\"true\"><\/div>\n<\/form>\n<\/div>\n<\/div><\/div><\/div><div id=\"chemCompResult\" class=\"wpb_column vc_column_container vc_col-has-fill vc_col-sm-6  col-xs-mobile-fullwidth\"><div class=\"vc_column-inner vc_custom_1646323217445\"><div class=\"wpb_wrapper\"><div class=\"text-medium line-height-28  vc_custom_1647688959580 last-paragraph-no-margin pofo-text-block-responsive-69f5b72520af1\" style=\"width: 100%;\"><p>Analysieren Sie eine chemische Substanz und ein Kombinationsmaterial, um die Vertr\u00e4glichkeit festzustellen.<\/p>\n<\/div><\/div><\/div><\/div><div class=\"wpb_column vc_column_container vc_col-sm-6  col-xs-mobile-fullwidth pofo-column-responsive-69f5b72520b52\"><div class=\"vc_column-inner vc_custom_1646323089936\"><div class=\"wpb_wrapper\"><div class=\"text-medium line-height-28  vc_custom_1647689021862 last-paragraph-no-margin pofo-text-block-responsive-69f5b72520bd0\" style=\"width: 100%;\"><ul class=\"legenda-list\">\n<li class=\"a\">A &#8211; Ausgezeichnet<\/li>\n<li class=\"b\">B &#8211; Gut<\/li>\n<li class=\"c\">C &#8211; Akzeptabel<\/li>\n<li class=\"d\">D &#8211; Gering (nicht empfehlenswert)<\/li>\n<li class=\"n\">N\/A &#8211; Keine Information verf\u00fcgbar<\/li>\n<\/ul>\n<div class=\"bottom-text\">1 = Zufriedenstellend bis 22\u00b0C (72\u00b0F)<\/div>\n<div class=\"bottom-text\">2 = Zufriedenstellend bis 48\u00b0C (120\u00b0F)<\/div>\n<\/div><\/div><\/div><\/div><div class=\"wpb_column vc_column_container vc_col-sm-12  col-xs-mobile-fullwidth\"><div class=\"vc_column-inner vc_custom_1646322516967\"><div class=\"wpb_wrapper\"><div class=\"text-medium line-height-28  vc_custom_1647689068150 last-paragraph-no-margin pofo-text-block-responsive-69f5b72520cbe\" style=\"width: 100%;\"><p>Wenden Sie sich f\u00fcr detaillierte Informationen gerne an den technischen Kundendienst von DEBEM. Unsere Informationen stammen aus zuverl\u00e4ssigen Quellen. DEBEM hat keinerlei Best\u00e4tigungstests durchgef\u00fchrt und \u00fcbernimmt daher keine Verantwortung f\u00fcr die Richtigkeit der Informationen.<\/p>\n<p>Die Tabelle bezieht sich auf reines Polypropylen und PVDF, w\u00e4hrend unsere Kunststoffe Glas- und Karbonf\u00fcllungen aufweisen, die die chemische Vertr\u00e4glichkeit der Pumpe beeinflussen k\u00f6nnen.<\/p>\n<p>Letztendlich kennt der Verwender mit Sicherheit die chemische Vertr\u00e4glichkeit seines Produkts am besten.<\/p>\n<p><strong>WICHTIGER HINWEIS<\/strong><br \/>\nDie in der vorliegenden Tabelle enthaltenen Informationen wurden Debem von anderen zuverl\u00e4ssigen Quellen zur Verf\u00fcgung gestellt. Sie d\u00fcrfen AUSSCHLIESSLICH als indikativer Leitfaden zur Auswahl der mit dem F\u00f6rdermedium in Ber\u00fchrung kommenden Pumpenteile herangezogen: Pumpenk\u00f6rper und Kr\u00fcmmer, Membranen, Kugeln, Kugelsitze und O-Ringe.<br \/>\nDie in der vorliegenden Tabelle aufgef\u00fchrten Beurteilungen des chemischen Verhaltens gelten f\u00fcr eine Expositionsdauer von 48 Stunden. Debem hat keinerlei Informationen zu m\u00f6glichen Auswirkungen im Falle l\u00e4ngerer Exposition. Debem \u00fcbernimmt keine Haftung (weder ausdr\u00fccklich noch implizit) daf\u00fcr, dass die in der vorliegenden Tabelle enthaltenen Informationen zutreffend oder vollst\u00e4ndig sind oder das ein bestimmtes Material f\u00fcr einen bestimmten Zweck geeignet ist.<\/p>\n<p><strong>GEFAHR<\/strong><br \/>\nVer\u00e4nderungen des chemischen Verhaltens w\u00e4hrend der Bearbeitung aufgrund von gewissen Faktoren wie der Temperatur, des Drucks und Konzentrationen k\u00f6nnen zu Probleme an der Pumpe f\u00fchren.<br \/>\nBeim Anschluss der Pumpe an den Kreislauf oder im Falle von Wartungseingriffen an der Pumpe sind entsprechende Schutzvorrichtungen und\/oder pers\u00f6nliche Schutzausr\u00fcstung zu verwenden. Dar\u00fcber hinaus muss das Gebrauchs- und Wartungshandbuch vor jeglicher T\u00e4tigkeit an der Pumpe gelesen worden sein.<\/p>\n<p>S\u00e4mtliche Angaben in dieser Tabelle von DEBEM dienen zur allgemeinen Orientierung. Sie basieren auf der allgemeinen Kenntnis des aktuellen Stands der Technik in Hinblick auf die chemische Kompatibilit\u00e4t von Stoffen und stellen weder irgendeine Art von Verpflichtung noch eine Garantie durch Debem dar.<\/p>\n<p>St\u00e4ndige Aktualisierungen, die auch von den Herstellern der Rohstoffe stammen, sind unvermeidlich.<\/p>\n<p>Falls andere Fl\u00fcssigkeiten verwendet werden oder sich die jeweiligen Betriebsbedingungen \u00e4ndern, kann das einen sehr gro\u00dfen Einfluss auf die Widerstandsf\u00e4higkeit der Materialien haben.<\/p>\n<p>Es ist auf jeden Fall der Anwender, der die Fl\u00fcssigkeit und die Pumpbedingungen am besten kennt. Im Zweifelsfall wird dazu geraten, Tests unter den tats\u00e4chlichen Betriebsbedingungen durchzuf\u00fchren.<\/p>\n<\/div><\/div><\/div><\/div><\/div><\/div><\/div><\/div><\/section><section data-vc-full-width=\"true\" data-vc-full-width-init=\"false\" class=\"vc_row wpb_row vc_row-fluid  vc_custom_1646311525750 cover-background wow fadeIn vc_row-has-fill pofo-stretch-content pofo-stretch-row-container pofo-row-responsive-69f5b72520d72\"><div class=\"wpb_column vc_column_container vc_col-sm-12 vc_col-md-12 col-xs-mobile-fullwidth text-center\"><div class=\"vc_column-inner \"><div class=\"wpb_wrapper\"><span class=\"text-extra-large margin-25px-bottom vertical-align-middle sm-width-100 display-inline-block alt-font heading-style3  vc_custom_1647689120869 pofo-button-responsive-69f5b72520ece  heading-4\"  style=\"color: #ffffff;\">Haben Sie Interesse an weiteren Informationen? Bitte kontaktieren Sie uns!<\/span><a  href=\"\/de\/kontakte\/\" target=\"_self\" class=\"btn pofo-button-1 button-style2  btn-white  btn-medium   vc_custom_1647689135568 pofo-button-responsive-69f5b72520f0f\"  style=\"color:#007a85; \">KONTAKTIERE UNS<\/a><\/div><\/div><\/div><\/section><div class=\"vc_row-full-width vc_clearfix\"><\/div>\n","protected":false},"excerpt":{"rendered":"[vc_raw_html el_class=\"sgBreadcrumb\"]JTVCYWlvc2VvX2JyZWFkY3J1bWJzJTVE[\/vc_raw_html]RessourcenChemische Vertr\u00e4glichkeitDie Art des F\u00f6rdermediums, die Temperatur und die Einsatzumgebung sind entscheidende Faktoren zur Bestimmung des idealen Materials f\u00fcr Ihre Pumpe und folglich ihrer chemischen Vertr\u00e4glichkeit. Die nachstehende Tabelle soll einen groben \u00dcberblick bieten. Chemische Vertr\u00e4glichkeitW\u00e4hlen Sie anhand des nachstehenden Pulldown-Men\u00fcs eine chemische Substanz und danach das Material, mit dem sie kombiniert werden soll. Substanz &#8211; Bitte ausw\u00e4hlen &#8211; Material &#8211; Bitte ausw\u00e4hlen &#8211; &nbsp; Analysieren Sie eine chemische Substanz und ein Kombinationsmaterial, um die Vertr\u00e4glichkeit festzustellen. A - Ausgezeichnet B - Gut C - Akzeptabel D - Gering (nicht empfehlenswert) N\/A - Keine Information verf\u00fcgbar 1 = Zufriedenstellend bis 22\u00b0C (72\u00b0F) 2 = Zufriedenstellend bis 48\u00b0C (120\u00b0F) Wenden Sie sich f\u00fcr detaillierte Informationen gerne an den technischen Kundendienst von DEBEM. Unsere Informationen stammen aus zuverl\u00e4ssigen Quellen. DEBEM hat keinerlei Best\u00e4tigungstests durchgef\u00fchrt und \u00fcbernimmt daher keine Verantwortung f\u00fcr die Richtigkeit der Informationen. Die Tabelle bezieht sich auf reines Polypropylen und PVDF, w\u00e4hrend unsere Kunststoffe Glas- und Karbonf\u00fcllungen aufweisen, die die chemische Vertr\u00e4glichkeit der Pumpe beeinflussen k\u00f6nnen. Letztendlich kennt der Verwender mit Sicherheit die chemische Vertr\u00e4glichkeit seines Produkts am besten. WICHTIGER HINWEIS Die in der vorliegenden Tabelle enthaltenen Informationen wurden Debem von anderen zuverl\u00e4ssigen Quellen zur Verf\u00fcgung gestellt. Sie d\u00fcrfen...","protected":false},"author":1,"featured_media":0,"parent":0,"menu_order":0,"comment_status":"closed","ping_status":"closed","template":"","meta":{"footnotes":""},"class_list":["post-37826","page","type-page","status-publish","hentry"],"aioseo_notices":[],"_links":{"self":[{"href":"https:\/\/www.debem.com\/de\/wp-json\/wp\/v2\/pages\/37826","targetHints":{"allow":["GET"]}}],"collection":[{"href":"https:\/\/www.debem.com\/de\/wp-json\/wp\/v2\/pages"}],"about":[{"href":"https:\/\/www.debem.com\/de\/wp-json\/wp\/v2\/types\/page"}],"author":[{"embeddable":true,"href":"https:\/\/www.debem.com\/de\/wp-json\/wp\/v2\/users\/1"}],"replies":[{"embeddable":true,"href":"https:\/\/www.debem.com\/de\/wp-json\/wp\/v2\/comments?post=37826"}],"version-history":[{"count":6,"href":"https:\/\/www.debem.com\/de\/wp-json\/wp\/v2\/pages\/37826\/revisions"}],"predecessor-version":[{"id":41942,"href":"https:\/\/www.debem.com\/de\/wp-json\/wp\/v2\/pages\/37826\/revisions\/41942"}],"wp:attachment":[{"href":"https:\/\/www.debem.com\/de\/wp-json\/wp\/v2\/media?parent=37826"}],"curies":[{"name":"wp","href":"https:\/\/api.w.org\/{rel}","templated":true}]}}