{"id":36438,"date":"2022-03-17T15:45:03","date_gmt":"2022-03-17T15:45:03","guid":{"rendered":"https:\/\/www.debem.com\/?page_id=36438"},"modified":"2025-11-24T08:07:00","modified_gmt":"2025-11-24T08:07:00","slug":"ruehrwerke-und-peristaltikpumpen","status":"publish","type":"page","link":"https:\/\/www.debem.com\/de\/produkte\/ruehrwerke-und-peristaltikpumpen\/","title":{"rendered":"R\u00fchrwerke Und Peristaltikpumpen"},"content":{"rendered":"<section class=\"vc_row wpb_row vc_row-fluid  vc_custom_1646061389347 wow fadeIn vc_row-has-fill pofo-row-responsive-69f31a96c48e9\"><div class=\"wpb_column vc_column_container vc_col-sm-12  col-xs-mobile-fullwidth\"><div class=\"vc_column-inner \"><div class=\"wpb_wrapper\">[vc_raw_html el_class=&#8220;sgBreadcrumb&#8220;]JTVCYWlvc2VvX2JyZWFkY3J1bWJzJTVE[\/vc_raw_html]<\/div><\/div><\/div><\/section><section class=\"vc_row wpb_row vc_row-fluid  vc_custom_1646586044934 wow none vc_row-has-fill vc_row-o-equal-height vc_row-o-content-middle vc_row-flex pofo-row-responsive-69f31a96c4a0e\"><div class=\"wpb_column vc_column_container vc_col-sm-6  col-xs-mobile-fullwidth text-left md-text-left sm-text-left xs-text-left pofo-column-responsive-69f31a96c4a96\"><div class=\"vc_column-inner vc_custom_1646062313450\"><div class=\"wpb_wrapper\"><span class=\"text-extra-dark-gray margin-20px-bottom font-weight-600 display-block alt-font text-uppercase heading-style2  vc_custom_1647531754369  heading-1\"  style=\"font-size: 15px; line-height: 22px; font-weight: 400; color: #007a85;\" data-fontsize=\"15px\" data-lineheight=\"22px\">PRODUKTE<\/span><h1 class=\"text-extra-dark-gray margin-20px-bottom font-weight-600 display-inline-block alt-font  pofo_font_1647531761296 heading-style2  heading-2\"  style=\"font-size: 36px; line-height: 40px; font-weight: 600;\" data-fontsize=\"36px\" data-lineheight=\"40px\">R\u00fchrwerke Und Peristaltikpumpen<\/h1><div class=\"text-medium line-height-28  vc_custom_1647531779691 last-paragraph-no-margin pofo-text-block-responsive-69f31a96c4b8e\" style=\"width: 100%;\"><p>Die f\u00fcr zahlreiche <strong>Anwendungen<\/strong> entwickelten kompakten Tauchr\u00fchrwerke k\u00f6nnen unabh\u00e4ngig von Form und Gr\u00f6\u00dfe des Beckens eingesetzt werden.<\/p>\n<p>Die <strong>Funktionsweise der Peristaltikpumpen<\/strong> basiert hingegen auf einem \u201eGleitdruck\u201c (einer Abklemmstelle), der sich entlang eines Schlauches bewegt und durch sich parallel zu einer Achse drehende Rollen ausge\u00fcbt wird, die von einem Rollenhalter getragen werden.<\/p>\n<\/div><div class=\"vc_row wpb_row vc_inner vc_row-fluid\"><div class=\"wpb_column vc_column_container vc_col-sm-5 vc_col-xs-6\"><div class=\"vc_column-inner \"><div class=\"wpb_wrapper\"><a  href=\"#contactprodotti\" class=\"btn pofo-button-1 section-link button-style1  btn-dark-gray  btn-medium   vc_custom_1647531792798 pofo-button-responsive-69f31a96c4cb9\"  style=\"color:#ffffff;  border-color:#007a85; \">MEHR INFORMATIONEN<\/a><\/div><\/div><\/div><div class=\"wpb_column vc_column_container vc_col-sm-5 vc_col-md-4 vc_col-xs-6\"><div class=\"vc_column-inner \"><div class=\"wpb_wrapper\"><a  href=\"#dettagliprodotti\" class=\"btn pofo-button-2 section-link button-style1  btn-dark-gray  btn-medium   vc_custom_1647531802580\"  style=\"color:#ffffff;  border-color:#f8c21c; \">MEHR LESEN<\/a><\/div><\/div><\/div><div class=\"wpb_column vc_column_container vc_col-sm-1 vc_hidden-sm vc_hidden-xs col-xs-mobile-fullwidth\"><div class=\"vc_column-inner \"><div class=\"wpb_wrapper\"><\/div><\/div><\/div><\/div><\/div><\/div><\/div><div class=\"wpb_column vc_column_container vc_col-sm-6  col-xs-mobile-fullwidth pofo-column-responsive-69f31a96c4df7\"><div class=\"vc_column-inner vc_custom_1646062320440\"><div class=\"wpb_wrapper\">[vc_single_image image=&#8220;33245&#8243; img_size=&#8220;full&#8220;]<\/div><\/div><\/div><\/section>[vc_section full_width=&#8220;stretch_row&#8220; css=&#8220;.vc_custom_1646566673677{padding-top: 0px !important;padding-bottom: 0px !important;background-color: #f7f7f7 !important;}&#8220;]<section id=\"contactprodotti\" class=\"vc_row wpb_row vc_row-fluid  vc_custom_1646566791665 wow fadeIn vc_row-has-fill pofo-row-responsive-69f31a96c4e7f\"><div class=\"wpb_column vc_column_container vc_col-sm-12  col-xs-mobile-fullwidth\"><div class=\"vc_column-inner \"><div class=\"wpb_wrapper\"><div class=\"vc_row wpb_row vc_inner vc_row-fluid\"><div class=\"wpb_column vc_column_container vc_col-sm-12 vc_col-lg-3 vc_col-md-3 vc_hidden-sm col-xs-mobile-fullwidth\"><div class=\"vc_column-inner \"><div class=\"wpb_wrapper\"><\/div><\/div><\/div><div class=\"wpb_column vc_column_container vc_col-sm-12 vc_col-lg-6 vc_col-md-6 col-xs-mobile-fullwidth text-center md-text-center sm-text-left xs-text-left\"><div class=\"vc_column-inner vc_custom_1646059839106\"><div class=\"wpb_wrapper\"><span class=\"text-extra-dark-gray margin-20px-bottom font-weight-600 display-block alt-font heading-style2  vc_custom_1647531818659  heading-3\"  style=\"font-size: 15px; line-height: 22px; font-weight: 400; color: #007a85;\" data-fontsize=\"15px\" data-lineheight=\"22px\">KONTAKTIERE UNS<\/span><h2 class=\"text-medium-gray text-small margin-5px-bottom alt-font  pofo_font_1647531828189 heading-style4 pofo-button-responsive-69f31a96c50a4  heading-4\"  style=\"font-size: 28px; line-height: 32px; font-weight: 600; color: #000000;\" data-fontsize=\"28px\" data-lineheight=\"32px\">Fordern sie informationen an<\/h2><\/div><\/div><\/div><div class=\"wpb_column vc_column_container vc_col-sm-12 vc_col-lg-3 vc_col-md-3 vc_hidden-sm col-xs-mobile-fullwidth\"><div class=\"vc_column-inner \"><div class=\"wpb_wrapper\"><\/div><\/div><\/div><div class=\"wpb_column vc_column_container vc_col-sm-12  col-xs-mobile-fullwidth\"><div class=\"vc_column-inner \"><div class=\"wpb_wrapper\">\n<div class=\"wpcf7 no-js\" id=\"wpcf7-f38290-o1\" lang=\"de-DE\" dir=\"ltr\" data-wpcf7-id=\"38290\">\n<div class=\"screen-reader-response\"><p role=\"status\" aria-live=\"polite\" aria-atomic=\"true\"><\/p> <ul><\/ul><\/div>\n<form action=\"\/de\/wp-json\/wp\/v2\/pages\/36438#wpcf7-f38290-o1\" method=\"post\" class=\"wpcf7-form init\" aria-label=\"Kontaktformular\" novalidate=\"novalidate\" data-status=\"init\">\n<fieldset class=\"hidden-fields-container\"><input type=\"hidden\" name=\"_wpcf7\" value=\"38290\" \/><input type=\"hidden\" name=\"_wpcf7_version\" value=\"6.1.5\" \/><input type=\"hidden\" name=\"_wpcf7_locale\" value=\"de_DE\" \/><input type=\"hidden\" name=\"_wpcf7_unit_tag\" value=\"wpcf7-f38290-o1\" \/><input type=\"hidden\" name=\"_wpcf7_container_post\" value=\"0\" \/><input type=\"hidden\" name=\"_wpcf7_posted_data_hash\" value=\"\" \/><input type=\"hidden\" name=\"_wpcf7_recaptcha_response\" value=\"\" \/>\n<\/fieldset>\n<div class=\"row\">\n\t<div class=\"col-md-4\">\n\t\t<span class=\"wpcf7-form-control-wrap\" data-name=\"nome\"><input size=\"40\" maxlength=\"400\" class=\"wpcf7-form-control wpcf7-text wpcf7-validates-as-required big-input\" aria-required=\"true\" aria-invalid=\"false\" placeholder=\"Vorname *\" value=\"\" type=\"text\" name=\"nome\" \/><\/span>\n\t<\/div>\n\t<div class=\"col-md-4\">\n\t\t<span class=\"wpcf7-form-control-wrap\" data-name=\"cognome\"><input size=\"40\" maxlength=\"400\" class=\"wpcf7-form-control wpcf7-text wpcf7-validates-as-required big-input\" aria-required=\"true\" aria-invalid=\"false\" placeholder=\"Nachname *\" value=\"\" type=\"text\" name=\"cognome\" \/><\/span>\n\t<\/div>\n\t<div class=\"col-md-4\">\n\t\t<span class=\"wpcf7-form-control-wrap\" data-name=\"azienda\"><input size=\"40\" maxlength=\"400\" class=\"wpcf7-form-control wpcf7-text wpcf7-validates-as-required big-input\" aria-required=\"true\" aria-invalid=\"false\" placeholder=\"Firma *\" value=\"\" type=\"text\" name=\"azienda\" \/><\/span>\n\t<\/div>\n\t<div class=\"col-md-4\">\n\t\t<span class=\"wpcf7-form-control-wrap\" data-name=\"provincia\"><input size=\"40\" maxlength=\"400\" class=\"wpcf7-form-control wpcf7-text wpcf7-validates-as-required big-input\" aria-required=\"true\" aria-invalid=\"false\" placeholder=\"Land *\" value=\"\" type=\"text\" name=\"provincia\" \/><\/span>\n\t<\/div>\n\t<div class=\"col-md-4\">\n\t\t<span class=\"wpcf7-form-control-wrap\" data-name=\"telefono\"><input size=\"40\" maxlength=\"400\" class=\"wpcf7-form-control wpcf7-text big-input\" aria-invalid=\"false\" placeholder=\"Telefon\" value=\"\" type=\"text\" name=\"telefono\" \/><\/span>\n\t<\/div>\n\t<div class=\"col-md-4\">\n\t\t<span class=\"wpcf7-form-control-wrap\" data-name=\"email\"><input size=\"40\" maxlength=\"400\" class=\"wpcf7-form-control wpcf7-email wpcf7-validates-as-required wpcf7-text wpcf7-validates-as-email big-input\" aria-required=\"true\" aria-invalid=\"false\" placeholder=\"E-Mail *\" value=\"\" type=\"email\" name=\"email\" \/><\/span>\n\t<\/div>\n\t<div class=\"col-md-12\">\n\t\t<span class=\"wpcf7-form-control-wrap\" data-name=\"messaggio\"><textarea cols=\"40\" rows=\"3\" maxlength=\"2000\" class=\"wpcf7-form-control wpcf7-textarea xs-margin-20px-bottom big-textarea\" aria-invalid=\"false\" placeholder=\"Ihr Anliegen\" name=\"messaggio\"><\/textarea><\/span>\n\t<\/div>\n\t<div class=\"col-md-12\">\n\t\t<span class=\"wpcf7-form-control-wrap\" data-name=\"opt-in\"><span class=\"wpcf7-form-control wpcf7-acceptance optional\"><span class=\"wpcf7-list-item\"><label><input type=\"checkbox\" name=\"opt-in\" value=\"1\" aria-invalid=\"false\" \/><span class=\"wpcf7-list-item-label\">Ich m\u00f6chte Ihren Newsletter abonnieren<\/span><\/label><\/span><\/span><\/span><br\/>\n\t\t<span class=\"wpcf7-form-control-wrap\" data-name=\"contact-privacy\"><span class=\"wpcf7-form-control wpcf7-acceptance\"><span class=\"wpcf7-list-item\"><label><input type=\"checkbox\" name=\"contact-privacy\" value=\"1\" aria-invalid=\"false\" \/><span class=\"wpcf7-list-item-label\">ch stimme Ihrer <a href=\"https:\/\/www.iubenda.com\/privacy-policy\/93075195\/legal\" target=\"_blank\">Datenschutzrichtlinie zu<\/a><\/span><\/label><\/span><\/span><\/span><br\/>\n\t\t<span class=\"wpcf7-form-control-wrap\" data-name=\"contact-cookie\"><span class=\"wpcf7-form-control wpcf7-acceptance\"><span class=\"wpcf7-list-item\"><label><input type=\"checkbox\" name=\"contact-cookie\" value=\"1\" aria-invalid=\"false\" \/><span class=\"wpcf7-list-item-label\">ch stimme Ihrer <a href=\"https:\/\/www.iubenda.com\/privacy-policy\/93075195\/cookie-policy\" target=\"_blank\">Cookie-Richtlinie zu<\/a><\/span><\/label><\/span><\/span><\/span><br\/>\n\t<\/div>\n\t<div class=\"col-md-12\" style=\"margin-top:20px;\">\n\t\t<input class=\"wpcf7-form-control wpcf7-submit has-spinner btn pofo-button-70 button-style1 btn-dark-gray btn-small\" type=\"submit\" value=\"Senden\" \/>\n\t<\/div>\n<\/div>\n<input class=\"wpcf7-form-control wpcf7-hidden\" value=\"\" type=\"hidden\" name=\"utm_source\" \/>\n<input class=\"wpcf7-form-control wpcf7-hidden\" value=\"\" type=\"hidden\" name=\"utm_medium\" \/>\n<input class=\"wpcf7-form-control wpcf7-hidden\" value=\"\" type=\"hidden\" name=\"utm_campaign\" \/><div class=\"wpcf7-response-output\" aria-hidden=\"true\"><\/div>\n<\/form>\n<\/div>\n<\/div><\/div><\/div><\/div><\/div><\/div><\/div><\/section>[\/vc_section]<section id=\"dettagliprodotti\" data-vc-full-width=\"true\" data-vc-full-width-init=\"false\" class=\"vc_row wpb_row vc_row-fluid  vc_custom_1646668043163 wow fadeIn vc_row-has-fill pofo-stretch-content pofo-stretch-row-container vc_row-o-equal-height vc_row-o-content-middle vc_row-flex\"><div class=\"wpb_column vc_column_container position-relative vc_col-sm-12 vc_col-md-6 vc_col-xs-12 wow none pofo-column-responsive-69f31a96c5d5d\"><div class=\"vc_column-inner cover-background vc_custom_1646135263004\"><div class=\"wpb_wrapper\"><div id=\"pofo-image-slider-1\" class=\"swiper-container height-100 width-100 white-move swiper-container-horizontal pofo-image-style7 pofo-image-slider-1  pofo-slider7 pofo-slider7-1\" data-slider-options=\"{&quot;keyboard&quot;:true,&quot;slidesPerView&quot;:1,&quot;loop&quot;:true,&quot;autoplay&quot;:{&quot;delay&quot;:3000,&quot;disableOnInteraction&quot;:false},&quot;effect&quot;:&quot;fade&quot;,&quot;fadeEffect&quot;:{&quot;crossFade&quot;:true}}\"><div class=\"swiper-wrapper\"><div class=\"swiper-slide\" data-swiper-slide-index=\"0\"><div class=\"container-fluid no-padding\"><div class=\"col-lg-12 no-padding text-center\"><img loading=\"lazy\" decoding=\"async\" src=\"https:\/\/www.debem.com\/wp-content\/uploads\/2022\/04\/PompePeristaltiche-MV.png\" class=\"width-100\" width=\"881\" height=\"771\" alt=\"\" srcset=\"https:\/\/www.debem.com\/wp-content\/uploads\/2022\/04\/PompePeristaltiche-MV.png 881w, https:\/\/www.debem.com\/wp-content\/uploads\/2022\/04\/PompePeristaltiche-MV-300x263.png 300w, https:\/\/www.debem.com\/wp-content\/uploads\/2022\/04\/PompePeristaltiche-MV-768x672.png 768w, https:\/\/www.debem.com\/wp-content\/uploads\/2022\/04\/PompePeristaltiche-MV-120x105.png 120w, https:\/\/www.debem.com\/wp-content\/uploads\/2022\/04\/PompePeristaltiche-MV-81x71.png 81w\" sizes=\"auto, (max-width: 881px) 100vw, 881px\"\/><\/div><\/div><\/div><div class=\"swiper-slide\" data-swiper-slide-index=\"0\"><div class=\"container-fluid no-padding\"><div class=\"col-lg-12 no-padding text-center\"><img loading=\"lazy\" decoding=\"async\" src=\"https:\/\/www.debem.com\/wp-content\/uploads\/2022\/04\/PompePeristaltiche-MP-9.png\" class=\"width-100\" width=\"881\" height=\"771\" alt=\"\" srcset=\"https:\/\/www.debem.com\/wp-content\/uploads\/2022\/04\/PompePeristaltiche-MP-9.png 881w, https:\/\/www.debem.com\/wp-content\/uploads\/2022\/04\/PompePeristaltiche-MP-9-300x263.png 300w, https:\/\/www.debem.com\/wp-content\/uploads\/2022\/04\/PompePeristaltiche-MP-9-768x672.png 768w, https:\/\/www.debem.com\/wp-content\/uploads\/2022\/04\/PompePeristaltiche-MP-9-120x105.png 120w, https:\/\/www.debem.com\/wp-content\/uploads\/2022\/04\/PompePeristaltiche-MP-9-81x71.png 81w\" sizes=\"auto, (max-width: 881px) 100vw, 881px\"\/><\/div><\/div><\/div><div class=\"swiper-slide\" data-swiper-slide-index=\"0\"><div class=\"container-fluid no-padding\"><div class=\"col-lg-12 no-padding text-center\"><img loading=\"lazy\" decoding=\"async\" src=\"https:\/\/www.debem.com\/wp-content\/uploads\/2022\/04\/PompePeristaltiche-MP.png\" class=\"width-100\" width=\"881\" height=\"771\" alt=\"\" srcset=\"https:\/\/www.debem.com\/wp-content\/uploads\/2022\/04\/PompePeristaltiche-MP.png 881w, https:\/\/www.debem.com\/wp-content\/uploads\/2022\/04\/PompePeristaltiche-MP-300x263.png 300w, https:\/\/www.debem.com\/wp-content\/uploads\/2022\/04\/PompePeristaltiche-MP-768x672.png 768w, https:\/\/www.debem.com\/wp-content\/uploads\/2022\/04\/PompePeristaltiche-MP-120x105.png 120w, https:\/\/www.debem.com\/wp-content\/uploads\/2022\/04\/PompePeristaltiche-MP-81x71.png 81w\" sizes=\"auto, (max-width: 881px) 100vw, 881px\"\/><\/div><\/div><\/div><div class=\"swiper-slide\" data-swiper-slide-index=\"0\"><div class=\"container-fluid no-padding\"><div class=\"col-lg-12 no-padding text-center\"><img loading=\"lazy\" decoding=\"async\" src=\"https:\/\/www.debem.com\/wp-content\/uploads\/2022\/04\/PompePeristaltiche-1.png\" class=\"width-100\" width=\"881\" height=\"771\" alt=\"\" srcset=\"https:\/\/www.debem.com\/wp-content\/uploads\/2022\/04\/PompePeristaltiche-1.png 881w, https:\/\/www.debem.com\/wp-content\/uploads\/2022\/04\/PompePeristaltiche-1-300x263.png 300w, https:\/\/www.debem.com\/wp-content\/uploads\/2022\/04\/PompePeristaltiche-1-768x672.png 768w, https:\/\/www.debem.com\/wp-content\/uploads\/2022\/04\/PompePeristaltiche-1-120x105.png 120w, https:\/\/www.debem.com\/wp-content\/uploads\/2022\/04\/PompePeristaltiche-1-81x71.png 81w\" sizes=\"auto, (max-width: 881px) 100vw, 881px\"\/><\/div><\/div><\/div><\/div><\/div><\/div><\/div><\/div><div class=\"wpb_column vc_column_container vc_col-sm-12 vc_col-md-6 vc_col-xs-12 wow none sm-text-left xs-text-left\"><div class=\"vc_column-inner vc_custom_1646135328448\"><div class=\"wpb_wrapper\"><div class=\"vc_row wpb_row vc_inner vc_row-fluid  vc_custom_1646651239453 pofo-inner-row-responsive-69f31a96c67f2\"><div class=\"wpb_column vc_column_container vc_col-sm-12  col-xs-mobile-fullwidth\"><div class=\"vc_column-inner \"><div class=\"wpb_wrapper\"><span class=\"text-extra-dark-gray margin-20px-bottom font-weight-600 display-block alt-font text-uppercase heading-style2  vc_custom_1647531841854  heading-5\"  style=\"font-size: 15px; line-height: 22px; font-weight: 400; color: #007a85;\" data-fontsize=\"15px\" data-lineheight=\"22px\">TECHNISCHE EIGENSCHAFTEN<\/span><h2 class=\"text-medium-gray text-small margin-5px-bottom alt-font  pofo_font_1647531850137 heading-style4  vc_custom_1647531850138 pofo-button-responsive-69f31a96c691a  heading-6\"  style=\"font-size: 28px; line-height: 32px; font-weight: 600; color: #000000;\" data-fontsize=\"28px\" data-lineheight=\"32px\">R\u00fchrwerke Und Peristaltikpumpen<\/h2><div class=\"text-medium line-height-28  vc_custom_1647531865845 last-paragraph-no-margin\"><p>Die Einsatzbereiche der <strong>R\u00fchrwerke<\/strong> sind unz\u00e4hlig: Abwasserreinigungsanlagen, Biogasanlagen, Herstellung von Fl\u00fcssigfutter, Fahrzeuge u. v. m.<br \/>\nDie <strong>Peristaltikpumpen<\/strong> eignen sich besonders gut f\u00fcr die Bereiche Wasseraufbereitung, chemische Industrie, Lebensmittel- und Kosmetikindustrie, Bergwerke, Keramik- und Bauindustrie, Papierproduktion.<\/p>\n<\/div><\/div><\/div><\/div><\/div><\/div><\/div><\/div><\/section><div class=\"vc_row-full-width vc_clearfix\"><\/div><section data-vc-full-width=\"true\" data-vc-full-width-init=\"false\" data-vc-stretch-content=\"true\" class=\"vc_row wpb_row vc_row-fluid  vc_custom_1762878132844 cover-background wow fadeIn pofo-stretch-content vc_row-o-equal-height vc_row-flex pofo-row-responsive-69f31a96c69b9\"><div class=\"wpb_column vc_column_container vc_col-has-fill vc_col-sm-6 vc_col-md-6 col-xs-mobile-fullwidth text-left md-text-left sm-text-left xs-text-left\"><div class=\"vc_column-inner vc_custom_1762877739939\"><div class=\"wpb_wrapper\"><span class=\"text-extra-dark-gray margin-20px-bottom font-weight-600 display-inline-block alt-font text-uppercase heading-style2  vc_custom_1763970994310  heading-7\"  style=\"font-size: 14px; line-height: 22px; font-weight: 500; color: #ffffff;\" data-fontsize=\"14px\" data-lineheight=\"22px\">Industrie-Linie<\/span><span class=\"text-extra-large margin-25px-bottom vertical-align-middle sm-width-100 display-block alt-font  pofo_font_1763971010890 heading-style3  vc_custom_1763971010890 pofo-button-responsive-69f31a96c6ae0  heading-8\"  style=\"font-size: 27px; line-height: 37px; color: #ffffff;\" data-fontsize=\"27px\" data-lineheight=\"37px\">M\u00f6chten Sie Informationen erhalten?<\/span><span class=\"text-extra-large margin-25px-bottom vertical-align-middle sm-width-100 display-block alt-font  pofo_font_1763971027358 heading-style3  vc_custom_1763971027358 pofo-button-responsive-69f31a96c6b16  heading-9\"  style=\"font-size: 22px; line-height: 32px; color: #ffffff;\" data-fontsize=\"22px\" data-lineheight=\"32px\">Kontaktieren Sie uns!<\/span><a  href=\"https:\/\/www.debem.com\/de\/kontakte\/\" target=\"_self\" class=\"btn pofo-button-3 button-style2  btn-white  btn-medium   vc_custom_1763971102822 pofo-button-responsive-69f31a96c6b4d\"  style=\"color:#ffffff;  border-color:#f8c21c; \">Kontakte<\/a><\/div><\/div><\/div><div class=\"wpb_column vc_column_container vc_col-has-fill vc_col-sm-6  col-xs-mobile-fullwidth text-left md-text-left sm-text-left xs-text-left\"><div class=\"vc_column-inner vc_custom_1762877728477\"><div class=\"wpb_wrapper\"><span class=\"text-extra-dark-gray margin-20px-bottom font-weight-600 display-inline-block alt-font text-uppercase heading-style2  vc_custom_1763971155563  heading-10\"  style=\"font-size: 14px; line-height: 22px; font-weight: 500; color: #ffffff;\" data-fontsize=\"14px\" data-lineheight=\"22px\">Hygienic-Reihe<\/span><span class=\"text-extra-large margin-25px-bottom vertical-align-middle sm-width-100 display-block alt-font  pofo_font_1763971178355 heading-style3  vc_custom_1763971178356  heading-11\"  style=\"font-size: 27px; line-height: 37px; color: #ffffff;\" data-fontsize=\"27px\" data-lineheight=\"37px\">Auf der Suche nach L\u00f6sungen f\u00fcr hygienische Anwendungen?<\/span><span class=\"text-extra-large margin-25px-bottom vertical-align-middle sm-width-100 display-block alt-font  pofo_font_1763971213516 heading-style3  vc_custom_1763971213517 pofo-button-responsive-69f31a96c6c4e  heading-12\"  style=\"font-size: 22px; line-height: 32px; color: #ffffff;\" data-fontsize=\"22px\" data-lineheight=\"32px\">Entdecken Sie hier unsere Hygienic-Reihe<\/span><a  href=\"https:\/\/sani.debem.com\/de\/\" target=\"_self\" class=\"btn pofo-button-4 button-style2  btn-white  btn-medium   vc_custom_1763971254500 pofo-button-responsive-69f31a96c6c98\"  style=\"color:#0069a5;  border-color:#0069a5; \">Entdecke<\/a><\/div><\/div><\/div><\/section><div class=\"vc_row-full-width vc_clearfix\"><\/div>\n","protected":false},"excerpt":{"rendered":"<p>[vc_section full_width=&#8220;stretch_row&#8220; css=&#8220;.vc_custom_1646566673677{padding-top: 0px !important;padding-bottom: 0px !important;background-color: #f7f7f7 !important;}&#8220;][\/vc_section]<\/p>\n","protected":false},"author":1,"featured_media":0,"parent":36300,"menu_order":0,"comment_status":"closed","ping_status":"closed","template":"","meta":{"footnotes":""},"class_list":["post-36438","page","type-page","status-publish","hentry"],"aioseo_notices":[],"_links":{"self":[{"href":"https:\/\/www.debem.com\/de\/wp-json\/wp\/v2\/pages\/36438","targetHints":{"allow":["GET"]}}],"collection":[{"href":"https:\/\/www.debem.com\/de\/wp-json\/wp\/v2\/pages"}],"about":[{"href":"https:\/\/www.debem.com\/de\/wp-json\/wp\/v2\/types\/page"}],"author":[{"embeddable":true,"href":"https:\/\/www.debem.com\/de\/wp-json\/wp\/v2\/users\/1"}],"replies":[{"embeddable":true,"href":"https:\/\/www.debem.com\/de\/wp-json\/wp\/v2\/comments?post=36438"}],"version-history":[{"count":4,"href":"https:\/\/www.debem.com\/de\/wp-json\/wp\/v2\/pages\/36438\/revisions"}],"predecessor-version":[{"id":52511,"href":"https:\/\/www.debem.com\/de\/wp-json\/wp\/v2\/pages\/36438\/revisions\/52511"}],"up":[{"embeddable":true,"href":"https:\/\/www.debem.com\/de\/wp-json\/wp\/v2\/pages\/36300"}],"wp:attachment":[{"href":"https:\/\/www.debem.com\/de\/wp-json\/wp\/v2\/media?parent=36438"}],"curies":[{"name":"wp","href":"https:\/\/api.w.org\/{rel}","templated":true}]}}