{"id":35645,"date":"2022-03-16T14:15:20","date_gmt":"2022-03-16T14:15:20","guid":{"rendered":"https:\/\/www.debem.com\/?page_id=35645"},"modified":"2022-03-24T08:13:07","modified_gmt":"2022-03-24T08:13:07","slug":"kundendienst","status":"publish","type":"page","link":"https:\/\/www.debem.com\/de\/kundendienst\/","title":{"rendered":"Kundendienst"},"content":{"rendered":"<section class=\"vc_row wpb_row vc_row-fluid  vc_custom_1646061389347 wow fadeIn vc_row-has-fill pofo-row-responsive-69f21db80533b\"><div class=\"wpb_column vc_column_container vc_col-sm-12  col-xs-mobile-fullwidth\"><div class=\"vc_column-inner \"><div class=\"wpb_wrapper\">[vc_raw_html el_class=&#8220;sgBreadcrumb&#8220;]JTVCYWlvc2VvX2JyZWFkY3J1bWJzJTVE[\/vc_raw_html]<\/div><\/div><\/div><\/section><section class=\"vc_row wpb_row vc_row-fluid  vc_custom_1646320395723 wow none vc_row-has-fill vc_row-o-equal-height vc_row-o-content-middle vc_row-flex pofo-row-responsive-69f21db805491\"><div class=\"wpb_column vc_column_container vc_col-sm-3  col-xs-mobile-fullwidth pofo-column-responsive-69f21db80554b\"><div class=\"vc_column-inner vc_custom_1646307268097\"><div class=\"wpb_wrapper\"><\/div><\/div><\/div><div class=\"wpb_column vc_column_container vc_col-sm-6  col-xs-mobile-fullwidth text-center md-text-center sm-text-left xs-text-left pofo-column-responsive-69f21db8055a3\"><div class=\"vc_column-inner vc_custom_1646321329323\"><div class=\"wpb_wrapper\"><span class=\"text-extra-dark-gray margin-20px-bottom font-weight-600 display-block alt-font text-uppercase heading-style2  vc_custom_1647439901109  heading-1\"  style=\"font-size: 15px; line-height: 22px; font-weight: 400; color: #007a85;\" data-fontsize=\"15px\" data-lineheight=\"22px\">Kundendienst<\/span><h1 class=\"text-extra-dark-gray margin-20px-bottom font-weight-600 display-inline-block alt-font  pofo_font_1647439913907 heading-style2  heading-2\"  style=\"font-size: 36px; line-height: 40px; font-weight: 600;\" data-fontsize=\"36px\" data-lineheight=\"40px\">Kundendienst<\/h1><div class=\"text-medium line-height-28 last-paragraph-no-margin\"><p>Debem bietet immer neue und wirksame Serviceleistungen, indem es den Kunden technische und gesch\u00e4ftliche Informationen zur Verf\u00fcgung stellt, um die Auswahl des Produkts zu erleichtern, das sich am besten eignet, um alle Einsatzanforderungen zu erf\u00fcllen. Unsere Kunden k\u00f6nnen auf ein mehrsprachiges (aus technischem Fachpersonal bestehendes) Call Center z\u00e4hlen, das ihnen bei der Wahl des Produkts zur Seite steht und sie bei Fragen zur chemischen Vertr\u00e4glichkeit unter Ber\u00fccksichtigung ihrer speziellen Bed\u00fcrfnisse unterst\u00fctzt.<\/p>\n<\/div><span class=\"text-extra-dark-gray margin-20px-bottom font-weight-600 display-block alt-font text-uppercase heading-style2  vc_custom_1647439946081  heading-3\"  style=\"font-size: 20px; line-height: 26px; font-weight: 600; color: #000000;\" data-fontsize=\"20px\" data-lineheight=\"26px\">Rufen Sie uns an<\/span><a  href=\"tel:004980244602744\" target=\"_blank\" class=\"btn font-size:36px pofo-button-1 button-style9  btn-link text-extra-dark-gray text-deep-pink-hover  btn-extra-large  vc_custom_1647439992543\"  style=\"color:#007a85; \">+49 8024 4602744<\/a><\/div><\/div><\/div><div class=\"wpb_column vc_column_container vc_col-sm-3  col-xs-mobile-fullwidth\"><div class=\"vc_column-inner \"><div class=\"wpb_wrapper\"><\/div><\/div><\/div><\/section>[vc_section full_width=&#8220;stretch_row&#8220; css=&#8220;.vc_custom_1646318052105{padding-top: 0px !important;padding-bottom: 0px !important;background-color: #f7f7f7 !important;}&#8220;]<section data-vc-full-width=\"true\" data-vc-full-width-init=\"false\" data-vc-stretch-content=\"true\" class=\"vc_row wpb_row vc_row-fluid  vc_custom_1646321359378 wow fadeIn pofo-stretch-content vc_row-o-equal-height vc_row-o-content-middle vc_row-flex\"><div class=\"wpb_column vc_column_container vc_col-has-fill position-relative vc_col-sm-12 vc_col-md-6 vc_hidden-sm vc_col-xs-12 vc_hidden-xs wow none pofo-column-responsive-69f21db805914\"><div class=\"vc_column-inner cover-background vc_custom_1646402617188\"><div class=\"wpb_wrapper\"><\/div><\/div><\/div><div class=\"wpb_column vc_column_container vc_col-sm-12 vc_col-md-6 vc_col-xs-12 wow none sm-text-left xs-text-left\"><div class=\"vc_column-inner \"><div class=\"wpb_wrapper\"><div class=\"vc_row wpb_row vc_inner vc_row-fluid  vc_custom_1646321118654 pofo-inner-row-responsive-69f21db805a42\"><div class=\"wpb_column vc_column_container vc_col-sm-12  col-xs-mobile-fullwidth\"><div class=\"vc_column-inner \"><div class=\"wpb_wrapper\"><span class=\"text-extra-dark-gray margin-20px-bottom font-weight-600 display-block alt-font text-uppercase heading-style2  vc_custom_1647440002666  heading-4\"  style=\"font-size: 15px; line-height: 22px; font-weight: 400; color: #007a85;\" data-fontsize=\"15px\" data-lineheight=\"22px\">Service<\/span><h2 class=\"text-medium-gray text-small margin-5px-bottom alt-font  pofo_font_1647440021970 heading-style4  vc_custom_1647440021970 pofo-button-responsive-69f21db805c36  heading-5\"  style=\"font-size: 28px; line-height: 32px; font-weight: 600; color: #000000;\" data-fontsize=\"28px\" data-lineheight=\"32px\">Technischer Kundendienst<\/h2><div class=\"text-medium line-height-28  vc_custom_1647440047166 last-paragraph-no-margin pofo-text-block-responsive-69f21db805c66\" style=\"width: 95%;\"><p>Unser technischer Kundendienst hilft Ihnen bei Fragen technischer Natur, Fragen zur Installation, Pumpenoptimierung, Anlagentechnik oder zum Fl\u00fcssigkeitspumpverfahren weiter. Unsere Werkstatt umfasst eine interne Wartungsabteilung, die innerhalb k\u00fcrzester Zeit jedes erworbene Pumpenmodell anhand des Betriebsberichts wieder zum Funktionieren bringt. Dank unseres Systems mit \u00dcberwachung der Mindestvorratshaltung s\u00e4mtlicher Komponenten und aller vormontierten Baugruppen f\u00fcr alle im Katalog gelisteten Pumpen k\u00f6nnen wir die Verf\u00fcgbarkeit zum Zeitpunkt der Bestellung in Echtzeit und die Montage in k\u00fcrzester und garantierter Zeit sicherstellen. Alle unsere <strong>Membranpumpen<\/strong> sind lieferfertig und werden bereits vormontiert ausgeliefert. Es sind nur wenige Minuten f\u00fcr die kundenspezifische Konfiguration n\u00f6tig und schon k\u00f6nnen sie verschickt werden. Genauso liegen alle Ersatzteile im Lager bereit und sind sofort verf\u00fcgbar. Der Kunde kann die Ersatzteile einzeln oder als Satz erwerben.<\/p>\n<\/div><\/div><\/div><\/div><\/div><\/div><\/div><\/div><\/section><div class=\"vc_row-full-width vc_clearfix\"><\/div>[\/vc_section][vc_section full_width=&#8220;stretch_row&#8220; css=&#8220;.vc_custom_1646321529640{padding-top: 0px !important;padding-bottom: 0px !important;background-color: #ffffff !important;}&#8220;]<section id=\"contactprodotti\" class=\"vc_row wpb_row vc_row-fluid  vc_custom_1646321427090 wow fadeIn vc_row-has-fill pofo-row-responsive-69f21db805ce4\"><div class=\"wpb_column vc_column_container vc_col-sm-12  col-xs-mobile-fullwidth\"><div class=\"vc_column-inner \"><div class=\"wpb_wrapper\"><div class=\"vc_row wpb_row vc_inner vc_row-fluid\"><div class=\"wpb_column vc_column_container vc_col-sm-12 vc_col-lg-3 vc_col-md-3 vc_hidden-sm col-xs-mobile-fullwidth\"><div class=\"vc_column-inner \"><div class=\"wpb_wrapper\"><\/div><\/div><\/div><div class=\"wpb_column vc_column_container vc_col-sm-12 vc_col-lg-6 vc_col-md-6 col-xs-mobile-fullwidth text-center md-text-center sm-text-left xs-text-left\"><div class=\"vc_column-inner vc_custom_1646059839106\"><div class=\"wpb_wrapper\"><span class=\"text-extra-dark-gray margin-20px-bottom font-weight-600 display-block alt-font text-uppercase heading-style2  vc_custom_1647440058603  heading-6\"  style=\"font-size: 15px; line-height: 22px; font-weight: 400; color: #007a85;\" data-fontsize=\"15px\" data-lineheight=\"22px\">Kontakte <\/span><h2 class=\"text-medium-gray text-small margin-5px-bottom alt-font  pofo_font_1647440069305 heading-style4 pofo-button-responsive-69f21db80603e  heading-7\"  style=\"font-size: 28px; line-height: 32px; font-weight: 600; color: #000000;\" data-fontsize=\"28px\" data-lineheight=\"32px\">Fordern Sie Informationen an<\/h2><\/div><\/div><\/div><div class=\"wpb_column vc_column_container vc_col-sm-12 vc_col-lg-3 vc_col-md-3 vc_hidden-sm col-xs-mobile-fullwidth\"><div class=\"vc_column-inner \"><div class=\"wpb_wrapper\"><\/div><\/div><\/div><div class=\"wpb_column vc_column_container vc_col-sm-12  col-xs-mobile-fullwidth\"><div class=\"vc_column-inner \"><div class=\"wpb_wrapper\">\n<div class=\"wpcf7 no-js\" id=\"wpcf7-f38290-o1\" lang=\"de-DE\" dir=\"ltr\" data-wpcf7-id=\"38290\">\n<div class=\"screen-reader-response\"><p role=\"status\" aria-live=\"polite\" aria-atomic=\"true\"><\/p> <ul><\/ul><\/div>\n<form action=\"\/de\/wp-json\/wp\/v2\/pages\/35645#wpcf7-f38290-o1\" method=\"post\" class=\"wpcf7-form init\" aria-label=\"Kontaktformular\" novalidate=\"novalidate\" data-status=\"init\">\n<fieldset class=\"hidden-fields-container\"><input type=\"hidden\" name=\"_wpcf7\" value=\"38290\" \/><input type=\"hidden\" name=\"_wpcf7_version\" value=\"6.1.5\" \/><input type=\"hidden\" name=\"_wpcf7_locale\" value=\"de_DE\" \/><input type=\"hidden\" name=\"_wpcf7_unit_tag\" value=\"wpcf7-f38290-o1\" \/><input type=\"hidden\" name=\"_wpcf7_container_post\" value=\"0\" \/><input type=\"hidden\" name=\"_wpcf7_posted_data_hash\" value=\"\" \/><input type=\"hidden\" name=\"_wpcf7_recaptcha_response\" value=\"\" \/>\n<\/fieldset>\n<div class=\"row\">\n\t<div class=\"col-md-4\">\n\t\t<span class=\"wpcf7-form-control-wrap\" data-name=\"nome\"><input size=\"40\" maxlength=\"400\" class=\"wpcf7-form-control wpcf7-text wpcf7-validates-as-required big-input\" aria-required=\"true\" aria-invalid=\"false\" placeholder=\"Vorname *\" value=\"\" type=\"text\" name=\"nome\" \/><\/span>\n\t<\/div>\n\t<div class=\"col-md-4\">\n\t\t<span class=\"wpcf7-form-control-wrap\" data-name=\"cognome\"><input size=\"40\" maxlength=\"400\" class=\"wpcf7-form-control wpcf7-text wpcf7-validates-as-required big-input\" aria-required=\"true\" aria-invalid=\"false\" placeholder=\"Nachname *\" value=\"\" type=\"text\" name=\"cognome\" \/><\/span>\n\t<\/div>\n\t<div class=\"col-md-4\">\n\t\t<span class=\"wpcf7-form-control-wrap\" data-name=\"azienda\"><input size=\"40\" maxlength=\"400\" class=\"wpcf7-form-control wpcf7-text wpcf7-validates-as-required big-input\" aria-required=\"true\" aria-invalid=\"false\" placeholder=\"Firma *\" value=\"\" type=\"text\" name=\"azienda\" \/><\/span>\n\t<\/div>\n\t<div class=\"col-md-4\">\n\t\t<span class=\"wpcf7-form-control-wrap\" data-name=\"provincia\"><input size=\"40\" maxlength=\"400\" class=\"wpcf7-form-control wpcf7-text wpcf7-validates-as-required big-input\" aria-required=\"true\" aria-invalid=\"false\" placeholder=\"Land *\" value=\"\" type=\"text\" name=\"provincia\" \/><\/span>\n\t<\/div>\n\t<div class=\"col-md-4\">\n\t\t<span class=\"wpcf7-form-control-wrap\" data-name=\"telefono\"><input size=\"40\" maxlength=\"400\" class=\"wpcf7-form-control wpcf7-text big-input\" aria-invalid=\"false\" placeholder=\"Telefon\" value=\"\" type=\"text\" name=\"telefono\" \/><\/span>\n\t<\/div>\n\t<div class=\"col-md-4\">\n\t\t<span class=\"wpcf7-form-control-wrap\" data-name=\"email\"><input size=\"40\" maxlength=\"400\" class=\"wpcf7-form-control wpcf7-email wpcf7-validates-as-required wpcf7-text wpcf7-validates-as-email big-input\" aria-required=\"true\" aria-invalid=\"false\" placeholder=\"E-Mail *\" value=\"\" type=\"email\" name=\"email\" \/><\/span>\n\t<\/div>\n\t<div class=\"col-md-12\">\n\t\t<span class=\"wpcf7-form-control-wrap\" data-name=\"messaggio\"><textarea cols=\"40\" rows=\"3\" maxlength=\"2000\" class=\"wpcf7-form-control wpcf7-textarea xs-margin-20px-bottom big-textarea\" aria-invalid=\"false\" placeholder=\"Ihr Anliegen\" name=\"messaggio\"><\/textarea><\/span>\n\t<\/div>\n\t<div class=\"col-md-12\">\n\t\t<span class=\"wpcf7-form-control-wrap\" data-name=\"opt-in\"><span class=\"wpcf7-form-control wpcf7-acceptance optional\"><span class=\"wpcf7-list-item\"><label><input type=\"checkbox\" name=\"opt-in\" value=\"1\" aria-invalid=\"false\" \/><span class=\"wpcf7-list-item-label\">Ich m\u00f6chte Ihren Newsletter abonnieren<\/span><\/label><\/span><\/span><\/span><br\/>\n\t\t<span class=\"wpcf7-form-control-wrap\" data-name=\"contact-privacy\"><span class=\"wpcf7-form-control wpcf7-acceptance\"><span class=\"wpcf7-list-item\"><label><input type=\"checkbox\" name=\"contact-privacy\" value=\"1\" aria-invalid=\"false\" \/><span class=\"wpcf7-list-item-label\">ch stimme Ihrer <a href=\"https:\/\/www.iubenda.com\/privacy-policy\/93075195\/legal\" target=\"_blank\">Datenschutzrichtlinie zu<\/a><\/span><\/label><\/span><\/span><\/span><br\/>\n\t\t<span class=\"wpcf7-form-control-wrap\" data-name=\"contact-cookie\"><span class=\"wpcf7-form-control wpcf7-acceptance\"><span class=\"wpcf7-list-item\"><label><input type=\"checkbox\" name=\"contact-cookie\" value=\"1\" aria-invalid=\"false\" \/><span class=\"wpcf7-list-item-label\">ch stimme Ihrer <a href=\"https:\/\/www.iubenda.com\/privacy-policy\/93075195\/cookie-policy\" target=\"_blank\">Cookie-Richtlinie zu<\/a><\/span><\/label><\/span><\/span><\/span><br\/>\n\t<\/div>\n\t<div class=\"col-md-12\" style=\"margin-top:20px;\">\n\t\t<input class=\"wpcf7-form-control wpcf7-submit has-spinner btn pofo-button-70 button-style1 btn-dark-gray btn-small\" type=\"submit\" value=\"Senden\" \/>\n\t<\/div>\n<\/div>\n<input class=\"wpcf7-form-control wpcf7-hidden\" value=\"\" type=\"hidden\" name=\"utm_source\" \/>\n<input class=\"wpcf7-form-control wpcf7-hidden\" value=\"\" type=\"hidden\" name=\"utm_medium\" \/>\n<input class=\"wpcf7-form-control wpcf7-hidden\" value=\"\" type=\"hidden\" name=\"utm_campaign\" \/><div class=\"wpcf7-response-output\" aria-hidden=\"true\"><\/div>\n<\/form>\n<\/div>\n<\/div><\/div><\/div><\/div><\/div><\/div><\/div><\/section>[\/vc_section]<section data-vc-full-width=\"true\" data-vc-full-width-init=\"false\" class=\"vc_row wpb_row vc_row-fluid  vc_custom_1646060879352 cover-background wow fadeIn vc_row-has-fill pofo-stretch-content pofo-stretch-row-container pofo-row-responsive-69f21db80702d\"><div class=\"wpb_column vc_column_container vc_col-sm-12 vc_col-md-12 col-xs-mobile-fullwidth text-center\"><div class=\"vc_column-inner \"><div class=\"wpb_wrapper\"><span class=\"text-extra-large margin-25px-bottom vertical-align-middle sm-width-100 display-inline-block alt-font heading-style3  vc_custom_1647440079978 pofo-button-responsive-69f21db807199  heading-8\"  style=\"color: #ffffff;\">Haben Sie Interesse an weiteren Informationen? Bitte kontaktieren Sie uns!<\/span><a  href=\"\/de\/kontakte\/\" target=\"_self\" class=\"btn pofo-button-2 button-style2  btn-white  btn-medium   vc_custom_1647440102507 pofo-button-responsive-69f21db8071d8\"  style=\"color:#ffffff;  border-color:#f8c21c; \">KONTAKTIERE UNS<\/a><\/div><\/div><\/div><\/section><div class=\"vc_row-full-width vc_clearfix\"><\/div>\n","protected":false},"excerpt":{"rendered":"<p>[vc_section full_width=&#8220;stretch_row&#8220; css=&#8220;.vc_custom_1646318052105{padding-top: 0px !important;padding-bottom: 0px !important;background-color: #f7f7f7 !important;}&#8220;][\/vc_section][vc_section full_width=&#8220;stretch_row&#8220; css=&#8220;.vc_custom_1646321529640{padding-top: 0px !important;padding-bottom: 0px !important;background-color: #ffffff !important;}&#8220;][\/vc_section]<\/p>\n","protected":false},"author":1,"featured_media":0,"parent":0,"menu_order":0,"comment_status":"closed","ping_status":"closed","template":"","meta":{"footnotes":""},"class_list":["post-35645","page","type-page","status-publish","hentry"],"aioseo_notices":[],"_links":{"self":[{"href":"https:\/\/www.debem.com\/de\/wp-json\/wp\/v2\/pages\/35645","targetHints":{"allow":["GET"]}}],"collection":[{"href":"https:\/\/www.debem.com\/de\/wp-json\/wp\/v2\/pages"}],"about":[{"href":"https:\/\/www.debem.com\/de\/wp-json\/wp\/v2\/types\/page"}],"author":[{"embeddable":true,"href":"https:\/\/www.debem.com\/de\/wp-json\/wp\/v2\/users\/1"}],"replies":[{"embeddable":true,"href":"https:\/\/www.debem.com\/de\/wp-json\/wp\/v2\/comments?post=35645"}],"version-history":[{"count":1,"href":"https:\/\/www.debem.com\/de\/wp-json\/wp\/v2\/pages\/35645\/revisions"}],"predecessor-version":[{"id":40799,"href":"https:\/\/www.debem.com\/de\/wp-json\/wp\/v2\/pages\/35645\/revisions\/40799"}],"wp:attachment":[{"href":"https:\/\/www.debem.com\/de\/wp-json\/wp\/v2\/media?parent=35645"}],"curies":[{"name":"wp","href":"https:\/\/api.w.org\/{rel}","templated":true}]}}